{"id":98,"date":"2016-04-30T17:53:42","date_gmt":"2016-04-30T17:53:42","guid":{"rendered":"http:\/\/www.bioconstrumat.com\/?page_id=98"},"modified":"2017-04-09T18:21:05","modified_gmt":"2017-04-09T18:21:05","slug":"aislamiento-sostenible","status":"publish","type":"page","link":"https:\/\/www.bioconstrumat.com\/gl\/productos-construccion-sostenibles\/aislamiento-sostenible\/","title":{"rendered":"Illamento sostible"},"content":{"rendered":"[vc_row][vc_column][vc_column_text]<strong>Illamento<\/strong>[\/vc_column_text][\/vc_column][\/vc_row][vc_row][vc_column][vc_column_text]<strong>Illamento de edificios sustentables<\/strong> mant\u00e9n unha temperatura confortable \u00e1 vez reducir a demanda de enerx\u00eda, <strong>aforro de enerx\u00eda<\/strong>.<\/p>\n<p><strong>As vantaxes da utilizaci\u00f3n de illamento sostible<\/strong> como a la de illamento e construci\u00f3n de material natural de <strong>ovella natural<\/strong> para o illamento na construci\u00f3n, consisten consumo diminuci\u00f3n e as emisi\u00f3ns globais de CO2. A simple instalaci\u00f3n de sistemas de illamento t\u00e9rmico sostible.<\/p>\n<p>Tam\u00e9n <a href=\"https:\/\/www.bioconstrumat.com\/gl\/productos-construccion-sostenibles\/aislamiento-sostenible\/aislamiento-termico-sostenible\/aislamiento-fibra-de-madera\/\">celulosa<\/a>, <a href=\"https:\/\/www.bioconstrumat.com\/gl\/productos-construccion-sostenibles\/aislamiento-sostenible\/aislamiento-termico-sostenible\/aislamiento-de-canamo\/\">c\u00e1nabo<\/a> ou <a href=\"https:\/\/www.bioconstrumat.com\/gl\/productos-construccion-sostenibles\/aislamiento-sostenible\/aislamiento-termico-sostenible\/aislamiento-de-algodon\/\">algod\u00f3n<\/a> son bos illantes sostibles.<\/p>\n<p>Os principais<strong> tipos de illamento para a rehabilitaci\u00f3n sustentable<\/strong> aplica:<br \/>\n&#8211; <strong>paredes<\/strong><\/p>\n<p>con cavidades: inxecci\u00f3n dun material illante.<br \/>\nextradossats placa de xeso produtos de illamento laminado conectado<br \/>\nf\u00e1brica s\u00f3lido: illamento exterior proxectado ou sistemas de fachada fixado mec\u00e1nicamente protexidos e ventilados ou cunha morteiro de xeso.<br \/>\n&#8211; <strong>Cobre<\/strong>:<\/p>\n<p>Baixo tellado: illamento entre vigas e sobre.<br \/>\nNo Deck: illamento na saia e prenda a tapa do sistema.<br \/>\n&#8211; <strong>Piso<\/strong>:<\/p>\n<p>illamento r\u00edxido baixo o remate.<br \/>\nHai outros lugares para aplicar esas interdi\u00e7\u00f5es de illamento sostibles (portas, tonificado, etc), que cont\u00e9n informaci\u00f3n sobre outras secci\u00f3ns.[\/vc_column_text][\/vc_column][\/vc_row]\n<div class=\"be-social\" data-url=\"https:\/\/www.bioconstrumat.com\/gl\/productos-construccion-sostenibles\/aislamiento-sostenible\/\" data-base=\"\" data-title=\"Illamento sostible\" data-track=\"true\" data-via=\"\" data-show=\"{&quot;facebook&quot;:true,&quot;twitter&quot;:true,&quot;google&quot;:true,&quot;reddit&quot;:true,&quot;linkedin&quot;:true,&quot;meneame&quot;:true}\" ><h2 class=\"be-social-title\">Share<\/h2><\/div>","protected":false},"excerpt":{"rendered":"<p>[vc_row][vc_column][vc_column_text]Illamento[\/vc_column_text][\/vc_column][\/vc_row][vc_row][vc_column][vc_column_text]Illamento de edificios sustentables mant\u00e9n unha temperatura confortable \u00e1 vez reducir a demanda de enerx\u00eda, aforro de enerx\u00eda. As vantaxes da utilizaci\u00f3n de illamento sostible como a la de illamento e construci\u00f3n de material natural de ovella natural para o illamento na construci\u00f3n, consisten consumo diminuci\u00f3n e as emisi\u00f3ns globais de CO2. A simple instalaci\u00f3n [&hellip;]<\/p>\n","protected":false},"author":3,"featured_media":0,"parent":48,"menu_order":0,"comment_status":"closed","ping_status":"closed","template":"","meta":{"_monsterinsights_skip_tracking":false,"_monsterinsights_sitenote_active":false,"_monsterinsights_sitenote_note":"","_monsterinsights_sitenote_category":0,"ngg_post_thumbnail":0,"footnotes":""},"class_list":["post-98","page","type-page","status-publish","hentry"],"yoast_head":"<!-- This site is optimized with the Yoast SEO plugin v27.1.1 - https:\/\/yoast.com\/product\/yoast-seo-wordpress\/ -->\n<title>Illamento sostible - bioconstrumat.com<\/title>\n<meta name=\"robots\" content=\"index, follow, max-snippet:-1, max-image-preview:large, max-video-preview:-1\" \/>\n<link rel=\"canonical\" href=\"https:\/\/www.bioconstrumat.com\/fr\/productos-construccion-sostenibles\/aislamiento-sostenible\/\" \/>\n<meta property=\"og:locale\" content=\"gl_ES\" \/>\n<meta property=\"og:type\" content=\"article\" \/>\n<meta property=\"og:title\" content=\"Illamento sostible - bioconstrumat.com\" \/>\n<meta property=\"og:description\" content=\"[vc_row][vc_column][vc_column_text]Illamento[\/vc_column_text][\/vc_column][\/vc_row][vc_row][vc_column][vc_column_text]Illamento de edificios sustentables mant\u00e9n unha temperatura confortable \u00e1 vez reducir a demanda de enerx\u00eda, aforro de enerx\u00eda. As vantaxes da utilizaci\u00f3n de illamento sostible como a la de illamento e construci\u00f3n de material natural de ovella natural para o illamento na construci\u00f3n, consisten consumo diminuci\u00f3n e as emisi\u00f3ns globais de CO2. A simple instalaci\u00f3n [&hellip;]\" \/>\n<meta property=\"og:url\" content=\"https:\/\/www.bioconstrumat.com\/fr\/productos-construccion-sostenibles\/aislamiento-sostenible\/\" \/>\n<meta property=\"og:site_name\" content=\"bioconstrumat.com\" \/>\n<meta property=\"article:modified_time\" content=\"2017-04-09T18:21:05+00:00\" \/>\n<meta name=\"twitter:card\" content=\"summary_large_image\" \/>\n<meta name=\"twitter:label1\" content=\"Tempo de lectura\" \/>\n\t<meta name=\"twitter:data1\" content=\"7 minutos\" \/>\n<script type=\"application\/ld+json\" class=\"yoast-schema-graph\">{\"@context\":\"https:\/\/schema.org\",\"@graph\":[{\"@type\":\"WebPage\",\"@id\":\"https:\/\/www.bioconstrumat.com\/fr\/productos-construccion-sostenibles\/aislamiento-sostenible\/\",\"url\":\"https:\/\/www.bioconstrumat.com\/fr\/productos-construccion-sostenibles\/aislamiento-sostenible\/\",\"name\":\"Illamento sostible - bioconstrumat.com\",\"isPartOf\":{\"@id\":\"https:\/\/www.bioconstrumat.com\/de\/#website\"},\"datePublished\":\"2016-04-30T17:53:42+00:00\",\"dateModified\":\"2017-04-09T18:21:05+00:00\",\"breadcrumb\":{\"@id\":\"https:\/\/www.bioconstrumat.com\/fr\/productos-construccion-sostenibles\/aislamiento-sostenible\/#breadcrumb\"},\"inLanguage\":\"gl-ES\",\"potentialAction\":[{\"@type\":\"ReadAction\",\"target\":[\"https:\/\/www.bioconstrumat.com\/fr\/productos-construccion-sostenibles\/aislamiento-sostenible\/\"]}]},{\"@type\":\"BreadcrumbList\",\"@id\":\"https:\/\/www.bioconstrumat.com\/fr\/productos-construccion-sostenibles\/aislamiento-sostenible\/#breadcrumb\",\"itemListElement\":[{\"@type\":\"ListItem\",\"position\":1,\"name\":\"Home\",\"item\":\"https:\/\/www.bioconstrumat.com\/de\/\"},{\"@type\":\"ListItem\",\"position\":2,\"name\":\"Produits de construction durable\",\"item\":\"https:\/\/www.bioconstrumat.com\/fr\/productos-construccion-sostenibles\/\"},{\"@type\":\"ListItem\",\"position\":3,\"name\":\"Isolement durable\"}]},{\"@type\":\"WebSite\",\"@id\":\"https:\/\/www.bioconstrumat.com\/de\/#website\",\"url\":\"https:\/\/www.bioconstrumat.com\/de\/\",\"name\":\"bioconstrumat.com\",\"description\":\"material construcci\u00f3n sostenible\",\"potentialAction\":[{\"@type\":\"SearchAction\",\"target\":{\"@type\":\"EntryPoint\",\"urlTemplate\":\"https:\/\/www.bioconstrumat.com\/de\/?s={search_term_string}\"},\"query-input\":{\"@type\":\"PropertyValueSpecification\",\"valueRequired\":true,\"valueName\":\"search_term_string\"}}],\"inLanguage\":\"gl-ES\"}]}<\/script>\n<!-- \/ Yoast SEO plugin. -->","yoast_head_json":{"title":"Illamento sostible - bioconstrumat.com","robots":{"index":"index","follow":"follow","max-snippet":"max-snippet:-1","max-image-preview":"max-image-preview:large","max-video-preview":"max-video-preview:-1"},"canonical":"https:\/\/www.bioconstrumat.com\/fr\/productos-construccion-sostenibles\/aislamiento-sostenible\/","og_locale":"gl_ES","og_type":"article","og_title":"Illamento sostible - bioconstrumat.com","og_description":"[vc_row][vc_column][vc_column_text]Illamento[\/vc_column_text][\/vc_column][\/vc_row][vc_row][vc_column][vc_column_text]Illamento de edificios sustentables mant\u00e9n unha temperatura confortable \u00e1 vez reducir a demanda de enerx\u00eda, aforro de enerx\u00eda. As vantaxes da utilizaci\u00f3n de illamento sostible como a la de illamento e construci\u00f3n de material natural de ovella natural para o illamento na construci\u00f3n, consisten consumo diminuci\u00f3n e as emisi\u00f3ns globais de CO2. A simple instalaci\u00f3n [&hellip;]","og_url":"https:\/\/www.bioconstrumat.com\/fr\/productos-construccion-sostenibles\/aislamiento-sostenible\/","og_site_name":"bioconstrumat.com","article_modified_time":"2017-04-09T18:21:05+00:00","twitter_card":"summary_large_image","twitter_misc":{"Tempo de lectura":"7 minutos"},"schema":{"@context":"https:\/\/schema.org","@graph":[{"@type":"WebPage","@id":"https:\/\/www.bioconstrumat.com\/fr\/productos-construccion-sostenibles\/aislamiento-sostenible\/","url":"https:\/\/www.bioconstrumat.com\/fr\/productos-construccion-sostenibles\/aislamiento-sostenible\/","name":"Illamento sostible - bioconstrumat.com","isPartOf":{"@id":"https:\/\/www.bioconstrumat.com\/de\/#website"},"datePublished":"2016-04-30T17:53:42+00:00","dateModified":"2017-04-09T18:21:05+00:00","breadcrumb":{"@id":"https:\/\/www.bioconstrumat.com\/fr\/productos-construccion-sostenibles\/aislamiento-sostenible\/#breadcrumb"},"inLanguage":"gl-ES","potentialAction":[{"@type":"ReadAction","target":["https:\/\/www.bioconstrumat.com\/fr\/productos-construccion-sostenibles\/aislamiento-sostenible\/"]}]},{"@type":"BreadcrumbList","@id":"https:\/\/www.bioconstrumat.com\/fr\/productos-construccion-sostenibles\/aislamiento-sostenible\/#breadcrumb","itemListElement":[{"@type":"ListItem","position":1,"name":"Home","item":"https:\/\/www.bioconstrumat.com\/de\/"},{"@type":"ListItem","position":2,"name":"Produits de construction durable","item":"https:\/\/www.bioconstrumat.com\/fr\/productos-construccion-sostenibles\/"},{"@type":"ListItem","position":3,"name":"Isolement durable"}]},{"@type":"WebSite","@id":"https:\/\/www.bioconstrumat.com\/de\/#website","url":"https:\/\/www.bioconstrumat.com\/de\/","name":"bioconstrumat.com","description":"material construcci\u00f3n sostenible","potentialAction":[{"@type":"SearchAction","target":{"@type":"EntryPoint","urlTemplate":"https:\/\/www.bioconstrumat.com\/de\/?s={search_term_string}"},"query-input":{"@type":"PropertyValueSpecification","valueRequired":true,"valueName":"search_term_string"}}],"inLanguage":"gl-ES"}]}},"_links":{"self":[{"href":"https:\/\/www.bioconstrumat.com\/gl\/wp-json\/wp\/v2\/pages\/98","targetHints":{"allow":["GET"]}}],"collection":[{"href":"https:\/\/www.bioconstrumat.com\/gl\/wp-json\/wp\/v2\/pages"}],"about":[{"href":"https:\/\/www.bioconstrumat.com\/gl\/wp-json\/wp\/v2\/types\/page"}],"author":[{"embeddable":true,"href":"https:\/\/www.bioconstrumat.com\/gl\/wp-json\/wp\/v2\/users\/3"}],"replies":[{"embeddable":true,"href":"https:\/\/www.bioconstrumat.com\/gl\/wp-json\/wp\/v2\/comments?post=98"}],"version-history":[{"count":19,"href":"https:\/\/www.bioconstrumat.com\/gl\/wp-json\/wp\/v2\/pages\/98\/revisions"}],"predecessor-version":[{"id":761,"href":"https:\/\/www.bioconstrumat.com\/gl\/wp-json\/wp\/v2\/pages\/98\/revisions\/761"}],"up":[{"embeddable":true,"href":"https:\/\/www.bioconstrumat.com\/gl\/wp-json\/wp\/v2\/pages\/48"}],"wp:attachment":[{"href":"https:\/\/www.bioconstrumat.com\/gl\/wp-json\/wp\/v2\/media?parent=98"}],"curies":[{"name":"wp","href":"https:\/\/api.w.org\/{rel}","templated":true}]}}