{"id":60,"date":"2016-04-28T16:34:39","date_gmt":"2016-04-28T16:34:39","guid":{"rendered":"http:\/\/www.bioconstrumat.com\/?page_id=60"},"modified":"2017-03-14T14:59:01","modified_gmt":"2017-03-14T14:59:01","slug":"casa-sana","status":"publish","type":"page","link":"https:\/\/www.bioconstrumat.com\/gl\/casa-sana\/","title":{"rendered":"Casa Sanda"},"content":{"rendered":"[vc_row][vc_column][vc_column_text]<strong>Casa Sanda<\/strong><\/p>\n<p><strong>Co fin de ter unha casa saudable \u00e9 necesario que<\/strong> a casa <strong>est\u00e1 limpa de enerx\u00eda negativa<\/strong>. Para conseguir enerx\u00eda limpa e ter un fogar saudable negativo poder\u00eda facer con el:<\/p>\n<ul>\n<li>A<strong> direcci\u00f3n<\/strong> que dan a casa saudable, de xeito que ten o maior n\u00famero de horas de luz do d\u00eda por d\u00eda.<\/li>\n<li>Permite ocos de <strong>ventilaci\u00f3n<\/strong> axeitados cruzados que imos facer a casa para &#8220;respirar&#8221; e ser saudable.<\/li>\n<li><strong>Geobiology<\/strong>, quixo nos axuda a determinar os distintos elementos son ambos (fricci\u00f3n fluxo de auga subterr\u00e1nea co chan, emiten i\u00f3ns de hidr\u00f3xeno que atravesan a terra e alcanzar vertical para a xente ..) natural e artificial (campos electromagn\u00e9ticos wifi, natural claroscuro) casa que infl\u00faen nosos procesos biol\u00f3xicos (a gl\u00e1ndula pineal, que ten na base do cerebro, responsable da xeraci\u00f3n de melatonina para o sono, pero \u00e9 detido pola luz do d\u00eda, por iso, logo aparece, e tam\u00e9n por campos electromagn\u00e9ticos), as\u00ed como os seres vivos e modificar eses elementos tanto aparato, distribuci\u00f3ns de cuarto (posici\u00f3ns de camas, cortinas antiradiacions con f\u00edo de cobre e prata &#8230;) ou para alg\u00fans Cosell aplicado durante a noite para ter unha casa saudable.<\/li>\n<li><strong>Plantas<\/strong> para como froitas e legumes, mentres eles son un elemento decorativo para n\u00f3s substancias oxigenando e filtro de aire contaminado axudar na casa facendo-o m\u00e1is saudable. Cactos fiestras situado adecuadamente tam\u00e9n axudan a ter unha casa m\u00e1is saudable. Froita e verdura nun voo na comedor ou na coci\u00f1a contrubieixen tam\u00e9n un fogar saudable.<\/li>\n<li>A <strong>limpeza ea orde<\/strong> d\u00e1 boas vibraci\u00f3ns e dando un aspecto de casa saudable.<\/li>\n<li><strong>atmosferas<\/strong> relaxantes (Feng Shui) a trav\u00e9s da m\u00fasica, esencias e outros aromas poden crear ambientes que fornecen humor para axudar a proporcionar un fogar saudable.<\/li>\n<\/ul>\n[\/vc_column_text][\/vc_column][\/vc_row]\n<div class=\"be-social\" data-url=\"https:\/\/www.bioconstrumat.com\/gl\/casa-sana\/\" data-base=\"\" data-title=\"Casa Sanda\" data-track=\"true\" data-via=\"\" data-show=\"{&quot;facebook&quot;:true,&quot;twitter&quot;:true,&quot;google&quot;:true,&quot;reddit&quot;:true,&quot;linkedin&quot;:true,&quot;meneame&quot;:true}\" ><h2 class=\"be-social-title\">Share<\/h2><\/div>","protected":false},"excerpt":{"rendered":"<p>[vc_row][vc_column][vc_column_text]Casa Sanda Co fin de ter unha casa saudable \u00e9 necesario que a casa est\u00e1 limpa de enerx\u00eda negativa. Para conseguir enerx\u00eda limpa e ter un fogar saudable negativo poder\u00eda facer con el: A direcci\u00f3n que dan a casa saudable, de xeito que ten o maior n\u00famero de horas de luz do d\u00eda por d\u00eda. [&hellip;]<\/p>\n","protected":false},"author":3,"featured_media":0,"parent":0,"menu_order":0,"comment_status":"closed","ping_status":"closed","template":"","meta":{"_monsterinsights_skip_tracking":false,"_monsterinsights_sitenote_active":false,"_monsterinsights_sitenote_note":"","_monsterinsights_sitenote_category":0,"ngg_post_thumbnail":0,"footnotes":""},"class_list":["post-60","page","type-page","status-publish","hentry"],"yoast_head":"<!-- This site is optimized with the Yoast SEO plugin v27.4 - https:\/\/yoast.com\/product\/yoast-seo-wordpress\/ -->\n<title>Casa Sanda - bioconstrumat.com<\/title>\n<meta name=\"robots\" content=\"index, follow, max-snippet:-1, max-image-preview:large, max-video-preview:-1\" \/>\n<link rel=\"canonical\" href=\"https:\/\/www.bioconstrumat.com\/casa-sana\/\" \/>\n<meta property=\"og:locale\" content=\"gl_ES\" \/>\n<meta property=\"og:type\" content=\"article\" \/>\n<meta property=\"og:title\" content=\"Casa Sanda - bioconstrumat.com\" \/>\n<meta property=\"og:description\" content=\"[vc_row][vc_column][vc_column_text]Casa Sanda Co fin de ter unha casa saudable \u00e9 necesario que a casa est\u00e1 limpa de enerx\u00eda negativa. Para conseguir enerx\u00eda limpa e ter un fogar saudable negativo poder\u00eda facer con el: A direcci\u00f3n que dan a casa saudable, de xeito que ten o maior n\u00famero de horas de luz do d\u00eda por d\u00eda. [&hellip;]\" \/>\n<meta property=\"og:url\" content=\"https:\/\/www.bioconstrumat.com\/casa-sana\/\" \/>\n<meta property=\"og:site_name\" content=\"bioconstrumat.com\" \/>\n<meta property=\"article:modified_time\" content=\"2017-03-14T14:59:01+00:00\" \/>\n<meta name=\"twitter:card\" content=\"summary_large_image\" \/>\n<meta name=\"twitter:label1\" content=\"Tempo de lectura\" \/>\n\t<meta name=\"twitter:data1\" content=\"11 minutos\" \/>\n<script type=\"application\/ld+json\" class=\"yoast-schema-graph\">{\"@context\":\"https:\\\/\\\/schema.org\",\"@graph\":[{\"@type\":\"WebPage\",\"@id\":\"https:\\\/\\\/www.bioconstrumat.com\\\/casa-sana\\\/\",\"url\":\"https:\\\/\\\/www.bioconstrumat.com\\\/casa-sana\\\/\",\"name\":\"Casa Sanda - bioconstrumat.com\",\"isPartOf\":{\"@id\":\"https:\\\/\\\/www.bioconstrumat.com\\\/de\\\/#website\"},\"datePublished\":\"2016-04-28T16:34:39+00:00\",\"dateModified\":\"2017-03-14T14:59:01+00:00\",\"breadcrumb\":{\"@id\":\"https:\\\/\\\/www.bioconstrumat.com\\\/casa-sana\\\/#breadcrumb\"},\"inLanguage\":\"gl-ES\",\"potentialAction\":[{\"@type\":\"ReadAction\",\"target\":[\"https:\\\/\\\/www.bioconstrumat.com\\\/casa-sana\\\/\"]}]},{\"@type\":\"BreadcrumbList\",\"@id\":\"https:\\\/\\\/www.bioconstrumat.com\\\/casa-sana\\\/#breadcrumb\",\"itemListElement\":[{\"@type\":\"ListItem\",\"position\":1,\"name\":\"Home\",\"item\":\"https:\\\/\\\/www.bioconstrumat.com\\\/de\\\/\"},{\"@type\":\"ListItem\",\"position\":2,\"name\":\"Casa Sana\"}]},{\"@type\":\"WebSite\",\"@id\":\"https:\\\/\\\/www.bioconstrumat.com\\\/de\\\/#website\",\"url\":\"https:\\\/\\\/www.bioconstrumat.com\\\/de\\\/\",\"name\":\"bioconstrumat.com\",\"description\":\"material construcci\u00f3n sostenible\",\"potentialAction\":[{\"@type\":\"SearchAction\",\"target\":{\"@type\":\"EntryPoint\",\"urlTemplate\":\"https:\\\/\\\/www.bioconstrumat.com\\\/de\\\/?s={search_term_string}\"},\"query-input\":{\"@type\":\"PropertyValueSpecification\",\"valueRequired\":true,\"valueName\":\"search_term_string\"}}],\"inLanguage\":\"gl-ES\"}]}<\/script>\n<!-- \/ Yoast SEO plugin. -->","yoast_head_json":{"title":"Casa Sanda - bioconstrumat.com","robots":{"index":"index","follow":"follow","max-snippet":"max-snippet:-1","max-image-preview":"max-image-preview:large","max-video-preview":"max-video-preview:-1"},"canonical":"https:\/\/www.bioconstrumat.com\/casa-sana\/","og_locale":"gl_ES","og_type":"article","og_title":"Casa Sanda - bioconstrumat.com","og_description":"[vc_row][vc_column][vc_column_text]Casa Sanda Co fin de ter unha casa saudable \u00e9 necesario que a casa est\u00e1 limpa de enerx\u00eda negativa. Para conseguir enerx\u00eda limpa e ter un fogar saudable negativo poder\u00eda facer con el: A direcci\u00f3n que dan a casa saudable, de xeito que ten o maior n\u00famero de horas de luz do d\u00eda por d\u00eda. [&hellip;]","og_url":"https:\/\/www.bioconstrumat.com\/casa-sana\/","og_site_name":"bioconstrumat.com","article_modified_time":"2017-03-14T14:59:01+00:00","twitter_card":"summary_large_image","twitter_misc":{"Tempo de lectura":"11 minutos"},"schema":{"@context":"https:\/\/schema.org","@graph":[{"@type":"WebPage","@id":"https:\/\/www.bioconstrumat.com\/casa-sana\/","url":"https:\/\/www.bioconstrumat.com\/casa-sana\/","name":"Casa Sanda - bioconstrumat.com","isPartOf":{"@id":"https:\/\/www.bioconstrumat.com\/de\/#website"},"datePublished":"2016-04-28T16:34:39+00:00","dateModified":"2017-03-14T14:59:01+00:00","breadcrumb":{"@id":"https:\/\/www.bioconstrumat.com\/casa-sana\/#breadcrumb"},"inLanguage":"gl-ES","potentialAction":[{"@type":"ReadAction","target":["https:\/\/www.bioconstrumat.com\/casa-sana\/"]}]},{"@type":"BreadcrumbList","@id":"https:\/\/www.bioconstrumat.com\/casa-sana\/#breadcrumb","itemListElement":[{"@type":"ListItem","position":1,"name":"Home","item":"https:\/\/www.bioconstrumat.com\/de\/"},{"@type":"ListItem","position":2,"name":"Casa Sana"}]},{"@type":"WebSite","@id":"https:\/\/www.bioconstrumat.com\/de\/#website","url":"https:\/\/www.bioconstrumat.com\/de\/","name":"bioconstrumat.com","description":"material construcci\u00f3n sostenible","potentialAction":[{"@type":"SearchAction","target":{"@type":"EntryPoint","urlTemplate":"https:\/\/www.bioconstrumat.com\/de\/?s={search_term_string}"},"query-input":{"@type":"PropertyValueSpecification","valueRequired":true,"valueName":"search_term_string"}}],"inLanguage":"gl-ES"}]}},"_links":{"self":[{"href":"https:\/\/www.bioconstrumat.com\/gl\/wp-json\/wp\/v2\/pages\/60","targetHints":{"allow":["GET"]}}],"collection":[{"href":"https:\/\/www.bioconstrumat.com\/gl\/wp-json\/wp\/v2\/pages"}],"about":[{"href":"https:\/\/www.bioconstrumat.com\/gl\/wp-json\/wp\/v2\/types\/page"}],"author":[{"embeddable":true,"href":"https:\/\/www.bioconstrumat.com\/gl\/wp-json\/wp\/v2\/users\/3"}],"replies":[{"embeddable":true,"href":"https:\/\/www.bioconstrumat.com\/gl\/wp-json\/wp\/v2\/comments?post=60"}],"version-history":[{"count":10,"href":"https:\/\/www.bioconstrumat.com\/gl\/wp-json\/wp\/v2\/pages\/60\/revisions"}],"predecessor-version":[{"id":513,"href":"https:\/\/www.bioconstrumat.com\/gl\/wp-json\/wp\/v2\/pages\/60\/revisions\/513"}],"wp:attachment":[{"href":"https:\/\/www.bioconstrumat.com\/gl\/wp-json\/wp\/v2\/media?parent=60"}],"curies":[{"name":"wp","href":"https:\/\/api.w.org\/{rel}","templated":true}]}}