{"id":594,"date":"2017-02-08T16:11:31","date_gmt":"2017-02-08T16:11:31","guid":{"rendered":"http:\/\/www.bioconstrumat.com\/?page_id=594"},"modified":"2017-04-22T17:23:19","modified_gmt":"2017-04-22T17:23:19","slug":"aislamiento-de-lana-de-oveja","status":"publish","type":"page","link":"https:\/\/www.bioconstrumat.com\/gl\/productos-construccion-sostenibles\/aislamiento-sostenible\/aislamiento-termico-sostenible\/aislamiento-de-lana-de-oveja\/","title":{"rendered":"Illamento la de ovella"},"content":{"rendered":"[vc_row][vc_column][vc_column_text]\n<h1>Illamento la de ovella<\/h1>\n[\/vc_column_text][\/vc_column][\/vc_row][vc_row][vc_column][vc_column_text]orixe:<br \/>\nA la v\u00e9n de tosquia de ovellas para facerse con regularidade en ovinos en todo o seu ciclo de vida. PERT \u00e9 un material de orixe animal, fibra natual.<\/p>\n<p>propiedades:<br \/>\nA la usadas para illamento debido \u00e1 s\u00faa condutividade t\u00e9rmica baixa, as\u00ed como para absorber o impacto de illamento de son e eviatr reverberaci\u00f3n.<\/p>\n<p>aplicaci\u00f3n:<br \/>\nNo la bio usado en:<br \/>\nNo interior das c\u00e1maras de illamento t\u00e9rmico (trasdossats, teitos, \u00c1ticos e Lofts en virtude) como material de recheo.<br \/>\nsuperficies de contacto terminando como paredes, teitos, fachadas, etc.<\/p>\n<p>Presentaci\u00f3n do produto:<br \/>\nEn forma de mantas, tarxetas e feltro, as\u00ed como en floques con diferentes densidades, espesores e capacidades de illamento.<br \/>\nproceso de fabricaci\u00f3n:<br \/>\nA la en bruto e fibras gris ou branca de 20 a 30 mm de lonxitude e un di\u00e1metro de 25 a 40 micra, pre-lavado.<br \/>\nDurante o proceso de fabricaci\u00f3n \u00e9 descolorado la e se aplica cunha permetrina mothproofing (piretr\u00f3ides sint\u00e9ticos) e \/ ou saes, b\u00f3rax, que te\u00f1en propiedades funxicidas e anti-insectos. Tam\u00e9n \u00e9 adiada pola acci\u00f3n do lume. \u00c9 a base para a fabricaci\u00f3n de materiais illantes sistema mantos ou perforando termofixat non tecido.<br \/>\ncusto comparativo<\/p>\n<p>illamento de l\u00e1 de illamento \u00e9 unha econom\u00eda m\u00e1is sostible e a\u00ednda compite en prezo con alg\u00fan do illamento tradicional m\u00e1is com\u00fan.[\/vc_column_text][vc_tabs][vc_tab icon=&#8221;mk-li-like&#8221; title=&#8221;Beneficios&#8221; tab_id=&#8221;1492881324-1-85&#8243;][\/vc_tab][vc_tab icon=&#8221;mk-li-settings&#8221; title=&#8221;Carac. T\u00e9cnicas&#8221; tab_id=&#8221;1492881324-2-27&#8243;][\/vc_tab][vc_tab icon=&#8221;mk-li-tool&#8221; title=&#8221;Instalaci\u00f3n&#8221; tab_id=&#8221;1492881409194-2-3&#8243;][\/vc_tab][\/vc_tabs][\/vc_column][\/vc_row]\n<div class=\"be-social\" data-url=\"https:\/\/www.bioconstrumat.com\/gl\/productos-construccion-sostenibles\/aislamiento-sostenible\/aislamiento-termico-sostenible\/aislamiento-de-lana-de-oveja\/\" data-base=\"\" data-title=\"Illamento la de ovella\" data-track=\"true\" data-via=\"\" data-show=\"{&quot;facebook&quot;:true,&quot;twitter&quot;:true,&quot;google&quot;:true,&quot;reddit&quot;:true,&quot;linkedin&quot;:true,&quot;meneame&quot;:true}\" ><h2 class=\"be-social-title\">Share<\/h2><\/div>","protected":false},"excerpt":{"rendered":"<p>[vc_row][vc_column][vc_column_text] Illamento la de ovella [\/vc_column_text][\/vc_column][\/vc_row][vc_row][vc_column][vc_column_text]orixe: A la v\u00e9n de tosquia de ovellas para facerse con regularidade en ovinos en todo o seu ciclo de vida. PERT \u00e9 un material de orixe animal, fibra natual. propiedades: A la usadas para illamento debido \u00e1 s\u00faa condutividade t\u00e9rmica baixa, as\u00ed como para absorber o impacto de illamento [&hellip;]<\/p>\n","protected":false},"author":3,"featured_media":0,"parent":109,"menu_order":0,"comment_status":"closed","ping_status":"closed","template":"","meta":{"_monsterinsights_skip_tracking":false,"_monsterinsights_sitenote_active":false,"_monsterinsights_sitenote_note":"","_monsterinsights_sitenote_category":0,"ngg_post_thumbnail":0,"footnotes":""},"class_list":["post-594","page","type-page","status-publish","hentry"],"yoast_head":"<!-- This site is optimized with the Yoast SEO plugin v27.1.1 - https:\/\/yoast.com\/product\/yoast-seo-wordpress\/ -->\n<title>Illamento la de ovella - bioconstrumat.com<\/title>\n<meta name=\"robots\" content=\"index, follow, max-snippet:-1, max-image-preview:large, max-video-preview:-1\" \/>\n<link rel=\"canonical\" href=\"https:\/\/www.bioconstrumat.com\/fr\/productos-construccion-sostenibles\/aislamiento-sostenible\/aislamiento-termico-sostenible\/aislamiento-de-lana-de-oveja\/\" \/>\n<meta property=\"og:locale\" content=\"gl_ES\" \/>\n<meta property=\"og:type\" content=\"article\" \/>\n<meta property=\"og:title\" content=\"Illamento la de ovella - bioconstrumat.com\" \/>\n<meta property=\"og:description\" content=\"[vc_row][vc_column][vc_column_text] Illamento la de ovella [\/vc_column_text][\/vc_column][\/vc_row][vc_row][vc_column][vc_column_text]orixe: A la v\u00e9n de tosquia de ovellas para facerse con regularidade en ovinos en todo o seu ciclo de vida. PERT \u00e9 un material de orixe animal, fibra natual. propiedades: A la usadas para illamento debido \u00e1 s\u00faa condutividade t\u00e9rmica baixa, as\u00ed como para absorber o impacto de illamento [&hellip;]\" \/>\n<meta property=\"og:url\" content=\"https:\/\/www.bioconstrumat.com\/fr\/productos-construccion-sostenibles\/aislamiento-sostenible\/aislamiento-termico-sostenible\/aislamiento-de-lana-de-oveja\/\" \/>\n<meta property=\"og:site_name\" content=\"bioconstrumat.com\" \/>\n<meta property=\"article:modified_time\" content=\"2017-04-22T17:23:19+00:00\" \/>\n<meta name=\"twitter:card\" content=\"summary_large_image\" \/>\n<meta name=\"twitter:label1\" content=\"Tempo de lectura\" \/>\n\t<meta name=\"twitter:data1\" content=\"10 minutos\" \/>\n<script type=\"application\/ld+json\" class=\"yoast-schema-graph\">{\"@context\":\"https:\/\/schema.org\",\"@graph\":[{\"@type\":\"WebPage\",\"@id\":\"https:\/\/www.bioconstrumat.com\/fr\/productos-construccion-sostenibles\/aislamiento-sostenible\/aislamiento-termico-sostenible\/aislamiento-de-lana-de-oveja\/\",\"url\":\"https:\/\/www.bioconstrumat.com\/fr\/productos-construccion-sostenibles\/aislamiento-sostenible\/aislamiento-termico-sostenible\/aislamiento-de-lana-de-oveja\/\",\"name\":\"Illamento la de ovella - bioconstrumat.com\",\"isPartOf\":{\"@id\":\"https:\/\/www.bioconstrumat.com\/de\/#website\"},\"datePublished\":\"2017-02-08T16:11:31+00:00\",\"dateModified\":\"2017-04-22T17:23:19+00:00\",\"breadcrumb\":{\"@id\":\"https:\/\/www.bioconstrumat.com\/fr\/productos-construccion-sostenibles\/aislamiento-sostenible\/aislamiento-termico-sostenible\/aislamiento-de-lana-de-oveja\/#breadcrumb\"},\"inLanguage\":\"gl-ES\",\"potentialAction\":[{\"@type\":\"ReadAction\",\"target\":[\"https:\/\/www.bioconstrumat.com\/fr\/productos-construccion-sostenibles\/aislamiento-sostenible\/aislamiento-termico-sostenible\/aislamiento-de-lana-de-oveja\/\"]}]},{\"@type\":\"BreadcrumbList\",\"@id\":\"https:\/\/www.bioconstrumat.com\/fr\/productos-construccion-sostenibles\/aislamiento-sostenible\/aislamiento-termico-sostenible\/aislamiento-de-lana-de-oveja\/#breadcrumb\",\"itemListElement\":[{\"@type\":\"ListItem\",\"position\":1,\"name\":\"Home\",\"item\":\"https:\/\/www.bioconstrumat.com\/de\/\"},{\"@type\":\"ListItem\",\"position\":2,\"name\":\"Produits de construction durable\",\"item\":\"https:\/\/www.bioconstrumat.com\/fr\/productos-construccion-sostenibles\/\"},{\"@type\":\"ListItem\",\"position\":3,\"name\":\"Isolement durable\",\"item\":\"https:\/\/www.bioconstrumat.com\/fr\/productos-construccion-sostenibles\/aislamiento-sostenible\/\"},{\"@type\":\"ListItem\",\"position\":4,\"name\":\"Isolation thermique durable\",\"item\":\"https:\/\/www.bioconstrumat.com\/fr\/productos-construccion-sostenibles\/aislamiento-sostenible\/aislamiento-termico-sostenible\/\"},{\"@type\":\"ListItem\",\"position\":5,\"name\":\"Moutons isolation en laine\"}]},{\"@type\":\"WebSite\",\"@id\":\"https:\/\/www.bioconstrumat.com\/de\/#website\",\"url\":\"https:\/\/www.bioconstrumat.com\/de\/\",\"name\":\"bioconstrumat.com\",\"description\":\"material construcci\u00f3n sostenible\",\"potentialAction\":[{\"@type\":\"SearchAction\",\"target\":{\"@type\":\"EntryPoint\",\"urlTemplate\":\"https:\/\/www.bioconstrumat.com\/de\/?s={search_term_string}\"},\"query-input\":{\"@type\":\"PropertyValueSpecification\",\"valueRequired\":true,\"valueName\":\"search_term_string\"}}],\"inLanguage\":\"gl-ES\"}]}<\/script>\n<!-- \/ Yoast SEO plugin. -->","yoast_head_json":{"title":"Illamento la de ovella - bioconstrumat.com","robots":{"index":"index","follow":"follow","max-snippet":"max-snippet:-1","max-image-preview":"max-image-preview:large","max-video-preview":"max-video-preview:-1"},"canonical":"https:\/\/www.bioconstrumat.com\/fr\/productos-construccion-sostenibles\/aislamiento-sostenible\/aislamiento-termico-sostenible\/aislamiento-de-lana-de-oveja\/","og_locale":"gl_ES","og_type":"article","og_title":"Illamento la de ovella - bioconstrumat.com","og_description":"[vc_row][vc_column][vc_column_text] Illamento la de ovella [\/vc_column_text][\/vc_column][\/vc_row][vc_row][vc_column][vc_column_text]orixe: A la v\u00e9n de tosquia de ovellas para facerse con regularidade en ovinos en todo o seu ciclo de vida. PERT \u00e9 un material de orixe animal, fibra natual. propiedades: A la usadas para illamento debido \u00e1 s\u00faa condutividade t\u00e9rmica baixa, as\u00ed como para absorber o impacto de illamento [&hellip;]","og_url":"https:\/\/www.bioconstrumat.com\/fr\/productos-construccion-sostenibles\/aislamiento-sostenible\/aislamiento-termico-sostenible\/aislamiento-de-lana-de-oveja\/","og_site_name":"bioconstrumat.com","article_modified_time":"2017-04-22T17:23:19+00:00","twitter_card":"summary_large_image","twitter_misc":{"Tempo de lectura":"10 minutos"},"schema":{"@context":"https:\/\/schema.org","@graph":[{"@type":"WebPage","@id":"https:\/\/www.bioconstrumat.com\/fr\/productos-construccion-sostenibles\/aislamiento-sostenible\/aislamiento-termico-sostenible\/aislamiento-de-lana-de-oveja\/","url":"https:\/\/www.bioconstrumat.com\/fr\/productos-construccion-sostenibles\/aislamiento-sostenible\/aislamiento-termico-sostenible\/aislamiento-de-lana-de-oveja\/","name":"Illamento la de ovella - bioconstrumat.com","isPartOf":{"@id":"https:\/\/www.bioconstrumat.com\/de\/#website"},"datePublished":"2017-02-08T16:11:31+00:00","dateModified":"2017-04-22T17:23:19+00:00","breadcrumb":{"@id":"https:\/\/www.bioconstrumat.com\/fr\/productos-construccion-sostenibles\/aislamiento-sostenible\/aislamiento-termico-sostenible\/aislamiento-de-lana-de-oveja\/#breadcrumb"},"inLanguage":"gl-ES","potentialAction":[{"@type":"ReadAction","target":["https:\/\/www.bioconstrumat.com\/fr\/productos-construccion-sostenibles\/aislamiento-sostenible\/aislamiento-termico-sostenible\/aislamiento-de-lana-de-oveja\/"]}]},{"@type":"BreadcrumbList","@id":"https:\/\/www.bioconstrumat.com\/fr\/productos-construccion-sostenibles\/aislamiento-sostenible\/aislamiento-termico-sostenible\/aislamiento-de-lana-de-oveja\/#breadcrumb","itemListElement":[{"@type":"ListItem","position":1,"name":"Home","item":"https:\/\/www.bioconstrumat.com\/de\/"},{"@type":"ListItem","position":2,"name":"Produits de construction durable","item":"https:\/\/www.bioconstrumat.com\/fr\/productos-construccion-sostenibles\/"},{"@type":"ListItem","position":3,"name":"Isolement durable","item":"https:\/\/www.bioconstrumat.com\/fr\/productos-construccion-sostenibles\/aislamiento-sostenible\/"},{"@type":"ListItem","position":4,"name":"Isolation thermique durable","item":"https:\/\/www.bioconstrumat.com\/fr\/productos-construccion-sostenibles\/aislamiento-sostenible\/aislamiento-termico-sostenible\/"},{"@type":"ListItem","position":5,"name":"Moutons isolation en laine"}]},{"@type":"WebSite","@id":"https:\/\/www.bioconstrumat.com\/de\/#website","url":"https:\/\/www.bioconstrumat.com\/de\/","name":"bioconstrumat.com","description":"material construcci\u00f3n sostenible","potentialAction":[{"@type":"SearchAction","target":{"@type":"EntryPoint","urlTemplate":"https:\/\/www.bioconstrumat.com\/de\/?s={search_term_string}"},"query-input":{"@type":"PropertyValueSpecification","valueRequired":true,"valueName":"search_term_string"}}],"inLanguage":"gl-ES"}]}},"_links":{"self":[{"href":"https:\/\/www.bioconstrumat.com\/gl\/wp-json\/wp\/v2\/pages\/594","targetHints":{"allow":["GET"]}}],"collection":[{"href":"https:\/\/www.bioconstrumat.com\/gl\/wp-json\/wp\/v2\/pages"}],"about":[{"href":"https:\/\/www.bioconstrumat.com\/gl\/wp-json\/wp\/v2\/types\/page"}],"author":[{"embeddable":true,"href":"https:\/\/www.bioconstrumat.com\/gl\/wp-json\/wp\/v2\/users\/3"}],"replies":[{"embeddable":true,"href":"https:\/\/www.bioconstrumat.com\/gl\/wp-json\/wp\/v2\/comments?post=594"}],"version-history":[{"count":18,"href":"https:\/\/www.bioconstrumat.com\/gl\/wp-json\/wp\/v2\/pages\/594\/revisions"}],"predecessor-version":[{"id":846,"href":"https:\/\/www.bioconstrumat.com\/gl\/wp-json\/wp\/v2\/pages\/594\/revisions\/846"}],"up":[{"embeddable":true,"href":"https:\/\/www.bioconstrumat.com\/gl\/wp-json\/wp\/v2\/pages\/109"}],"wp:attachment":[{"href":"https:\/\/www.bioconstrumat.com\/gl\/wp-json\/wp\/v2\/media?parent=594"}],"curies":[{"name":"wp","href":"https:\/\/api.w.org\/{rel}","templated":true}]}}