{"id":281,"date":"2016-05-08T21:51:39","date_gmt":"2016-05-08T21:51:39","guid":{"rendered":"http:\/\/www.bioconstrumat.com\/?page_id=281"},"modified":"2017-04-09T17:30:05","modified_gmt":"2017-04-09T17:30:05","slug":"mision","status":"publish","type":"page","link":"https:\/\/www.bioconstrumat.com\/gl\/conocenos\/como-somos\/mision\/","title":{"rendered":"Misi\u00f3n"},"content":{"rendered":"[vc_row][vc_column][vc_column_text]<strong>Misi\u00f3n<\/strong>[\/vc_column_text][\/vc_column][\/vc_row][vc_row][vc_column][vc_column_text]Para facilitar a subministraci\u00f3n e instalaci\u00f3n de materiais ecol\u00f3xicos, o edificio no que opera integrado na natureza e moito m\u00e1is eficiente de enerx\u00eda e prevenci\u00f3n da contaminaci\u00f3n e impacto ambiental xerado e, as\u00ed, acadar unha maior sa\u00fade e benestar para todos agora e para as xeraci\u00f3ns futuras.[\/vc_column_text][\/vc_column][\/vc_row]\n<div class=\"be-social\" data-url=\"https:\/\/www.bioconstrumat.com\/gl\/conocenos\/como-somos\/mision\/\" data-base=\"\" data-title=\"Misi\u00f3n\" data-track=\"true\" data-via=\"\" data-show=\"{&quot;facebook&quot;:true,&quot;twitter&quot;:true,&quot;google&quot;:true,&quot;reddit&quot;:true,&quot;linkedin&quot;:true,&quot;meneame&quot;:true}\" ><h2 class=\"be-social-title\">Share<\/h2><\/div>","protected":false},"excerpt":{"rendered":"<p>[vc_row][vc_column][vc_column_text]Misi\u00f3n[\/vc_column_text][\/vc_column][\/vc_row][vc_row][vc_column][vc_column_text]Para facilitar a subministraci\u00f3n e instalaci\u00f3n de materiais ecol\u00f3xicos, o edificio no que opera integrado na natureza e moito m\u00e1is eficiente de enerx\u00eda e prevenci\u00f3n da contaminaci\u00f3n e impacto ambiental xerado e, as\u00ed, acadar unha maior sa\u00fade e benestar para todos agora e para as xeraci\u00f3ns futuras.[\/vc_column_text][\/vc_column][\/vc_row] Share<\/p>\n","protected":false},"author":3,"featured_media":0,"parent":273,"menu_order":0,"comment_status":"closed","ping_status":"closed","template":"","meta":{"_monsterinsights_skip_tracking":false,"_monsterinsights_sitenote_active":false,"_monsterinsights_sitenote_note":"","_monsterinsights_sitenote_category":0,"ngg_post_thumbnail":0,"footnotes":""},"class_list":["post-281","page","type-page","status-publish","hentry"],"yoast_head":"<!-- This site is optimized with the Yoast SEO plugin v27.1.1 - https:\/\/yoast.com\/product\/yoast-seo-wordpress\/ -->\n<title>Misi\u00f3n - bioconstrumat.com<\/title>\n<meta name=\"robots\" content=\"index, follow, max-snippet:-1, max-image-preview:large, max-video-preview:-1\" \/>\n<link rel=\"canonical\" href=\"https:\/\/www.bioconstrumat.com\/de\/conocenos\/como-somos\/mision\/\" \/>\n<meta property=\"og:locale\" content=\"gl_ES\" \/>\n<meta property=\"og:type\" content=\"article\" \/>\n<meta property=\"og:title\" content=\"Misi\u00f3n - bioconstrumat.com\" \/>\n<meta property=\"og:description\" content=\"[vc_row][vc_column][vc_column_text]Misi\u00f3n[\/vc_column_text][\/vc_column][\/vc_row][vc_row][vc_column][vc_column_text]Para facilitar a subministraci\u00f3n e instalaci\u00f3n de materiais ecol\u00f3xicos, o edificio no que opera integrado na natureza e moito m\u00e1is eficiente de enerx\u00eda e prevenci\u00f3n da contaminaci\u00f3n e impacto ambiental xerado e, as\u00ed, acadar unha maior sa\u00fade e benestar para todos agora e para as xeraci\u00f3ns futuras.[\/vc_column_text][\/vc_column][\/vc_row] Share\" \/>\n<meta property=\"og:url\" content=\"https:\/\/www.bioconstrumat.com\/de\/conocenos\/como-somos\/mision\/\" \/>\n<meta property=\"og:site_name\" content=\"bioconstrumat.com\" \/>\n<meta property=\"article:modified_time\" content=\"2017-04-09T17:30:05+00:00\" \/>\n<meta name=\"twitter:card\" content=\"summary_large_image\" \/>\n<meta name=\"twitter:label1\" content=\"Tempo de lectura\" \/>\n\t<meta name=\"twitter:data1\" content=\"3 minutos\" \/>\n<script type=\"application\/ld+json\" class=\"yoast-schema-graph\">{\"@context\":\"https:\/\/schema.org\",\"@graph\":[{\"@type\":\"WebPage\",\"@id\":\"https:\/\/www.bioconstrumat.com\/de\/conocenos\/como-somos\/mision\/\",\"url\":\"https:\/\/www.bioconstrumat.com\/de\/conocenos\/como-somos\/mision\/\",\"name\":\"Misi\u00f3n - bioconstrumat.com\",\"isPartOf\":{\"@id\":\"https:\/\/www.bioconstrumat.com\/de\/#website\"},\"datePublished\":\"2016-05-08T21:51:39+00:00\",\"dateModified\":\"2017-04-09T17:30:05+00:00\",\"breadcrumb\":{\"@id\":\"https:\/\/www.bioconstrumat.com\/de\/conocenos\/como-somos\/mision\/#breadcrumb\"},\"inLanguage\":\"gl-ES\",\"potentialAction\":[{\"@type\":\"ReadAction\",\"target\":[\"https:\/\/www.bioconstrumat.com\/de\/conocenos\/como-somos\/mision\/\"]}]},{\"@type\":\"BreadcrumbList\",\"@id\":\"https:\/\/www.bioconstrumat.com\/de\/conocenos\/como-somos\/mision\/#breadcrumb\",\"itemListElement\":[{\"@type\":\"ListItem\",\"position\":1,\"name\":\"Home\",\"item\":\"https:\/\/www.bioconstrumat.com\/de\/\"},{\"@type\":\"ListItem\",\"position\":2,\"name\":\"Wir \u00fcber uns\",\"item\":\"https:\/\/www.bioconstrumat.com\/de\/conocenos\/\"},{\"@type\":\"ListItem\",\"position\":3,\"name\":\"Wie sind wir?\",\"item\":\"https:\/\/www.bioconstrumat.com\/de\/conocenos\/como-somos\/\"},{\"@type\":\"ListItem\",\"position\":4,\"name\":\"Mission\"}]},{\"@type\":\"WebSite\",\"@id\":\"https:\/\/www.bioconstrumat.com\/de\/#website\",\"url\":\"https:\/\/www.bioconstrumat.com\/de\/\",\"name\":\"bioconstrumat.com\",\"description\":\"material construcci\u00f3n sostenible\",\"potentialAction\":[{\"@type\":\"SearchAction\",\"target\":{\"@type\":\"EntryPoint\",\"urlTemplate\":\"https:\/\/www.bioconstrumat.com\/de\/?s={search_term_string}\"},\"query-input\":{\"@type\":\"PropertyValueSpecification\",\"valueRequired\":true,\"valueName\":\"search_term_string\"}}],\"inLanguage\":\"gl-ES\"}]}<\/script>\n<!-- \/ Yoast SEO plugin. -->","yoast_head_json":{"title":"Misi\u00f3n - bioconstrumat.com","robots":{"index":"index","follow":"follow","max-snippet":"max-snippet:-1","max-image-preview":"max-image-preview:large","max-video-preview":"max-video-preview:-1"},"canonical":"https:\/\/www.bioconstrumat.com\/de\/conocenos\/como-somos\/mision\/","og_locale":"gl_ES","og_type":"article","og_title":"Misi\u00f3n - bioconstrumat.com","og_description":"[vc_row][vc_column][vc_column_text]Misi\u00f3n[\/vc_column_text][\/vc_column][\/vc_row][vc_row][vc_column][vc_column_text]Para facilitar a subministraci\u00f3n e instalaci\u00f3n de materiais ecol\u00f3xicos, o edificio no que opera integrado na natureza e moito m\u00e1is eficiente de enerx\u00eda e prevenci\u00f3n da contaminaci\u00f3n e impacto ambiental xerado e, as\u00ed, acadar unha maior sa\u00fade e benestar para todos agora e para as xeraci\u00f3ns futuras.[\/vc_column_text][\/vc_column][\/vc_row] Share","og_url":"https:\/\/www.bioconstrumat.com\/de\/conocenos\/como-somos\/mision\/","og_site_name":"bioconstrumat.com","article_modified_time":"2017-04-09T17:30:05+00:00","twitter_card":"summary_large_image","twitter_misc":{"Tempo de lectura":"3 minutos"},"schema":{"@context":"https:\/\/schema.org","@graph":[{"@type":"WebPage","@id":"https:\/\/www.bioconstrumat.com\/de\/conocenos\/como-somos\/mision\/","url":"https:\/\/www.bioconstrumat.com\/de\/conocenos\/como-somos\/mision\/","name":"Misi\u00f3n - bioconstrumat.com","isPartOf":{"@id":"https:\/\/www.bioconstrumat.com\/de\/#website"},"datePublished":"2016-05-08T21:51:39+00:00","dateModified":"2017-04-09T17:30:05+00:00","breadcrumb":{"@id":"https:\/\/www.bioconstrumat.com\/de\/conocenos\/como-somos\/mision\/#breadcrumb"},"inLanguage":"gl-ES","potentialAction":[{"@type":"ReadAction","target":["https:\/\/www.bioconstrumat.com\/de\/conocenos\/como-somos\/mision\/"]}]},{"@type":"BreadcrumbList","@id":"https:\/\/www.bioconstrumat.com\/de\/conocenos\/como-somos\/mision\/#breadcrumb","itemListElement":[{"@type":"ListItem","position":1,"name":"Home","item":"https:\/\/www.bioconstrumat.com\/de\/"},{"@type":"ListItem","position":2,"name":"Wir \u00fcber uns","item":"https:\/\/www.bioconstrumat.com\/de\/conocenos\/"},{"@type":"ListItem","position":3,"name":"Wie sind wir?","item":"https:\/\/www.bioconstrumat.com\/de\/conocenos\/como-somos\/"},{"@type":"ListItem","position":4,"name":"Mission"}]},{"@type":"WebSite","@id":"https:\/\/www.bioconstrumat.com\/de\/#website","url":"https:\/\/www.bioconstrumat.com\/de\/","name":"bioconstrumat.com","description":"material construcci\u00f3n sostenible","potentialAction":[{"@type":"SearchAction","target":{"@type":"EntryPoint","urlTemplate":"https:\/\/www.bioconstrumat.com\/de\/?s={search_term_string}"},"query-input":{"@type":"PropertyValueSpecification","valueRequired":true,"valueName":"search_term_string"}}],"inLanguage":"gl-ES"}]}},"_links":{"self":[{"href":"https:\/\/www.bioconstrumat.com\/gl\/wp-json\/wp\/v2\/pages\/281","targetHints":{"allow":["GET"]}}],"collection":[{"href":"https:\/\/www.bioconstrumat.com\/gl\/wp-json\/wp\/v2\/pages"}],"about":[{"href":"https:\/\/www.bioconstrumat.com\/gl\/wp-json\/wp\/v2\/types\/page"}],"author":[{"embeddable":true,"href":"https:\/\/www.bioconstrumat.com\/gl\/wp-json\/wp\/v2\/users\/3"}],"replies":[{"embeddable":true,"href":"https:\/\/www.bioconstrumat.com\/gl\/wp-json\/wp\/v2\/comments?post=281"}],"version-history":[{"count":7,"href":"https:\/\/www.bioconstrumat.com\/gl\/wp-json\/wp\/v2\/pages\/281\/revisions"}],"predecessor-version":[{"id":741,"href":"https:\/\/www.bioconstrumat.com\/gl\/wp-json\/wp\/v2\/pages\/281\/revisions\/741"}],"up":[{"embeddable":true,"href":"https:\/\/www.bioconstrumat.com\/gl\/wp-json\/wp\/v2\/pages\/273"}],"wp:attachment":[{"href":"https:\/\/www.bioconstrumat.com\/gl\/wp-json\/wp\/v2\/media?parent=281"}],"curies":[{"name":"wp","href":"https:\/\/api.w.org\/{rel}","templated":true}]}}