{"id":214,"date":"2016-05-06T17:27:47","date_gmt":"2016-05-06T17:27:47","guid":{"rendered":"http:\/\/www.bioconstrumat.com\/?page_id=214"},"modified":"2016-07-23T19:41:07","modified_gmt":"2016-07-23T19:41:07","slug":"porquebioconstruccion","status":"publish","type":"page","link":"https:\/\/www.bioconstrumat.com\/gl\/bioconstruccion\/porquebioconstruccion\/","title":{"rendered":"Que a bioconstruci\u00f3n ?"},"content":{"rendered":"<strong>Que a bioconstruci\u00f3n ?<\/strong><\/p>\n<p><strong>A conciencia ambiental<\/strong> non \u00e9 unha moda pasaxeira , e <strong>afecta<\/strong> moitos comportamentos e h\u00e1bitos das nosas vidas , e entre outros , un dos fundamentais , tales como <strong>vivenda<\/strong> , <strong>porque<\/strong> <strong>asistencia social<\/strong> , a <strong>paz social<\/strong> e mesmo a <strong>supervivencia e futuro xeraci\u00f3ns futuras dependen das nosas acci\u00f3ns no presente<\/strong>. Non pode ser un edificio verde e bio se non \u00e9 tido en conta todos os aspectos anomenants enriba para gozar dunha vivenda sostible .<\/p>\n<p>&nbsp;\n<div class=\"be-social\" data-url=\"https:\/\/www.bioconstrumat.com\/gl\/bioconstruccion\/porquebioconstruccion\/\" data-base=\"\" data-title=\"Que a bioconstruci\u00f3n ?\" data-track=\"true\" data-via=\"\" data-show=\"{&quot;facebook&quot;:true,&quot;twitter&quot;:true,&quot;google&quot;:true,&quot;reddit&quot;:true,&quot;linkedin&quot;:true,&quot;meneame&quot;:true}\" ><h2 class=\"be-social-title\">Share<\/h2><\/div>","protected":false},"excerpt":{"rendered":"<p>Que a bioconstruci\u00f3n ? A conciencia ambiental non \u00e9 unha moda pasaxeira , e afecta moitos comportamentos e h\u00e1bitos das nosas vidas , e entre outros , un dos fundamentais , tales como vivenda , porque asistencia social , a paz social e mesmo a supervivencia e futuro xeraci\u00f3ns futuras dependen das nosas acci\u00f3ns no [&hellip;]<\/p>\n","protected":false},"author":3,"featured_media":0,"parent":436,"menu_order":0,"comment_status":"closed","ping_status":"closed","template":"","meta":{"_monsterinsights_skip_tracking":false,"_monsterinsights_sitenote_active":false,"_monsterinsights_sitenote_note":"","_monsterinsights_sitenote_category":0,"ngg_post_thumbnail":0,"footnotes":""},"class_list":["post-214","page","type-page","status-publish","hentry"],"yoast_head":"<!-- This site is optimized with the Yoast SEO plugin v27.1.1 - https:\/\/yoast.com\/product\/yoast-seo-wordpress\/ -->\n<title>Que a bioconstruci\u00f3n ? - bioconstrumat.com<\/title>\n<meta name=\"robots\" content=\"index, follow, max-snippet:-1, max-image-preview:large, max-video-preview:-1\" \/>\n<link rel=\"canonical\" href=\"https:\/\/www.bioconstrumat.com\/bioconstruccion\/porquebioconstruccion\/\" \/>\n<meta property=\"og:locale\" content=\"gl_ES\" \/>\n<meta property=\"og:type\" content=\"article\" \/>\n<meta property=\"og:title\" content=\"Que a bioconstruci\u00f3n ? - bioconstrumat.com\" \/>\n<meta property=\"og:description\" content=\"Que a bioconstruci\u00f3n ? A conciencia ambiental non \u00e9 unha moda pasaxeira , e afecta moitos comportamentos e h\u00e1bitos das nosas vidas , e entre outros , un dos fundamentais , tales como vivenda , porque asistencia social , a paz social e mesmo a supervivencia e futuro xeraci\u00f3ns futuras dependen das nosas acci\u00f3ns no [&hellip;]\" \/>\n<meta property=\"og:url\" content=\"https:\/\/www.bioconstrumat.com\/bioconstruccion\/porquebioconstruccion\/\" \/>\n<meta property=\"og:site_name\" content=\"bioconstrumat.com\" \/>\n<meta property=\"article:modified_time\" content=\"2016-07-23T19:41:07+00:00\" \/>\n<meta name=\"twitter:card\" content=\"summary_large_image\" \/>\n<meta name=\"twitter:label1\" content=\"Tempo de lectura\" \/>\n\t<meta name=\"twitter:data1\" content=\"3 minutos\" \/>\n<script type=\"application\/ld+json\" class=\"yoast-schema-graph\">{\"@context\":\"https:\/\/schema.org\",\"@graph\":[{\"@type\":\"WebPage\",\"@id\":\"https:\/\/www.bioconstrumat.com\/bioconstruccion\/porquebioconstruccion\/\",\"url\":\"https:\/\/www.bioconstrumat.com\/bioconstruccion\/porquebioconstruccion\/\",\"name\":\"Que a bioconstruci\u00f3n ? - bioconstrumat.com\",\"isPartOf\":{\"@id\":\"https:\/\/www.bioconstrumat.com\/de\/#website\"},\"datePublished\":\"2016-05-06T17:27:47+00:00\",\"dateModified\":\"2016-07-23T19:41:07+00:00\",\"breadcrumb\":{\"@id\":\"https:\/\/www.bioconstrumat.com\/bioconstruccion\/porquebioconstruccion\/#breadcrumb\"},\"inLanguage\":\"gl-ES\",\"potentialAction\":[{\"@type\":\"ReadAction\",\"target\":[\"https:\/\/www.bioconstrumat.com\/bioconstruccion\/porquebioconstruccion\/\"]}]},{\"@type\":\"BreadcrumbList\",\"@id\":\"https:\/\/www.bioconstrumat.com\/bioconstruccion\/porquebioconstruccion\/#breadcrumb\",\"itemListElement\":[{\"@type\":\"ListItem\",\"position\":1,\"name\":\"Home\",\"item\":\"https:\/\/www.bioconstrumat.com\/de\/\"},{\"@type\":\"ListItem\",\"position\":2,\"name\":\"Bioconstrucci\u00f3n\",\"item\":\"https:\/\/www.bioconstrumat.com\/bioconstruccion\/\"},{\"@type\":\"ListItem\",\"position\":3,\"name\":\"\u00bf Porqu\u00e9 bioconstrucci\u00f3n ?\"}]},{\"@type\":\"WebSite\",\"@id\":\"https:\/\/www.bioconstrumat.com\/de\/#website\",\"url\":\"https:\/\/www.bioconstrumat.com\/de\/\",\"name\":\"bioconstrumat.com\",\"description\":\"material construcci\u00f3n sostenible\",\"potentialAction\":[{\"@type\":\"SearchAction\",\"target\":{\"@type\":\"EntryPoint\",\"urlTemplate\":\"https:\/\/www.bioconstrumat.com\/de\/?s={search_term_string}\"},\"query-input\":{\"@type\":\"PropertyValueSpecification\",\"valueRequired\":true,\"valueName\":\"search_term_string\"}}],\"inLanguage\":\"gl-ES\"}]}<\/script>\n<!-- \/ Yoast SEO plugin. -->","yoast_head_json":{"title":"Que a bioconstruci\u00f3n ? - bioconstrumat.com","robots":{"index":"index","follow":"follow","max-snippet":"max-snippet:-1","max-image-preview":"max-image-preview:large","max-video-preview":"max-video-preview:-1"},"canonical":"https:\/\/www.bioconstrumat.com\/bioconstruccion\/porquebioconstruccion\/","og_locale":"gl_ES","og_type":"article","og_title":"Que a bioconstruci\u00f3n ? - bioconstrumat.com","og_description":"Que a bioconstruci\u00f3n ? A conciencia ambiental non \u00e9 unha moda pasaxeira , e afecta moitos comportamentos e h\u00e1bitos das nosas vidas , e entre outros , un dos fundamentais , tales como vivenda , porque asistencia social , a paz social e mesmo a supervivencia e futuro xeraci\u00f3ns futuras dependen das nosas acci\u00f3ns no [&hellip;]","og_url":"https:\/\/www.bioconstrumat.com\/bioconstruccion\/porquebioconstruccion\/","og_site_name":"bioconstrumat.com","article_modified_time":"2016-07-23T19:41:07+00:00","twitter_card":"summary_large_image","twitter_misc":{"Tempo de lectura":"3 minutos"},"schema":{"@context":"https:\/\/schema.org","@graph":[{"@type":"WebPage","@id":"https:\/\/www.bioconstrumat.com\/bioconstruccion\/porquebioconstruccion\/","url":"https:\/\/www.bioconstrumat.com\/bioconstruccion\/porquebioconstruccion\/","name":"Que a bioconstruci\u00f3n ? - bioconstrumat.com","isPartOf":{"@id":"https:\/\/www.bioconstrumat.com\/de\/#website"},"datePublished":"2016-05-06T17:27:47+00:00","dateModified":"2016-07-23T19:41:07+00:00","breadcrumb":{"@id":"https:\/\/www.bioconstrumat.com\/bioconstruccion\/porquebioconstruccion\/#breadcrumb"},"inLanguage":"gl-ES","potentialAction":[{"@type":"ReadAction","target":["https:\/\/www.bioconstrumat.com\/bioconstruccion\/porquebioconstruccion\/"]}]},{"@type":"BreadcrumbList","@id":"https:\/\/www.bioconstrumat.com\/bioconstruccion\/porquebioconstruccion\/#breadcrumb","itemListElement":[{"@type":"ListItem","position":1,"name":"Home","item":"https:\/\/www.bioconstrumat.com\/de\/"},{"@type":"ListItem","position":2,"name":"Bioconstrucci\u00f3n","item":"https:\/\/www.bioconstrumat.com\/bioconstruccion\/"},{"@type":"ListItem","position":3,"name":"\u00bf Porqu\u00e9 bioconstrucci\u00f3n ?"}]},{"@type":"WebSite","@id":"https:\/\/www.bioconstrumat.com\/de\/#website","url":"https:\/\/www.bioconstrumat.com\/de\/","name":"bioconstrumat.com","description":"material construcci\u00f3n sostenible","potentialAction":[{"@type":"SearchAction","target":{"@type":"EntryPoint","urlTemplate":"https:\/\/www.bioconstrumat.com\/de\/?s={search_term_string}"},"query-input":{"@type":"PropertyValueSpecification","valueRequired":true,"valueName":"search_term_string"}}],"inLanguage":"gl-ES"}]}},"_links":{"self":[{"href":"https:\/\/www.bioconstrumat.com\/gl\/wp-json\/wp\/v2\/pages\/214","targetHints":{"allow":["GET"]}}],"collection":[{"href":"https:\/\/www.bioconstrumat.com\/gl\/wp-json\/wp\/v2\/pages"}],"about":[{"href":"https:\/\/www.bioconstrumat.com\/gl\/wp-json\/wp\/v2\/types\/page"}],"author":[{"embeddable":true,"href":"https:\/\/www.bioconstrumat.com\/gl\/wp-json\/wp\/v2\/users\/3"}],"replies":[{"embeddable":true,"href":"https:\/\/www.bioconstrumat.com\/gl\/wp-json\/wp\/v2\/comments?post=214"}],"version-history":[{"count":11,"href":"https:\/\/www.bioconstrumat.com\/gl\/wp-json\/wp\/v2\/pages\/214\/revisions"}],"predecessor-version":[{"id":487,"href":"https:\/\/www.bioconstrumat.com\/gl\/wp-json\/wp\/v2\/pages\/214\/revisions\/487"}],"up":[{"embeddable":true,"href":"https:\/\/www.bioconstrumat.com\/gl\/wp-json\/wp\/v2\/pages\/436"}],"wp:attachment":[{"href":"https:\/\/www.bioconstrumat.com\/gl\/wp-json\/wp\/v2\/media?parent=214"}],"curies":[{"name":"wp","href":"https:\/\/api.w.org\/{rel}","templated":true}]}}