{"id":158,"date":"2016-05-06T12:05:39","date_gmt":"2016-05-06T12:05:39","guid":{"rendered":"http:\/\/www.bioconstrumat.com\/?page_id=158"},"modified":"2017-04-22T20:06:34","modified_gmt":"2017-04-22T20:06:34","slug":"energia-equipos-sostenibles","status":"publish","type":"page","link":"https:\/\/www.bioconstrumat.com\/gl\/productos-construccion-sostenibles\/energia-equipos-sostenibles\/","title":{"rendered":"Enerx\u00eda \/ equipos sostibles"},"content":{"rendered":"[vc_row][vc_column][vc_column_text]<strong>Enerx\u00eda \/ equipos<\/strong><\/p>\n<p>Equipos de enerx\u00eda sostible<br \/>\nO equipo ea xeraci\u00f3n de enerx\u00eda sostible e de almacenamento son os elementos que permiten necessris en enerx\u00eda verde (*), a mobilidade, residuos e de auga, para acadar a reduci\u00f3n de gases de efecto invernadoiro pasan por:<br \/>\n&nbsp; &nbsp;\u2022 Para conseguir unha reduci\u00f3n das emisi\u00f3ns.<br \/>\n&nbsp; &nbsp;\u2022 Aseg\u00farese de producir enerx\u00eda renovable<br \/>\n&nbsp; &nbsp;\u2022 Mellorar a xesti\u00f3n de residuos e auga<\/p>\n<p><em>(*) A enerx\u00eda verde \u00e9 toda esa enerx\u00eda a partir de fontes renovables, como sol, vento, calor da terra, ondas &#8230; \u00e1 vez tam\u00e9n asegura que a tecnolox\u00eda utilizada para a obtenci\u00f3n dos paneis solares, os a enerx\u00eda e\u00f3lica, a utilizaci\u00f3n de enerx\u00eda xeot\u00e9rmica ou hidr\u00e1ulica; que non xera residuos ou emisi\u00f3ns, ou polo menos; facendo o seu impacto sobre o medio ambiente ea sa\u00fade \u00e9 moi baixo.<\/em><\/p>\n<p>&nbsp;<\/p>\n<p>Nos links abaixo vai atopar:<br \/>\n&nbsp; &nbsp;\u2022 <a href=\"https:\/\/www.bioconstrumat.com\/gl\/productos-construccion-sostenibles\/energia-equipos-sostenibles\/enchufes-para-cargar-el-coche-electrico\/\">fichas para cargar coche el\u00e9ctrico<\/a><br \/>\n&nbsp; &nbsp;\u2022 <a href=\"https:\/\/www.bioconstrumat.com\/gl\/productos-construccion-sostenibles\/energia-equipos-sostenibles\/baterias-casas-edificios\/\">bater\u00edas para almacenar enerx\u00eda en vivendas e edificios<\/a><br \/>\n&nbsp; &nbsp;\u2022<a href=\"https:\/\/www.bioconstrumat.com\/gl\/productos-construccion-sostenibles\/energia-equipos-sostenibles\/biofiltros-aguas-pluviales\/\"> biofiltros para reutilizar a auga de choiva<\/a><br \/>\n&nbsp; &nbsp;\u2022<a href=\"https:\/\/www.bioconstrumat.com\/gl\/productos-construccion-sostenibles\/energia-equipos-sostenibles\/domotica\/\"> elementos de automatizaci\u00f3n<\/a><br \/>\n&nbsp; &nbsp;\u2022 <a href=\"https:\/\/www.bioconstrumat.com\/gl\/productos-construccion-sostenibles\/energia-equipos-sostenibles\/energia-eolica\/\">A enerx\u00eda e\u00f3lica<\/a><br \/>\n&nbsp; &nbsp;\u2022 <a href=\"https:\/\/www.bioconstrumat.com\/gl\/productos-construccion-sostenibles\/energia-equipos-sostenibles\/energia-solar\/\">Enerx\u00eda&nbsp;Solar<\/a><br \/>\n&nbsp; &nbsp;\u2022 <a href=\"https:\/\/www.bioconstrumat.com\/gl\/productos-construccion-sostenibles\/energia-equipos-sostenibles\/bajo-consumo\/\">baixo consumo<\/a>[\/vc_column_text][\/vc_column][\/vc_row]\n<div class=\"be-social\" data-url=\"https:\/\/www.bioconstrumat.com\/gl\/productos-construccion-sostenibles\/energia-equipos-sostenibles\/\" data-base=\"\" data-title=\"Enerx\u00eda \/ equipos sostibles\" data-track=\"true\" data-via=\"\" data-show=\"{&quot;facebook&quot;:true,&quot;twitter&quot;:true,&quot;google&quot;:true,&quot;reddit&quot;:true,&quot;linkedin&quot;:true,&quot;meneame&quot;:true}\" ><h2 class=\"be-social-title\">Share<\/h2><\/div>","protected":false},"excerpt":{"rendered":"<p>[vc_row][vc_column][vc_column_text]Enerx\u00eda \/ equipos Equipos de enerx\u00eda sostible O equipo ea xeraci\u00f3n de enerx\u00eda sostible e de almacenamento son os elementos que permiten necessris en enerx\u00eda verde (*), a mobilidade, residuos e de auga, para acadar a reduci\u00f3n de gases de efecto invernadoiro pasan por: &nbsp; &nbsp;\u2022 Para conseguir unha reduci\u00f3n das emisi\u00f3ns. &nbsp; &nbsp;\u2022 Aseg\u00farese [&hellip;]<\/p>\n","protected":false},"author":3,"featured_media":0,"parent":48,"menu_order":0,"comment_status":"closed","ping_status":"closed","template":"","meta":{"_monsterinsights_skip_tracking":false,"_monsterinsights_sitenote_active":false,"_monsterinsights_sitenote_note":"","_monsterinsights_sitenote_category":0,"ngg_post_thumbnail":0,"footnotes":""},"class_list":["post-158","page","type-page","status-publish","hentry"],"yoast_head":"<!-- This site is optimized with the Yoast SEO plugin v27.1.1 - https:\/\/yoast.com\/product\/yoast-seo-wordpress\/ -->\n<title>Enerx\u00eda \/ equipos sostibles - bioconstrumat.com<\/title>\n<meta name=\"robots\" content=\"index, follow, max-snippet:-1, max-image-preview:large, max-video-preview:-1\" \/>\n<link rel=\"canonical\" href=\"https:\/\/www.bioconstrumat.com\/fr\/productos-construccion-sostenibles\/energia-equipos-sostenibles\/\" \/>\n<meta property=\"og:locale\" content=\"gl_ES\" \/>\n<meta property=\"og:type\" content=\"article\" \/>\n<meta property=\"og:title\" content=\"Enerx\u00eda \/ equipos sostibles - bioconstrumat.com\" \/>\n<meta property=\"og:description\" content=\"[vc_row][vc_column][vc_column_text]Enerx\u00eda \/ equipos Equipos de enerx\u00eda sostible O equipo ea xeraci\u00f3n de enerx\u00eda sostible e de almacenamento son os elementos que permiten necessris en enerx\u00eda verde (*), a mobilidade, residuos e de auga, para acadar a reduci\u00f3n de gases de efecto invernadoiro pasan por: &nbsp; &nbsp;\u2022 Para conseguir unha reduci\u00f3n das emisi\u00f3ns. &nbsp; &nbsp;\u2022 Aseg\u00farese [&hellip;]\" \/>\n<meta property=\"og:url\" content=\"https:\/\/www.bioconstrumat.com\/fr\/productos-construccion-sostenibles\/energia-equipos-sostenibles\/\" \/>\n<meta property=\"og:site_name\" content=\"bioconstrumat.com\" \/>\n<meta property=\"article:modified_time\" content=\"2017-04-22T20:06:34+00:00\" \/>\n<meta name=\"twitter:card\" content=\"summary_large_image\" \/>\n<meta name=\"twitter:label1\" content=\"Tempo de lectura\" \/>\n\t<meta name=\"twitter:data1\" content=\"7 minutos\" \/>\n<script type=\"application\/ld+json\" class=\"yoast-schema-graph\">{\"@context\":\"https:\/\/schema.org\",\"@graph\":[{\"@type\":\"WebPage\",\"@id\":\"https:\/\/www.bioconstrumat.com\/fr\/productos-construccion-sostenibles\/energia-equipos-sostenibles\/\",\"url\":\"https:\/\/www.bioconstrumat.com\/fr\/productos-construccion-sostenibles\/energia-equipos-sostenibles\/\",\"name\":\"Enerx\u00eda \/ equipos sostibles - bioconstrumat.com\",\"isPartOf\":{\"@id\":\"https:\/\/www.bioconstrumat.com\/de\/#website\"},\"datePublished\":\"2016-05-06T12:05:39+00:00\",\"dateModified\":\"2017-04-22T20:06:34+00:00\",\"breadcrumb\":{\"@id\":\"https:\/\/www.bioconstrumat.com\/fr\/productos-construccion-sostenibles\/energia-equipos-sostenibles\/#breadcrumb\"},\"inLanguage\":\"gl-ES\",\"potentialAction\":[{\"@type\":\"ReadAction\",\"target\":[\"https:\/\/www.bioconstrumat.com\/fr\/productos-construccion-sostenibles\/energia-equipos-sostenibles\/\"]}]},{\"@type\":\"BreadcrumbList\",\"@id\":\"https:\/\/www.bioconstrumat.com\/fr\/productos-construccion-sostenibles\/energia-equipos-sostenibles\/#breadcrumb\",\"itemListElement\":[{\"@type\":\"ListItem\",\"position\":1,\"name\":\"Home\",\"item\":\"https:\/\/www.bioconstrumat.com\/de\/\"},{\"@type\":\"ListItem\",\"position\":2,\"name\":\"Produits de construction durable\",\"item\":\"https:\/\/www.bioconstrumat.com\/fr\/productos-construccion-sostenibles\/\"},{\"@type\":\"ListItem\",\"position\":3,\"name\":\"Energie \/ \u00e9quipement durables\"}]},{\"@type\":\"WebSite\",\"@id\":\"https:\/\/www.bioconstrumat.com\/de\/#website\",\"url\":\"https:\/\/www.bioconstrumat.com\/de\/\",\"name\":\"bioconstrumat.com\",\"description\":\"material construcci\u00f3n sostenible\",\"potentialAction\":[{\"@type\":\"SearchAction\",\"target\":{\"@type\":\"EntryPoint\",\"urlTemplate\":\"https:\/\/www.bioconstrumat.com\/de\/?s={search_term_string}\"},\"query-input\":{\"@type\":\"PropertyValueSpecification\",\"valueRequired\":true,\"valueName\":\"search_term_string\"}}],\"inLanguage\":\"gl-ES\"}]}<\/script>\n<!-- \/ Yoast SEO plugin. -->","yoast_head_json":{"title":"Enerx\u00eda \/ equipos sostibles - bioconstrumat.com","robots":{"index":"index","follow":"follow","max-snippet":"max-snippet:-1","max-image-preview":"max-image-preview:large","max-video-preview":"max-video-preview:-1"},"canonical":"https:\/\/www.bioconstrumat.com\/fr\/productos-construccion-sostenibles\/energia-equipos-sostenibles\/","og_locale":"gl_ES","og_type":"article","og_title":"Enerx\u00eda \/ equipos sostibles - bioconstrumat.com","og_description":"[vc_row][vc_column][vc_column_text]Enerx\u00eda \/ equipos Equipos de enerx\u00eda sostible O equipo ea xeraci\u00f3n de enerx\u00eda sostible e de almacenamento son os elementos que permiten necessris en enerx\u00eda verde (*), a mobilidade, residuos e de auga, para acadar a reduci\u00f3n de gases de efecto invernadoiro pasan por: &nbsp; &nbsp;\u2022 Para conseguir unha reduci\u00f3n das emisi\u00f3ns. &nbsp; &nbsp;\u2022 Aseg\u00farese [&hellip;]","og_url":"https:\/\/www.bioconstrumat.com\/fr\/productos-construccion-sostenibles\/energia-equipos-sostenibles\/","og_site_name":"bioconstrumat.com","article_modified_time":"2017-04-22T20:06:34+00:00","twitter_card":"summary_large_image","twitter_misc":{"Tempo de lectura":"7 minutos"},"schema":{"@context":"https:\/\/schema.org","@graph":[{"@type":"WebPage","@id":"https:\/\/www.bioconstrumat.com\/fr\/productos-construccion-sostenibles\/energia-equipos-sostenibles\/","url":"https:\/\/www.bioconstrumat.com\/fr\/productos-construccion-sostenibles\/energia-equipos-sostenibles\/","name":"Enerx\u00eda \/ equipos sostibles - bioconstrumat.com","isPartOf":{"@id":"https:\/\/www.bioconstrumat.com\/de\/#website"},"datePublished":"2016-05-06T12:05:39+00:00","dateModified":"2017-04-22T20:06:34+00:00","breadcrumb":{"@id":"https:\/\/www.bioconstrumat.com\/fr\/productos-construccion-sostenibles\/energia-equipos-sostenibles\/#breadcrumb"},"inLanguage":"gl-ES","potentialAction":[{"@type":"ReadAction","target":["https:\/\/www.bioconstrumat.com\/fr\/productos-construccion-sostenibles\/energia-equipos-sostenibles\/"]}]},{"@type":"BreadcrumbList","@id":"https:\/\/www.bioconstrumat.com\/fr\/productos-construccion-sostenibles\/energia-equipos-sostenibles\/#breadcrumb","itemListElement":[{"@type":"ListItem","position":1,"name":"Home","item":"https:\/\/www.bioconstrumat.com\/de\/"},{"@type":"ListItem","position":2,"name":"Produits de construction durable","item":"https:\/\/www.bioconstrumat.com\/fr\/productos-construccion-sostenibles\/"},{"@type":"ListItem","position":3,"name":"Energie \/ \u00e9quipement durables"}]},{"@type":"WebSite","@id":"https:\/\/www.bioconstrumat.com\/de\/#website","url":"https:\/\/www.bioconstrumat.com\/de\/","name":"bioconstrumat.com","description":"material construcci\u00f3n sostenible","potentialAction":[{"@type":"SearchAction","target":{"@type":"EntryPoint","urlTemplate":"https:\/\/www.bioconstrumat.com\/de\/?s={search_term_string}"},"query-input":{"@type":"PropertyValueSpecification","valueRequired":true,"valueName":"search_term_string"}}],"inLanguage":"gl-ES"}]}},"_links":{"self":[{"href":"https:\/\/www.bioconstrumat.com\/gl\/wp-json\/wp\/v2\/pages\/158","targetHints":{"allow":["GET"]}}],"collection":[{"href":"https:\/\/www.bioconstrumat.com\/gl\/wp-json\/wp\/v2\/pages"}],"about":[{"href":"https:\/\/www.bioconstrumat.com\/gl\/wp-json\/wp\/v2\/types\/page"}],"author":[{"embeddable":true,"href":"https:\/\/www.bioconstrumat.com\/gl\/wp-json\/wp\/v2\/users\/3"}],"replies":[{"embeddable":true,"href":"https:\/\/www.bioconstrumat.com\/gl\/wp-json\/wp\/v2\/comments?post=158"}],"version-history":[{"count":13,"href":"https:\/\/www.bioconstrumat.com\/gl\/wp-json\/wp\/v2\/pages\/158\/revisions"}],"predecessor-version":[{"id":863,"href":"https:\/\/www.bioconstrumat.com\/gl\/wp-json\/wp\/v2\/pages\/158\/revisions\/863"}],"up":[{"embeddable":true,"href":"https:\/\/www.bioconstrumat.com\/gl\/wp-json\/wp\/v2\/pages\/48"}],"wp:attachment":[{"href":"https:\/\/www.bioconstrumat.com\/gl\/wp-json\/wp\/v2\/media?parent=158"}],"curies":[{"name":"wp","href":"https:\/\/api.w.org\/{rel}","templated":true}]}}