{"id":129,"date":"2016-04-30T20:57:33","date_gmt":"2016-04-30T20:57:33","guid":{"rendered":"http:\/\/www.bioconstrumat.com\/?page_id=129"},"modified":"2017-04-22T16:39:50","modified_gmt":"2017-04-22T16:39:50","slug":"cerramientos-sostenibles","status":"publish","type":"page","link":"https:\/\/www.bioconstrumat.com\/gl\/productos-construccion-sostenibles\/cerramientos-sostenibles\/","title":{"rendered":"Valos sostible"},"content":{"rendered":"[vc_row][vc_column][vc_column_text]<strong>Valos&nbsp;sostible<\/strong><\/p>\n<p>Escolla peches sostibles para a nosa casa para axudar a salvar sobre a demanda de enerx\u00eda do edificio.<\/p>\n<p><strong>Porque peches sostible?<\/strong><br \/>\nAs\u00ed, o custo inicial a ser realizado, temos que deducir as econom\u00edas de custo que obte\u00f1en enerx\u00eda por habelo o resultado ser\u00e1 rendible significa que o cambio para un peche sostibles, PERT Estamos a falar dun investimento, xa que permite aforro.<\/p>\n<p>Pero a enerx\u00eda, este custo efectivo para o noso peto que ten que deducir o custo de enerx\u00eda que representa o proceso de fabricaci\u00f3n e transporte, as\u00ed como outros impactos ambientais que sup\u00f3n un peche insostible.<br \/>\n<strong>Como reciclar peches insostibles?<\/strong><br \/>\nCompartimos a aposta de reducir o impacto ambiental.<\/p>\n<p>Se quere reciclar o seu vello carpinter\u00eda insostible, unha opci\u00f3n pode ser a de reutilizaci\u00f3n de fiestras antigas. Reformulaci\u00f3n dunha fiestra vella pode ser un proxecto DIY divertido. Podes construir un invernadoiro mini ou crear unha obra de arte para colgar na parede aqu\u00ed pode fornecer algunhas ideas.<br \/>\nOutra opci\u00f3n \u00e9 po\u00f1erse en contacto con organizaci\u00f3ns locais sen \u00e1nimo de lucro e darlles as fiestras e portas para a antiga para os seus proxectos.<\/p>\n<p><strong>Como podemos axudar?<\/strong><br \/>\nSe non queres reciclar-los e compramos peches sostible substitu\u00edr fiestras vellas ou portas imos transportalo-lo para o deixellaria autorizado.<\/p>\n<p>Fornecen unha ampla colecci\u00f3n de peches sostibles (madeira laminada e mesturado e aluminio)<br \/>\nbajen iraunkorra (laminatuzko egurra eta egurra mistoa eta aluminiozko) bilduma zabala eskaintzen dugu[\/vc_column_text][\/vc_column][\/vc_row]\n<div class=\"be-social\" data-url=\"https:\/\/www.bioconstrumat.com\/gl\/productos-construccion-sostenibles\/cerramientos-sostenibles\/\" data-base=\"\" data-title=\"Valos sostible\" data-track=\"true\" data-via=\"\" data-show=\"{&quot;facebook&quot;:true,&quot;twitter&quot;:true,&quot;google&quot;:true,&quot;reddit&quot;:true,&quot;linkedin&quot;:true,&quot;meneame&quot;:true}\" ><h2 class=\"be-social-title\">Share<\/h2><\/div>","protected":false},"excerpt":{"rendered":"<p>[vc_row][vc_column][vc_column_text]Valos&nbsp;sostible Escolla peches sostibles para a nosa casa para axudar a salvar sobre a demanda de enerx\u00eda do edificio. Porque peches sostible? As\u00ed, o custo inicial a ser realizado, temos que deducir as econom\u00edas de custo que obte\u00f1en enerx\u00eda por habelo o resultado ser\u00e1 rendible significa que o cambio para un peche sostibles, PERT Estamos [&hellip;]<\/p>\n","protected":false},"author":3,"featured_media":0,"parent":48,"menu_order":0,"comment_status":"closed","ping_status":"closed","template":"","meta":{"_monsterinsights_skip_tracking":false,"_monsterinsights_sitenote_active":false,"_monsterinsights_sitenote_note":"","_monsterinsights_sitenote_category":0,"ngg_post_thumbnail":0,"footnotes":""},"class_list":["post-129","page","type-page","status-publish","hentry"],"yoast_head":"<!-- This site is optimized with the Yoast SEO plugin v27.1.1 - https:\/\/yoast.com\/product\/yoast-seo-wordpress\/ -->\n<title>Valos sostible - bioconstrumat.com<\/title>\n<meta name=\"robots\" content=\"index, follow, max-snippet:-1, max-image-preview:large, max-video-preview:-1\" \/>\n<link rel=\"canonical\" href=\"https:\/\/www.bioconstrumat.com\/fr\/productos-construccion-sostenibles\/cerramientos-sostenibles\/\" \/>\n<meta property=\"og:locale\" content=\"gl_ES\" \/>\n<meta property=\"og:type\" content=\"article\" \/>\n<meta property=\"og:title\" content=\"Valos sostible - bioconstrumat.com\" \/>\n<meta property=\"og:description\" content=\"[vc_row][vc_column][vc_column_text]Valos&nbsp;sostible Escolla peches sostibles para a nosa casa para axudar a salvar sobre a demanda de enerx\u00eda do edificio. Porque peches sostible? As\u00ed, o custo inicial a ser realizado, temos que deducir as econom\u00edas de custo que obte\u00f1en enerx\u00eda por habelo o resultado ser\u00e1 rendible significa que o cambio para un peche sostibles, PERT Estamos [&hellip;]\" \/>\n<meta property=\"og:url\" content=\"https:\/\/www.bioconstrumat.com\/fr\/productos-construccion-sostenibles\/cerramientos-sostenibles\/\" \/>\n<meta property=\"og:site_name\" content=\"bioconstrumat.com\" \/>\n<meta property=\"article:modified_time\" content=\"2017-04-22T16:39:50+00:00\" \/>\n<meta name=\"twitter:card\" content=\"summary_large_image\" \/>\n<meta name=\"twitter:label1\" content=\"Tempo de lectura\" \/>\n\t<meta name=\"twitter:data1\" content=\"9 minutos\" \/>\n<script type=\"application\/ld+json\" class=\"yoast-schema-graph\">{\"@context\":\"https:\/\/schema.org\",\"@graph\":[{\"@type\":\"WebPage\",\"@id\":\"https:\/\/www.bioconstrumat.com\/fr\/productos-construccion-sostenibles\/cerramientos-sostenibles\/\",\"url\":\"https:\/\/www.bioconstrumat.com\/fr\/productos-construccion-sostenibles\/cerramientos-sostenibles\/\",\"name\":\"Valos sostible - bioconstrumat.com\",\"isPartOf\":{\"@id\":\"https:\/\/www.bioconstrumat.com\/de\/#website\"},\"datePublished\":\"2016-04-30T20:57:33+00:00\",\"dateModified\":\"2017-04-22T16:39:50+00:00\",\"breadcrumb\":{\"@id\":\"https:\/\/www.bioconstrumat.com\/fr\/productos-construccion-sostenibles\/cerramientos-sostenibles\/#breadcrumb\"},\"inLanguage\":\"gl-ES\",\"potentialAction\":[{\"@type\":\"ReadAction\",\"target\":[\"https:\/\/www.bioconstrumat.com\/fr\/productos-construccion-sostenibles\/cerramientos-sostenibles\/\"]}]},{\"@type\":\"BreadcrumbList\",\"@id\":\"https:\/\/www.bioconstrumat.com\/fr\/productos-construccion-sostenibles\/cerramientos-sostenibles\/#breadcrumb\",\"itemListElement\":[{\"@type\":\"ListItem\",\"position\":1,\"name\":\"Home\",\"item\":\"https:\/\/www.bioconstrumat.com\/de\/\"},{\"@type\":\"ListItem\",\"position\":2,\"name\":\"Produits de construction durable\",\"item\":\"https:\/\/www.bioconstrumat.com\/fr\/productos-construccion-sostenibles\/\"},{\"@type\":\"ListItem\",\"position\":3,\"name\":\"Bo\u00eetiers durables\"}]},{\"@type\":\"WebSite\",\"@id\":\"https:\/\/www.bioconstrumat.com\/de\/#website\",\"url\":\"https:\/\/www.bioconstrumat.com\/de\/\",\"name\":\"bioconstrumat.com\",\"description\":\"material construcci\u00f3n sostenible\",\"potentialAction\":[{\"@type\":\"SearchAction\",\"target\":{\"@type\":\"EntryPoint\",\"urlTemplate\":\"https:\/\/www.bioconstrumat.com\/de\/?s={search_term_string}\"},\"query-input\":{\"@type\":\"PropertyValueSpecification\",\"valueRequired\":true,\"valueName\":\"search_term_string\"}}],\"inLanguage\":\"gl-ES\"}]}<\/script>\n<!-- \/ Yoast SEO plugin. -->","yoast_head_json":{"title":"Valos sostible - bioconstrumat.com","robots":{"index":"index","follow":"follow","max-snippet":"max-snippet:-1","max-image-preview":"max-image-preview:large","max-video-preview":"max-video-preview:-1"},"canonical":"https:\/\/www.bioconstrumat.com\/fr\/productos-construccion-sostenibles\/cerramientos-sostenibles\/","og_locale":"gl_ES","og_type":"article","og_title":"Valos sostible - bioconstrumat.com","og_description":"[vc_row][vc_column][vc_column_text]Valos&nbsp;sostible Escolla peches sostibles para a nosa casa para axudar a salvar sobre a demanda de enerx\u00eda do edificio. Porque peches sostible? As\u00ed, o custo inicial a ser realizado, temos que deducir as econom\u00edas de custo que obte\u00f1en enerx\u00eda por habelo o resultado ser\u00e1 rendible significa que o cambio para un peche sostibles, PERT Estamos [&hellip;]","og_url":"https:\/\/www.bioconstrumat.com\/fr\/productos-construccion-sostenibles\/cerramientos-sostenibles\/","og_site_name":"bioconstrumat.com","article_modified_time":"2017-04-22T16:39:50+00:00","twitter_card":"summary_large_image","twitter_misc":{"Tempo de lectura":"9 minutos"},"schema":{"@context":"https:\/\/schema.org","@graph":[{"@type":"WebPage","@id":"https:\/\/www.bioconstrumat.com\/fr\/productos-construccion-sostenibles\/cerramientos-sostenibles\/","url":"https:\/\/www.bioconstrumat.com\/fr\/productos-construccion-sostenibles\/cerramientos-sostenibles\/","name":"Valos sostible - bioconstrumat.com","isPartOf":{"@id":"https:\/\/www.bioconstrumat.com\/de\/#website"},"datePublished":"2016-04-30T20:57:33+00:00","dateModified":"2017-04-22T16:39:50+00:00","breadcrumb":{"@id":"https:\/\/www.bioconstrumat.com\/fr\/productos-construccion-sostenibles\/cerramientos-sostenibles\/#breadcrumb"},"inLanguage":"gl-ES","potentialAction":[{"@type":"ReadAction","target":["https:\/\/www.bioconstrumat.com\/fr\/productos-construccion-sostenibles\/cerramientos-sostenibles\/"]}]},{"@type":"BreadcrumbList","@id":"https:\/\/www.bioconstrumat.com\/fr\/productos-construccion-sostenibles\/cerramientos-sostenibles\/#breadcrumb","itemListElement":[{"@type":"ListItem","position":1,"name":"Home","item":"https:\/\/www.bioconstrumat.com\/de\/"},{"@type":"ListItem","position":2,"name":"Produits de construction durable","item":"https:\/\/www.bioconstrumat.com\/fr\/productos-construccion-sostenibles\/"},{"@type":"ListItem","position":3,"name":"Bo\u00eetiers durables"}]},{"@type":"WebSite","@id":"https:\/\/www.bioconstrumat.com\/de\/#website","url":"https:\/\/www.bioconstrumat.com\/de\/","name":"bioconstrumat.com","description":"material construcci\u00f3n sostenible","potentialAction":[{"@type":"SearchAction","target":{"@type":"EntryPoint","urlTemplate":"https:\/\/www.bioconstrumat.com\/de\/?s={search_term_string}"},"query-input":{"@type":"PropertyValueSpecification","valueRequired":true,"valueName":"search_term_string"}}],"inLanguage":"gl-ES"}]}},"_links":{"self":[{"href":"https:\/\/www.bioconstrumat.com\/gl\/wp-json\/wp\/v2\/pages\/129","targetHints":{"allow":["GET"]}}],"collection":[{"href":"https:\/\/www.bioconstrumat.com\/gl\/wp-json\/wp\/v2\/pages"}],"about":[{"href":"https:\/\/www.bioconstrumat.com\/gl\/wp-json\/wp\/v2\/types\/page"}],"author":[{"embeddable":true,"href":"https:\/\/www.bioconstrumat.com\/gl\/wp-json\/wp\/v2\/users\/3"}],"replies":[{"embeddable":true,"href":"https:\/\/www.bioconstrumat.com\/gl\/wp-json\/wp\/v2\/comments?post=129"}],"version-history":[{"count":11,"href":"https:\/\/www.bioconstrumat.com\/gl\/wp-json\/wp\/v2\/pages\/129\/revisions"}],"predecessor-version":[{"id":831,"href":"https:\/\/www.bioconstrumat.com\/gl\/wp-json\/wp\/v2\/pages\/129\/revisions\/831"}],"up":[{"embeddable":true,"href":"https:\/\/www.bioconstrumat.com\/gl\/wp-json\/wp\/v2\/pages\/48"}],"wp:attachment":[{"href":"https:\/\/www.bioconstrumat.com\/gl\/wp-json\/wp\/v2\/media?parent=129"}],"curies":[{"name":"wp","href":"https:\/\/api.w.org\/{rel}","templated":true}]}}