{"id":109,"date":"2016-04-30T18:20:26","date_gmt":"2016-04-30T18:20:26","guid":{"rendered":"http:\/\/www.bioconstrumat.com\/?page_id=109"},"modified":"2017-04-21T15:27:37","modified_gmt":"2017-04-21T15:27:37","slug":"aislamiento-termico-sostenible","status":"publish","type":"page","link":"https:\/\/www.bioconstrumat.com\/gl\/productos-construccion-sostenibles\/aislamiento-sostenible\/aislamiento-termico-sostenible\/","title":{"rendered":"Illamento t\u00e9rmico sostible"},"content":{"rendered":"[vc_row][vc_column][vc_column_text]<strong>Illamento t\u00e9rmico sostible<\/strong><\/p>\n<pre id=\"tw-target-text\" class=\"tw-data-text tw-ta tw-text-small\" dir=\"ltr\" data-placeholder=\"Traducci\u00f3\" data-fulltext=\"\">&nbsp;<\/pre>\n<p>&#8211; manta C\u00e1nabo termofijado<br \/>\n&#8211; termofijado Li\u00f1o<br \/>\n&#8211; manta de l\u00e1<br \/>\n&#8211; feltro de la<br \/>\n&#8211; Cork en placas<br \/>\n&#8211; Cork esmagado<br \/>\n&#8211; Paneis Coco<br \/>\n&#8211; plumas de aves Blanket<br \/>\n&#8211; manta de algod\u00f3n<br \/>\n&#8211; c\u00e9lula de vidro<\/p>\n<p>&nbsp;<\/p>\n<p>Illamento de edificios sustentables mant\u00e9n unha temperatura confortable \u00e1 vez reducir a demanda de enerx\u00eda, aforro de enerx\u00eda.<\/p>\n<p>As vantaxes da utilizaci\u00f3n de illamento sostible como a la de illamento e construci\u00f3n de material natural de ovella natural para o illamento na construci\u00f3n, consisten consumo diminuci\u00f3n e as emisi\u00f3ns globais de CO2. A simple instalaci\u00f3n de sistemas de illamento t\u00e9rmico sostible.<\/p>\n<p>Tam\u00e9n <strong>celulosa<\/strong>,<strong> c\u00e1nabo<\/strong> ou <strong>algod\u00f3n<\/strong> son bos illantes sostibles.<\/p>\n<p>Os principais tipos de illamento para a rehabilitaci\u00f3n sustentable aplica:<br \/>\n&nbsp; &nbsp;&#8211; paredes<\/p>\n<ul>\n<li>&nbsp;con cavidades: inxecci\u00f3n dun material illante.<\/li>\n<li>&nbsp; extradossats placa de xeso produtos de illamento laminado conectado<\/li>\n<li>&nbsp; f\u00e1brica s\u00f3lido: illamento exterior proxectado ou sistemas de fachada fixado &nbsp; &nbsp;mec\u00e1nicamente protexidos e ventilados ou cunha morteiro de xeso.<\/li>\n<\/ul>\n<p>&nbsp; &#8211; Cobre:<\/p>\n<ul>\n<li>Baixo tellado: illamento entre vigas e sobre.<\/li>\n<li>No Deck: illamento na saia e prenda a tapa do sistema.<\/li>\n<\/ul>\n<p>&nbsp; &nbsp;&#8211; Piso:<\/p>\n<ul>\n<li>illamento r\u00edxido baixo o remate.<\/li>\n<\/ul>\n<p>Hai outros lugares para aplicar esas interdi\u00e7\u00f5es de illamento sostibles (portas, tonificado, etc), que cont\u00e9n informaci\u00f3n sobre outras secci\u00f3ns.[\/vc_column_text][\/vc_column][\/vc_row]\n<div class=\"be-social\" data-url=\"https:\/\/www.bioconstrumat.com\/gl\/productos-construccion-sostenibles\/aislamiento-sostenible\/aislamiento-termico-sostenible\/\" data-base=\"\" data-title=\"Illamento t\u00e9rmico sostible\" data-track=\"true\" data-via=\"\" data-show=\"{&quot;facebook&quot;:true,&quot;twitter&quot;:true,&quot;google&quot;:true,&quot;reddit&quot;:true,&quot;linkedin&quot;:true,&quot;meneame&quot;:true}\" ><h2 class=\"be-social-title\">Share<\/h2><\/div>","protected":false},"excerpt":{"rendered":"<p>[vc_row][vc_column][vc_column_text]Illamento t\u00e9rmico sostible &nbsp; &#8211; manta C\u00e1nabo termofijado &#8211; termofijado Li\u00f1o &#8211; manta de l\u00e1 &#8211; feltro de la &#8211; Cork en placas &#8211; Cork esmagado &#8211; Paneis Coco &#8211; plumas de aves Blanket &#8211; manta de algod\u00f3n &#8211; c\u00e9lula de vidro &nbsp; Illamento de edificios sustentables mant\u00e9n unha temperatura confortable \u00e1 vez reducir a [&hellip;]<\/p>\n","protected":false},"author":3,"featured_media":0,"parent":98,"menu_order":0,"comment_status":"closed","ping_status":"closed","template":"","meta":{"_monsterinsights_skip_tracking":false,"_monsterinsights_sitenote_active":false,"_monsterinsights_sitenote_note":"","_monsterinsights_sitenote_category":0,"ngg_post_thumbnail":0,"footnotes":""},"class_list":["post-109","page","type-page","status-publish","hentry"],"yoast_head":"<!-- This site is optimized with the Yoast SEO plugin v27.4 - https:\/\/yoast.com\/product\/yoast-seo-wordpress\/ -->\n<title>Illamento t\u00e9rmico sostible - bioconstrumat.com<\/title>\n<meta name=\"robots\" content=\"index, follow, max-snippet:-1, max-image-preview:large, max-video-preview:-1\" \/>\n<link rel=\"canonical\" href=\"https:\/\/www.bioconstrumat.com\/fr\/productos-construccion-sostenibles\/aislamiento-sostenible\/aislamiento-termico-sostenible\/\" \/>\n<meta property=\"og:locale\" content=\"gl_ES\" \/>\n<meta property=\"og:type\" content=\"article\" \/>\n<meta property=\"og:title\" content=\"Illamento t\u00e9rmico sostible - bioconstrumat.com\" \/>\n<meta property=\"og:description\" content=\"[vc_row][vc_column][vc_column_text]Illamento t\u00e9rmico sostible &nbsp; &#8211; manta C\u00e1nabo termofijado &#8211; termofijado Li\u00f1o &#8211; manta de l\u00e1 &#8211; feltro de la &#8211; Cork en placas &#8211; Cork esmagado &#8211; Paneis Coco &#8211; plumas de aves Blanket &#8211; manta de algod\u00f3n &#8211; c\u00e9lula de vidro &nbsp; Illamento de edificios sustentables mant\u00e9n unha temperatura confortable \u00e1 vez reducir a [&hellip;]\" \/>\n<meta property=\"og:url\" content=\"https:\/\/www.bioconstrumat.com\/fr\/productos-construccion-sostenibles\/aislamiento-sostenible\/aislamiento-termico-sostenible\/\" \/>\n<meta property=\"og:site_name\" content=\"bioconstrumat.com\" \/>\n<meta property=\"article:modified_time\" content=\"2017-04-21T15:27:37+00:00\" \/>\n<meta name=\"twitter:card\" content=\"summary_large_image\" \/>\n<meta name=\"twitter:label1\" content=\"Tempo de lectura\" \/>\n\t<meta name=\"twitter:data1\" content=\"9 minutos\" \/>\n<script type=\"application\/ld+json\" class=\"yoast-schema-graph\">{\"@context\":\"https:\\\/\\\/schema.org\",\"@graph\":[{\"@type\":\"WebPage\",\"@id\":\"https:\\\/\\\/www.bioconstrumat.com\\\/fr\\\/productos-construccion-sostenibles\\\/aislamiento-sostenible\\\/aislamiento-termico-sostenible\\\/\",\"url\":\"https:\\\/\\\/www.bioconstrumat.com\\\/fr\\\/productos-construccion-sostenibles\\\/aislamiento-sostenible\\\/aislamiento-termico-sostenible\\\/\",\"name\":\"Illamento t\u00e9rmico sostible - bioconstrumat.com\",\"isPartOf\":{\"@id\":\"https:\\\/\\\/www.bioconstrumat.com\\\/de\\\/#website\"},\"datePublished\":\"2016-04-30T18:20:26+00:00\",\"dateModified\":\"2017-04-21T15:27:37+00:00\",\"breadcrumb\":{\"@id\":\"https:\\\/\\\/www.bioconstrumat.com\\\/fr\\\/productos-construccion-sostenibles\\\/aislamiento-sostenible\\\/aislamiento-termico-sostenible\\\/#breadcrumb\"},\"inLanguage\":\"gl-ES\",\"potentialAction\":[{\"@type\":\"ReadAction\",\"target\":[\"https:\\\/\\\/www.bioconstrumat.com\\\/fr\\\/productos-construccion-sostenibles\\\/aislamiento-sostenible\\\/aislamiento-termico-sostenible\\\/\"]}]},{\"@type\":\"BreadcrumbList\",\"@id\":\"https:\\\/\\\/www.bioconstrumat.com\\\/fr\\\/productos-construccion-sostenibles\\\/aislamiento-sostenible\\\/aislamiento-termico-sostenible\\\/#breadcrumb\",\"itemListElement\":[{\"@type\":\"ListItem\",\"position\":1,\"name\":\"Home\",\"item\":\"https:\\\/\\\/www.bioconstrumat.com\\\/de\\\/\"},{\"@type\":\"ListItem\",\"position\":2,\"name\":\"Produits de construction durable\",\"item\":\"https:\\\/\\\/www.bioconstrumat.com\\\/fr\\\/productos-construccion-sostenibles\\\/\"},{\"@type\":\"ListItem\",\"position\":3,\"name\":\"Isolement durable\",\"item\":\"https:\\\/\\\/www.bioconstrumat.com\\\/fr\\\/productos-construccion-sostenibles\\\/aislamiento-sostenible\\\/\"},{\"@type\":\"ListItem\",\"position\":4,\"name\":\"Isolation thermique durable\"}]},{\"@type\":\"WebSite\",\"@id\":\"https:\\\/\\\/www.bioconstrumat.com\\\/de\\\/#website\",\"url\":\"https:\\\/\\\/www.bioconstrumat.com\\\/de\\\/\",\"name\":\"bioconstrumat.com\",\"description\":\"material construcci\u00f3n sostenible\",\"potentialAction\":[{\"@type\":\"SearchAction\",\"target\":{\"@type\":\"EntryPoint\",\"urlTemplate\":\"https:\\\/\\\/www.bioconstrumat.com\\\/de\\\/?s={search_term_string}\"},\"query-input\":{\"@type\":\"PropertyValueSpecification\",\"valueRequired\":true,\"valueName\":\"search_term_string\"}}],\"inLanguage\":\"gl-ES\"}]}<\/script>\n<!-- \/ Yoast SEO plugin. -->","yoast_head_json":{"title":"Illamento t\u00e9rmico sostible - bioconstrumat.com","robots":{"index":"index","follow":"follow","max-snippet":"max-snippet:-1","max-image-preview":"max-image-preview:large","max-video-preview":"max-video-preview:-1"},"canonical":"https:\/\/www.bioconstrumat.com\/fr\/productos-construccion-sostenibles\/aislamiento-sostenible\/aislamiento-termico-sostenible\/","og_locale":"gl_ES","og_type":"article","og_title":"Illamento t\u00e9rmico sostible - bioconstrumat.com","og_description":"[vc_row][vc_column][vc_column_text]Illamento t\u00e9rmico sostible &nbsp; &#8211; manta C\u00e1nabo termofijado &#8211; termofijado Li\u00f1o &#8211; manta de l\u00e1 &#8211; feltro de la &#8211; Cork en placas &#8211; Cork esmagado &#8211; Paneis Coco &#8211; plumas de aves Blanket &#8211; manta de algod\u00f3n &#8211; c\u00e9lula de vidro &nbsp; Illamento de edificios sustentables mant\u00e9n unha temperatura confortable \u00e1 vez reducir a [&hellip;]","og_url":"https:\/\/www.bioconstrumat.com\/fr\/productos-construccion-sostenibles\/aislamiento-sostenible\/aislamiento-termico-sostenible\/","og_site_name":"bioconstrumat.com","article_modified_time":"2017-04-21T15:27:37+00:00","twitter_card":"summary_large_image","twitter_misc":{"Tempo de lectura":"9 minutos"},"schema":{"@context":"https:\/\/schema.org","@graph":[{"@type":"WebPage","@id":"https:\/\/www.bioconstrumat.com\/fr\/productos-construccion-sostenibles\/aislamiento-sostenible\/aislamiento-termico-sostenible\/","url":"https:\/\/www.bioconstrumat.com\/fr\/productos-construccion-sostenibles\/aislamiento-sostenible\/aislamiento-termico-sostenible\/","name":"Illamento t\u00e9rmico sostible - bioconstrumat.com","isPartOf":{"@id":"https:\/\/www.bioconstrumat.com\/de\/#website"},"datePublished":"2016-04-30T18:20:26+00:00","dateModified":"2017-04-21T15:27:37+00:00","breadcrumb":{"@id":"https:\/\/www.bioconstrumat.com\/fr\/productos-construccion-sostenibles\/aislamiento-sostenible\/aislamiento-termico-sostenible\/#breadcrumb"},"inLanguage":"gl-ES","potentialAction":[{"@type":"ReadAction","target":["https:\/\/www.bioconstrumat.com\/fr\/productos-construccion-sostenibles\/aislamiento-sostenible\/aislamiento-termico-sostenible\/"]}]},{"@type":"BreadcrumbList","@id":"https:\/\/www.bioconstrumat.com\/fr\/productos-construccion-sostenibles\/aislamiento-sostenible\/aislamiento-termico-sostenible\/#breadcrumb","itemListElement":[{"@type":"ListItem","position":1,"name":"Home","item":"https:\/\/www.bioconstrumat.com\/de\/"},{"@type":"ListItem","position":2,"name":"Produits de construction durable","item":"https:\/\/www.bioconstrumat.com\/fr\/productos-construccion-sostenibles\/"},{"@type":"ListItem","position":3,"name":"Isolement durable","item":"https:\/\/www.bioconstrumat.com\/fr\/productos-construccion-sostenibles\/aislamiento-sostenible\/"},{"@type":"ListItem","position":4,"name":"Isolation thermique durable"}]},{"@type":"WebSite","@id":"https:\/\/www.bioconstrumat.com\/de\/#website","url":"https:\/\/www.bioconstrumat.com\/de\/","name":"bioconstrumat.com","description":"material construcci\u00f3n sostenible","potentialAction":[{"@type":"SearchAction","target":{"@type":"EntryPoint","urlTemplate":"https:\/\/www.bioconstrumat.com\/de\/?s={search_term_string}"},"query-input":{"@type":"PropertyValueSpecification","valueRequired":true,"valueName":"search_term_string"}}],"inLanguage":"gl-ES"}]}},"_links":{"self":[{"href":"https:\/\/www.bioconstrumat.com\/gl\/wp-json\/wp\/v2\/pages\/109","targetHints":{"allow":["GET"]}}],"collection":[{"href":"https:\/\/www.bioconstrumat.com\/gl\/wp-json\/wp\/v2\/pages"}],"about":[{"href":"https:\/\/www.bioconstrumat.com\/gl\/wp-json\/wp\/v2\/types\/page"}],"author":[{"embeddable":true,"href":"https:\/\/www.bioconstrumat.com\/gl\/wp-json\/wp\/v2\/users\/3"}],"replies":[{"embeddable":true,"href":"https:\/\/www.bioconstrumat.com\/gl\/wp-json\/wp\/v2\/comments?post=109"}],"version-history":[{"count":26,"href":"https:\/\/www.bioconstrumat.com\/gl\/wp-json\/wp\/v2\/pages\/109\/revisions"}],"predecessor-version":[{"id":799,"href":"https:\/\/www.bioconstrumat.com\/gl\/wp-json\/wp\/v2\/pages\/109\/revisions\/799"}],"up":[{"embeddable":true,"href":"https:\/\/www.bioconstrumat.com\/gl\/wp-json\/wp\/v2\/pages\/98"}],"wp:attachment":[{"href":"https:\/\/www.bioconstrumat.com\/gl\/wp-json\/wp\/v2\/media?parent=109"}],"curies":[{"name":"wp","href":"https:\/\/api.w.org\/{rel}","templated":true}]}}