{"id":60,"date":"2016-04-28T16:34:39","date_gmt":"2016-04-28T16:34:39","guid":{"rendered":"http:\/\/www.bioconstrumat.com\/?page_id=60"},"modified":"2017-03-14T14:59:01","modified_gmt":"2017-03-14T14:59:01","slug":"casa-sana","status":"publish","type":"page","link":"https:\/\/www.bioconstrumat.com\/fr\/casa-sana\/","title":{"rendered":"Maison saine"},"content":{"rendered":"[vc_row][vc_column][vc_column_text]<strong>Maison saine<\/strong><\/p>\n<p><strong>Afin d&rsquo;avoir une maison saine est n\u00e9cessaire que<\/strong> la maison <strong>est propre d&rsquo;\u00e9nergie n\u00e9gative<\/strong>. Pour atteindre l&rsquo;\u00e9nergie propre et d&rsquo;avoir une maison saine n\u00e9gative pourrait faire avec lui:<\/p>\n<ul>\n<li>La <strong>direction<\/strong> que donner \u00e0 la maison en bonne sant\u00e9, donc qui a le plus heures de lumi\u00e8re par jour.<\/li>\n<li>Permet d&rsquo;\u00e9vents de <strong>ventilation<\/strong> ad\u00e9quats crois\u00e9s que nous ferons la maison de \u00abrespirer\u00bb et \u00eatre en bonne sant\u00e9.<\/li>\n<li><strong>G\u00e9obiologie<\/strong>, Quis nous aide \u00e0 d\u00e9terminer les diff\u00e9rents \u00e9l\u00e9ments sont \u00e0 la fois naturelle (frottement de l&rsquo;\u00e9coulement des eaux souterraines avec le sol, \u00e9mettent les ions hydrog\u00e8ne qui traversent la terre et atteignent verticalement au peuple ..) et artificiels (champs \u00e9lectromagn\u00e9tiques wi-fi, lumi\u00e8re-obscurit\u00e9 naturelle) maison qui influencent nos processus biologiques (la glande pin\u00e9ale, qui ont dans la base du cerveau, responsable de la production de la m\u00e9latonine pour le sommeil, mais est arr\u00eat\u00e9 par la lumi\u00e8re du jour, de sorte appara\u00eet bient\u00f4t, et aussi par les champs \u00e9lectromagn\u00e9tiques), ainsi que les \u00eatres vivants et modifier ces \u00e9l\u00e9ments soit un appareil, les distributions chambre (positions de lits, rideaux antiradiacions avec du fil de cuivre et d&rsquo;argent &#8230;) ou \u00e0 un Cosell mis en \u0153uvre dans les soir\u00e9es d&rsquo;avoir une maison saine.<\/li>\n<li><strong>Plantes<\/strong> Pour les fruits et l\u00e9gumes, alors qu&rsquo;ils sont un \u00e9l\u00e9ment d\u00e9coratif pour nous substances oxyg\u00e9nantes et filtre l&rsquo;air contamin\u00e9 aider \u00e0 l&rsquo;int\u00e9rieur de la maison qui rend plus sain. Cacti fen\u00eatres adecuadamente situ\u00e9 aussi aider \u00e0 avoir une maison plus saine. Fruits et l\u00e9gumes sur un vol dans la salle \u00e0 manger ou la cuisine contrubieixen \u00e9galement une maison saine.<\/li>\n<li>La <strong>propret\u00e9 et l&rsquo;ordre<\/strong> ne donne de bonnes vibrations et de donner un aspect de la maison saine.<\/li>\n<li>Relaxant <strong>atmosph\u00e8res<\/strong> (feng shui) \u00e0 travers la musique, essences et autres ar\u00f4mes peuvent cr\u00e9er des environnements qui fournissent l&rsquo;humeur pour aider \u00e0 fournir une maison saine.<\/li>\n<\/ul>\n[\/vc_column_text][\/vc_column][\/vc_row]\n<div class=\"be-social\" data-url=\"https:\/\/www.bioconstrumat.com\/fr\/casa-sana\/\" data-base=\"\" data-title=\"Maison saine\" data-track=\"true\" data-via=\"\" data-show=\"{&quot;facebook&quot;:true,&quot;twitter&quot;:true,&quot;google&quot;:true,&quot;reddit&quot;:true,&quot;linkedin&quot;:true,&quot;meneame&quot;:true}\" ><h2 class=\"be-social-title\">Share<\/h2><\/div>","protected":false},"excerpt":{"rendered":"<p>[vc_row][vc_column][vc_column_text]Maison saine Afin d&rsquo;avoir une maison saine est n\u00e9cessaire que la maison est propre d&rsquo;\u00e9nergie n\u00e9gative. Pour atteindre l&rsquo;\u00e9nergie propre et d&rsquo;avoir une maison saine n\u00e9gative pourrait faire avec lui: La direction que donner \u00e0 la maison en bonne sant\u00e9, donc qui a le plus heures de lumi\u00e8re par jour. Permet d&rsquo;\u00e9vents de ventilation ad\u00e9quats [&hellip;]<\/p>\n","protected":false},"author":3,"featured_media":0,"parent":0,"menu_order":0,"comment_status":"closed","ping_status":"closed","template":"","meta":{"_monsterinsights_skip_tracking":false,"_monsterinsights_sitenote_active":false,"_monsterinsights_sitenote_note":"","_monsterinsights_sitenote_category":0,"ngg_post_thumbnail":0,"footnotes":""},"class_list":["post-60","page","type-page","status-publish","hentry"],"yoast_head":"<!-- This site is optimized with the Yoast SEO plugin v27.4 - https:\/\/yoast.com\/product\/yoast-seo-wordpress\/ -->\n<title>Maison saine - bioconstrumat.com<\/title>\n<meta name=\"robots\" content=\"index, follow, max-snippet:-1, max-image-preview:large, max-video-preview:-1\" \/>\n<link rel=\"canonical\" href=\"https:\/\/www.bioconstrumat.com\/casa-sana\/\" \/>\n<meta property=\"og:locale\" content=\"fr_FR\" \/>\n<meta property=\"og:type\" content=\"article\" \/>\n<meta property=\"og:title\" content=\"Maison saine - bioconstrumat.com\" \/>\n<meta property=\"og:description\" content=\"[vc_row][vc_column][vc_column_text]Maison saine Afin d&rsquo;avoir une maison saine est n\u00e9cessaire que la maison est propre d&rsquo;\u00e9nergie n\u00e9gative. Pour atteindre l&rsquo;\u00e9nergie propre et d&rsquo;avoir une maison saine n\u00e9gative pourrait faire avec lui: La direction que donner \u00e0 la maison en bonne sant\u00e9, donc qui a le plus heures de lumi\u00e8re par jour. Permet d&rsquo;\u00e9vents de ventilation ad\u00e9quats [&hellip;]\" \/>\n<meta property=\"og:url\" content=\"https:\/\/www.bioconstrumat.com\/casa-sana\/\" \/>\n<meta property=\"og:site_name\" content=\"bioconstrumat.com\" \/>\n<meta property=\"article:modified_time\" content=\"2017-03-14T14:59:01+00:00\" \/>\n<meta name=\"twitter:card\" content=\"summary_large_image\" \/>\n<meta name=\"twitter:label1\" content=\"Dur\u00e9e de lecture estim\u00e9e\" \/>\n\t<meta name=\"twitter:data1\" content=\"11 minutes\" \/>\n<script type=\"application\/ld+json\" class=\"yoast-schema-graph\">{\"@context\":\"https:\\\/\\\/schema.org\",\"@graph\":[{\"@type\":\"WebPage\",\"@id\":\"https:\\\/\\\/www.bioconstrumat.com\\\/casa-sana\\\/\",\"url\":\"https:\\\/\\\/www.bioconstrumat.com\\\/casa-sana\\\/\",\"name\":\"Maison saine - bioconstrumat.com\",\"isPartOf\":{\"@id\":\"https:\\\/\\\/www.bioconstrumat.com\\\/de\\\/#website\"},\"datePublished\":\"2016-04-28T16:34:39+00:00\",\"dateModified\":\"2017-03-14T14:59:01+00:00\",\"breadcrumb\":{\"@id\":\"https:\\\/\\\/www.bioconstrumat.com\\\/casa-sana\\\/#breadcrumb\"},\"inLanguage\":\"fr-FR\",\"potentialAction\":[{\"@type\":\"ReadAction\",\"target\":[\"https:\\\/\\\/www.bioconstrumat.com\\\/casa-sana\\\/\"]}]},{\"@type\":\"BreadcrumbList\",\"@id\":\"https:\\\/\\\/www.bioconstrumat.com\\\/casa-sana\\\/#breadcrumb\",\"itemListElement\":[{\"@type\":\"ListItem\",\"position\":1,\"name\":\"Home\",\"item\":\"https:\\\/\\\/www.bioconstrumat.com\\\/de\\\/\"},{\"@type\":\"ListItem\",\"position\":2,\"name\":\"Casa Sana\"}]},{\"@type\":\"WebSite\",\"@id\":\"https:\\\/\\\/www.bioconstrumat.com\\\/de\\\/#website\",\"url\":\"https:\\\/\\\/www.bioconstrumat.com\\\/de\\\/\",\"name\":\"bioconstrumat.com\",\"description\":\"material construcci\u00f3n sostenible\",\"potentialAction\":[{\"@type\":\"SearchAction\",\"target\":{\"@type\":\"EntryPoint\",\"urlTemplate\":\"https:\\\/\\\/www.bioconstrumat.com\\\/de\\\/?s={search_term_string}\"},\"query-input\":{\"@type\":\"PropertyValueSpecification\",\"valueRequired\":true,\"valueName\":\"search_term_string\"}}],\"inLanguage\":\"fr-FR\"}]}<\/script>\n<!-- \/ Yoast SEO plugin. -->","yoast_head_json":{"title":"Maison saine - bioconstrumat.com","robots":{"index":"index","follow":"follow","max-snippet":"max-snippet:-1","max-image-preview":"max-image-preview:large","max-video-preview":"max-video-preview:-1"},"canonical":"https:\/\/www.bioconstrumat.com\/casa-sana\/","og_locale":"fr_FR","og_type":"article","og_title":"Maison saine - bioconstrumat.com","og_description":"[vc_row][vc_column][vc_column_text]Maison saine Afin d&rsquo;avoir une maison saine est n\u00e9cessaire que la maison est propre d&rsquo;\u00e9nergie n\u00e9gative. Pour atteindre l&rsquo;\u00e9nergie propre et d&rsquo;avoir une maison saine n\u00e9gative pourrait faire avec lui: La direction que donner \u00e0 la maison en bonne sant\u00e9, donc qui a le plus heures de lumi\u00e8re par jour. Permet d&rsquo;\u00e9vents de ventilation ad\u00e9quats [&hellip;]","og_url":"https:\/\/www.bioconstrumat.com\/casa-sana\/","og_site_name":"bioconstrumat.com","article_modified_time":"2017-03-14T14:59:01+00:00","twitter_card":"summary_large_image","twitter_misc":{"Dur\u00e9e de lecture estim\u00e9e":"11 minutes"},"schema":{"@context":"https:\/\/schema.org","@graph":[{"@type":"WebPage","@id":"https:\/\/www.bioconstrumat.com\/casa-sana\/","url":"https:\/\/www.bioconstrumat.com\/casa-sana\/","name":"Maison saine - bioconstrumat.com","isPartOf":{"@id":"https:\/\/www.bioconstrumat.com\/de\/#website"},"datePublished":"2016-04-28T16:34:39+00:00","dateModified":"2017-03-14T14:59:01+00:00","breadcrumb":{"@id":"https:\/\/www.bioconstrumat.com\/casa-sana\/#breadcrumb"},"inLanguage":"fr-FR","potentialAction":[{"@type":"ReadAction","target":["https:\/\/www.bioconstrumat.com\/casa-sana\/"]}]},{"@type":"BreadcrumbList","@id":"https:\/\/www.bioconstrumat.com\/casa-sana\/#breadcrumb","itemListElement":[{"@type":"ListItem","position":1,"name":"Home","item":"https:\/\/www.bioconstrumat.com\/de\/"},{"@type":"ListItem","position":2,"name":"Casa Sana"}]},{"@type":"WebSite","@id":"https:\/\/www.bioconstrumat.com\/de\/#website","url":"https:\/\/www.bioconstrumat.com\/de\/","name":"bioconstrumat.com","description":"material construcci\u00f3n sostenible","potentialAction":[{"@type":"SearchAction","target":{"@type":"EntryPoint","urlTemplate":"https:\/\/www.bioconstrumat.com\/de\/?s={search_term_string}"},"query-input":{"@type":"PropertyValueSpecification","valueRequired":true,"valueName":"search_term_string"}}],"inLanguage":"fr-FR"}]}},"_links":{"self":[{"href":"https:\/\/www.bioconstrumat.com\/fr\/wp-json\/wp\/v2\/pages\/60","targetHints":{"allow":["GET"]}}],"collection":[{"href":"https:\/\/www.bioconstrumat.com\/fr\/wp-json\/wp\/v2\/pages"}],"about":[{"href":"https:\/\/www.bioconstrumat.com\/fr\/wp-json\/wp\/v2\/types\/page"}],"author":[{"embeddable":true,"href":"https:\/\/www.bioconstrumat.com\/fr\/wp-json\/wp\/v2\/users\/3"}],"replies":[{"embeddable":true,"href":"https:\/\/www.bioconstrumat.com\/fr\/wp-json\/wp\/v2\/comments?post=60"}],"version-history":[{"count":10,"href":"https:\/\/www.bioconstrumat.com\/fr\/wp-json\/wp\/v2\/pages\/60\/revisions"}],"predecessor-version":[{"id":513,"href":"https:\/\/www.bioconstrumat.com\/fr\/wp-json\/wp\/v2\/pages\/60\/revisions\/513"}],"wp:attachment":[{"href":"https:\/\/www.bioconstrumat.com\/fr\/wp-json\/wp\/v2\/media?parent=60"}],"curies":[{"name":"wp","href":"https:\/\/api.w.org\/{rel}","templated":true}]}}