{"id":57,"date":"2016-04-28T16:30:40","date_gmt":"2016-04-28T16:30:40","guid":{"rendered":"http:\/\/www.bioconstrumat.com\/?page_id=57"},"modified":"2017-03-14T14:54:29","modified_gmt":"2017-03-14T14:54:29","slug":"bioclimatismo","status":"publish","type":"page","link":"https:\/\/www.bioconstrumat.com\/fr\/bioclimatismo\/","title":{"rendered":"Bioclimatisme"},"content":{"rendered":"[vc_row][vc_column][vc_column_text]<strong>Bioclimatisme<\/strong><\/p>\n<p><strong>Bioclimatisme<\/strong> ou aussi appel\u00e9 passives solutions architecturales et des syst\u00e8mes (directives de sensibilit\u00e9, ventilation transversale, qui abrite le climat &#8230;) afin d&rsquo;obtenir un confort tout en \u00e9conomisant de l&rsquo;\u00e9nergie <strong>est le premier et doit \u00eatre fix\u00e9 \u00e0 la fois conception<\/strong> architecturale de tout <strong>syst\u00e8me passive \u00a0l&rsquo;architecture<\/strong> bioclimatique, avec une \u00e9tude de la viabilit\u00e9 de l&rsquo;\u00e9nergie peut atteindre le niveau souhait\u00e9 de bioclimatiques.<\/p>\n<p><strong>Deuxi\u00e8mement<\/strong>, <strong>\u00e9valuer les syst\u00e8mes<\/strong> bioclimatiques <strong>actifs architecturaux<\/strong> des deux \u00e9nergies renouvelables et l&rsquo;efficacit\u00e9 \u00e9nerg\u00e9tique et l&rsquo;\u00e9conomie des ressources \u00e9nerg\u00e9tiques et non-renouvelables, isolation, \u00e9conomies<\/p>\n<p>On peut distinguer <strong>diff\u00e9rents types de strat\u00e9gies bioclimatiques bioclimatiques<\/strong>:<\/p>\n<p>Bioclimatisme strat\u00e9gies <strong>g\u00e9n\u00e9riques<\/strong>:<\/p>\n<ul>\n<li>Localisation et orientation<\/li>\n<li>Capture et \u00e9cran solaire<\/li>\n<li>isolement<\/li>\n<li>Masse et inertie thermique<\/li>\n<li>ventilation<\/li>\n<\/ul>\n<p>Bioclimatisme strat\u00e9gies <strong>sp\u00e9cifiques<\/strong>:<\/p>\n<ul>\n<li>Capture et contr\u00f4le de la lumi\u00e8re<\/li>\n<li>des trous d&rsquo;\u00e9crans solaires et des parties pleines<\/li>\n<li>collecteurs thermiques directe, semi-directe et indirecte (fen\u00eatres, murs d&rsquo;inertie, murs Trombe, sans capteurs d&rsquo;inertie &#8230;)<\/li>\n<li>La capture et le contr\u00f4le de la ventilation.<\/li>\n<\/ul>\n[\/vc_column_text][\/vc_column][\/vc_row]\n<div class=\"be-social\" data-url=\"https:\/\/www.bioconstrumat.com\/fr\/bioclimatismo\/\" data-base=\"\" data-title=\"Bioclimatisme\" data-track=\"true\" data-via=\"\" data-show=\"{&quot;facebook&quot;:true,&quot;twitter&quot;:true,&quot;google&quot;:true,&quot;reddit&quot;:true,&quot;linkedin&quot;:true,&quot;meneame&quot;:true}\" ><h2 class=\"be-social-title\">Share<\/h2><\/div>","protected":false},"excerpt":{"rendered":"<p>[vc_row][vc_column][vc_column_text]Bioclimatisme Bioclimatisme ou aussi appel\u00e9 passives solutions architecturales et des syst\u00e8mes (directives de sensibilit\u00e9, ventilation transversale, qui abrite le climat &#8230;) afin d&rsquo;obtenir un confort tout en \u00e9conomisant de l&rsquo;\u00e9nergie est le premier et doit \u00eatre fix\u00e9 \u00e0 la fois conception architecturale de tout syst\u00e8me passive \u00a0l&rsquo;architecture bioclimatique, avec une \u00e9tude de la viabilit\u00e9 de [&hellip;]<\/p>\n","protected":false},"author":3,"featured_media":0,"parent":0,"menu_order":0,"comment_status":"closed","ping_status":"closed","template":"","meta":{"_monsterinsights_skip_tracking":false,"_monsterinsights_sitenote_active":false,"_monsterinsights_sitenote_note":"","_monsterinsights_sitenote_category":0,"ngg_post_thumbnail":0,"footnotes":""},"class_list":["post-57","page","type-page","status-publish","hentry"],"yoast_head":"<!-- This site is optimized with the Yoast SEO plugin v27.4 - https:\/\/yoast.com\/product\/yoast-seo-wordpress\/ -->\n<title>Bioclimatisme - bioconstrumat.com<\/title>\n<meta name=\"robots\" content=\"index, follow, max-snippet:-1, max-image-preview:large, max-video-preview:-1\" \/>\n<link rel=\"canonical\" href=\"https:\/\/www.bioconstrumat.com\/bioclimatismo\/\" \/>\n<meta property=\"og:locale\" content=\"fr_FR\" \/>\n<meta property=\"og:type\" content=\"article\" \/>\n<meta property=\"og:title\" content=\"Bioclimatisme - bioconstrumat.com\" \/>\n<meta property=\"og:description\" content=\"[vc_row][vc_column][vc_column_text]Bioclimatisme Bioclimatisme ou aussi appel\u00e9 passives solutions architecturales et des syst\u00e8mes (directives de sensibilit\u00e9, ventilation transversale, qui abrite le climat &#8230;) afin d&rsquo;obtenir un confort tout en \u00e9conomisant de l&rsquo;\u00e9nergie est le premier et doit \u00eatre fix\u00e9 \u00e0 la fois conception architecturale de tout syst\u00e8me passive \u00a0l&rsquo;architecture bioclimatique, avec une \u00e9tude de la viabilit\u00e9 de [&hellip;]\" \/>\n<meta property=\"og:url\" content=\"https:\/\/www.bioconstrumat.com\/bioclimatismo\/\" \/>\n<meta property=\"og:site_name\" content=\"bioconstrumat.com\" \/>\n<meta property=\"article:modified_time\" content=\"2017-03-14T14:54:29+00:00\" \/>\n<meta name=\"twitter:card\" content=\"summary_large_image\" \/>\n<meta name=\"twitter:label1\" content=\"Dur\u00e9e de lecture estim\u00e9e\" \/>\n\t<meta name=\"twitter:data1\" content=\"6 minutes\" \/>\n<script type=\"application\/ld+json\" class=\"yoast-schema-graph\">{\"@context\":\"https:\\\/\\\/schema.org\",\"@graph\":[{\"@type\":\"WebPage\",\"@id\":\"https:\\\/\\\/www.bioconstrumat.com\\\/bioclimatismo\\\/\",\"url\":\"https:\\\/\\\/www.bioconstrumat.com\\\/bioclimatismo\\\/\",\"name\":\"Bioclimatisme - bioconstrumat.com\",\"isPartOf\":{\"@id\":\"https:\\\/\\\/www.bioconstrumat.com\\\/de\\\/#website\"},\"datePublished\":\"2016-04-28T16:30:40+00:00\",\"dateModified\":\"2017-03-14T14:54:29+00:00\",\"breadcrumb\":{\"@id\":\"https:\\\/\\\/www.bioconstrumat.com\\\/bioclimatismo\\\/#breadcrumb\"},\"inLanguage\":\"fr-FR\",\"potentialAction\":[{\"@type\":\"ReadAction\",\"target\":[\"https:\\\/\\\/www.bioconstrumat.com\\\/bioclimatismo\\\/\"]}]},{\"@type\":\"BreadcrumbList\",\"@id\":\"https:\\\/\\\/www.bioconstrumat.com\\\/bioclimatismo\\\/#breadcrumb\",\"itemListElement\":[{\"@type\":\"ListItem\",\"position\":1,\"name\":\"Home\",\"item\":\"https:\\\/\\\/www.bioconstrumat.com\\\/de\\\/\"},{\"@type\":\"ListItem\",\"position\":2,\"name\":\"Bioclimatismo\"}]},{\"@type\":\"WebSite\",\"@id\":\"https:\\\/\\\/www.bioconstrumat.com\\\/de\\\/#website\",\"url\":\"https:\\\/\\\/www.bioconstrumat.com\\\/de\\\/\",\"name\":\"bioconstrumat.com\",\"description\":\"material construcci\u00f3n sostenible\",\"potentialAction\":[{\"@type\":\"SearchAction\",\"target\":{\"@type\":\"EntryPoint\",\"urlTemplate\":\"https:\\\/\\\/www.bioconstrumat.com\\\/de\\\/?s={search_term_string}\"},\"query-input\":{\"@type\":\"PropertyValueSpecification\",\"valueRequired\":true,\"valueName\":\"search_term_string\"}}],\"inLanguage\":\"fr-FR\"}]}<\/script>\n<!-- \/ Yoast SEO plugin. -->","yoast_head_json":{"title":"Bioclimatisme - bioconstrumat.com","robots":{"index":"index","follow":"follow","max-snippet":"max-snippet:-1","max-image-preview":"max-image-preview:large","max-video-preview":"max-video-preview:-1"},"canonical":"https:\/\/www.bioconstrumat.com\/bioclimatismo\/","og_locale":"fr_FR","og_type":"article","og_title":"Bioclimatisme - bioconstrumat.com","og_description":"[vc_row][vc_column][vc_column_text]Bioclimatisme Bioclimatisme ou aussi appel\u00e9 passives solutions architecturales et des syst\u00e8mes (directives de sensibilit\u00e9, ventilation transversale, qui abrite le climat &#8230;) afin d&rsquo;obtenir un confort tout en \u00e9conomisant de l&rsquo;\u00e9nergie est le premier et doit \u00eatre fix\u00e9 \u00e0 la fois conception architecturale de tout syst\u00e8me passive \u00a0l&rsquo;architecture bioclimatique, avec une \u00e9tude de la viabilit\u00e9 de [&hellip;]","og_url":"https:\/\/www.bioconstrumat.com\/bioclimatismo\/","og_site_name":"bioconstrumat.com","article_modified_time":"2017-03-14T14:54:29+00:00","twitter_card":"summary_large_image","twitter_misc":{"Dur\u00e9e de lecture estim\u00e9e":"6 minutes"},"schema":{"@context":"https:\/\/schema.org","@graph":[{"@type":"WebPage","@id":"https:\/\/www.bioconstrumat.com\/bioclimatismo\/","url":"https:\/\/www.bioconstrumat.com\/bioclimatismo\/","name":"Bioclimatisme - bioconstrumat.com","isPartOf":{"@id":"https:\/\/www.bioconstrumat.com\/de\/#website"},"datePublished":"2016-04-28T16:30:40+00:00","dateModified":"2017-03-14T14:54:29+00:00","breadcrumb":{"@id":"https:\/\/www.bioconstrumat.com\/bioclimatismo\/#breadcrumb"},"inLanguage":"fr-FR","potentialAction":[{"@type":"ReadAction","target":["https:\/\/www.bioconstrumat.com\/bioclimatismo\/"]}]},{"@type":"BreadcrumbList","@id":"https:\/\/www.bioconstrumat.com\/bioclimatismo\/#breadcrumb","itemListElement":[{"@type":"ListItem","position":1,"name":"Home","item":"https:\/\/www.bioconstrumat.com\/de\/"},{"@type":"ListItem","position":2,"name":"Bioclimatismo"}]},{"@type":"WebSite","@id":"https:\/\/www.bioconstrumat.com\/de\/#website","url":"https:\/\/www.bioconstrumat.com\/de\/","name":"bioconstrumat.com","description":"material construcci\u00f3n sostenible","potentialAction":[{"@type":"SearchAction","target":{"@type":"EntryPoint","urlTemplate":"https:\/\/www.bioconstrumat.com\/de\/?s={search_term_string}"},"query-input":{"@type":"PropertyValueSpecification","valueRequired":true,"valueName":"search_term_string"}}],"inLanguage":"fr-FR"}]}},"_links":{"self":[{"href":"https:\/\/www.bioconstrumat.com\/fr\/wp-json\/wp\/v2\/pages\/57","targetHints":{"allow":["GET"]}}],"collection":[{"href":"https:\/\/www.bioconstrumat.com\/fr\/wp-json\/wp\/v2\/pages"}],"about":[{"href":"https:\/\/www.bioconstrumat.com\/fr\/wp-json\/wp\/v2\/types\/page"}],"author":[{"embeddable":true,"href":"https:\/\/www.bioconstrumat.com\/fr\/wp-json\/wp\/v2\/users\/3"}],"replies":[{"embeddable":true,"href":"https:\/\/www.bioconstrumat.com\/fr\/wp-json\/wp\/v2\/comments?post=57"}],"version-history":[{"count":13,"href":"https:\/\/www.bioconstrumat.com\/fr\/wp-json\/wp\/v2\/pages\/57\/revisions"}],"predecessor-version":[{"id":508,"href":"https:\/\/www.bioconstrumat.com\/fr\/wp-json\/wp\/v2\/pages\/57\/revisions\/508"}],"wp:attachment":[{"href":"https:\/\/www.bioconstrumat.com\/fr\/wp-json\/wp\/v2\/media?parent=57"}],"curies":[{"name":"wp","href":"https:\/\/api.w.org\/{rel}","templated":true}]}}