{"id":436,"date":"2016-07-22T15:14:14","date_gmt":"2016-07-22T15:14:14","guid":{"rendered":"http:\/\/www.bioconstrumat.com\/?page_id=436"},"modified":"2017-03-14T14:49:00","modified_gmt":"2017-03-14T14:49:00","slug":"bioconstruccion","status":"publish","type":"page","link":"https:\/\/www.bioconstrumat.com\/fr\/bioconstruccion\/","title":{"rendered":"Bioconstruction"},"content":{"rendered":"[vc_row][vc_column][vc_column_text]Bioconstruction[\/vc_column_text][\/vc_column][\/vc_row][vc_row][vc_column][vc_column_text]<strong>Qu&rsquo;est-ce que Bioconstruction ?<\/strong><br \/>\n<strong>Le Bioconstruction est construit pour la vie<\/strong>. B\u00e2timent et pr\u00e9server la liaison (<strong>int\u00e9gration<\/strong>) de l&rsquo;environnement naturel ou urbain (<strong>la vie<\/strong>) <strong>au logement<\/strong>, \u00e0 l&rsquo;aide des applications technologiques que les aspects fonctionnels et esth\u00e9tiques des mat\u00e9riaux de construction durables, dans le but d&rsquo;habitats qui r\u00e9pondent les besoins humains et les conditions de sant\u00e9 durables.<\/p>\n<p><strong>Les aspects \u00e0 consid\u00e9rer dans la construction \u00e9cologique, Bioconstruction et la construction durable:<\/strong><\/p>\n<ul>\n<li>Lieu ou emplacement appropri\u00e9. (Gardez \u00e0 l&rsquo;esprit de la sant\u00e9 et de l&rsquo;\u00e9cologie de l&rsquo;environnement).<\/li>\n<li>Types adapt\u00e9s \u00e0 la zone (int\u00e9gration dans le paysage et l&rsquo;architecture locale).<\/li>\n<li>Orientation et l&rsquo;utilisation du soleil d&rsquo;\u00e9nergie passive, les \u00e9conomies d&rsquo;\u00e9nergie et l&rsquo;utilisation des \u00e9nergies renouvelables.<\/li>\n<li>Technique du b\u00e2timent.<\/li>\n<li>Des mat\u00e9riaux durables, naturels, sains et respirante. (Compte tenu du co\u00fbt de l&rsquo;extraction de l&rsquo;\u00e9nergie, la fabrication, le transport et l&rsquo;installation).<\/li>\n<li>Utilisez des barri\u00e8res naturelles phoniques et mat\u00e9riaux isolants pour le confort thermique et acoustique appropri\u00e9e.<\/li>\n<li>Recyclage et la gestion rationnelle de l&rsquo;eau.<\/li>\n<li>Int\u00e9rieur esth\u00e9tique et fonctionnelle: la couleur, la lumi\u00e8re, l&rsquo;espace et les dimensions.<\/li>\n<li>Minimisation de la pollution \u00e9lectromagn\u00e9tique.<\/li>\n<li>Co\u00fbt \u00e9conomique et social faible.<\/li>\n<\/ul>\n[\/vc_column_text][\/vc_column][\/vc_row]\n<div class=\"be-social\" data-url=\"https:\/\/www.bioconstrumat.com\/fr\/bioconstruccion\/\" data-base=\"\" data-title=\"Bioconstruction\" data-track=\"true\" data-via=\"\" data-show=\"{&quot;facebook&quot;:true,&quot;twitter&quot;:true,&quot;google&quot;:true,&quot;reddit&quot;:true,&quot;linkedin&quot;:true,&quot;meneame&quot;:true}\" ><h2 class=\"be-social-title\">Share<\/h2><\/div>","protected":false},"excerpt":{"rendered":"<p>[vc_row][vc_column][vc_column_text]Bioconstruction[\/vc_column_text][\/vc_column][\/vc_row][vc_row][vc_column][vc_column_text]Qu&rsquo;est-ce que Bioconstruction ? Le Bioconstruction est construit pour la vie. B\u00e2timent et pr\u00e9server la liaison (int\u00e9gration) de l&rsquo;environnement naturel ou urbain (la vie) au logement, \u00e0 l&rsquo;aide des applications technologiques que les aspects fonctionnels et esth\u00e9tiques des mat\u00e9riaux de construction durables, dans le but d&rsquo;habitats qui r\u00e9pondent les besoins humains et les conditions de [&hellip;]<\/p>\n","protected":false},"author":3,"featured_media":0,"parent":0,"menu_order":0,"comment_status":"closed","ping_status":"closed","template":"","meta":{"_monsterinsights_skip_tracking":false,"_monsterinsights_sitenote_active":false,"_monsterinsights_sitenote_note":"","_monsterinsights_sitenote_category":0,"ngg_post_thumbnail":0,"footnotes":""},"class_list":["post-436","page","type-page","status-publish","hentry"],"yoast_head":"<!-- This site is optimized with the Yoast SEO plugin v27.4 - https:\/\/yoast.com\/product\/yoast-seo-wordpress\/ -->\n<title>Bioconstruction - bioconstrumat.com<\/title>\n<meta name=\"robots\" content=\"index, follow, max-snippet:-1, max-image-preview:large, max-video-preview:-1\" \/>\n<link rel=\"canonical\" href=\"https:\/\/www.bioconstrumat.com\/bioconstruccion\/\" \/>\n<meta property=\"og:locale\" content=\"fr_FR\" \/>\n<meta property=\"og:type\" content=\"article\" \/>\n<meta property=\"og:title\" content=\"Bioconstruction - bioconstrumat.com\" \/>\n<meta property=\"og:description\" content=\"[vc_row][vc_column][vc_column_text]Bioconstruction[\/vc_column_text][\/vc_column][\/vc_row][vc_row][vc_column][vc_column_text]Qu&rsquo;est-ce que Bioconstruction ? Le Bioconstruction est construit pour la vie. B\u00e2timent et pr\u00e9server la liaison (int\u00e9gration) de l&rsquo;environnement naturel ou urbain (la vie) au logement, \u00e0 l&rsquo;aide des applications technologiques que les aspects fonctionnels et esth\u00e9tiques des mat\u00e9riaux de construction durables, dans le but d&rsquo;habitats qui r\u00e9pondent les besoins humains et les conditions de [&hellip;]\" \/>\n<meta property=\"og:url\" content=\"https:\/\/www.bioconstrumat.com\/bioconstruccion\/\" \/>\n<meta property=\"og:site_name\" content=\"bioconstrumat.com\" \/>\n<meta property=\"article:modified_time\" content=\"2017-03-14T14:49:00+00:00\" \/>\n<meta name=\"twitter:card\" content=\"summary_large_image\" \/>\n<meta name=\"twitter:label1\" content=\"Dur\u00e9e de lecture estim\u00e9e\" \/>\n\t<meta name=\"twitter:data1\" content=\"7 minutes\" \/>\n<script type=\"application\/ld+json\" class=\"yoast-schema-graph\">{\"@context\":\"https:\\\/\\\/schema.org\",\"@graph\":[{\"@type\":\"WebPage\",\"@id\":\"https:\\\/\\\/www.bioconstrumat.com\\\/bioconstruccion\\\/\",\"url\":\"https:\\\/\\\/www.bioconstrumat.com\\\/bioconstruccion\\\/\",\"name\":\"Bioconstruction - bioconstrumat.com\",\"isPartOf\":{\"@id\":\"https:\\\/\\\/www.bioconstrumat.com\\\/de\\\/#website\"},\"datePublished\":\"2016-07-22T15:14:14+00:00\",\"dateModified\":\"2017-03-14T14:49:00+00:00\",\"breadcrumb\":{\"@id\":\"https:\\\/\\\/www.bioconstrumat.com\\\/bioconstruccion\\\/#breadcrumb\"},\"inLanguage\":\"fr-FR\",\"potentialAction\":[{\"@type\":\"ReadAction\",\"target\":[\"https:\\\/\\\/www.bioconstrumat.com\\\/bioconstruccion\\\/\"]}]},{\"@type\":\"BreadcrumbList\",\"@id\":\"https:\\\/\\\/www.bioconstrumat.com\\\/bioconstruccion\\\/#breadcrumb\",\"itemListElement\":[{\"@type\":\"ListItem\",\"position\":1,\"name\":\"Home\",\"item\":\"https:\\\/\\\/www.bioconstrumat.com\\\/de\\\/\"},{\"@type\":\"ListItem\",\"position\":2,\"name\":\"Bioconstrucci\u00f3n\"}]},{\"@type\":\"WebSite\",\"@id\":\"https:\\\/\\\/www.bioconstrumat.com\\\/de\\\/#website\",\"url\":\"https:\\\/\\\/www.bioconstrumat.com\\\/de\\\/\",\"name\":\"bioconstrumat.com\",\"description\":\"material construcci\u00f3n sostenible\",\"potentialAction\":[{\"@type\":\"SearchAction\",\"target\":{\"@type\":\"EntryPoint\",\"urlTemplate\":\"https:\\\/\\\/www.bioconstrumat.com\\\/de\\\/?s={search_term_string}\"},\"query-input\":{\"@type\":\"PropertyValueSpecification\",\"valueRequired\":true,\"valueName\":\"search_term_string\"}}],\"inLanguage\":\"fr-FR\"}]}<\/script>\n<!-- \/ Yoast SEO plugin. -->","yoast_head_json":{"title":"Bioconstruction - bioconstrumat.com","robots":{"index":"index","follow":"follow","max-snippet":"max-snippet:-1","max-image-preview":"max-image-preview:large","max-video-preview":"max-video-preview:-1"},"canonical":"https:\/\/www.bioconstrumat.com\/bioconstruccion\/","og_locale":"fr_FR","og_type":"article","og_title":"Bioconstruction - bioconstrumat.com","og_description":"[vc_row][vc_column][vc_column_text]Bioconstruction[\/vc_column_text][\/vc_column][\/vc_row][vc_row][vc_column][vc_column_text]Qu&rsquo;est-ce que Bioconstruction ? Le Bioconstruction est construit pour la vie. B\u00e2timent et pr\u00e9server la liaison (int\u00e9gration) de l&rsquo;environnement naturel ou urbain (la vie) au logement, \u00e0 l&rsquo;aide des applications technologiques que les aspects fonctionnels et esth\u00e9tiques des mat\u00e9riaux de construction durables, dans le but d&rsquo;habitats qui r\u00e9pondent les besoins humains et les conditions de [&hellip;]","og_url":"https:\/\/www.bioconstrumat.com\/bioconstruccion\/","og_site_name":"bioconstrumat.com","article_modified_time":"2017-03-14T14:49:00+00:00","twitter_card":"summary_large_image","twitter_misc":{"Dur\u00e9e de lecture estim\u00e9e":"7 minutes"},"schema":{"@context":"https:\/\/schema.org","@graph":[{"@type":"WebPage","@id":"https:\/\/www.bioconstrumat.com\/bioconstruccion\/","url":"https:\/\/www.bioconstrumat.com\/bioconstruccion\/","name":"Bioconstruction - bioconstrumat.com","isPartOf":{"@id":"https:\/\/www.bioconstrumat.com\/de\/#website"},"datePublished":"2016-07-22T15:14:14+00:00","dateModified":"2017-03-14T14:49:00+00:00","breadcrumb":{"@id":"https:\/\/www.bioconstrumat.com\/bioconstruccion\/#breadcrumb"},"inLanguage":"fr-FR","potentialAction":[{"@type":"ReadAction","target":["https:\/\/www.bioconstrumat.com\/bioconstruccion\/"]}]},{"@type":"BreadcrumbList","@id":"https:\/\/www.bioconstrumat.com\/bioconstruccion\/#breadcrumb","itemListElement":[{"@type":"ListItem","position":1,"name":"Home","item":"https:\/\/www.bioconstrumat.com\/de\/"},{"@type":"ListItem","position":2,"name":"Bioconstrucci\u00f3n"}]},{"@type":"WebSite","@id":"https:\/\/www.bioconstrumat.com\/de\/#website","url":"https:\/\/www.bioconstrumat.com\/de\/","name":"bioconstrumat.com","description":"material construcci\u00f3n sostenible","potentialAction":[{"@type":"SearchAction","target":{"@type":"EntryPoint","urlTemplate":"https:\/\/www.bioconstrumat.com\/de\/?s={search_term_string}"},"query-input":{"@type":"PropertyValueSpecification","valueRequired":true,"valueName":"search_term_string"}}],"inLanguage":"fr-FR"}]}},"_links":{"self":[{"href":"https:\/\/www.bioconstrumat.com\/fr\/wp-json\/wp\/v2\/pages\/436","targetHints":{"allow":["GET"]}}],"collection":[{"href":"https:\/\/www.bioconstrumat.com\/fr\/wp-json\/wp\/v2\/pages"}],"about":[{"href":"https:\/\/www.bioconstrumat.com\/fr\/wp-json\/wp\/v2\/types\/page"}],"author":[{"embeddable":true,"href":"https:\/\/www.bioconstrumat.com\/fr\/wp-json\/wp\/v2\/users\/3"}],"replies":[{"embeddable":true,"href":"https:\/\/www.bioconstrumat.com\/fr\/wp-json\/wp\/v2\/comments?post=436"}],"version-history":[{"count":12,"href":"https:\/\/www.bioconstrumat.com\/fr\/wp-json\/wp\/v2\/pages\/436\/revisions"}],"predecessor-version":[{"id":486,"href":"https:\/\/www.bioconstrumat.com\/fr\/wp-json\/wp\/v2\/pages\/436\/revisions\/486"}],"wp:attachment":[{"href":"https:\/\/www.bioconstrumat.com\/fr\/wp-json\/wp\/v2\/media?parent=436"}],"curies":[{"name":"wp","href":"https:\/\/api.w.org\/{rel}","templated":true}]}}