{"id":158,"date":"2016-05-06T12:05:39","date_gmt":"2016-05-06T12:05:39","guid":{"rendered":"http:\/\/www.bioconstrumat.com\/?page_id=158"},"modified":"2017-04-22T20:06:34","modified_gmt":"2017-04-22T20:06:34","slug":"energia-equipos-sostenibles","status":"publish","type":"page","link":"https:\/\/www.bioconstrumat.com\/fr\/productos-construccion-sostenibles\/energia-equipos-sostenibles\/","title":{"rendered":"Energie \/ \u00e9quipement durables"},"content":{"rendered":"[vc_row][vc_column][vc_column_text]<strong>Energie \/ \u00e9quipement durables<\/strong><\/p>\n<p>Energie \/ \u00e9quipement durable<br \/>\nL&rsquo;\u00e9quipement et la production d&rsquo;\u00e9nergie durable et de stockage sont les \u00e9l\u00e9ments qui permettent necessris en \u00e9nergie verte (*), la mobilit\u00e9, les d\u00e9chets et l&rsquo;eau, pour parvenir \u00e0 la r\u00e9duction des gaz \u00e0 effet de serre passent \u00e0 travers:<br \/>\n&nbsp; &nbsp;\u2022 Pour parvenir \u00e0 une r\u00e9duction des \u00e9missions.<br \/>\n&nbsp; &nbsp;\u2022 Assurer production d&rsquo;\u00e9nergie renouvelable<br \/>\n&nbsp; &nbsp;\u2022 L&rsquo;am\u00e9lioration de la gestion des d\u00e9chets et de l&rsquo;eau<\/p>\n<p><em>(*) L&rsquo;\u00e9nergie verte est toute cette \u00e9nergie \u00e0 partir de sources renouvelables telles que le soleil, le vent, la chaleur de la terre, des vagues &#8230; En m\u00eame temps assure \u00e9galement que la technologie utilis\u00e9e pour obtenir les panneaux solaires, les l&rsquo;\u00e9nergie \u00e9olienne, l&rsquo;utilisation de l&rsquo;\u00e9nergie g\u00e9othermique ou hydraulique; il ne g\u00e9n\u00e8re pas de d\u00e9chets ou d&rsquo;\u00e9missions, ou \u00e0 tout le moins; rendant son impact sur l&rsquo;environnement et la sant\u00e9 est tr\u00e8s faible.<\/em><\/p>\n<p>Dans les liens suivants vous trouverez:<br \/>\n&nbsp; \u2022 <a href=\"https:\/\/www.bioconstrumat.com\/fr\/productos-construccion-sostenibles\/energia-equipos-sostenibles\/enchufes-para-cargar-el-coche-electrico\/\">bouchons pour charger la voiture \u00e9lectrique<\/a><br \/>\n&nbsp; \u2022 <a href=\"https:\/\/www.bioconstrumat.com\/fr\/productos-construccion-sostenibles\/energia-equipos-sostenibles\/baterias-casas-edificios\/\">batteries pour stocker l&rsquo;\u00e9nergie dans les maisons et les b\u00e2timents<\/a><br \/>\n&nbsp; \u2022 <a href=\"https:\/\/www.bioconstrumat.com\/fr\/productos-construccion-sostenibles\/energia-equipos-sostenibles\/biofiltros-aguas-pluviales\/\">biofiltres \u00e0 r\u00e9utiliser l&rsquo;eau de pluie<\/a><br \/>\n&nbsp; &nbsp;\u2022 <a href=\"https:\/\/www.bioconstrumat.com\/fr\/productos-construccion-sostenibles\/energia-equipos-sostenibles\/domotica\/\">\u00e9l\u00e9ments domotiques<\/a><br \/>\n&nbsp; &nbsp;\u2022<a href=\"https:\/\/www.bioconstrumat.com\/fr\/productos-construccion-sostenibles\/energia-equipos-sostenibles\/energia-eolica\/\"> L&rsquo;\u00e9nergie \u00e9olienne<\/a><br \/>\n&nbsp; &nbsp;\u2022 <a href=\"https:\/\/www.bioconstrumat.com\/fr\/productos-construccion-sostenibles\/energia-equipos-sostenibles\/energia-solar\/\">L&rsquo;\u00e9nergie solaire<\/a><br \/>\n&nbsp; &nbsp;\u2022 <a href=\"https:\/\/www.bioconstrumat.com\/fr\/productos-construccion-sostenibles\/energia-equipos-sostenibles\/bajo-consumo\/\">une faible consommation<\/a>[\/vc_column_text][\/vc_column][\/vc_row]\n<div class=\"be-social\" data-url=\"https:\/\/www.bioconstrumat.com\/fr\/productos-construccion-sostenibles\/energia-equipos-sostenibles\/\" data-base=\"\" data-title=\"Energie \/ \u00e9quipement durables\" data-track=\"true\" data-via=\"\" data-show=\"{&quot;facebook&quot;:true,&quot;twitter&quot;:true,&quot;google&quot;:true,&quot;reddit&quot;:true,&quot;linkedin&quot;:true,&quot;meneame&quot;:true}\" ><h2 class=\"be-social-title\">Share<\/h2><\/div>","protected":false},"excerpt":{"rendered":"<p>[vc_row][vc_column][vc_column_text]Energie \/ \u00e9quipement durables Energie \/ \u00e9quipement durable L&rsquo;\u00e9quipement et la production d&rsquo;\u00e9nergie durable et de stockage sont les \u00e9l\u00e9ments qui permettent necessris en \u00e9nergie verte (*), la mobilit\u00e9, les d\u00e9chets et l&rsquo;eau, pour parvenir \u00e0 la r\u00e9duction des gaz \u00e0 effet de serre passent \u00e0 travers: &nbsp; &nbsp;\u2022 Pour parvenir \u00e0 une r\u00e9duction des [&hellip;]<\/p>\n","protected":false},"author":3,"featured_media":0,"parent":48,"menu_order":0,"comment_status":"closed","ping_status":"closed","template":"","meta":{"_monsterinsights_skip_tracking":false,"_monsterinsights_sitenote_active":false,"_monsterinsights_sitenote_note":"","_monsterinsights_sitenote_category":0,"ngg_post_thumbnail":0,"footnotes":""},"class_list":["post-158","page","type-page","status-publish","hentry"],"yoast_head":"<!-- This site is optimized with the Yoast SEO plugin v27.1.1 - https:\/\/yoast.com\/product\/yoast-seo-wordpress\/ -->\n<title>Energie \/ \u00e9quipement durables - bioconstrumat.com<\/title>\n<meta name=\"robots\" content=\"index, follow, max-snippet:-1, max-image-preview:large, max-video-preview:-1\" \/>\n<link rel=\"canonical\" href=\"https:\/\/www.bioconstrumat.com\/fr\/productos-construccion-sostenibles\/energia-equipos-sostenibles\/\" \/>\n<meta property=\"og:locale\" content=\"fr_FR\" \/>\n<meta property=\"og:type\" content=\"article\" \/>\n<meta property=\"og:title\" content=\"Energie \/ \u00e9quipement durables - bioconstrumat.com\" \/>\n<meta property=\"og:description\" content=\"[vc_row][vc_column][vc_column_text]Energie \/ \u00e9quipement durables Energie \/ \u00e9quipement durable L&rsquo;\u00e9quipement et la production d&rsquo;\u00e9nergie durable et de stockage sont les \u00e9l\u00e9ments qui permettent necessris en \u00e9nergie verte (*), la mobilit\u00e9, les d\u00e9chets et l&rsquo;eau, pour parvenir \u00e0 la r\u00e9duction des gaz \u00e0 effet de serre passent \u00e0 travers: &nbsp; &nbsp;\u2022 Pour parvenir \u00e0 une r\u00e9duction des [&hellip;]\" \/>\n<meta property=\"og:url\" content=\"https:\/\/www.bioconstrumat.com\/fr\/productos-construccion-sostenibles\/energia-equipos-sostenibles\/\" \/>\n<meta property=\"og:site_name\" content=\"bioconstrumat.com\" \/>\n<meta property=\"article:modified_time\" content=\"2017-04-22T20:06:34+00:00\" \/>\n<meta name=\"twitter:card\" content=\"summary_large_image\" \/>\n<meta name=\"twitter:label1\" content=\"Dur\u00e9e de lecture estim\u00e9e\" \/>\n\t<meta name=\"twitter:data1\" content=\"7 minutes\" \/>\n<script type=\"application\/ld+json\" class=\"yoast-schema-graph\">{\"@context\":\"https:\/\/schema.org\",\"@graph\":[{\"@type\":\"WebPage\",\"@id\":\"https:\/\/www.bioconstrumat.com\/fr\/productos-construccion-sostenibles\/energia-equipos-sostenibles\/\",\"url\":\"https:\/\/www.bioconstrumat.com\/fr\/productos-construccion-sostenibles\/energia-equipos-sostenibles\/\",\"name\":\"Energie \/ \u00e9quipement durables - bioconstrumat.com\",\"isPartOf\":{\"@id\":\"https:\/\/www.bioconstrumat.com\/de\/#website\"},\"datePublished\":\"2016-05-06T12:05:39+00:00\",\"dateModified\":\"2017-04-22T20:06:34+00:00\",\"breadcrumb\":{\"@id\":\"https:\/\/www.bioconstrumat.com\/fr\/productos-construccion-sostenibles\/energia-equipos-sostenibles\/#breadcrumb\"},\"inLanguage\":\"fr-FR\",\"potentialAction\":[{\"@type\":\"ReadAction\",\"target\":[\"https:\/\/www.bioconstrumat.com\/fr\/productos-construccion-sostenibles\/energia-equipos-sostenibles\/\"]}]},{\"@type\":\"BreadcrumbList\",\"@id\":\"https:\/\/www.bioconstrumat.com\/fr\/productos-construccion-sostenibles\/energia-equipos-sostenibles\/#breadcrumb\",\"itemListElement\":[{\"@type\":\"ListItem\",\"position\":1,\"name\":\"Home\",\"item\":\"https:\/\/www.bioconstrumat.com\/de\/\"},{\"@type\":\"ListItem\",\"position\":2,\"name\":\"Produits de construction durable\",\"item\":\"https:\/\/www.bioconstrumat.com\/fr\/productos-construccion-sostenibles\/\"},{\"@type\":\"ListItem\",\"position\":3,\"name\":\"Energie \/ \u00e9quipement durables\"}]},{\"@type\":\"WebSite\",\"@id\":\"https:\/\/www.bioconstrumat.com\/de\/#website\",\"url\":\"https:\/\/www.bioconstrumat.com\/de\/\",\"name\":\"bioconstrumat.com\",\"description\":\"material construcci\u00f3n sostenible\",\"potentialAction\":[{\"@type\":\"SearchAction\",\"target\":{\"@type\":\"EntryPoint\",\"urlTemplate\":\"https:\/\/www.bioconstrumat.com\/de\/?s={search_term_string}\"},\"query-input\":{\"@type\":\"PropertyValueSpecification\",\"valueRequired\":true,\"valueName\":\"search_term_string\"}}],\"inLanguage\":\"fr-FR\"}]}<\/script>\n<!-- \/ Yoast SEO plugin. -->","yoast_head_json":{"title":"Energie \/ \u00e9quipement durables - bioconstrumat.com","robots":{"index":"index","follow":"follow","max-snippet":"max-snippet:-1","max-image-preview":"max-image-preview:large","max-video-preview":"max-video-preview:-1"},"canonical":"https:\/\/www.bioconstrumat.com\/fr\/productos-construccion-sostenibles\/energia-equipos-sostenibles\/","og_locale":"fr_FR","og_type":"article","og_title":"Energie \/ \u00e9quipement durables - bioconstrumat.com","og_description":"[vc_row][vc_column][vc_column_text]Energie \/ \u00e9quipement durables Energie \/ \u00e9quipement durable L&rsquo;\u00e9quipement et la production d&rsquo;\u00e9nergie durable et de stockage sont les \u00e9l\u00e9ments qui permettent necessris en \u00e9nergie verte (*), la mobilit\u00e9, les d\u00e9chets et l&rsquo;eau, pour parvenir \u00e0 la r\u00e9duction des gaz \u00e0 effet de serre passent \u00e0 travers: &nbsp; &nbsp;\u2022 Pour parvenir \u00e0 une r\u00e9duction des [&hellip;]","og_url":"https:\/\/www.bioconstrumat.com\/fr\/productos-construccion-sostenibles\/energia-equipos-sostenibles\/","og_site_name":"bioconstrumat.com","article_modified_time":"2017-04-22T20:06:34+00:00","twitter_card":"summary_large_image","twitter_misc":{"Dur\u00e9e de lecture estim\u00e9e":"7 minutes"},"schema":{"@context":"https:\/\/schema.org","@graph":[{"@type":"WebPage","@id":"https:\/\/www.bioconstrumat.com\/fr\/productos-construccion-sostenibles\/energia-equipos-sostenibles\/","url":"https:\/\/www.bioconstrumat.com\/fr\/productos-construccion-sostenibles\/energia-equipos-sostenibles\/","name":"Energie \/ \u00e9quipement durables - bioconstrumat.com","isPartOf":{"@id":"https:\/\/www.bioconstrumat.com\/de\/#website"},"datePublished":"2016-05-06T12:05:39+00:00","dateModified":"2017-04-22T20:06:34+00:00","breadcrumb":{"@id":"https:\/\/www.bioconstrumat.com\/fr\/productos-construccion-sostenibles\/energia-equipos-sostenibles\/#breadcrumb"},"inLanguage":"fr-FR","potentialAction":[{"@type":"ReadAction","target":["https:\/\/www.bioconstrumat.com\/fr\/productos-construccion-sostenibles\/energia-equipos-sostenibles\/"]}]},{"@type":"BreadcrumbList","@id":"https:\/\/www.bioconstrumat.com\/fr\/productos-construccion-sostenibles\/energia-equipos-sostenibles\/#breadcrumb","itemListElement":[{"@type":"ListItem","position":1,"name":"Home","item":"https:\/\/www.bioconstrumat.com\/de\/"},{"@type":"ListItem","position":2,"name":"Produits de construction durable","item":"https:\/\/www.bioconstrumat.com\/fr\/productos-construccion-sostenibles\/"},{"@type":"ListItem","position":3,"name":"Energie \/ \u00e9quipement durables"}]},{"@type":"WebSite","@id":"https:\/\/www.bioconstrumat.com\/de\/#website","url":"https:\/\/www.bioconstrumat.com\/de\/","name":"bioconstrumat.com","description":"material construcci\u00f3n sostenible","potentialAction":[{"@type":"SearchAction","target":{"@type":"EntryPoint","urlTemplate":"https:\/\/www.bioconstrumat.com\/de\/?s={search_term_string}"},"query-input":{"@type":"PropertyValueSpecification","valueRequired":true,"valueName":"search_term_string"}}],"inLanguage":"fr-FR"}]}},"_links":{"self":[{"href":"https:\/\/www.bioconstrumat.com\/fr\/wp-json\/wp\/v2\/pages\/158","targetHints":{"allow":["GET"]}}],"collection":[{"href":"https:\/\/www.bioconstrumat.com\/fr\/wp-json\/wp\/v2\/pages"}],"about":[{"href":"https:\/\/www.bioconstrumat.com\/fr\/wp-json\/wp\/v2\/types\/page"}],"author":[{"embeddable":true,"href":"https:\/\/www.bioconstrumat.com\/fr\/wp-json\/wp\/v2\/users\/3"}],"replies":[{"embeddable":true,"href":"https:\/\/www.bioconstrumat.com\/fr\/wp-json\/wp\/v2\/comments?post=158"}],"version-history":[{"count":13,"href":"https:\/\/www.bioconstrumat.com\/fr\/wp-json\/wp\/v2\/pages\/158\/revisions"}],"predecessor-version":[{"id":863,"href":"https:\/\/www.bioconstrumat.com\/fr\/wp-json\/wp\/v2\/pages\/158\/revisions\/863"}],"up":[{"embeddable":true,"href":"https:\/\/www.bioconstrumat.com\/fr\/wp-json\/wp\/v2\/pages\/48"}],"wp:attachment":[{"href":"https:\/\/www.bioconstrumat.com\/fr\/wp-json\/wp\/v2\/media?parent=158"}],"curies":[{"name":"wp","href":"https:\/\/api.w.org\/{rel}","templated":true}]}}