{"id":129,"date":"2016-04-30T20:57:33","date_gmt":"2016-04-30T20:57:33","guid":{"rendered":"http:\/\/www.bioconstrumat.com\/?page_id=129"},"modified":"2017-04-22T16:39:50","modified_gmt":"2017-04-22T16:39:50","slug":"cerramientos-sostenibles","status":"publish","type":"page","link":"https:\/\/www.bioconstrumat.com\/fr\/productos-construccion-sostenibles\/cerramientos-sostenibles\/","title":{"rendered":"Bo\u00eetiers durables"},"content":{"rendered":"[vc_row][vc_column][vc_column_text]\n<h1>Bo\u00eetiers durables<\/h1>\n<p>Choisissez des fermetures durables pour notre maison pour aider \u00e0 \u00e9conomiser sur la demande d&rsquo;\u00e9nergie du b\u00e2timent.<\/p>\n<p><strong>Pourquoi la fermeture durable?<\/strong><br \/>\nAinsi, le co\u00fbt initial \u00e0 effectuer, nous devons d\u00e9duire les \u00e9conomies de co\u00fbts que nous obtenons l&rsquo;\u00e9nergie en ayant et le r\u00e9sultat sera rentable signifie que le passage \u00e0 une fermeture durable, Pert nous parlons d&rsquo;un investissement, car il permet des \u00e9conomies.<\/p>\n<p>Mais l&rsquo;\u00e9nergie, ce rentable pour notre poche devrait vous d\u00e9duire le co\u00fbt de l&rsquo;\u00e9nergie qui repr\u00e9sente le processus de fabrication et de transport ainsi que d&rsquo;autres impacts environnementaux qui repr\u00e9sente une fermeture non durable.<\/p>\n<p><strong>Comment recycler les fermetures non durables?<\/strong><br \/>\nNous partageons leur engagement \u00e0 r\u00e9duire l&rsquo;impact environnemental.<\/p>\n<p>Si vous voulez recycler votre ancienne menuiserie non durable, une option peut \u00eatre de r\u00e9utiliser les vieilles fen\u00eatres. La reformulation d&rsquo;une vieille fen\u00eatre peut \u00eatre un projet amusant bricolage. Vous pouvez construire une mini-serre ou cr\u00e9er une \u0153uvre d&rsquo;art \u00e0 accrocher sur le mur ici fournira quelques id\u00e9es.<br \/>\nUne autre option est de contacter des organisations \u00e0 but non lucratif locaux et leur donner les fen\u00eatres et les portes \u00e0 vieux pour leurs projets.<\/p>\n<p><strong>Comment pouvons-nous vous aider?<\/strong><br \/>\nSi vous ne voulez pas les recycler et nous avons achet\u00e9 des fermetures durables remplacer les vieilles fen\u00eatres ou des portes que nous allons porter \u00e0 l&rsquo;deixellaria autoris\u00e9.<\/p>\n<p>Nous fournissons une vaste collection de fermetures durables (bois stratifi\u00e9 et bois mixte et de l&rsquo;aluminium)[\/vc_column_text][\/vc_column][\/vc_row]\n<div class=\"be-social\" data-url=\"https:\/\/www.bioconstrumat.com\/fr\/productos-construccion-sostenibles\/cerramientos-sostenibles\/\" data-base=\"\" data-title=\"Bo\u00eetiers durables\" data-track=\"true\" data-via=\"\" data-show=\"{&quot;facebook&quot;:true,&quot;twitter&quot;:true,&quot;google&quot;:true,&quot;reddit&quot;:true,&quot;linkedin&quot;:true,&quot;meneame&quot;:true}\" ><h2 class=\"be-social-title\">Share<\/h2><\/div>","protected":false},"excerpt":{"rendered":"<p>[vc_row][vc_column][vc_column_text] Bo\u00eetiers durables Choisissez des fermetures durables pour notre maison pour aider \u00e0 \u00e9conomiser sur la demande d&rsquo;\u00e9nergie du b\u00e2timent. Pourquoi la fermeture durable? Ainsi, le co\u00fbt initial \u00e0 effectuer, nous devons d\u00e9duire les \u00e9conomies de co\u00fbts que nous obtenons l&rsquo;\u00e9nergie en ayant et le r\u00e9sultat sera rentable signifie que le passage \u00e0 une fermeture [&hellip;]<\/p>\n","protected":false},"author":3,"featured_media":0,"parent":48,"menu_order":0,"comment_status":"closed","ping_status":"closed","template":"","meta":{"_monsterinsights_skip_tracking":false,"_monsterinsights_sitenote_active":false,"_monsterinsights_sitenote_note":"","_monsterinsights_sitenote_category":0,"ngg_post_thumbnail":0,"footnotes":""},"class_list":["post-129","page","type-page","status-publish","hentry"],"yoast_head":"<!-- This site is optimized with the Yoast SEO plugin v27.1.1 - https:\/\/yoast.com\/product\/yoast-seo-wordpress\/ -->\n<title>Bo\u00eetiers durables - bioconstrumat.com<\/title>\n<meta name=\"robots\" content=\"index, follow, max-snippet:-1, max-image-preview:large, max-video-preview:-1\" \/>\n<link rel=\"canonical\" href=\"https:\/\/www.bioconstrumat.com\/fr\/productos-construccion-sostenibles\/cerramientos-sostenibles\/\" \/>\n<meta property=\"og:locale\" content=\"fr_FR\" \/>\n<meta property=\"og:type\" content=\"article\" \/>\n<meta property=\"og:title\" content=\"Bo\u00eetiers durables - bioconstrumat.com\" \/>\n<meta property=\"og:description\" content=\"[vc_row][vc_column][vc_column_text] Bo\u00eetiers durables Choisissez des fermetures durables pour notre maison pour aider \u00e0 \u00e9conomiser sur la demande d&rsquo;\u00e9nergie du b\u00e2timent. Pourquoi la fermeture durable? Ainsi, le co\u00fbt initial \u00e0 effectuer, nous devons d\u00e9duire les \u00e9conomies de co\u00fbts que nous obtenons l&rsquo;\u00e9nergie en ayant et le r\u00e9sultat sera rentable signifie que le passage \u00e0 une fermeture [&hellip;]\" \/>\n<meta property=\"og:url\" content=\"https:\/\/www.bioconstrumat.com\/fr\/productos-construccion-sostenibles\/cerramientos-sostenibles\/\" \/>\n<meta property=\"og:site_name\" content=\"bioconstrumat.com\" \/>\n<meta property=\"article:modified_time\" content=\"2017-04-22T16:39:50+00:00\" \/>\n<meta name=\"twitter:card\" content=\"summary_large_image\" \/>\n<meta name=\"twitter:label1\" content=\"Dur\u00e9e de lecture estim\u00e9e\" \/>\n\t<meta name=\"twitter:data1\" content=\"9 minutes\" \/>\n<script type=\"application\/ld+json\" class=\"yoast-schema-graph\">{\"@context\":\"https:\/\/schema.org\",\"@graph\":[{\"@type\":\"WebPage\",\"@id\":\"https:\/\/www.bioconstrumat.com\/fr\/productos-construccion-sostenibles\/cerramientos-sostenibles\/\",\"url\":\"https:\/\/www.bioconstrumat.com\/fr\/productos-construccion-sostenibles\/cerramientos-sostenibles\/\",\"name\":\"Bo\u00eetiers durables - bioconstrumat.com\",\"isPartOf\":{\"@id\":\"https:\/\/www.bioconstrumat.com\/de\/#website\"},\"datePublished\":\"2016-04-30T20:57:33+00:00\",\"dateModified\":\"2017-04-22T16:39:50+00:00\",\"breadcrumb\":{\"@id\":\"https:\/\/www.bioconstrumat.com\/fr\/productos-construccion-sostenibles\/cerramientos-sostenibles\/#breadcrumb\"},\"inLanguage\":\"fr-FR\",\"potentialAction\":[{\"@type\":\"ReadAction\",\"target\":[\"https:\/\/www.bioconstrumat.com\/fr\/productos-construccion-sostenibles\/cerramientos-sostenibles\/\"]}]},{\"@type\":\"BreadcrumbList\",\"@id\":\"https:\/\/www.bioconstrumat.com\/fr\/productos-construccion-sostenibles\/cerramientos-sostenibles\/#breadcrumb\",\"itemListElement\":[{\"@type\":\"ListItem\",\"position\":1,\"name\":\"Home\",\"item\":\"https:\/\/www.bioconstrumat.com\/de\/\"},{\"@type\":\"ListItem\",\"position\":2,\"name\":\"Produits de construction durable\",\"item\":\"https:\/\/www.bioconstrumat.com\/fr\/productos-construccion-sostenibles\/\"},{\"@type\":\"ListItem\",\"position\":3,\"name\":\"Bo\u00eetiers durables\"}]},{\"@type\":\"WebSite\",\"@id\":\"https:\/\/www.bioconstrumat.com\/de\/#website\",\"url\":\"https:\/\/www.bioconstrumat.com\/de\/\",\"name\":\"bioconstrumat.com\",\"description\":\"material construcci\u00f3n sostenible\",\"potentialAction\":[{\"@type\":\"SearchAction\",\"target\":{\"@type\":\"EntryPoint\",\"urlTemplate\":\"https:\/\/www.bioconstrumat.com\/de\/?s={search_term_string}\"},\"query-input\":{\"@type\":\"PropertyValueSpecification\",\"valueRequired\":true,\"valueName\":\"search_term_string\"}}],\"inLanguage\":\"fr-FR\"}]}<\/script>\n<!-- \/ Yoast SEO plugin. -->","yoast_head_json":{"title":"Bo\u00eetiers durables - bioconstrumat.com","robots":{"index":"index","follow":"follow","max-snippet":"max-snippet:-1","max-image-preview":"max-image-preview:large","max-video-preview":"max-video-preview:-1"},"canonical":"https:\/\/www.bioconstrumat.com\/fr\/productos-construccion-sostenibles\/cerramientos-sostenibles\/","og_locale":"fr_FR","og_type":"article","og_title":"Bo\u00eetiers durables - bioconstrumat.com","og_description":"[vc_row][vc_column][vc_column_text] Bo\u00eetiers durables Choisissez des fermetures durables pour notre maison pour aider \u00e0 \u00e9conomiser sur la demande d&rsquo;\u00e9nergie du b\u00e2timent. Pourquoi la fermeture durable? Ainsi, le co\u00fbt initial \u00e0 effectuer, nous devons d\u00e9duire les \u00e9conomies de co\u00fbts que nous obtenons l&rsquo;\u00e9nergie en ayant et le r\u00e9sultat sera rentable signifie que le passage \u00e0 une fermeture [&hellip;]","og_url":"https:\/\/www.bioconstrumat.com\/fr\/productos-construccion-sostenibles\/cerramientos-sostenibles\/","og_site_name":"bioconstrumat.com","article_modified_time":"2017-04-22T16:39:50+00:00","twitter_card":"summary_large_image","twitter_misc":{"Dur\u00e9e de lecture estim\u00e9e":"9 minutes"},"schema":{"@context":"https:\/\/schema.org","@graph":[{"@type":"WebPage","@id":"https:\/\/www.bioconstrumat.com\/fr\/productos-construccion-sostenibles\/cerramientos-sostenibles\/","url":"https:\/\/www.bioconstrumat.com\/fr\/productos-construccion-sostenibles\/cerramientos-sostenibles\/","name":"Bo\u00eetiers durables - bioconstrumat.com","isPartOf":{"@id":"https:\/\/www.bioconstrumat.com\/de\/#website"},"datePublished":"2016-04-30T20:57:33+00:00","dateModified":"2017-04-22T16:39:50+00:00","breadcrumb":{"@id":"https:\/\/www.bioconstrumat.com\/fr\/productos-construccion-sostenibles\/cerramientos-sostenibles\/#breadcrumb"},"inLanguage":"fr-FR","potentialAction":[{"@type":"ReadAction","target":["https:\/\/www.bioconstrumat.com\/fr\/productos-construccion-sostenibles\/cerramientos-sostenibles\/"]}]},{"@type":"BreadcrumbList","@id":"https:\/\/www.bioconstrumat.com\/fr\/productos-construccion-sostenibles\/cerramientos-sostenibles\/#breadcrumb","itemListElement":[{"@type":"ListItem","position":1,"name":"Home","item":"https:\/\/www.bioconstrumat.com\/de\/"},{"@type":"ListItem","position":2,"name":"Produits de construction durable","item":"https:\/\/www.bioconstrumat.com\/fr\/productos-construccion-sostenibles\/"},{"@type":"ListItem","position":3,"name":"Bo\u00eetiers durables"}]},{"@type":"WebSite","@id":"https:\/\/www.bioconstrumat.com\/de\/#website","url":"https:\/\/www.bioconstrumat.com\/de\/","name":"bioconstrumat.com","description":"material construcci\u00f3n sostenible","potentialAction":[{"@type":"SearchAction","target":{"@type":"EntryPoint","urlTemplate":"https:\/\/www.bioconstrumat.com\/de\/?s={search_term_string}"},"query-input":{"@type":"PropertyValueSpecification","valueRequired":true,"valueName":"search_term_string"}}],"inLanguage":"fr-FR"}]}},"_links":{"self":[{"href":"https:\/\/www.bioconstrumat.com\/fr\/wp-json\/wp\/v2\/pages\/129","targetHints":{"allow":["GET"]}}],"collection":[{"href":"https:\/\/www.bioconstrumat.com\/fr\/wp-json\/wp\/v2\/pages"}],"about":[{"href":"https:\/\/www.bioconstrumat.com\/fr\/wp-json\/wp\/v2\/types\/page"}],"author":[{"embeddable":true,"href":"https:\/\/www.bioconstrumat.com\/fr\/wp-json\/wp\/v2\/users\/3"}],"replies":[{"embeddable":true,"href":"https:\/\/www.bioconstrumat.com\/fr\/wp-json\/wp\/v2\/comments?post=129"}],"version-history":[{"count":11,"href":"https:\/\/www.bioconstrumat.com\/fr\/wp-json\/wp\/v2\/pages\/129\/revisions"}],"predecessor-version":[{"id":831,"href":"https:\/\/www.bioconstrumat.com\/fr\/wp-json\/wp\/v2\/pages\/129\/revisions\/831"}],"up":[{"embeddable":true,"href":"https:\/\/www.bioconstrumat.com\/fr\/wp-json\/wp\/v2\/pages\/48"}],"wp:attachment":[{"href":"https:\/\/www.bioconstrumat.com\/fr\/wp-json\/wp\/v2\/media?parent=129"}],"curies":[{"name":"wp","href":"https:\/\/api.w.org\/{rel}","templated":true}]}}