{"id":109,"date":"2016-04-30T18:20:26","date_gmt":"2016-04-30T18:20:26","guid":{"rendered":"http:\/\/www.bioconstrumat.com\/?page_id=109"},"modified":"2017-04-21T15:27:37","modified_gmt":"2017-04-21T15:27:37","slug":"aislamiento-termico-sostenible","status":"publish","type":"page","link":"https:\/\/www.bioconstrumat.com\/fr\/productos-construccion-sostenibles\/aislamiento-sostenible\/aislamiento-termico-sostenible\/","title":{"rendered":"Isolation thermique durable"},"content":{"rendered":"[vc_row][vc_column][vc_column_text]<strong>Isolation thermique durable<\/strong><\/p>\n<p>&#8211; couverture thermofixation de chanvre<br \/>\n&#8211; Lino termofijado<br \/>\n&#8211; couverture de laine de mouton<br \/>\n&#8211; feutre de laine de mouton<br \/>\n&#8211; Cork en plaques<br \/>\n&#8211; Cork \u00e9cras\u00e9<br \/>\n&#8211; Panneaux Coco<br \/>\n&#8211; Couverture de pennes<br \/>\n&#8211; couverture de coton<br \/>\n&#8211; verre cellulaire<\/p>\n<p>Isolation des b\u00e2timents durables maintient une temp\u00e9rature confortable en m\u00eame temps r\u00e9duire la demande d&rsquo;\u00e9nergie, d&rsquo;\u00e9conomie d&rsquo;\u00e9nergie.<\/p>\n<p>Les avantages de l&rsquo;utilisation d&rsquo;isolation durable comme l&rsquo;isolation et des mat\u00e9riaux de construction naturelle de la <strong>laine de mouton<\/strong> naturelle pour l&rsquo;isolation dans la construction, la consommation consistent diminuci\u00f3n et les \u00e9missions mondiales de CO2. Il suffit d&rsquo;installer des syst\u00e8mes d&rsquo;isolation thermique durable.<\/p>\n<p>Aussi la <strong>p\u00e2te<\/strong>, le <strong>chanvre<\/strong> ou de <strong>coton<\/strong> sont de bons isolants durables.<\/p>\n<p>Les principaux types d&rsquo;isolation pour la r\u00e9habilitation durable s&rsquo;appliquent:<br \/>\n&nbsp; &#8211; murs<\/p>\n<ul>\n<li>avec des cavit\u00e9s: injection d&rsquo;un mat\u00e9riau isolant.<\/li>\n<li>plaques de pl\u00e2tre extradossats produits d&rsquo;isolation stratifi\u00e9e fix\u00e9s<\/li>\n<li>ma\u00e7onnerie solide: isolation ext\u00e9rieure des syst\u00e8mes pr\u00e9vus ou fix\u00e9s m\u00e9caniquement fa\u00e7ade prot\u00e9g\u00e9 et ventil\u00e9 ou avec un mortier de pl\u00e2tre.<\/li>\n<\/ul>\n<p>&nbsp; &#8211; Couvre:<\/p>\n<ul>\n<li>Sous le toit: l&rsquo;isolation entre les solives et sur.<\/li>\n<li>Sur le pont: l&rsquo;isolement sur la jupe et fixer le couvercle du syst\u00e8me.<\/li>\n<\/ul>\n<p>&nbsp; &#8211; Planchers:<\/p>\n<ul>\n<li>un isolant rigide sous la finition.<\/li>\n<\/ul>\n<p>Il y a d&rsquo;autres endroits pour mettre en \u0153uvre des fermetures d&rsquo;isolation durable (portes, modifi\u00e9 la tonalit\u00e9, etc.), qui contient des informations sur d&rsquo;autres sections.[\/vc_column_text][\/vc_column][\/vc_row]\n<div class=\"be-social\" data-url=\"https:\/\/www.bioconstrumat.com\/fr\/productos-construccion-sostenibles\/aislamiento-sostenible\/aislamiento-termico-sostenible\/\" data-base=\"\" data-title=\"Isolation thermique durable\" data-track=\"true\" data-via=\"\" data-show=\"{&quot;facebook&quot;:true,&quot;twitter&quot;:true,&quot;google&quot;:true,&quot;reddit&quot;:true,&quot;linkedin&quot;:true,&quot;meneame&quot;:true}\" ><h2 class=\"be-social-title\">Share<\/h2><\/div>","protected":false},"excerpt":{"rendered":"<p>[vc_row][vc_column][vc_column_text]Isolation thermique durable &#8211; couverture thermofixation de chanvre &#8211; Lino termofijado &#8211; couverture de laine de mouton &#8211; feutre de laine de mouton &#8211; Cork en plaques &#8211; Cork \u00e9cras\u00e9 &#8211; Panneaux Coco &#8211; Couverture de pennes &#8211; couverture de coton &#8211; verre cellulaire Isolation des b\u00e2timents durables maintient une temp\u00e9rature confortable en m\u00eame temps [&hellip;]<\/p>\n","protected":false},"author":3,"featured_media":0,"parent":98,"menu_order":0,"comment_status":"closed","ping_status":"closed","template":"","meta":{"_monsterinsights_skip_tracking":false,"_monsterinsights_sitenote_active":false,"_monsterinsights_sitenote_note":"","_monsterinsights_sitenote_category":0,"ngg_post_thumbnail":0,"footnotes":""},"class_list":["post-109","page","type-page","status-publish","hentry"],"yoast_head":"<!-- This site is optimized with the Yoast SEO plugin v27.1.1 - https:\/\/yoast.com\/product\/yoast-seo-wordpress\/ -->\n<title>Isolation thermique durable - bioconstrumat.com<\/title>\n<meta name=\"robots\" content=\"index, follow, max-snippet:-1, max-image-preview:large, max-video-preview:-1\" \/>\n<link rel=\"canonical\" href=\"https:\/\/www.bioconstrumat.com\/fr\/productos-construccion-sostenibles\/aislamiento-sostenible\/aislamiento-termico-sostenible\/\" \/>\n<meta property=\"og:locale\" content=\"fr_FR\" \/>\n<meta property=\"og:type\" content=\"article\" \/>\n<meta property=\"og:title\" content=\"Isolation thermique durable - bioconstrumat.com\" \/>\n<meta property=\"og:description\" content=\"[vc_row][vc_column][vc_column_text]Isolation thermique durable &#8211; couverture thermofixation de chanvre &#8211; Lino termofijado &#8211; couverture de laine de mouton &#8211; feutre de laine de mouton &#8211; Cork en plaques &#8211; Cork \u00e9cras\u00e9 &#8211; Panneaux Coco &#8211; Couverture de pennes &#8211; couverture de coton &#8211; verre cellulaire Isolation des b\u00e2timents durables maintient une temp\u00e9rature confortable en m\u00eame temps [&hellip;]\" \/>\n<meta property=\"og:url\" content=\"https:\/\/www.bioconstrumat.com\/fr\/productos-construccion-sostenibles\/aislamiento-sostenible\/aislamiento-termico-sostenible\/\" \/>\n<meta property=\"og:site_name\" content=\"bioconstrumat.com\" \/>\n<meta property=\"article:modified_time\" content=\"2017-04-21T15:27:37+00:00\" \/>\n<meta name=\"twitter:card\" content=\"summary_large_image\" \/>\n<meta name=\"twitter:label1\" content=\"Dur\u00e9e de lecture estim\u00e9e\" \/>\n\t<meta name=\"twitter:data1\" content=\"9 minutes\" \/>\n<script type=\"application\/ld+json\" class=\"yoast-schema-graph\">{\"@context\":\"https:\/\/schema.org\",\"@graph\":[{\"@type\":\"WebPage\",\"@id\":\"https:\/\/www.bioconstrumat.com\/fr\/productos-construccion-sostenibles\/aislamiento-sostenible\/aislamiento-termico-sostenible\/\",\"url\":\"https:\/\/www.bioconstrumat.com\/fr\/productos-construccion-sostenibles\/aislamiento-sostenible\/aislamiento-termico-sostenible\/\",\"name\":\"Isolation thermique durable - bioconstrumat.com\",\"isPartOf\":{\"@id\":\"https:\/\/www.bioconstrumat.com\/de\/#website\"},\"datePublished\":\"2016-04-30T18:20:26+00:00\",\"dateModified\":\"2017-04-21T15:27:37+00:00\",\"breadcrumb\":{\"@id\":\"https:\/\/www.bioconstrumat.com\/fr\/productos-construccion-sostenibles\/aislamiento-sostenible\/aislamiento-termico-sostenible\/#breadcrumb\"},\"inLanguage\":\"fr-FR\",\"potentialAction\":[{\"@type\":\"ReadAction\",\"target\":[\"https:\/\/www.bioconstrumat.com\/fr\/productos-construccion-sostenibles\/aislamiento-sostenible\/aislamiento-termico-sostenible\/\"]}]},{\"@type\":\"BreadcrumbList\",\"@id\":\"https:\/\/www.bioconstrumat.com\/fr\/productos-construccion-sostenibles\/aislamiento-sostenible\/aislamiento-termico-sostenible\/#breadcrumb\",\"itemListElement\":[{\"@type\":\"ListItem\",\"position\":1,\"name\":\"Home\",\"item\":\"https:\/\/www.bioconstrumat.com\/de\/\"},{\"@type\":\"ListItem\",\"position\":2,\"name\":\"Produits de construction durable\",\"item\":\"https:\/\/www.bioconstrumat.com\/fr\/productos-construccion-sostenibles\/\"},{\"@type\":\"ListItem\",\"position\":3,\"name\":\"Isolement durable\",\"item\":\"https:\/\/www.bioconstrumat.com\/fr\/productos-construccion-sostenibles\/aislamiento-sostenible\/\"},{\"@type\":\"ListItem\",\"position\":4,\"name\":\"Isolation thermique durable\"}]},{\"@type\":\"WebSite\",\"@id\":\"https:\/\/www.bioconstrumat.com\/de\/#website\",\"url\":\"https:\/\/www.bioconstrumat.com\/de\/\",\"name\":\"bioconstrumat.com\",\"description\":\"material construcci\u00f3n sostenible\",\"potentialAction\":[{\"@type\":\"SearchAction\",\"target\":{\"@type\":\"EntryPoint\",\"urlTemplate\":\"https:\/\/www.bioconstrumat.com\/de\/?s={search_term_string}\"},\"query-input\":{\"@type\":\"PropertyValueSpecification\",\"valueRequired\":true,\"valueName\":\"search_term_string\"}}],\"inLanguage\":\"fr-FR\"}]}<\/script>\n<!-- \/ Yoast SEO plugin. -->","yoast_head_json":{"title":"Isolation thermique durable - bioconstrumat.com","robots":{"index":"index","follow":"follow","max-snippet":"max-snippet:-1","max-image-preview":"max-image-preview:large","max-video-preview":"max-video-preview:-1"},"canonical":"https:\/\/www.bioconstrumat.com\/fr\/productos-construccion-sostenibles\/aislamiento-sostenible\/aislamiento-termico-sostenible\/","og_locale":"fr_FR","og_type":"article","og_title":"Isolation thermique durable - bioconstrumat.com","og_description":"[vc_row][vc_column][vc_column_text]Isolation thermique durable &#8211; couverture thermofixation de chanvre &#8211; Lino termofijado &#8211; couverture de laine de mouton &#8211; feutre de laine de mouton &#8211; Cork en plaques &#8211; Cork \u00e9cras\u00e9 &#8211; Panneaux Coco &#8211; Couverture de pennes &#8211; couverture de coton &#8211; verre cellulaire Isolation des b\u00e2timents durables maintient une temp\u00e9rature confortable en m\u00eame temps [&hellip;]","og_url":"https:\/\/www.bioconstrumat.com\/fr\/productos-construccion-sostenibles\/aislamiento-sostenible\/aislamiento-termico-sostenible\/","og_site_name":"bioconstrumat.com","article_modified_time":"2017-04-21T15:27:37+00:00","twitter_card":"summary_large_image","twitter_misc":{"Dur\u00e9e de lecture estim\u00e9e":"9 minutes"},"schema":{"@context":"https:\/\/schema.org","@graph":[{"@type":"WebPage","@id":"https:\/\/www.bioconstrumat.com\/fr\/productos-construccion-sostenibles\/aislamiento-sostenible\/aislamiento-termico-sostenible\/","url":"https:\/\/www.bioconstrumat.com\/fr\/productos-construccion-sostenibles\/aislamiento-sostenible\/aislamiento-termico-sostenible\/","name":"Isolation thermique durable - bioconstrumat.com","isPartOf":{"@id":"https:\/\/www.bioconstrumat.com\/de\/#website"},"datePublished":"2016-04-30T18:20:26+00:00","dateModified":"2017-04-21T15:27:37+00:00","breadcrumb":{"@id":"https:\/\/www.bioconstrumat.com\/fr\/productos-construccion-sostenibles\/aislamiento-sostenible\/aislamiento-termico-sostenible\/#breadcrumb"},"inLanguage":"fr-FR","potentialAction":[{"@type":"ReadAction","target":["https:\/\/www.bioconstrumat.com\/fr\/productos-construccion-sostenibles\/aislamiento-sostenible\/aislamiento-termico-sostenible\/"]}]},{"@type":"BreadcrumbList","@id":"https:\/\/www.bioconstrumat.com\/fr\/productos-construccion-sostenibles\/aislamiento-sostenible\/aislamiento-termico-sostenible\/#breadcrumb","itemListElement":[{"@type":"ListItem","position":1,"name":"Home","item":"https:\/\/www.bioconstrumat.com\/de\/"},{"@type":"ListItem","position":2,"name":"Produits de construction durable","item":"https:\/\/www.bioconstrumat.com\/fr\/productos-construccion-sostenibles\/"},{"@type":"ListItem","position":3,"name":"Isolement durable","item":"https:\/\/www.bioconstrumat.com\/fr\/productos-construccion-sostenibles\/aislamiento-sostenible\/"},{"@type":"ListItem","position":4,"name":"Isolation thermique durable"}]},{"@type":"WebSite","@id":"https:\/\/www.bioconstrumat.com\/de\/#website","url":"https:\/\/www.bioconstrumat.com\/de\/","name":"bioconstrumat.com","description":"material construcci\u00f3n sostenible","potentialAction":[{"@type":"SearchAction","target":{"@type":"EntryPoint","urlTemplate":"https:\/\/www.bioconstrumat.com\/de\/?s={search_term_string}"},"query-input":{"@type":"PropertyValueSpecification","valueRequired":true,"valueName":"search_term_string"}}],"inLanguage":"fr-FR"}]}},"_links":{"self":[{"href":"https:\/\/www.bioconstrumat.com\/fr\/wp-json\/wp\/v2\/pages\/109","targetHints":{"allow":["GET"]}}],"collection":[{"href":"https:\/\/www.bioconstrumat.com\/fr\/wp-json\/wp\/v2\/pages"}],"about":[{"href":"https:\/\/www.bioconstrumat.com\/fr\/wp-json\/wp\/v2\/types\/page"}],"author":[{"embeddable":true,"href":"https:\/\/www.bioconstrumat.com\/fr\/wp-json\/wp\/v2\/users\/3"}],"replies":[{"embeddable":true,"href":"https:\/\/www.bioconstrumat.com\/fr\/wp-json\/wp\/v2\/comments?post=109"}],"version-history":[{"count":26,"href":"https:\/\/www.bioconstrumat.com\/fr\/wp-json\/wp\/v2\/pages\/109\/revisions"}],"predecessor-version":[{"id":799,"href":"https:\/\/www.bioconstrumat.com\/fr\/wp-json\/wp\/v2\/pages\/109\/revisions\/799"}],"up":[{"embeddable":true,"href":"https:\/\/www.bioconstrumat.com\/fr\/wp-json\/wp\/v2\/pages\/98"}],"wp:attachment":[{"href":"https:\/\/www.bioconstrumat.com\/fr\/wp-json\/wp\/v2\/media?parent=109"}],"curies":[{"name":"wp","href":"https:\/\/api.w.org\/{rel}","templated":true}]}}