{"id":575,"date":"2017-02-08T15:06:51","date_gmt":"2017-02-08T15:06:51","guid":{"rendered":"http:\/\/www.bioconstrumat.com\/?page_id=575"},"modified":"2017-02-08T15:12:05","modified_gmt":"2017-02-08T15:12:05","slug":"aparcabicicletas-horizontal","status":"publish","type":"page","link":"https:\/\/www.bioconstrumat.com\/eu\/productos-construccion-sostenibles\/mobiliario-sostenible\/parkings-de-seguridad-para-bicicletas-y-motocicletas\/soluciones-para-aparcar-y-guardar-bicicleta\/aparcabicicletas-horizontal\/","title":{"rendered":"Horizontal bizikleta aparkalekuak"},"content":{"rendered":"<h1>horizontal bizikleta aparkalekuak<\/h1>\n\n<div class=\"be-social\" data-url=\"https:\/\/www.bioconstrumat.com\/eu\/productos-construccion-sostenibles\/mobiliario-sostenible\/parkings-de-seguridad-para-bicicletas-y-motocicletas\/soluciones-para-aparcar-y-guardar-bicicleta\/aparcabicicletas-horizontal\/\" data-base=\"\" data-title=\"Horizontal bizikleta aparkalekuak\" data-track=\"true\" data-via=\"\" data-show=\"{&quot;facebook&quot;:true,&quot;twitter&quot;:true,&quot;google&quot;:true,&quot;reddit&quot;:true,&quot;linkedin&quot;:true,&quot;meneame&quot;:true}\" ><h2 class=\"be-social-title\">Share<\/h2><\/div>","protected":false},"excerpt":{"rendered":"<p>horizontal bizikleta aparkalekuak Share<\/p>\n","protected":false},"author":3,"featured_media":0,"parent":565,"menu_order":0,"comment_status":"closed","ping_status":"closed","template":"","meta":{"_monsterinsights_skip_tracking":false,"_monsterinsights_sitenote_active":false,"_monsterinsights_sitenote_note":"","_monsterinsights_sitenote_category":0,"ngg_post_thumbnail":0,"footnotes":""},"class_list":["post-575","page","type-page","status-publish","hentry"],"yoast_head":"<!-- This site is optimized with the Yoast SEO plugin v27.1.1 - https:\/\/yoast.com\/product\/yoast-seo-wordpress\/ -->\n<title>Horizontal bizikleta aparkalekuak - bioconstrumat.com<\/title>\n<meta name=\"robots\" content=\"index, follow, max-snippet:-1, max-image-preview:large, max-video-preview:-1\" \/>\n<link rel=\"canonical\" href=\"https:\/\/www.bioconstrumat.com\/fr\/productos-construccion-sostenibles\/mobiliario-sostenible\/parkings-de-seguridad-para-bicicletas-y-motocicletas\/soluciones-para-aparcar-y-guardar-bicicleta\/aparcabicicletas-horizontal\/\" \/>\n<meta property=\"og:locale\" content=\"en_US\" \/>\n<meta property=\"og:type\" content=\"article\" \/>\n<meta property=\"og:title\" content=\"Horizontal bizikleta aparkalekuak - bioconstrumat.com\" \/>\n<meta property=\"og:description\" content=\"horizontal bizikleta aparkalekuak Share\" \/>\n<meta property=\"og:url\" content=\"https:\/\/www.bioconstrumat.com\/fr\/productos-construccion-sostenibles\/mobiliario-sostenible\/parkings-de-seguridad-para-bicicletas-y-motocicletas\/soluciones-para-aparcar-y-guardar-bicicleta\/aparcabicicletas-horizontal\/\" \/>\n<meta property=\"og:site_name\" content=\"bioconstrumat.com\" \/>\n<meta property=\"article:modified_time\" content=\"2017-02-08T15:12:05+00:00\" \/>\n<meta name=\"twitter:card\" content=\"summary_large_image\" \/>\n<script type=\"application\/ld+json\" class=\"yoast-schema-graph\">{\"@context\":\"https:\/\/schema.org\",\"@graph\":[{\"@type\":\"WebPage\",\"@id\":\"https:\/\/www.bioconstrumat.com\/fr\/productos-construccion-sostenibles\/mobiliario-sostenible\/parkings-de-seguridad-para-bicicletas-y-motocicletas\/soluciones-para-aparcar-y-guardar-bicicleta\/aparcabicicletas-horizontal\/\",\"url\":\"https:\/\/www.bioconstrumat.com\/fr\/productos-construccion-sostenibles\/mobiliario-sostenible\/parkings-de-seguridad-para-bicicletas-y-motocicletas\/soluciones-para-aparcar-y-guardar-bicicleta\/aparcabicicletas-horizontal\/\",\"name\":\"Horizontal bizikleta aparkalekuak - bioconstrumat.com\",\"isPartOf\":{\"@id\":\"https:\/\/www.bioconstrumat.com\/de\/#website\"},\"datePublished\":\"2017-02-08T15:06:51+00:00\",\"dateModified\":\"2017-02-08T15:12:05+00:00\",\"breadcrumb\":{\"@id\":\"https:\/\/www.bioconstrumat.com\/fr\/productos-construccion-sostenibles\/mobiliario-sostenible\/parkings-de-seguridad-para-bicicletas-y-motocicletas\/soluciones-para-aparcar-y-guardar-bicicleta\/aparcabicicletas-horizontal\/#breadcrumb\"},\"inLanguage\":\"eu\",\"potentialAction\":[{\"@type\":\"ReadAction\",\"target\":[\"https:\/\/www.bioconstrumat.com\/fr\/productos-construccion-sostenibles\/mobiliario-sostenible\/parkings-de-seguridad-para-bicicletas-y-motocicletas\/soluciones-para-aparcar-y-guardar-bicicleta\/aparcabicicletas-horizontal\/\"]}]},{\"@type\":\"BreadcrumbList\",\"@id\":\"https:\/\/www.bioconstrumat.com\/fr\/productos-construccion-sostenibles\/mobiliario-sostenible\/parkings-de-seguridad-para-bicicletas-y-motocicletas\/soluciones-para-aparcar-y-guardar-bicicleta\/aparcabicicletas-horizontal\/#breadcrumb\",\"itemListElement\":[{\"@type\":\"ListItem\",\"position\":1,\"name\":\"Home\",\"item\":\"https:\/\/www.bioconstrumat.com\/de\/\"},{\"@type\":\"ListItem\",\"position\":2,\"name\":\"Produits de construction durable\",\"item\":\"https:\/\/www.bioconstrumat.com\/fr\/productos-construccion-sostenibles\/\"},{\"@type\":\"ListItem\",\"position\":3,\"name\":\"Mobilier durable\",\"item\":\"https:\/\/www.bioconstrumat.com\/fr\/productos-construccion-sostenibles\/mobiliario-sostenible\/\"},{\"@type\":\"ListItem\",\"position\":4,\"name\":\"Le parking de s\u00e9curit\u00e9 pour v\u00e9los et motos\",\"item\":\"https:\/\/www.bioconstrumat.com\/fr\/productos-construccion-sostenibles\/mobiliario-sostenible\/parkings-de-seguridad-para-bicicletas-y-motocicletas\/\"},{\"@type\":\"ListItem\",\"position\":5,\"name\":\"Solutions pour le stationnement et le v\u00e9lo de stockage\",\"item\":\"https:\/\/www.bioconstrumat.com\/fr\/productos-construccion-sostenibles\/mobiliario-sostenible\/parkings-de-seguridad-para-bicicletas-y-motocicletas\/soluciones-para-aparcar-y-guardar-bicicleta\/\"},{\"@type\":\"ListItem\",\"position\":6,\"name\":\"Parkings \u00e0 v\u00e9lo horizontal\"}]},{\"@type\":\"WebSite\",\"@id\":\"https:\/\/www.bioconstrumat.com\/de\/#website\",\"url\":\"https:\/\/www.bioconstrumat.com\/de\/\",\"name\":\"bioconstrumat.com\",\"description\":\"material construcci\u00f3n sostenible\",\"potentialAction\":[{\"@type\":\"SearchAction\",\"target\":{\"@type\":\"EntryPoint\",\"urlTemplate\":\"https:\/\/www.bioconstrumat.com\/de\/?s={search_term_string}\"},\"query-input\":{\"@type\":\"PropertyValueSpecification\",\"valueRequired\":true,\"valueName\":\"search_term_string\"}}],\"inLanguage\":\"eu\"}]}<\/script>\n<!-- \/ Yoast SEO plugin. -->","yoast_head_json":{"title":"Horizontal bizikleta aparkalekuak - bioconstrumat.com","robots":{"index":"index","follow":"follow","max-snippet":"max-snippet:-1","max-image-preview":"max-image-preview:large","max-video-preview":"max-video-preview:-1"},"canonical":"https:\/\/www.bioconstrumat.com\/fr\/productos-construccion-sostenibles\/mobiliario-sostenible\/parkings-de-seguridad-para-bicicletas-y-motocicletas\/soluciones-para-aparcar-y-guardar-bicicleta\/aparcabicicletas-horizontal\/","og_locale":"en_US","og_type":"article","og_title":"Horizontal bizikleta aparkalekuak - bioconstrumat.com","og_description":"horizontal bizikleta aparkalekuak Share","og_url":"https:\/\/www.bioconstrumat.com\/fr\/productos-construccion-sostenibles\/mobiliario-sostenible\/parkings-de-seguridad-para-bicicletas-y-motocicletas\/soluciones-para-aparcar-y-guardar-bicicleta\/aparcabicicletas-horizontal\/","og_site_name":"bioconstrumat.com","article_modified_time":"2017-02-08T15:12:05+00:00","twitter_card":"summary_large_image","schema":{"@context":"https:\/\/schema.org","@graph":[{"@type":"WebPage","@id":"https:\/\/www.bioconstrumat.com\/fr\/productos-construccion-sostenibles\/mobiliario-sostenible\/parkings-de-seguridad-para-bicicletas-y-motocicletas\/soluciones-para-aparcar-y-guardar-bicicleta\/aparcabicicletas-horizontal\/","url":"https:\/\/www.bioconstrumat.com\/fr\/productos-construccion-sostenibles\/mobiliario-sostenible\/parkings-de-seguridad-para-bicicletas-y-motocicletas\/soluciones-para-aparcar-y-guardar-bicicleta\/aparcabicicletas-horizontal\/","name":"Horizontal bizikleta aparkalekuak - bioconstrumat.com","isPartOf":{"@id":"https:\/\/www.bioconstrumat.com\/de\/#website"},"datePublished":"2017-02-08T15:06:51+00:00","dateModified":"2017-02-08T15:12:05+00:00","breadcrumb":{"@id":"https:\/\/www.bioconstrumat.com\/fr\/productos-construccion-sostenibles\/mobiliario-sostenible\/parkings-de-seguridad-para-bicicletas-y-motocicletas\/soluciones-para-aparcar-y-guardar-bicicleta\/aparcabicicletas-horizontal\/#breadcrumb"},"inLanguage":"eu","potentialAction":[{"@type":"ReadAction","target":["https:\/\/www.bioconstrumat.com\/fr\/productos-construccion-sostenibles\/mobiliario-sostenible\/parkings-de-seguridad-para-bicicletas-y-motocicletas\/soluciones-para-aparcar-y-guardar-bicicleta\/aparcabicicletas-horizontal\/"]}]},{"@type":"BreadcrumbList","@id":"https:\/\/www.bioconstrumat.com\/fr\/productos-construccion-sostenibles\/mobiliario-sostenible\/parkings-de-seguridad-para-bicicletas-y-motocicletas\/soluciones-para-aparcar-y-guardar-bicicleta\/aparcabicicletas-horizontal\/#breadcrumb","itemListElement":[{"@type":"ListItem","position":1,"name":"Home","item":"https:\/\/www.bioconstrumat.com\/de\/"},{"@type":"ListItem","position":2,"name":"Produits de construction durable","item":"https:\/\/www.bioconstrumat.com\/fr\/productos-construccion-sostenibles\/"},{"@type":"ListItem","position":3,"name":"Mobilier durable","item":"https:\/\/www.bioconstrumat.com\/fr\/productos-construccion-sostenibles\/mobiliario-sostenible\/"},{"@type":"ListItem","position":4,"name":"Le parking de s\u00e9curit\u00e9 pour v\u00e9los et motos","item":"https:\/\/www.bioconstrumat.com\/fr\/productos-construccion-sostenibles\/mobiliario-sostenible\/parkings-de-seguridad-para-bicicletas-y-motocicletas\/"},{"@type":"ListItem","position":5,"name":"Solutions pour le stationnement et le v\u00e9lo de stockage","item":"https:\/\/www.bioconstrumat.com\/fr\/productos-construccion-sostenibles\/mobiliario-sostenible\/parkings-de-seguridad-para-bicicletas-y-motocicletas\/soluciones-para-aparcar-y-guardar-bicicleta\/"},{"@type":"ListItem","position":6,"name":"Parkings \u00e0 v\u00e9lo horizontal"}]},{"@type":"WebSite","@id":"https:\/\/www.bioconstrumat.com\/de\/#website","url":"https:\/\/www.bioconstrumat.com\/de\/","name":"bioconstrumat.com","description":"material construcci\u00f3n sostenible","potentialAction":[{"@type":"SearchAction","target":{"@type":"EntryPoint","urlTemplate":"https:\/\/www.bioconstrumat.com\/de\/?s={search_term_string}"},"query-input":{"@type":"PropertyValueSpecification","valueRequired":true,"valueName":"search_term_string"}}],"inLanguage":"eu"}]}},"_links":{"self":[{"href":"https:\/\/www.bioconstrumat.com\/eu\/wp-json\/wp\/v2\/pages\/575","targetHints":{"allow":["GET"]}}],"collection":[{"href":"https:\/\/www.bioconstrumat.com\/eu\/wp-json\/wp\/v2\/pages"}],"about":[{"href":"https:\/\/www.bioconstrumat.com\/eu\/wp-json\/wp\/v2\/types\/page"}],"author":[{"embeddable":true,"href":"https:\/\/www.bioconstrumat.com\/eu\/wp-json\/wp\/v2\/users\/3"}],"replies":[{"embeddable":true,"href":"https:\/\/www.bioconstrumat.com\/eu\/wp-json\/wp\/v2\/comments?post=575"}],"version-history":[{"count":4,"href":"https:\/\/www.bioconstrumat.com\/eu\/wp-json\/wp\/v2\/pages\/575\/revisions"}],"predecessor-version":[{"id":579,"href":"https:\/\/www.bioconstrumat.com\/eu\/wp-json\/wp\/v2\/pages\/575\/revisions\/579"}],"up":[{"embeddable":true,"href":"https:\/\/www.bioconstrumat.com\/eu\/wp-json\/wp\/v2\/pages\/565"}],"wp:attachment":[{"href":"https:\/\/www.bioconstrumat.com\/eu\/wp-json\/wp\/v2\/media?parent=575"}],"curies":[{"name":"wp","href":"https:\/\/api.w.org\/{rel}","templated":true}]}}