{"id":98,"date":"2016-04-30T17:53:42","date_gmt":"2016-04-30T17:53:42","guid":{"rendered":"http:\/\/www.bioconstrumat.com\/?page_id=98"},"modified":"2017-04-09T18:21:05","modified_gmt":"2017-04-09T18:21:05","slug":"aislamiento-sostenible","status":"publish","type":"page","link":"https:\/\/www.bioconstrumat.com\/de\/productos-construccion-sostenibles\/aislamiento-sostenible\/","title":{"rendered":"Nachhaltige isolation"},"content":{"rendered":"[vc_row][vc_column][vc_column_text]<strong>Isolation<\/strong>[\/vc_column_text][\/vc_column][\/vc_row][vc_row][vc_column][vc_column_text]<strong>Isolation nachhaltige Geb\u00e4ude<\/strong> halten eine angenehme Temperatur zugleich Energiebedarf zu reduzieren, <strong>Energie zu sparen<\/strong>.<\/p>\n<p><strong>Die Vorteile der Verwendung nachhaltige <\/strong>Isolierung als Isolierung und nat\u00fcrlicher Baustoff <strong>Naturschafwolle<\/strong> zur Isolierung im Bau, bestehen diminuci\u00f3n Verbrauch und CO2-Emissionen weltweit. Einfach Installation nachhaltige W\u00e4rmed\u00e4mmsysteme.<\/p>\n<p>Auch <a href=\"https:\/\/www.bioconstrumat.com\/de\/productos-construccion-sostenibles\/aislamiento-sostenible\/aislamiento-termico-sostenible\/aislamiento-fibra-de-madera\/\">Zellstoff<\/a>, <a href=\"https:\/\/www.bioconstrumat.com\/de\/productos-construccion-sostenibles\/aislamiento-sostenible\/aislamiento-termico-sostenible\/aislamiento-de-canamo\/\">Hanf<\/a> oder <a href=\"https:\/\/www.bioconstrumat.com\/de\/productos-construccion-sostenibles\/aislamiento-sostenible\/aislamiento-termico-sostenible\/aislamiento-de-algodon\/\">Baumwolle<\/a> sind gute Isolatoren nachhaltig.<\/p>\n<p>Die wichtigsten Arten von <strong>Isolierung f\u00fcr eine nachhaltige<\/strong> Sanierung gelten f\u00fcr:<br \/>\n&#8211; <strong>W\u00e4nde<\/strong><\/p>\n<p>mit Hohlr\u00e4umen: Injektion von isolierendem Material.<br \/>\nextradossats Gipsplatte laminiert D\u00e4mmprodukte angebracht<br \/>\nVollmauerwerk: Au\u00dfenisolierung projizierte oder fest mechanisch gesch\u00fctzt und bel\u00fcftete Fassadensysteme oder mit einem Gipsm\u00f6rtel.<br \/>\n&#8211; <strong>Abdeckungen<\/strong>:<\/p>\n<p>Unter Dach: Isolierung zwischen Balken und auf.<br \/>\nAuf Deck: Isolation auf dem Rock und sichern Sie die Systemabdeckung.<br \/>\n&#8211; <strong>Anzahl der Stockwerke:<\/strong><\/p>\n<p>Starre Isolierung unter der Oberfl\u00e4che.<br \/>\nEs gibt andere Orte nachhaltige Isolierung Verschl\u00fcsse (T\u00fcren, getont, etc.) zu implementieren, die Informationen \u00fcber andere Abschnitte enth\u00e4lt.<\/p>\n<p>&nbsp;[\/vc_column_text][\/vc_column][\/vc_row]\n<div class=\"be-social\" data-url=\"https:\/\/www.bioconstrumat.com\/de\/productos-construccion-sostenibles\/aislamiento-sostenible\/\" data-base=\"\" data-title=\"Nachhaltige isolation\" data-track=\"true\" data-via=\"\" data-show=\"{&quot;facebook&quot;:true,&quot;twitter&quot;:true,&quot;google&quot;:true,&quot;reddit&quot;:true,&quot;linkedin&quot;:true,&quot;meneame&quot;:true}\" ><h2 class=\"be-social-title\">Share<\/h2><\/div>","protected":false},"excerpt":{"rendered":"<p>[vc_row][vc_column][vc_column_text]Isolation[\/vc_column_text][\/vc_column][\/vc_row][vc_row][vc_column][vc_column_text]Isolation nachhaltige Geb\u00e4ude halten eine angenehme Temperatur zugleich Energiebedarf zu reduzieren, Energie zu sparen. Die Vorteile der Verwendung nachhaltige Isolierung als Isolierung und nat\u00fcrlicher Baustoff Naturschafwolle zur Isolierung im Bau, bestehen diminuci\u00f3n Verbrauch und CO2-Emissionen weltweit. Einfach Installation nachhaltige W\u00e4rmed\u00e4mmsysteme. Auch Zellstoff, Hanf oder Baumwolle sind gute Isolatoren nachhaltig. Die wichtigsten Arten von Isolierung f\u00fcr [&hellip;]<\/p>\n","protected":false},"author":3,"featured_media":0,"parent":48,"menu_order":0,"comment_status":"closed","ping_status":"closed","template":"","meta":{"_monsterinsights_skip_tracking":false,"_monsterinsights_sitenote_active":false,"_monsterinsights_sitenote_note":"","_monsterinsights_sitenote_category":0,"ngg_post_thumbnail":0,"footnotes":""},"class_list":["post-98","page","type-page","status-publish","hentry"],"yoast_head":"<!-- This site is optimized with the Yoast SEO plugin v27.1.1 - https:\/\/yoast.com\/product\/yoast-seo-wordpress\/ -->\n<title>Nachhaltige isolation - bioconstrumat.com<\/title>\n<meta name=\"robots\" content=\"index, follow, max-snippet:-1, max-image-preview:large, max-video-preview:-1\" \/>\n<link rel=\"canonical\" href=\"https:\/\/www.bioconstrumat.com\/fr\/productos-construccion-sostenibles\/aislamiento-sostenible\/\" \/>\n<meta property=\"og:locale\" content=\"de_DE\" \/>\n<meta property=\"og:type\" content=\"article\" \/>\n<meta property=\"og:title\" content=\"Nachhaltige isolation - bioconstrumat.com\" \/>\n<meta property=\"og:description\" content=\"[vc_row][vc_column][vc_column_text]Isolation[\/vc_column_text][\/vc_column][\/vc_row][vc_row][vc_column][vc_column_text]Isolation nachhaltige Geb\u00e4ude halten eine angenehme Temperatur zugleich Energiebedarf zu reduzieren, Energie zu sparen. Die Vorteile der Verwendung nachhaltige Isolierung als Isolierung und nat\u00fcrlicher Baustoff Naturschafwolle zur Isolierung im Bau, bestehen diminuci\u00f3n Verbrauch und CO2-Emissionen weltweit. Einfach Installation nachhaltige W\u00e4rmed\u00e4mmsysteme. Auch Zellstoff, Hanf oder Baumwolle sind gute Isolatoren nachhaltig. Die wichtigsten Arten von Isolierung f\u00fcr [&hellip;]\" \/>\n<meta property=\"og:url\" content=\"https:\/\/www.bioconstrumat.com\/fr\/productos-construccion-sostenibles\/aislamiento-sostenible\/\" \/>\n<meta property=\"og:site_name\" content=\"bioconstrumat.com\" \/>\n<meta property=\"article:modified_time\" content=\"2017-04-09T18:21:05+00:00\" \/>\n<meta name=\"twitter:card\" content=\"summary_large_image\" \/>\n<meta name=\"twitter:label1\" content=\"Gesch\u00e4tzte Lesezeit\" \/>\n\t<meta name=\"twitter:data1\" content=\"7\u00a0Minuten\" \/>\n<script type=\"application\/ld+json\" class=\"yoast-schema-graph\">{\"@context\":\"https:\/\/schema.org\",\"@graph\":[{\"@type\":\"WebPage\",\"@id\":\"https:\/\/www.bioconstrumat.com\/fr\/productos-construccion-sostenibles\/aislamiento-sostenible\/\",\"url\":\"https:\/\/www.bioconstrumat.com\/fr\/productos-construccion-sostenibles\/aislamiento-sostenible\/\",\"name\":\"Nachhaltige isolation - bioconstrumat.com\",\"isPartOf\":{\"@id\":\"https:\/\/www.bioconstrumat.com\/de\/#website\"},\"datePublished\":\"2016-04-30T17:53:42+00:00\",\"dateModified\":\"2017-04-09T18:21:05+00:00\",\"breadcrumb\":{\"@id\":\"https:\/\/www.bioconstrumat.com\/fr\/productos-construccion-sostenibles\/aislamiento-sostenible\/#breadcrumb\"},\"inLanguage\":\"de\",\"potentialAction\":[{\"@type\":\"ReadAction\",\"target\":[\"https:\/\/www.bioconstrumat.com\/fr\/productos-construccion-sostenibles\/aislamiento-sostenible\/\"]}]},{\"@type\":\"BreadcrumbList\",\"@id\":\"https:\/\/www.bioconstrumat.com\/fr\/productos-construccion-sostenibles\/aislamiento-sostenible\/#breadcrumb\",\"itemListElement\":[{\"@type\":\"ListItem\",\"position\":1,\"name\":\"Home\",\"item\":\"https:\/\/www.bioconstrumat.com\/de\/\"},{\"@type\":\"ListItem\",\"position\":2,\"name\":\"Produits de construction durable\",\"item\":\"https:\/\/www.bioconstrumat.com\/fr\/productos-construccion-sostenibles\/\"},{\"@type\":\"ListItem\",\"position\":3,\"name\":\"Isolement durable\"}]},{\"@type\":\"WebSite\",\"@id\":\"https:\/\/www.bioconstrumat.com\/de\/#website\",\"url\":\"https:\/\/www.bioconstrumat.com\/de\/\",\"name\":\"bioconstrumat.com\",\"description\":\"material construcci\u00f3n sostenible\",\"potentialAction\":[{\"@type\":\"SearchAction\",\"target\":{\"@type\":\"EntryPoint\",\"urlTemplate\":\"https:\/\/www.bioconstrumat.com\/de\/?s={search_term_string}\"},\"query-input\":{\"@type\":\"PropertyValueSpecification\",\"valueRequired\":true,\"valueName\":\"search_term_string\"}}],\"inLanguage\":\"de\"}]}<\/script>\n<!-- \/ Yoast SEO plugin. -->","yoast_head_json":{"title":"Nachhaltige isolation - bioconstrumat.com","robots":{"index":"index","follow":"follow","max-snippet":"max-snippet:-1","max-image-preview":"max-image-preview:large","max-video-preview":"max-video-preview:-1"},"canonical":"https:\/\/www.bioconstrumat.com\/fr\/productos-construccion-sostenibles\/aislamiento-sostenible\/","og_locale":"de_DE","og_type":"article","og_title":"Nachhaltige isolation - bioconstrumat.com","og_description":"[vc_row][vc_column][vc_column_text]Isolation[\/vc_column_text][\/vc_column][\/vc_row][vc_row][vc_column][vc_column_text]Isolation nachhaltige Geb\u00e4ude halten eine angenehme Temperatur zugleich Energiebedarf zu reduzieren, Energie zu sparen. Die Vorteile der Verwendung nachhaltige Isolierung als Isolierung und nat\u00fcrlicher Baustoff Naturschafwolle zur Isolierung im Bau, bestehen diminuci\u00f3n Verbrauch und CO2-Emissionen weltweit. Einfach Installation nachhaltige W\u00e4rmed\u00e4mmsysteme. Auch Zellstoff, Hanf oder Baumwolle sind gute Isolatoren nachhaltig. Die wichtigsten Arten von Isolierung f\u00fcr [&hellip;]","og_url":"https:\/\/www.bioconstrumat.com\/fr\/productos-construccion-sostenibles\/aislamiento-sostenible\/","og_site_name":"bioconstrumat.com","article_modified_time":"2017-04-09T18:21:05+00:00","twitter_card":"summary_large_image","twitter_misc":{"Gesch\u00e4tzte Lesezeit":"7\u00a0Minuten"},"schema":{"@context":"https:\/\/schema.org","@graph":[{"@type":"WebPage","@id":"https:\/\/www.bioconstrumat.com\/fr\/productos-construccion-sostenibles\/aislamiento-sostenible\/","url":"https:\/\/www.bioconstrumat.com\/fr\/productos-construccion-sostenibles\/aislamiento-sostenible\/","name":"Nachhaltige isolation - bioconstrumat.com","isPartOf":{"@id":"https:\/\/www.bioconstrumat.com\/de\/#website"},"datePublished":"2016-04-30T17:53:42+00:00","dateModified":"2017-04-09T18:21:05+00:00","breadcrumb":{"@id":"https:\/\/www.bioconstrumat.com\/fr\/productos-construccion-sostenibles\/aislamiento-sostenible\/#breadcrumb"},"inLanguage":"de","potentialAction":[{"@type":"ReadAction","target":["https:\/\/www.bioconstrumat.com\/fr\/productos-construccion-sostenibles\/aislamiento-sostenible\/"]}]},{"@type":"BreadcrumbList","@id":"https:\/\/www.bioconstrumat.com\/fr\/productos-construccion-sostenibles\/aislamiento-sostenible\/#breadcrumb","itemListElement":[{"@type":"ListItem","position":1,"name":"Home","item":"https:\/\/www.bioconstrumat.com\/de\/"},{"@type":"ListItem","position":2,"name":"Produits de construction durable","item":"https:\/\/www.bioconstrumat.com\/fr\/productos-construccion-sostenibles\/"},{"@type":"ListItem","position":3,"name":"Isolement durable"}]},{"@type":"WebSite","@id":"https:\/\/www.bioconstrumat.com\/de\/#website","url":"https:\/\/www.bioconstrumat.com\/de\/","name":"bioconstrumat.com","description":"material construcci\u00f3n sostenible","potentialAction":[{"@type":"SearchAction","target":{"@type":"EntryPoint","urlTemplate":"https:\/\/www.bioconstrumat.com\/de\/?s={search_term_string}"},"query-input":{"@type":"PropertyValueSpecification","valueRequired":true,"valueName":"search_term_string"}}],"inLanguage":"de"}]}},"_links":{"self":[{"href":"https:\/\/www.bioconstrumat.com\/de\/wp-json\/wp\/v2\/pages\/98","targetHints":{"allow":["GET"]}}],"collection":[{"href":"https:\/\/www.bioconstrumat.com\/de\/wp-json\/wp\/v2\/pages"}],"about":[{"href":"https:\/\/www.bioconstrumat.com\/de\/wp-json\/wp\/v2\/types\/page"}],"author":[{"embeddable":true,"href":"https:\/\/www.bioconstrumat.com\/de\/wp-json\/wp\/v2\/users\/3"}],"replies":[{"embeddable":true,"href":"https:\/\/www.bioconstrumat.com\/de\/wp-json\/wp\/v2\/comments?post=98"}],"version-history":[{"count":19,"href":"https:\/\/www.bioconstrumat.com\/de\/wp-json\/wp\/v2\/pages\/98\/revisions"}],"predecessor-version":[{"id":761,"href":"https:\/\/www.bioconstrumat.com\/de\/wp-json\/wp\/v2\/pages\/98\/revisions\/761"}],"up":[{"embeddable":true,"href":"https:\/\/www.bioconstrumat.com\/de\/wp-json\/wp\/v2\/pages\/48"}],"wp:attachment":[{"href":"https:\/\/www.bioconstrumat.com\/de\/wp-json\/wp\/v2\/media?parent=98"}],"curies":[{"name":"wp","href":"https:\/\/api.w.org\/{rel}","templated":true}]}}