{"id":60,"date":"2016-04-28T16:34:39","date_gmt":"2016-04-28T16:34:39","guid":{"rendered":"http:\/\/www.bioconstrumat.com\/?page_id=60"},"modified":"2017-03-14T14:59:01","modified_gmt":"2017-03-14T14:59:01","slug":"casa-sana","status":"publish","type":"page","link":"https:\/\/www.bioconstrumat.com\/de\/casa-sana\/","title":{"rendered":"Gesund haus"},"content":{"rendered":"[vc_row][vc_column][vc_column_text]<strong>Gesund haus<\/strong><\/p>\n<p><strong>Um ein gesundes Zuhause zu haben ist notwendig<\/strong>, dass das Haus <strong>sauber negativer Energie ist<\/strong>. Um das zu erreichen saubere Energie und haben eine negative gesundes Zuhause k\u00f6nnte es tun:<\/p>\n<ul>\n<li>Die <strong>Richtung<\/strong>, die eine gesunde Hause geben, so dass die meisten Stunden Tageslicht pro Tag hat.<\/li>\n<li>Erm\u00f6glicht f\u00fcr eine <strong>ausreichende<\/strong> Bel\u00fcftung L\u00fcftungsschlitze die Daumen, dass wir das Haus zu &#8222;atmen&#8220; zu machen und gesund sein.<\/li>\n<li><strong>Geobiologie<\/strong>, quis hilft uns, bestimmen die verschiedenen Elemente beide nat\u00fcrlich sind (Grundwasserstr\u00f6mung Reibung mit dem Boden, emittieren Wasserstoffionen, die das Land und erreichen senkrecht zu den Menschen \u00fcberqueren ..) und k\u00fcnstliche (elektromagnetische Felder wi-fi, nat\u00fcrliches Licht-dunkel) Haus, das unsere biologischen Prozesse (die Zirbeldr\u00fcse beeinflussen, die in der Basis des Gehirns haben, verantwortlich f\u00fcr Melatonin f\u00fcr den Schlaf zu erzeugen, aber durch das Tageslicht gestoppt wird, so bald erscheint, und auch durch elektromagnetische Felder) sowie Lebewesen und diese Elemente entweder Ger\u00e4t, Verteilungen Raum (Positionen der Betten, Vorh\u00e4nge antiradiacions mit Kupferdraht und Silber &#8230;) oder bis zu einem gewissen Cosell \u00e4ndern in den Abendstunden umgesetzt ein gesundes Zuhause zu haben.<\/li>\n<li><strong>Pflanzen<\/strong> Denn wie Obst und Gem\u00fcse, w\u00e4hrend sie ein dekoratives Element uns mit Sauerstoff Substanzen und Filter kontaminierte Luft im Inneren des Hauses zu helfen, ges\u00fcnder zu machen. Cacti gelegen adecuadamente Fenster auch dazu beitragen, eine ges\u00fcndere Hause zu haben. Obst und Gem\u00fcse auf einem Flug im Speisesaal oder in der K\u00fcche contrubieixen auch ein gesundes Zuhause.<\/li>\n<li>Die <strong>Sauberkeit und Ordnung<\/strong> tut gut Schwingungen geben und einen Aspekt gesundes Zuhause zu geben.<\/li>\n<li>Entspannend <strong>Atmosph\u00e4ren<\/strong> (Feng Shui) durch Musik, Essenzen und andere Aromen k\u00f6nnen Umgebungen schaffen, die Stimmung ein gesundes Zuhause bieten zu helfen, bieten.<\/li>\n<\/ul>\n[\/vc_column_text][\/vc_column][\/vc_row]\n<div class=\"be-social\" data-url=\"https:\/\/www.bioconstrumat.com\/de\/casa-sana\/\" data-base=\"\" data-title=\"Gesund haus\" data-track=\"true\" data-via=\"\" data-show=\"{&quot;facebook&quot;:true,&quot;twitter&quot;:true,&quot;google&quot;:true,&quot;reddit&quot;:true,&quot;linkedin&quot;:true,&quot;meneame&quot;:true}\" ><h2 class=\"be-social-title\">Share<\/h2><\/div>","protected":false},"excerpt":{"rendered":"<p>[vc_row][vc_column][vc_column_text]Gesund haus Um ein gesundes Zuhause zu haben ist notwendig, dass das Haus sauber negativer Energie ist. Um das zu erreichen saubere Energie und haben eine negative gesundes Zuhause k\u00f6nnte es tun: Die Richtung, die eine gesunde Hause geben, so dass die meisten Stunden Tageslicht pro Tag hat. Erm\u00f6glicht f\u00fcr eine ausreichende Bel\u00fcftung L\u00fcftungsschlitze die [&hellip;]<\/p>\n","protected":false},"author":3,"featured_media":0,"parent":0,"menu_order":0,"comment_status":"closed","ping_status":"closed","template":"","meta":{"_monsterinsights_skip_tracking":false,"_monsterinsights_sitenote_active":false,"_monsterinsights_sitenote_note":"","_monsterinsights_sitenote_category":0,"ngg_post_thumbnail":0,"footnotes":""},"class_list":["post-60","page","type-page","status-publish","hentry"],"yoast_head":"<!-- This site is optimized with the Yoast SEO plugin v27.4 - https:\/\/yoast.com\/product\/yoast-seo-wordpress\/ -->\n<title>Gesund haus - bioconstrumat.com<\/title>\n<meta name=\"robots\" content=\"index, follow, max-snippet:-1, max-image-preview:large, max-video-preview:-1\" \/>\n<link rel=\"canonical\" href=\"https:\/\/www.bioconstrumat.com\/casa-sana\/\" \/>\n<meta property=\"og:locale\" content=\"de_DE\" \/>\n<meta property=\"og:type\" content=\"article\" \/>\n<meta property=\"og:title\" content=\"Gesund haus - bioconstrumat.com\" \/>\n<meta property=\"og:description\" content=\"[vc_row][vc_column][vc_column_text]Gesund haus Um ein gesundes Zuhause zu haben ist notwendig, dass das Haus sauber negativer Energie ist. Um das zu erreichen saubere Energie und haben eine negative gesundes Zuhause k\u00f6nnte es tun: Die Richtung, die eine gesunde Hause geben, so dass die meisten Stunden Tageslicht pro Tag hat. Erm\u00f6glicht f\u00fcr eine ausreichende Bel\u00fcftung L\u00fcftungsschlitze die [&hellip;]\" \/>\n<meta property=\"og:url\" content=\"https:\/\/www.bioconstrumat.com\/casa-sana\/\" \/>\n<meta property=\"og:site_name\" content=\"bioconstrumat.com\" \/>\n<meta property=\"article:modified_time\" content=\"2017-03-14T14:59:01+00:00\" \/>\n<meta name=\"twitter:card\" content=\"summary_large_image\" \/>\n<meta name=\"twitter:label1\" content=\"Gesch\u00e4tzte Lesezeit\" \/>\n\t<meta name=\"twitter:data1\" content=\"11\u00a0Minuten\" \/>\n<script type=\"application\/ld+json\" class=\"yoast-schema-graph\">{\"@context\":\"https:\\\/\\\/schema.org\",\"@graph\":[{\"@type\":\"WebPage\",\"@id\":\"https:\\\/\\\/www.bioconstrumat.com\\\/casa-sana\\\/\",\"url\":\"https:\\\/\\\/www.bioconstrumat.com\\\/casa-sana\\\/\",\"name\":\"Gesund haus - bioconstrumat.com\",\"isPartOf\":{\"@id\":\"https:\\\/\\\/www.bioconstrumat.com\\\/de\\\/#website\"},\"datePublished\":\"2016-04-28T16:34:39+00:00\",\"dateModified\":\"2017-03-14T14:59:01+00:00\",\"breadcrumb\":{\"@id\":\"https:\\\/\\\/www.bioconstrumat.com\\\/casa-sana\\\/#breadcrumb\"},\"inLanguage\":\"de\",\"potentialAction\":[{\"@type\":\"ReadAction\",\"target\":[\"https:\\\/\\\/www.bioconstrumat.com\\\/casa-sana\\\/\"]}]},{\"@type\":\"BreadcrumbList\",\"@id\":\"https:\\\/\\\/www.bioconstrumat.com\\\/casa-sana\\\/#breadcrumb\",\"itemListElement\":[{\"@type\":\"ListItem\",\"position\":1,\"name\":\"Home\",\"item\":\"https:\\\/\\\/www.bioconstrumat.com\\\/de\\\/\"},{\"@type\":\"ListItem\",\"position\":2,\"name\":\"Casa Sana\"}]},{\"@type\":\"WebSite\",\"@id\":\"https:\\\/\\\/www.bioconstrumat.com\\\/de\\\/#website\",\"url\":\"https:\\\/\\\/www.bioconstrumat.com\\\/de\\\/\",\"name\":\"bioconstrumat.com\",\"description\":\"material construcci\u00f3n sostenible\",\"potentialAction\":[{\"@type\":\"SearchAction\",\"target\":{\"@type\":\"EntryPoint\",\"urlTemplate\":\"https:\\\/\\\/www.bioconstrumat.com\\\/de\\\/?s={search_term_string}\"},\"query-input\":{\"@type\":\"PropertyValueSpecification\",\"valueRequired\":true,\"valueName\":\"search_term_string\"}}],\"inLanguage\":\"de\"}]}<\/script>\n<!-- \/ Yoast SEO plugin. -->","yoast_head_json":{"title":"Gesund haus - bioconstrumat.com","robots":{"index":"index","follow":"follow","max-snippet":"max-snippet:-1","max-image-preview":"max-image-preview:large","max-video-preview":"max-video-preview:-1"},"canonical":"https:\/\/www.bioconstrumat.com\/casa-sana\/","og_locale":"de_DE","og_type":"article","og_title":"Gesund haus - bioconstrumat.com","og_description":"[vc_row][vc_column][vc_column_text]Gesund haus Um ein gesundes Zuhause zu haben ist notwendig, dass das Haus sauber negativer Energie ist. Um das zu erreichen saubere Energie und haben eine negative gesundes Zuhause k\u00f6nnte es tun: Die Richtung, die eine gesunde Hause geben, so dass die meisten Stunden Tageslicht pro Tag hat. Erm\u00f6glicht f\u00fcr eine ausreichende Bel\u00fcftung L\u00fcftungsschlitze die [&hellip;]","og_url":"https:\/\/www.bioconstrumat.com\/casa-sana\/","og_site_name":"bioconstrumat.com","article_modified_time":"2017-03-14T14:59:01+00:00","twitter_card":"summary_large_image","twitter_misc":{"Gesch\u00e4tzte Lesezeit":"11\u00a0Minuten"},"schema":{"@context":"https:\/\/schema.org","@graph":[{"@type":"WebPage","@id":"https:\/\/www.bioconstrumat.com\/casa-sana\/","url":"https:\/\/www.bioconstrumat.com\/casa-sana\/","name":"Gesund haus - bioconstrumat.com","isPartOf":{"@id":"https:\/\/www.bioconstrumat.com\/de\/#website"},"datePublished":"2016-04-28T16:34:39+00:00","dateModified":"2017-03-14T14:59:01+00:00","breadcrumb":{"@id":"https:\/\/www.bioconstrumat.com\/casa-sana\/#breadcrumb"},"inLanguage":"de","potentialAction":[{"@type":"ReadAction","target":["https:\/\/www.bioconstrumat.com\/casa-sana\/"]}]},{"@type":"BreadcrumbList","@id":"https:\/\/www.bioconstrumat.com\/casa-sana\/#breadcrumb","itemListElement":[{"@type":"ListItem","position":1,"name":"Home","item":"https:\/\/www.bioconstrumat.com\/de\/"},{"@type":"ListItem","position":2,"name":"Casa Sana"}]},{"@type":"WebSite","@id":"https:\/\/www.bioconstrumat.com\/de\/#website","url":"https:\/\/www.bioconstrumat.com\/de\/","name":"bioconstrumat.com","description":"material construcci\u00f3n sostenible","potentialAction":[{"@type":"SearchAction","target":{"@type":"EntryPoint","urlTemplate":"https:\/\/www.bioconstrumat.com\/de\/?s={search_term_string}"},"query-input":{"@type":"PropertyValueSpecification","valueRequired":true,"valueName":"search_term_string"}}],"inLanguage":"de"}]}},"_links":{"self":[{"href":"https:\/\/www.bioconstrumat.com\/de\/wp-json\/wp\/v2\/pages\/60","targetHints":{"allow":["GET"]}}],"collection":[{"href":"https:\/\/www.bioconstrumat.com\/de\/wp-json\/wp\/v2\/pages"}],"about":[{"href":"https:\/\/www.bioconstrumat.com\/de\/wp-json\/wp\/v2\/types\/page"}],"author":[{"embeddable":true,"href":"https:\/\/www.bioconstrumat.com\/de\/wp-json\/wp\/v2\/users\/3"}],"replies":[{"embeddable":true,"href":"https:\/\/www.bioconstrumat.com\/de\/wp-json\/wp\/v2\/comments?post=60"}],"version-history":[{"count":10,"href":"https:\/\/www.bioconstrumat.com\/de\/wp-json\/wp\/v2\/pages\/60\/revisions"}],"predecessor-version":[{"id":513,"href":"https:\/\/www.bioconstrumat.com\/de\/wp-json\/wp\/v2\/pages\/60\/revisions\/513"}],"wp:attachment":[{"href":"https:\/\/www.bioconstrumat.com\/de\/wp-json\/wp\/v2\/media?parent=60"}],"curies":[{"name":"wp","href":"https:\/\/api.w.org\/{rel}","templated":true}]}}