{"id":594,"date":"2017-02-08T16:11:31","date_gmt":"2017-02-08T16:11:31","guid":{"rendered":"http:\/\/www.bioconstrumat.com\/?page_id=594"},"modified":"2017-04-22T17:23:19","modified_gmt":"2017-04-22T17:23:19","slug":"aislamiento-de-lana-de-oveja","status":"publish","type":"page","link":"https:\/\/www.bioconstrumat.com\/de\/productos-construccion-sostenibles\/aislamiento-sostenible\/aislamiento-termico-sostenible\/aislamiento-de-lana-de-oveja\/","title":{"rendered":"Schafwoll-D\u00e4mmung"},"content":{"rendered":"[vc_row][vc_column][vc_column_text]\n<h1>Schafwoll-D\u00e4mmung<\/h1>\n[\/vc_column_text][\/vc_column][\/vc_row][vc_row][vc_column][vc_column_text]Herkunft:<br \/>\nDie Wolle stammt aus Schafschur regelm\u00e4\u00dfig w\u00e4hrend ihres gesamten Lebenszyklus bei Schafen durchgef\u00fchrt werden. PERT ist ein Material tierischen Ursprungs, natual Faser.<\/p>\n<p>Eigenschaften:<br \/>\nDie Wolle f\u00fcr die Isolierung aufgrund ihrer niedrigen thermischen Leitf\u00e4higkeit verwendet wird, sowie Trittschalld\u00e4mmung und Nachhall eviatr zu absorbieren.<\/p>\n<p>Anwendung:<br \/>\nIn der Bio-Wolle in:<br \/>\nIn den Kammern der W\u00e4rmed\u00e4mmung (trasdossats, Decken, Dachb\u00f6den und in Dachb\u00f6den unter Abdeckung) als F\u00fcllstoff.<br \/>\nKontaktfl\u00e4chen Veredelung wie W\u00e4nde, D\u00e4cher, Fassaden, usw.<\/p>\n<p>Produktvorstellung:<br \/>\nF\u00f6rmige Decken, Platten und Filze sowie in floques mit unterschiedlichen Dichten, Dicken und isolierenden F\u00e4higkeiten.<br \/>\nHerstellungsverfahren:<br \/>\nDie Rohwolle ist grau oder wei\u00df-Fasern von 20 bis 30 mm L\u00e4nge und einem Durchmesser von 25 bis 40 Mikron, vorgewaschene.<br \/>\nW\u00e4hrend des Herstellungsprozesses wird wool entf\u00e4rbt und mit einer Mottenschutzausr\u00fcstung Permethrin (synthetische Pyrethroide) aufgebracht und \/ oder Salz, Borax, die fungizide Eigenschaften und anti-Insekten aufweist. Es wird auch durch die Einwirkung des Feuers verz\u00f6gert. Es ist die Grundlage f\u00fcr die Herstellung von M\u00e4nteln System isolierend oder Vlies termofixat Stanzen.<br \/>\nkomparativen Kosten<\/p>\n<p>D\u00e4mmwolle Isolierung ist eine nachhaltige wirtschaftliche und konkurriert auch im Preis mit einigen der h\u00e4ufigsten traditionellen Isolierung.[\/vc_column_text][vc_tabs][vc_tab icon=&#8220;mk-li-like&#8220; title=&#8220;Vorteile&#8220; tab_id=&#8220;1492881598-1-94&#8243;][\/vc_tab][vc_tab icon=&#8220;mk-li-settings&#8220; title=&#8220;Merkmale Techniken&#8220; tab_id=&#8220;1492881598-2-68&#8243;][\/vc_tab][vc_tab icon=&#8220;mk-li-tool&#8220; title=&#8220;Installation&#8220; tab_id=&#8220;1492881630134-2-5&#8243;][\/vc_tab][\/vc_tabs][\/vc_column][\/vc_row]\n<div class=\"be-social\" data-url=\"https:\/\/www.bioconstrumat.com\/de\/productos-construccion-sostenibles\/aislamiento-sostenible\/aislamiento-termico-sostenible\/aislamiento-de-lana-de-oveja\/\" data-base=\"\" data-title=\"Schafwoll-D\u00e4mmung\" data-track=\"true\" data-via=\"\" data-show=\"{&quot;facebook&quot;:true,&quot;twitter&quot;:true,&quot;google&quot;:true,&quot;reddit&quot;:true,&quot;linkedin&quot;:true,&quot;meneame&quot;:true}\" ><h2 class=\"be-social-title\">Share<\/h2><\/div>","protected":false},"excerpt":{"rendered":"<p>[vc_row][vc_column][vc_column_text] Schafwoll-D\u00e4mmung [\/vc_column_text][\/vc_column][\/vc_row][vc_row][vc_column][vc_column_text]Herkunft: Die Wolle stammt aus Schafschur regelm\u00e4\u00dfig w\u00e4hrend ihres gesamten Lebenszyklus bei Schafen durchgef\u00fchrt werden. PERT ist ein Material tierischen Ursprungs, natual Faser. Eigenschaften: Die Wolle f\u00fcr die Isolierung aufgrund ihrer niedrigen thermischen Leitf\u00e4higkeit verwendet wird, sowie Trittschalld\u00e4mmung und Nachhall eviatr zu absorbieren. Anwendung: In der Bio-Wolle in: In den Kammern der W\u00e4rmed\u00e4mmung [&hellip;]<\/p>\n","protected":false},"author":3,"featured_media":0,"parent":109,"menu_order":0,"comment_status":"closed","ping_status":"closed","template":"","meta":{"_monsterinsights_skip_tracking":false,"_monsterinsights_sitenote_active":false,"_monsterinsights_sitenote_note":"","_monsterinsights_sitenote_category":0,"ngg_post_thumbnail":0,"footnotes":""},"class_list":["post-594","page","type-page","status-publish","hentry"],"yoast_head":"<!-- This site is optimized with the Yoast SEO plugin v27.1.1 - https:\/\/yoast.com\/product\/yoast-seo-wordpress\/ -->\n<title>Schafwoll-D\u00e4mmung - bioconstrumat.com<\/title>\n<meta name=\"robots\" content=\"index, follow, max-snippet:-1, max-image-preview:large, max-video-preview:-1\" \/>\n<link rel=\"canonical\" href=\"https:\/\/www.bioconstrumat.com\/fr\/productos-construccion-sostenibles\/aislamiento-sostenible\/aislamiento-termico-sostenible\/aislamiento-de-lana-de-oveja\/\" \/>\n<meta property=\"og:locale\" content=\"de_DE\" \/>\n<meta property=\"og:type\" content=\"article\" \/>\n<meta property=\"og:title\" content=\"Schafwoll-D\u00e4mmung - bioconstrumat.com\" \/>\n<meta property=\"og:description\" content=\"[vc_row][vc_column][vc_column_text] Schafwoll-D\u00e4mmung [\/vc_column_text][\/vc_column][\/vc_row][vc_row][vc_column][vc_column_text]Herkunft: Die Wolle stammt aus Schafschur regelm\u00e4\u00dfig w\u00e4hrend ihres gesamten Lebenszyklus bei Schafen durchgef\u00fchrt werden. PERT ist ein Material tierischen Ursprungs, natual Faser. Eigenschaften: Die Wolle f\u00fcr die Isolierung aufgrund ihrer niedrigen thermischen Leitf\u00e4higkeit verwendet wird, sowie Trittschalld\u00e4mmung und Nachhall eviatr zu absorbieren. Anwendung: In der Bio-Wolle in: In den Kammern der W\u00e4rmed\u00e4mmung [&hellip;]\" \/>\n<meta property=\"og:url\" content=\"https:\/\/www.bioconstrumat.com\/fr\/productos-construccion-sostenibles\/aislamiento-sostenible\/aislamiento-termico-sostenible\/aislamiento-de-lana-de-oveja\/\" \/>\n<meta property=\"og:site_name\" content=\"bioconstrumat.com\" \/>\n<meta property=\"article:modified_time\" content=\"2017-04-22T17:23:19+00:00\" \/>\n<meta name=\"twitter:card\" content=\"summary_large_image\" \/>\n<meta name=\"twitter:label1\" content=\"Gesch\u00e4tzte Lesezeit\" \/>\n\t<meta name=\"twitter:data1\" content=\"10\u00a0Minuten\" \/>\n<script type=\"application\/ld+json\" class=\"yoast-schema-graph\">{\"@context\":\"https:\/\/schema.org\",\"@graph\":[{\"@type\":\"WebPage\",\"@id\":\"https:\/\/www.bioconstrumat.com\/fr\/productos-construccion-sostenibles\/aislamiento-sostenible\/aislamiento-termico-sostenible\/aislamiento-de-lana-de-oveja\/\",\"url\":\"https:\/\/www.bioconstrumat.com\/fr\/productos-construccion-sostenibles\/aislamiento-sostenible\/aislamiento-termico-sostenible\/aislamiento-de-lana-de-oveja\/\",\"name\":\"Schafwoll-D\u00e4mmung - bioconstrumat.com\",\"isPartOf\":{\"@id\":\"https:\/\/www.bioconstrumat.com\/de\/#website\"},\"datePublished\":\"2017-02-08T16:11:31+00:00\",\"dateModified\":\"2017-04-22T17:23:19+00:00\",\"breadcrumb\":{\"@id\":\"https:\/\/www.bioconstrumat.com\/fr\/productos-construccion-sostenibles\/aislamiento-sostenible\/aislamiento-termico-sostenible\/aislamiento-de-lana-de-oveja\/#breadcrumb\"},\"inLanguage\":\"de\",\"potentialAction\":[{\"@type\":\"ReadAction\",\"target\":[\"https:\/\/www.bioconstrumat.com\/fr\/productos-construccion-sostenibles\/aislamiento-sostenible\/aislamiento-termico-sostenible\/aislamiento-de-lana-de-oveja\/\"]}]},{\"@type\":\"BreadcrumbList\",\"@id\":\"https:\/\/www.bioconstrumat.com\/fr\/productos-construccion-sostenibles\/aislamiento-sostenible\/aislamiento-termico-sostenible\/aislamiento-de-lana-de-oveja\/#breadcrumb\",\"itemListElement\":[{\"@type\":\"ListItem\",\"position\":1,\"name\":\"Home\",\"item\":\"https:\/\/www.bioconstrumat.com\/de\/\"},{\"@type\":\"ListItem\",\"position\":2,\"name\":\"Produits de construction durable\",\"item\":\"https:\/\/www.bioconstrumat.com\/fr\/productos-construccion-sostenibles\/\"},{\"@type\":\"ListItem\",\"position\":3,\"name\":\"Isolement durable\",\"item\":\"https:\/\/www.bioconstrumat.com\/fr\/productos-construccion-sostenibles\/aislamiento-sostenible\/\"},{\"@type\":\"ListItem\",\"position\":4,\"name\":\"Isolation thermique durable\",\"item\":\"https:\/\/www.bioconstrumat.com\/fr\/productos-construccion-sostenibles\/aislamiento-sostenible\/aislamiento-termico-sostenible\/\"},{\"@type\":\"ListItem\",\"position\":5,\"name\":\"Moutons isolation en laine\"}]},{\"@type\":\"WebSite\",\"@id\":\"https:\/\/www.bioconstrumat.com\/de\/#website\",\"url\":\"https:\/\/www.bioconstrumat.com\/de\/\",\"name\":\"bioconstrumat.com\",\"description\":\"material construcci\u00f3n sostenible\",\"potentialAction\":[{\"@type\":\"SearchAction\",\"target\":{\"@type\":\"EntryPoint\",\"urlTemplate\":\"https:\/\/www.bioconstrumat.com\/de\/?s={search_term_string}\"},\"query-input\":{\"@type\":\"PropertyValueSpecification\",\"valueRequired\":true,\"valueName\":\"search_term_string\"}}],\"inLanguage\":\"de\"}]}<\/script>\n<!-- \/ Yoast SEO plugin. -->","yoast_head_json":{"title":"Schafwoll-D\u00e4mmung - bioconstrumat.com","robots":{"index":"index","follow":"follow","max-snippet":"max-snippet:-1","max-image-preview":"max-image-preview:large","max-video-preview":"max-video-preview:-1"},"canonical":"https:\/\/www.bioconstrumat.com\/fr\/productos-construccion-sostenibles\/aislamiento-sostenible\/aislamiento-termico-sostenible\/aislamiento-de-lana-de-oveja\/","og_locale":"de_DE","og_type":"article","og_title":"Schafwoll-D\u00e4mmung - bioconstrumat.com","og_description":"[vc_row][vc_column][vc_column_text] Schafwoll-D\u00e4mmung [\/vc_column_text][\/vc_column][\/vc_row][vc_row][vc_column][vc_column_text]Herkunft: Die Wolle stammt aus Schafschur regelm\u00e4\u00dfig w\u00e4hrend ihres gesamten Lebenszyklus bei Schafen durchgef\u00fchrt werden. PERT ist ein Material tierischen Ursprungs, natual Faser. Eigenschaften: Die Wolle f\u00fcr die Isolierung aufgrund ihrer niedrigen thermischen Leitf\u00e4higkeit verwendet wird, sowie Trittschalld\u00e4mmung und Nachhall eviatr zu absorbieren. Anwendung: In der Bio-Wolle in: In den Kammern der W\u00e4rmed\u00e4mmung [&hellip;]","og_url":"https:\/\/www.bioconstrumat.com\/fr\/productos-construccion-sostenibles\/aislamiento-sostenible\/aislamiento-termico-sostenible\/aislamiento-de-lana-de-oveja\/","og_site_name":"bioconstrumat.com","article_modified_time":"2017-04-22T17:23:19+00:00","twitter_card":"summary_large_image","twitter_misc":{"Gesch\u00e4tzte Lesezeit":"10\u00a0Minuten"},"schema":{"@context":"https:\/\/schema.org","@graph":[{"@type":"WebPage","@id":"https:\/\/www.bioconstrumat.com\/fr\/productos-construccion-sostenibles\/aislamiento-sostenible\/aislamiento-termico-sostenible\/aislamiento-de-lana-de-oveja\/","url":"https:\/\/www.bioconstrumat.com\/fr\/productos-construccion-sostenibles\/aislamiento-sostenible\/aislamiento-termico-sostenible\/aislamiento-de-lana-de-oveja\/","name":"Schafwoll-D\u00e4mmung - bioconstrumat.com","isPartOf":{"@id":"https:\/\/www.bioconstrumat.com\/de\/#website"},"datePublished":"2017-02-08T16:11:31+00:00","dateModified":"2017-04-22T17:23:19+00:00","breadcrumb":{"@id":"https:\/\/www.bioconstrumat.com\/fr\/productos-construccion-sostenibles\/aislamiento-sostenible\/aislamiento-termico-sostenible\/aislamiento-de-lana-de-oveja\/#breadcrumb"},"inLanguage":"de","potentialAction":[{"@type":"ReadAction","target":["https:\/\/www.bioconstrumat.com\/fr\/productos-construccion-sostenibles\/aislamiento-sostenible\/aislamiento-termico-sostenible\/aislamiento-de-lana-de-oveja\/"]}]},{"@type":"BreadcrumbList","@id":"https:\/\/www.bioconstrumat.com\/fr\/productos-construccion-sostenibles\/aislamiento-sostenible\/aislamiento-termico-sostenible\/aislamiento-de-lana-de-oveja\/#breadcrumb","itemListElement":[{"@type":"ListItem","position":1,"name":"Home","item":"https:\/\/www.bioconstrumat.com\/de\/"},{"@type":"ListItem","position":2,"name":"Produits de construction durable","item":"https:\/\/www.bioconstrumat.com\/fr\/productos-construccion-sostenibles\/"},{"@type":"ListItem","position":3,"name":"Isolement durable","item":"https:\/\/www.bioconstrumat.com\/fr\/productos-construccion-sostenibles\/aislamiento-sostenible\/"},{"@type":"ListItem","position":4,"name":"Isolation thermique durable","item":"https:\/\/www.bioconstrumat.com\/fr\/productos-construccion-sostenibles\/aislamiento-sostenible\/aislamiento-termico-sostenible\/"},{"@type":"ListItem","position":5,"name":"Moutons isolation en laine"}]},{"@type":"WebSite","@id":"https:\/\/www.bioconstrumat.com\/de\/#website","url":"https:\/\/www.bioconstrumat.com\/de\/","name":"bioconstrumat.com","description":"material construcci\u00f3n sostenible","potentialAction":[{"@type":"SearchAction","target":{"@type":"EntryPoint","urlTemplate":"https:\/\/www.bioconstrumat.com\/de\/?s={search_term_string}"},"query-input":{"@type":"PropertyValueSpecification","valueRequired":true,"valueName":"search_term_string"}}],"inLanguage":"de"}]}},"_links":{"self":[{"href":"https:\/\/www.bioconstrumat.com\/de\/wp-json\/wp\/v2\/pages\/594","targetHints":{"allow":["GET"]}}],"collection":[{"href":"https:\/\/www.bioconstrumat.com\/de\/wp-json\/wp\/v2\/pages"}],"about":[{"href":"https:\/\/www.bioconstrumat.com\/de\/wp-json\/wp\/v2\/types\/page"}],"author":[{"embeddable":true,"href":"https:\/\/www.bioconstrumat.com\/de\/wp-json\/wp\/v2\/users\/3"}],"replies":[{"embeddable":true,"href":"https:\/\/www.bioconstrumat.com\/de\/wp-json\/wp\/v2\/comments?post=594"}],"version-history":[{"count":18,"href":"https:\/\/www.bioconstrumat.com\/de\/wp-json\/wp\/v2\/pages\/594\/revisions"}],"predecessor-version":[{"id":846,"href":"https:\/\/www.bioconstrumat.com\/de\/wp-json\/wp\/v2\/pages\/594\/revisions\/846"}],"up":[{"embeddable":true,"href":"https:\/\/www.bioconstrumat.com\/de\/wp-json\/wp\/v2\/pages\/109"}],"wp:attachment":[{"href":"https:\/\/www.bioconstrumat.com\/de\/wp-json\/wp\/v2\/media?parent=594"}],"curies":[{"name":"wp","href":"https:\/\/api.w.org\/{rel}","templated":true}]}}