{"id":436,"date":"2016-07-22T15:14:14","date_gmt":"2016-07-22T15:14:14","guid":{"rendered":"http:\/\/www.bioconstrumat.com\/?page_id=436"},"modified":"2017-03-14T14:49:00","modified_gmt":"2017-03-14T14:49:00","slug":"bioconstruccion","status":"publish","type":"page","link":"https:\/\/www.bioconstrumat.com\/de\/bioconstruccion\/","title":{"rendered":"Biobau"},"content":{"rendered":"[vc_row][vc_column][vc_column_text]<strong>Biobau<\/strong>[\/vc_column_text][\/vc_column][\/vc_row][vc_row][vc_column][vc_column_text]<strong>Was\u00a0its\u00a0Biobau and Green Building?<\/strong><br \/>\n<strong>Die Biobau ist f\u00fcr das Leben gebaut<\/strong>. Bau und Erhaltung der Bindung (<strong>Integration<\/strong>) die nat\u00fcrliche oder st\u00e4dtische Umwelt (<strong>Leben<\/strong>) <strong>mit Geh\u00e4use<\/strong>, sowohl technologische Anwendungen als funktionale und \u00e4sthetische Aspekte der nachhaltigen Baustoffen, mit dem Ziel, Lebensr\u00e4ume, die treffen menschliche Bed\u00fcrfnisse und nachhaltige Gesundheitsbedingungen.<\/p>\n<p>&nbsp;<\/p>\n<p><strong>Aspekte in Green Building, Biobau und nachhaltiges Bauen zu ber\u00fccksichtigen:<\/strong><\/p>\n<ul>\n<li>Ort oder geeigneten Standort. (Halten Sie die Gesundheit und \u00d6kologie der Umwelt im Auge).<\/li>\n<li>Typen auf den Bereich angepasst (Integration in die Landschaft und die lokale Architektur).<\/li>\n<li>Orientierung und Nutzung passiver Energie Sonne, Energieeinsparung und Nutzung erneuerbarer Energien.<\/li>\n<li>Geb\u00e4udetechnik.<\/li>\n<li>Nachhaltige Materialien, nat\u00fcrliche, gesunde und atmungsaktiv. (Unter Ber\u00fccksichtigung der Kosten f\u00fcr die Energiegewinnung, Herstellung, Transport und Installation).<\/li>\n<li>Verwenden Sie nat\u00fcrliche Barrieren phonischen und D\u00e4mmstoffen f\u00fcr die richtige thermischen und akustischen Komfort.<\/li>\n<li>Recycling und rationelle Bewirtschaftung von Wasser.<\/li>\n<li>\u00c4sthetische und funktionale Interieur: Farbe, Licht, Raum und Dimensionen.<\/li>\n<li>Minimierung der elektromagnetischen Verschmutzung.<\/li>\n<li>Niedrige wirtschaftlichen und sozialen Kosten.<\/li>\n<\/ul>\n[\/vc_column_text][\/vc_column][\/vc_row]\n<div class=\"be-social\" data-url=\"https:\/\/www.bioconstrumat.com\/de\/bioconstruccion\/\" data-base=\"\" data-title=\"Biobau\" data-track=\"true\" data-via=\"\" data-show=\"{&quot;facebook&quot;:true,&quot;twitter&quot;:true,&quot;google&quot;:true,&quot;reddit&quot;:true,&quot;linkedin&quot;:true,&quot;meneame&quot;:true}\" ><h2 class=\"be-social-title\">Share<\/h2><\/div>","protected":false},"excerpt":{"rendered":"<p>[vc_row][vc_column][vc_column_text]Biobau[\/vc_column_text][\/vc_column][\/vc_row][vc_row][vc_column][vc_column_text]Was\u00a0its\u00a0Biobau and Green Building? Die Biobau ist f\u00fcr das Leben gebaut. Bau und Erhaltung der Bindung (Integration) die nat\u00fcrliche oder st\u00e4dtische Umwelt (Leben) mit Geh\u00e4use, sowohl technologische Anwendungen als funktionale und \u00e4sthetische Aspekte der nachhaltigen Baustoffen, mit dem Ziel, Lebensr\u00e4ume, die treffen menschliche Bed\u00fcrfnisse und nachhaltige Gesundheitsbedingungen. &nbsp; Aspekte in Green Building, Biobau und nachhaltiges [&hellip;]<\/p>\n","protected":false},"author":3,"featured_media":0,"parent":0,"menu_order":0,"comment_status":"closed","ping_status":"closed","template":"","meta":{"_monsterinsights_skip_tracking":false,"_monsterinsights_sitenote_active":false,"_monsterinsights_sitenote_note":"","_monsterinsights_sitenote_category":0,"ngg_post_thumbnail":0,"footnotes":""},"class_list":["post-436","page","type-page","status-publish","hentry"],"yoast_head":"<!-- This site is optimized with the Yoast SEO plugin v27.4 - https:\/\/yoast.com\/product\/yoast-seo-wordpress\/ -->\n<title>Biobau - bioconstrumat.com<\/title>\n<meta name=\"robots\" content=\"index, follow, max-snippet:-1, max-image-preview:large, max-video-preview:-1\" \/>\n<link rel=\"canonical\" href=\"https:\/\/www.bioconstrumat.com\/bioconstruccion\/\" \/>\n<meta property=\"og:locale\" content=\"de_DE\" \/>\n<meta property=\"og:type\" content=\"article\" \/>\n<meta property=\"og:title\" content=\"Biobau - bioconstrumat.com\" \/>\n<meta property=\"og:description\" content=\"[vc_row][vc_column][vc_column_text]Biobau[\/vc_column_text][\/vc_column][\/vc_row][vc_row][vc_column][vc_column_text]Was\u00a0its\u00a0Biobau and Green Building? Die Biobau ist f\u00fcr das Leben gebaut. Bau und Erhaltung der Bindung (Integration) die nat\u00fcrliche oder st\u00e4dtische Umwelt (Leben) mit Geh\u00e4use, sowohl technologische Anwendungen als funktionale und \u00e4sthetische Aspekte der nachhaltigen Baustoffen, mit dem Ziel, Lebensr\u00e4ume, die treffen menschliche Bed\u00fcrfnisse und nachhaltige Gesundheitsbedingungen. &nbsp; Aspekte in Green Building, Biobau und nachhaltiges [&hellip;]\" \/>\n<meta property=\"og:url\" content=\"https:\/\/www.bioconstrumat.com\/bioconstruccion\/\" \/>\n<meta property=\"og:site_name\" content=\"bioconstrumat.com\" \/>\n<meta property=\"article:modified_time\" content=\"2017-03-14T14:49:00+00:00\" \/>\n<meta name=\"twitter:card\" content=\"summary_large_image\" \/>\n<meta name=\"twitter:label1\" content=\"Gesch\u00e4tzte Lesezeit\" \/>\n\t<meta name=\"twitter:data1\" content=\"7\u00a0Minuten\" \/>\n<script type=\"application\/ld+json\" class=\"yoast-schema-graph\">{\"@context\":\"https:\\\/\\\/schema.org\",\"@graph\":[{\"@type\":\"WebPage\",\"@id\":\"https:\\\/\\\/www.bioconstrumat.com\\\/bioconstruccion\\\/\",\"url\":\"https:\\\/\\\/www.bioconstrumat.com\\\/bioconstruccion\\\/\",\"name\":\"Biobau - bioconstrumat.com\",\"isPartOf\":{\"@id\":\"https:\\\/\\\/www.bioconstrumat.com\\\/de\\\/#website\"},\"datePublished\":\"2016-07-22T15:14:14+00:00\",\"dateModified\":\"2017-03-14T14:49:00+00:00\",\"breadcrumb\":{\"@id\":\"https:\\\/\\\/www.bioconstrumat.com\\\/bioconstruccion\\\/#breadcrumb\"},\"inLanguage\":\"de\",\"potentialAction\":[{\"@type\":\"ReadAction\",\"target\":[\"https:\\\/\\\/www.bioconstrumat.com\\\/bioconstruccion\\\/\"]}]},{\"@type\":\"BreadcrumbList\",\"@id\":\"https:\\\/\\\/www.bioconstrumat.com\\\/bioconstruccion\\\/#breadcrumb\",\"itemListElement\":[{\"@type\":\"ListItem\",\"position\":1,\"name\":\"Home\",\"item\":\"https:\\\/\\\/www.bioconstrumat.com\\\/de\\\/\"},{\"@type\":\"ListItem\",\"position\":2,\"name\":\"Bioconstrucci\u00f3n\"}]},{\"@type\":\"WebSite\",\"@id\":\"https:\\\/\\\/www.bioconstrumat.com\\\/de\\\/#website\",\"url\":\"https:\\\/\\\/www.bioconstrumat.com\\\/de\\\/\",\"name\":\"bioconstrumat.com\",\"description\":\"material construcci\u00f3n sostenible\",\"potentialAction\":[{\"@type\":\"SearchAction\",\"target\":{\"@type\":\"EntryPoint\",\"urlTemplate\":\"https:\\\/\\\/www.bioconstrumat.com\\\/de\\\/?s={search_term_string}\"},\"query-input\":{\"@type\":\"PropertyValueSpecification\",\"valueRequired\":true,\"valueName\":\"search_term_string\"}}],\"inLanguage\":\"de\"}]}<\/script>\n<!-- \/ Yoast SEO plugin. -->","yoast_head_json":{"title":"Biobau - bioconstrumat.com","robots":{"index":"index","follow":"follow","max-snippet":"max-snippet:-1","max-image-preview":"max-image-preview:large","max-video-preview":"max-video-preview:-1"},"canonical":"https:\/\/www.bioconstrumat.com\/bioconstruccion\/","og_locale":"de_DE","og_type":"article","og_title":"Biobau - bioconstrumat.com","og_description":"[vc_row][vc_column][vc_column_text]Biobau[\/vc_column_text][\/vc_column][\/vc_row][vc_row][vc_column][vc_column_text]Was\u00a0its\u00a0Biobau and Green Building? Die Biobau ist f\u00fcr das Leben gebaut. Bau und Erhaltung der Bindung (Integration) die nat\u00fcrliche oder st\u00e4dtische Umwelt (Leben) mit Geh\u00e4use, sowohl technologische Anwendungen als funktionale und \u00e4sthetische Aspekte der nachhaltigen Baustoffen, mit dem Ziel, Lebensr\u00e4ume, die treffen menschliche Bed\u00fcrfnisse und nachhaltige Gesundheitsbedingungen. &nbsp; Aspekte in Green Building, Biobau und nachhaltiges [&hellip;]","og_url":"https:\/\/www.bioconstrumat.com\/bioconstruccion\/","og_site_name":"bioconstrumat.com","article_modified_time":"2017-03-14T14:49:00+00:00","twitter_card":"summary_large_image","twitter_misc":{"Gesch\u00e4tzte Lesezeit":"7\u00a0Minuten"},"schema":{"@context":"https:\/\/schema.org","@graph":[{"@type":"WebPage","@id":"https:\/\/www.bioconstrumat.com\/bioconstruccion\/","url":"https:\/\/www.bioconstrumat.com\/bioconstruccion\/","name":"Biobau - bioconstrumat.com","isPartOf":{"@id":"https:\/\/www.bioconstrumat.com\/de\/#website"},"datePublished":"2016-07-22T15:14:14+00:00","dateModified":"2017-03-14T14:49:00+00:00","breadcrumb":{"@id":"https:\/\/www.bioconstrumat.com\/bioconstruccion\/#breadcrumb"},"inLanguage":"de","potentialAction":[{"@type":"ReadAction","target":["https:\/\/www.bioconstrumat.com\/bioconstruccion\/"]}]},{"@type":"BreadcrumbList","@id":"https:\/\/www.bioconstrumat.com\/bioconstruccion\/#breadcrumb","itemListElement":[{"@type":"ListItem","position":1,"name":"Home","item":"https:\/\/www.bioconstrumat.com\/de\/"},{"@type":"ListItem","position":2,"name":"Bioconstrucci\u00f3n"}]},{"@type":"WebSite","@id":"https:\/\/www.bioconstrumat.com\/de\/#website","url":"https:\/\/www.bioconstrumat.com\/de\/","name":"bioconstrumat.com","description":"material construcci\u00f3n sostenible","potentialAction":[{"@type":"SearchAction","target":{"@type":"EntryPoint","urlTemplate":"https:\/\/www.bioconstrumat.com\/de\/?s={search_term_string}"},"query-input":{"@type":"PropertyValueSpecification","valueRequired":true,"valueName":"search_term_string"}}],"inLanguage":"de"}]}},"_links":{"self":[{"href":"https:\/\/www.bioconstrumat.com\/de\/wp-json\/wp\/v2\/pages\/436","targetHints":{"allow":["GET"]}}],"collection":[{"href":"https:\/\/www.bioconstrumat.com\/de\/wp-json\/wp\/v2\/pages"}],"about":[{"href":"https:\/\/www.bioconstrumat.com\/de\/wp-json\/wp\/v2\/types\/page"}],"author":[{"embeddable":true,"href":"https:\/\/www.bioconstrumat.com\/de\/wp-json\/wp\/v2\/users\/3"}],"replies":[{"embeddable":true,"href":"https:\/\/www.bioconstrumat.com\/de\/wp-json\/wp\/v2\/comments?post=436"}],"version-history":[{"count":12,"href":"https:\/\/www.bioconstrumat.com\/de\/wp-json\/wp\/v2\/pages\/436\/revisions"}],"predecessor-version":[{"id":486,"href":"https:\/\/www.bioconstrumat.com\/de\/wp-json\/wp\/v2\/pages\/436\/revisions\/486"}],"wp:attachment":[{"href":"https:\/\/www.bioconstrumat.com\/de\/wp-json\/wp\/v2\/media?parent=436"}],"curies":[{"name":"wp","href":"https:\/\/api.w.org\/{rel}","templated":true}]}}