{"id":214,"date":"2016-05-06T17:27:47","date_gmt":"2016-05-06T17:27:47","guid":{"rendered":"http:\/\/www.bioconstrumat.com\/?page_id=214"},"modified":"2016-07-23T19:41:07","modified_gmt":"2016-07-23T19:41:07","slug":"porquebioconstruccion","status":"publish","type":"page","link":"https:\/\/www.bioconstrumat.com\/de\/bioconstruccion\/porquebioconstruccion\/","title":{"rendered":"Welche biokonstruktion ?"},"content":{"rendered":"<strong>Welche biobau ?<\/strong><\/p>\n<p><strong>Das Umweltbewusstsein<\/strong> ist keine Modeerscheinung , und <strong>wirkt<\/strong> sich auf viele Verhaltensweisen und Gewohnheiten unseres Lebens , und unter anderem eine der grundlegenden , wie Wohnen, <strong>Wohlfahrt<\/strong> , <strong>weil<\/strong> der <strong>soziale Frieden<\/strong> und sogar das <strong>\u00dcberleben<\/strong> und die <strong>Zukunft zuk\u00fcnftige Generationen h\u00e4ngen von unserem gegenw\u00e4rtigen Handlungen<\/strong> . Es kann nicht ein gr\u00fcnes Geb\u00e4ude und Bio sein, wenn nicht alle Aspekte ber\u00fccksichtigt anomenants \u00fcber ein nachhaltiges Geh\u00e4use zu genie\u00dfen.\n<div class=\"be-social\" data-url=\"https:\/\/www.bioconstrumat.com\/de\/bioconstruccion\/porquebioconstruccion\/\" data-base=\"\" data-title=\"Welche biokonstruktion ?\" data-track=\"true\" data-via=\"\" data-show=\"{&quot;facebook&quot;:true,&quot;twitter&quot;:true,&quot;google&quot;:true,&quot;reddit&quot;:true,&quot;linkedin&quot;:true,&quot;meneame&quot;:true}\" ><h2 class=\"be-social-title\">Share<\/h2><\/div>","protected":false},"excerpt":{"rendered":"<p>Welche biobau ? Das Umweltbewusstsein ist keine Modeerscheinung , und wirkt sich auf viele Verhaltensweisen und Gewohnheiten unseres Lebens , und unter anderem eine der grundlegenden , wie Wohnen, Wohlfahrt , weil der soziale Frieden und sogar das \u00dcberleben und die Zukunft zuk\u00fcnftige Generationen h\u00e4ngen von unserem gegenw\u00e4rtigen Handlungen . Es kann nicht ein gr\u00fcnes [&hellip;]<\/p>\n","protected":false},"author":3,"featured_media":0,"parent":436,"menu_order":0,"comment_status":"closed","ping_status":"closed","template":"","meta":{"_monsterinsights_skip_tracking":false,"_monsterinsights_sitenote_active":false,"_monsterinsights_sitenote_note":"","_monsterinsights_sitenote_category":0,"ngg_post_thumbnail":0,"footnotes":""},"class_list":["post-214","page","type-page","status-publish","hentry"],"yoast_head":"<!-- This site is optimized with the Yoast SEO plugin v27.1.1 - https:\/\/yoast.com\/product\/yoast-seo-wordpress\/ -->\n<title>Welche biokonstruktion ? - bioconstrumat.com<\/title>\n<meta name=\"robots\" content=\"index, follow, max-snippet:-1, max-image-preview:large, max-video-preview:-1\" \/>\n<link rel=\"canonical\" href=\"https:\/\/www.bioconstrumat.com\/bioconstruccion\/porquebioconstruccion\/\" \/>\n<meta property=\"og:locale\" content=\"de_DE\" \/>\n<meta property=\"og:type\" content=\"article\" \/>\n<meta property=\"og:title\" content=\"Welche biokonstruktion ? - bioconstrumat.com\" \/>\n<meta property=\"og:description\" content=\"Welche biobau ? Das Umweltbewusstsein ist keine Modeerscheinung , und wirkt sich auf viele Verhaltensweisen und Gewohnheiten unseres Lebens , und unter anderem eine der grundlegenden , wie Wohnen, Wohlfahrt , weil der soziale Frieden und sogar das \u00dcberleben und die Zukunft zuk\u00fcnftige Generationen h\u00e4ngen von unserem gegenw\u00e4rtigen Handlungen . Es kann nicht ein gr\u00fcnes [&hellip;]\" \/>\n<meta property=\"og:url\" content=\"https:\/\/www.bioconstrumat.com\/bioconstruccion\/porquebioconstruccion\/\" \/>\n<meta property=\"og:site_name\" content=\"bioconstrumat.com\" \/>\n<meta property=\"article:modified_time\" content=\"2016-07-23T19:41:07+00:00\" \/>\n<meta name=\"twitter:card\" content=\"summary_large_image\" \/>\n<meta name=\"twitter:label1\" content=\"Gesch\u00e4tzte Lesezeit\" \/>\n\t<meta name=\"twitter:data1\" content=\"3\u00a0Minuten\" \/>\n<script type=\"application\/ld+json\" class=\"yoast-schema-graph\">{\"@context\":\"https:\/\/schema.org\",\"@graph\":[{\"@type\":\"WebPage\",\"@id\":\"https:\/\/www.bioconstrumat.com\/bioconstruccion\/porquebioconstruccion\/\",\"url\":\"https:\/\/www.bioconstrumat.com\/bioconstruccion\/porquebioconstruccion\/\",\"name\":\"Welche biokonstruktion ? - bioconstrumat.com\",\"isPartOf\":{\"@id\":\"https:\/\/www.bioconstrumat.com\/de\/#website\"},\"datePublished\":\"2016-05-06T17:27:47+00:00\",\"dateModified\":\"2016-07-23T19:41:07+00:00\",\"breadcrumb\":{\"@id\":\"https:\/\/www.bioconstrumat.com\/bioconstruccion\/porquebioconstruccion\/#breadcrumb\"},\"inLanguage\":\"de\",\"potentialAction\":[{\"@type\":\"ReadAction\",\"target\":[\"https:\/\/www.bioconstrumat.com\/bioconstruccion\/porquebioconstruccion\/\"]}]},{\"@type\":\"BreadcrumbList\",\"@id\":\"https:\/\/www.bioconstrumat.com\/bioconstruccion\/porquebioconstruccion\/#breadcrumb\",\"itemListElement\":[{\"@type\":\"ListItem\",\"position\":1,\"name\":\"Home\",\"item\":\"https:\/\/www.bioconstrumat.com\/de\/\"},{\"@type\":\"ListItem\",\"position\":2,\"name\":\"Bioconstrucci\u00f3n\",\"item\":\"https:\/\/www.bioconstrumat.com\/bioconstruccion\/\"},{\"@type\":\"ListItem\",\"position\":3,\"name\":\"\u00bf Porqu\u00e9 bioconstrucci\u00f3n ?\"}]},{\"@type\":\"WebSite\",\"@id\":\"https:\/\/www.bioconstrumat.com\/de\/#website\",\"url\":\"https:\/\/www.bioconstrumat.com\/de\/\",\"name\":\"bioconstrumat.com\",\"description\":\"material construcci\u00f3n sostenible\",\"potentialAction\":[{\"@type\":\"SearchAction\",\"target\":{\"@type\":\"EntryPoint\",\"urlTemplate\":\"https:\/\/www.bioconstrumat.com\/de\/?s={search_term_string}\"},\"query-input\":{\"@type\":\"PropertyValueSpecification\",\"valueRequired\":true,\"valueName\":\"search_term_string\"}}],\"inLanguage\":\"de\"}]}<\/script>\n<!-- \/ Yoast SEO plugin. -->","yoast_head_json":{"title":"Welche biokonstruktion ? - bioconstrumat.com","robots":{"index":"index","follow":"follow","max-snippet":"max-snippet:-1","max-image-preview":"max-image-preview:large","max-video-preview":"max-video-preview:-1"},"canonical":"https:\/\/www.bioconstrumat.com\/bioconstruccion\/porquebioconstruccion\/","og_locale":"de_DE","og_type":"article","og_title":"Welche biokonstruktion ? - bioconstrumat.com","og_description":"Welche biobau ? Das Umweltbewusstsein ist keine Modeerscheinung , und wirkt sich auf viele Verhaltensweisen und Gewohnheiten unseres Lebens , und unter anderem eine der grundlegenden , wie Wohnen, Wohlfahrt , weil der soziale Frieden und sogar das \u00dcberleben und die Zukunft zuk\u00fcnftige Generationen h\u00e4ngen von unserem gegenw\u00e4rtigen Handlungen . Es kann nicht ein gr\u00fcnes [&hellip;]","og_url":"https:\/\/www.bioconstrumat.com\/bioconstruccion\/porquebioconstruccion\/","og_site_name":"bioconstrumat.com","article_modified_time":"2016-07-23T19:41:07+00:00","twitter_card":"summary_large_image","twitter_misc":{"Gesch\u00e4tzte Lesezeit":"3\u00a0Minuten"},"schema":{"@context":"https:\/\/schema.org","@graph":[{"@type":"WebPage","@id":"https:\/\/www.bioconstrumat.com\/bioconstruccion\/porquebioconstruccion\/","url":"https:\/\/www.bioconstrumat.com\/bioconstruccion\/porquebioconstruccion\/","name":"Welche biokonstruktion ? - bioconstrumat.com","isPartOf":{"@id":"https:\/\/www.bioconstrumat.com\/de\/#website"},"datePublished":"2016-05-06T17:27:47+00:00","dateModified":"2016-07-23T19:41:07+00:00","breadcrumb":{"@id":"https:\/\/www.bioconstrumat.com\/bioconstruccion\/porquebioconstruccion\/#breadcrumb"},"inLanguage":"de","potentialAction":[{"@type":"ReadAction","target":["https:\/\/www.bioconstrumat.com\/bioconstruccion\/porquebioconstruccion\/"]}]},{"@type":"BreadcrumbList","@id":"https:\/\/www.bioconstrumat.com\/bioconstruccion\/porquebioconstruccion\/#breadcrumb","itemListElement":[{"@type":"ListItem","position":1,"name":"Home","item":"https:\/\/www.bioconstrumat.com\/de\/"},{"@type":"ListItem","position":2,"name":"Bioconstrucci\u00f3n","item":"https:\/\/www.bioconstrumat.com\/bioconstruccion\/"},{"@type":"ListItem","position":3,"name":"\u00bf Porqu\u00e9 bioconstrucci\u00f3n ?"}]},{"@type":"WebSite","@id":"https:\/\/www.bioconstrumat.com\/de\/#website","url":"https:\/\/www.bioconstrumat.com\/de\/","name":"bioconstrumat.com","description":"material construcci\u00f3n sostenible","potentialAction":[{"@type":"SearchAction","target":{"@type":"EntryPoint","urlTemplate":"https:\/\/www.bioconstrumat.com\/de\/?s={search_term_string}"},"query-input":{"@type":"PropertyValueSpecification","valueRequired":true,"valueName":"search_term_string"}}],"inLanguage":"de"}]}},"_links":{"self":[{"href":"https:\/\/www.bioconstrumat.com\/de\/wp-json\/wp\/v2\/pages\/214","targetHints":{"allow":["GET"]}}],"collection":[{"href":"https:\/\/www.bioconstrumat.com\/de\/wp-json\/wp\/v2\/pages"}],"about":[{"href":"https:\/\/www.bioconstrumat.com\/de\/wp-json\/wp\/v2\/types\/page"}],"author":[{"embeddable":true,"href":"https:\/\/www.bioconstrumat.com\/de\/wp-json\/wp\/v2\/users\/3"}],"replies":[{"embeddable":true,"href":"https:\/\/www.bioconstrumat.com\/de\/wp-json\/wp\/v2\/comments?post=214"}],"version-history":[{"count":11,"href":"https:\/\/www.bioconstrumat.com\/de\/wp-json\/wp\/v2\/pages\/214\/revisions"}],"predecessor-version":[{"id":487,"href":"https:\/\/www.bioconstrumat.com\/de\/wp-json\/wp\/v2\/pages\/214\/revisions\/487"}],"up":[{"embeddable":true,"href":"https:\/\/www.bioconstrumat.com\/de\/wp-json\/wp\/v2\/pages\/436"}],"wp:attachment":[{"href":"https:\/\/www.bioconstrumat.com\/de\/wp-json\/wp\/v2\/media?parent=214"}],"curies":[{"name":"wp","href":"https:\/\/api.w.org\/{rel}","templated":true}]}}