{"id":158,"date":"2016-05-06T12:05:39","date_gmt":"2016-05-06T12:05:39","guid":{"rendered":"http:\/\/www.bioconstrumat.com\/?page_id=158"},"modified":"2017-04-22T20:06:34","modified_gmt":"2017-04-22T20:06:34","slug":"energia-equipos-sostenibles","status":"publish","type":"page","link":"https:\/\/www.bioconstrumat.com\/de\/productos-construccion-sostenibles\/energia-equipos-sostenibles\/","title":{"rendered":"Nachhaltiges Energie \/ Ausr\u00fcstung"},"content":{"rendered":"[vc_row][vc_column][vc_column_text]<strong>Nachhaltiges Energie \/ Ausr\u00fcstung<\/strong><\/p>\n<p>Die Ausstattung und nachhaltiger Energieerzeugung und -speicherung ist die Elemente, die in necessris gr\u00fcner Energie (*), die Mobilit\u00e4t, Abfall und Wasser zu erm\u00f6glichen, die Verringerung von Treibhausgasen zu erreichen, durchlaufen:<br \/>\n&nbsp; &nbsp;\u2022 Um eine Verringerung der Emissionen zu erreichen.<br \/>\n&nbsp; &nbsp;\u2022 Stellen Sie sicher, erneuerbare Energie erzeugen<br \/>\n&nbsp; &nbsp;\u2022 Verbesserung der Abfallwirtschaft und Wasser<\/p>\n<p><em>(*) Gr\u00fcne Energie ist alles, was Energie aus erneuerbaren Quellen wie Sonne, Wind, W\u00e4rme aus der Erde, Wellen &#8230; Zugleich stellt auch sicher, dass die verwendete Technologie die Solarmodule zu erhalten, die Windenergie, geothermische Kraftnutzung oder hydraulische; es erzeugt keinen Abfall oder Emissionen, oder zumindest; ihre Auswirkungen zu machen auf die Umwelt und die Gesundheit ist sehr gering.<\/em><\/p>\n<p>&nbsp;<\/p>\n<p>In den folgenden Links finden Sie:<br \/>\n&nbsp; \u2022 <a href=\"https:\/\/www.bioconstrumat.com\/de\/productos-construccion-sostenibles\/energia-equipos-sostenibles\/enchufes-para-cargar-el-coche-electrico\/\">Stecker zum Laden von Elektroauto<\/a><br \/>\n&nbsp; \u2022 <a href=\"https:\/\/www.bioconstrumat.com\/de\/productos-construccion-sostenibles\/energia-equipos-sostenibles\/baterias-casas-edificios\/\">Batterien speichern Energie in H\u00e4usern und Geb\u00e4uden<\/a><br \/>\n&nbsp; \u2022 <a href=\"https:\/\/www.bioconstrumat.com\/de\/productos-construccion-sostenibles\/energia-equipos-sostenibles\/biofiltros-aguas-pluviales\/\">Biofilter Regenwasser wiederverwenden<\/a><br \/>\n&nbsp; \u2022 <a href=\"https:\/\/www.bioconstrumat.com\/de\/productos-construccion-sostenibles\/energia-equipos-sostenibles\/domotica\/\">Hausautomation Elemente<\/a><br \/>\n&nbsp; \u2022 <a href=\"https:\/\/www.bioconstrumat.com\/de\/productos-construccion-sostenibles\/energia-equipos-sostenibles\/energia-eolica\/\">Windenergie<\/a><br \/>\n&nbsp; \u2022 <a href=\"https:\/\/www.bioconstrumat.com\/de\/productos-construccion-sostenibles\/energia-equipos-sostenibles\/energia-solar\/\">Sonnenergie<\/a><br \/>\n&nbsp; \u2022 <a href=\"https:\/\/www.bioconstrumat.com\/de\/productos-construccion-sostenibles\/energia-equipos-sostenibles\/bajo-consumo\/\">geringer Verbrauch<\/a>[\/vc_column_text][\/vc_column][\/vc_row]\n<div class=\"be-social\" data-url=\"https:\/\/www.bioconstrumat.com\/de\/productos-construccion-sostenibles\/energia-equipos-sostenibles\/\" data-base=\"\" data-title=\"Nachhaltiges Energie \/ Ausr\u00fcstung\" data-track=\"true\" data-via=\"\" data-show=\"{&quot;facebook&quot;:true,&quot;twitter&quot;:true,&quot;google&quot;:true,&quot;reddit&quot;:true,&quot;linkedin&quot;:true,&quot;meneame&quot;:true}\" ><h2 class=\"be-social-title\">Share<\/h2><\/div>","protected":false},"excerpt":{"rendered":"<p>[vc_row][vc_column][vc_column_text]Nachhaltiges Energie \/ Ausr\u00fcstung Die Ausstattung und nachhaltiger Energieerzeugung und -speicherung ist die Elemente, die in necessris gr\u00fcner Energie (*), die Mobilit\u00e4t, Abfall und Wasser zu erm\u00f6glichen, die Verringerung von Treibhausgasen zu erreichen, durchlaufen: &nbsp; &nbsp;\u2022 Um eine Verringerung der Emissionen zu erreichen. &nbsp; &nbsp;\u2022 Stellen Sie sicher, erneuerbare Energie erzeugen &nbsp; &nbsp;\u2022 Verbesserung der [&hellip;]<\/p>\n","protected":false},"author":3,"featured_media":0,"parent":48,"menu_order":0,"comment_status":"closed","ping_status":"closed","template":"","meta":{"_monsterinsights_skip_tracking":false,"_monsterinsights_sitenote_active":false,"_monsterinsights_sitenote_note":"","_monsterinsights_sitenote_category":0,"ngg_post_thumbnail":0,"footnotes":""},"class_list":["post-158","page","type-page","status-publish","hentry"],"yoast_head":"<!-- This site is optimized with the Yoast SEO plugin v27.4 - https:\/\/yoast.com\/product\/yoast-seo-wordpress\/ -->\n<title>Nachhaltiges Energie \/ Ausr\u00fcstung - bioconstrumat.com<\/title>\n<meta name=\"robots\" content=\"index, follow, max-snippet:-1, max-image-preview:large, max-video-preview:-1\" \/>\n<link rel=\"canonical\" href=\"https:\/\/www.bioconstrumat.com\/fr\/productos-construccion-sostenibles\/energia-equipos-sostenibles\/\" \/>\n<meta property=\"og:locale\" content=\"de_DE\" \/>\n<meta property=\"og:type\" content=\"article\" \/>\n<meta property=\"og:title\" content=\"Nachhaltiges Energie \/ Ausr\u00fcstung - bioconstrumat.com\" \/>\n<meta property=\"og:description\" content=\"[vc_row][vc_column][vc_column_text]Nachhaltiges Energie \/ Ausr\u00fcstung Die Ausstattung und nachhaltiger Energieerzeugung und -speicherung ist die Elemente, die in necessris gr\u00fcner Energie (*), die Mobilit\u00e4t, Abfall und Wasser zu erm\u00f6glichen, die Verringerung von Treibhausgasen zu erreichen, durchlaufen: &nbsp; &nbsp;\u2022 Um eine Verringerung der Emissionen zu erreichen. &nbsp; &nbsp;\u2022 Stellen Sie sicher, erneuerbare Energie erzeugen &nbsp; &nbsp;\u2022 Verbesserung der [&hellip;]\" \/>\n<meta property=\"og:url\" content=\"https:\/\/www.bioconstrumat.com\/fr\/productos-construccion-sostenibles\/energia-equipos-sostenibles\/\" \/>\n<meta property=\"og:site_name\" content=\"bioconstrumat.com\" \/>\n<meta property=\"article:modified_time\" content=\"2017-04-22T20:06:34+00:00\" \/>\n<meta name=\"twitter:card\" content=\"summary_large_image\" \/>\n<meta name=\"twitter:label1\" content=\"Gesch\u00e4tzte Lesezeit\" \/>\n\t<meta name=\"twitter:data1\" content=\"7\u00a0Minuten\" \/>\n<script type=\"application\/ld+json\" class=\"yoast-schema-graph\">{\"@context\":\"https:\\\/\\\/schema.org\",\"@graph\":[{\"@type\":\"WebPage\",\"@id\":\"https:\\\/\\\/www.bioconstrumat.com\\\/fr\\\/productos-construccion-sostenibles\\\/energia-equipos-sostenibles\\\/\",\"url\":\"https:\\\/\\\/www.bioconstrumat.com\\\/fr\\\/productos-construccion-sostenibles\\\/energia-equipos-sostenibles\\\/\",\"name\":\"Nachhaltiges Energie \\\/ Ausr\u00fcstung - bioconstrumat.com\",\"isPartOf\":{\"@id\":\"https:\\\/\\\/www.bioconstrumat.com\\\/de\\\/#website\"},\"datePublished\":\"2016-05-06T12:05:39+00:00\",\"dateModified\":\"2017-04-22T20:06:34+00:00\",\"breadcrumb\":{\"@id\":\"https:\\\/\\\/www.bioconstrumat.com\\\/fr\\\/productos-construccion-sostenibles\\\/energia-equipos-sostenibles\\\/#breadcrumb\"},\"inLanguage\":\"de\",\"potentialAction\":[{\"@type\":\"ReadAction\",\"target\":[\"https:\\\/\\\/www.bioconstrumat.com\\\/fr\\\/productos-construccion-sostenibles\\\/energia-equipos-sostenibles\\\/\"]}]},{\"@type\":\"BreadcrumbList\",\"@id\":\"https:\\\/\\\/www.bioconstrumat.com\\\/fr\\\/productos-construccion-sostenibles\\\/energia-equipos-sostenibles\\\/#breadcrumb\",\"itemListElement\":[{\"@type\":\"ListItem\",\"position\":1,\"name\":\"Home\",\"item\":\"https:\\\/\\\/www.bioconstrumat.com\\\/de\\\/\"},{\"@type\":\"ListItem\",\"position\":2,\"name\":\"Produits de construction durable\",\"item\":\"https:\\\/\\\/www.bioconstrumat.com\\\/fr\\\/productos-construccion-sostenibles\\\/\"},{\"@type\":\"ListItem\",\"position\":3,\"name\":\"Energie \\\/ \u00e9quipement durables\"}]},{\"@type\":\"WebSite\",\"@id\":\"https:\\\/\\\/www.bioconstrumat.com\\\/de\\\/#website\",\"url\":\"https:\\\/\\\/www.bioconstrumat.com\\\/de\\\/\",\"name\":\"bioconstrumat.com\",\"description\":\"material construcci\u00f3n sostenible\",\"potentialAction\":[{\"@type\":\"SearchAction\",\"target\":{\"@type\":\"EntryPoint\",\"urlTemplate\":\"https:\\\/\\\/www.bioconstrumat.com\\\/de\\\/?s={search_term_string}\"},\"query-input\":{\"@type\":\"PropertyValueSpecification\",\"valueRequired\":true,\"valueName\":\"search_term_string\"}}],\"inLanguage\":\"de\"}]}<\/script>\n<!-- \/ Yoast SEO plugin. -->","yoast_head_json":{"title":"Nachhaltiges Energie \/ Ausr\u00fcstung - bioconstrumat.com","robots":{"index":"index","follow":"follow","max-snippet":"max-snippet:-1","max-image-preview":"max-image-preview:large","max-video-preview":"max-video-preview:-1"},"canonical":"https:\/\/www.bioconstrumat.com\/fr\/productos-construccion-sostenibles\/energia-equipos-sostenibles\/","og_locale":"de_DE","og_type":"article","og_title":"Nachhaltiges Energie \/ Ausr\u00fcstung - bioconstrumat.com","og_description":"[vc_row][vc_column][vc_column_text]Nachhaltiges Energie \/ Ausr\u00fcstung Die Ausstattung und nachhaltiger Energieerzeugung und -speicherung ist die Elemente, die in necessris gr\u00fcner Energie (*), die Mobilit\u00e4t, Abfall und Wasser zu erm\u00f6glichen, die Verringerung von Treibhausgasen zu erreichen, durchlaufen: &nbsp; &nbsp;\u2022 Um eine Verringerung der Emissionen zu erreichen. &nbsp; &nbsp;\u2022 Stellen Sie sicher, erneuerbare Energie erzeugen &nbsp; &nbsp;\u2022 Verbesserung der [&hellip;]","og_url":"https:\/\/www.bioconstrumat.com\/fr\/productos-construccion-sostenibles\/energia-equipos-sostenibles\/","og_site_name":"bioconstrumat.com","article_modified_time":"2017-04-22T20:06:34+00:00","twitter_card":"summary_large_image","twitter_misc":{"Gesch\u00e4tzte Lesezeit":"7\u00a0Minuten"},"schema":{"@context":"https:\/\/schema.org","@graph":[{"@type":"WebPage","@id":"https:\/\/www.bioconstrumat.com\/fr\/productos-construccion-sostenibles\/energia-equipos-sostenibles\/","url":"https:\/\/www.bioconstrumat.com\/fr\/productos-construccion-sostenibles\/energia-equipos-sostenibles\/","name":"Nachhaltiges Energie \/ Ausr\u00fcstung - bioconstrumat.com","isPartOf":{"@id":"https:\/\/www.bioconstrumat.com\/de\/#website"},"datePublished":"2016-05-06T12:05:39+00:00","dateModified":"2017-04-22T20:06:34+00:00","breadcrumb":{"@id":"https:\/\/www.bioconstrumat.com\/fr\/productos-construccion-sostenibles\/energia-equipos-sostenibles\/#breadcrumb"},"inLanguage":"de","potentialAction":[{"@type":"ReadAction","target":["https:\/\/www.bioconstrumat.com\/fr\/productos-construccion-sostenibles\/energia-equipos-sostenibles\/"]}]},{"@type":"BreadcrumbList","@id":"https:\/\/www.bioconstrumat.com\/fr\/productos-construccion-sostenibles\/energia-equipos-sostenibles\/#breadcrumb","itemListElement":[{"@type":"ListItem","position":1,"name":"Home","item":"https:\/\/www.bioconstrumat.com\/de\/"},{"@type":"ListItem","position":2,"name":"Produits de construction durable","item":"https:\/\/www.bioconstrumat.com\/fr\/productos-construccion-sostenibles\/"},{"@type":"ListItem","position":3,"name":"Energie \/ \u00e9quipement durables"}]},{"@type":"WebSite","@id":"https:\/\/www.bioconstrumat.com\/de\/#website","url":"https:\/\/www.bioconstrumat.com\/de\/","name":"bioconstrumat.com","description":"material construcci\u00f3n sostenible","potentialAction":[{"@type":"SearchAction","target":{"@type":"EntryPoint","urlTemplate":"https:\/\/www.bioconstrumat.com\/de\/?s={search_term_string}"},"query-input":{"@type":"PropertyValueSpecification","valueRequired":true,"valueName":"search_term_string"}}],"inLanguage":"de"}]}},"_links":{"self":[{"href":"https:\/\/www.bioconstrumat.com\/de\/wp-json\/wp\/v2\/pages\/158","targetHints":{"allow":["GET"]}}],"collection":[{"href":"https:\/\/www.bioconstrumat.com\/de\/wp-json\/wp\/v2\/pages"}],"about":[{"href":"https:\/\/www.bioconstrumat.com\/de\/wp-json\/wp\/v2\/types\/page"}],"author":[{"embeddable":true,"href":"https:\/\/www.bioconstrumat.com\/de\/wp-json\/wp\/v2\/users\/3"}],"replies":[{"embeddable":true,"href":"https:\/\/www.bioconstrumat.com\/de\/wp-json\/wp\/v2\/comments?post=158"}],"version-history":[{"count":13,"href":"https:\/\/www.bioconstrumat.com\/de\/wp-json\/wp\/v2\/pages\/158\/revisions"}],"predecessor-version":[{"id":863,"href":"https:\/\/www.bioconstrumat.com\/de\/wp-json\/wp\/v2\/pages\/158\/revisions\/863"}],"up":[{"embeddable":true,"href":"https:\/\/www.bioconstrumat.com\/de\/wp-json\/wp\/v2\/pages\/48"}],"wp:attachment":[{"href":"https:\/\/www.bioconstrumat.com\/de\/wp-json\/wp\/v2\/media?parent=158"}],"curies":[{"name":"wp","href":"https:\/\/api.w.org\/{rel}","templated":true}]}}