{"id":129,"date":"2016-04-30T20:57:33","date_gmt":"2016-04-30T20:57:33","guid":{"rendered":"http:\/\/www.bioconstrumat.com\/?page_id=129"},"modified":"2017-04-22T16:39:50","modified_gmt":"2017-04-22T16:39:50","slug":"cerramientos-sostenibles","status":"publish","type":"page","link":"https:\/\/www.bioconstrumat.com\/de\/productos-construccion-sostenibles\/cerramientos-sostenibles\/","title":{"rendered":"Nachhaltige geh\u00e4use"},"content":{"rendered":"[vc_row][vc_column][vc_column_text]<strong>Nachhaltige Geh\u00e4use<\/strong><\/p>\n<p>W\u00e4hlen Sie Schlie\u00dfungen nachhaltig f\u00fcr unser Haus zu sparen auf den Energiebedarf des Geb\u00e4udes zu helfen.<\/p>\n<p><strong>Da Schlie\u00dfungen nachhaltig?<\/strong><br \/>\nSo sind die Anschaffungskosten durchgef\u00fchrt werden, haben wir die Kosteneinsparungen in Abzug zu bringen, die wir Energie zu erhalten, indem sie es mit und das Ergebnis wird kosteng\u00fcnstig sein bedeutet, dass die Umstellung auf eine nachhaltige Schlie\u00dfungen, Pert wir sprechen hier \u00fcber eine Investition, weil sie Einsparungen erm\u00f6glicht.<\/p>\n<p>Aber Energie, diese kosteng\u00fcnstig f\u00fcr unsere Tasche sollten Sie abziehen, die Kosten der Energie, die den Herstellungsprozess und Transport sowie andere Umweltauswirkungen darstellt, die eine Schlie\u00dfung nicht nachhaltig darstellt.<br \/>\n<strong>Wie recyceln Verschl\u00fcsse nicht nachhaltig?<\/strong><br \/>\nWir teilen ihr Engagement Auswirkungen auf die Umwelt zu reduzieren.<\/p>\n<p>Wenn Sie Ihre alte Zimmerei wollen nicht nachhaltig recyceln, kann eine Option sein, die alten Fenster wieder zu verwenden. Die Neuformulierung eines alten Fenster kann ein Spa\u00df DIY-Projekt sein. Sie k\u00f6nnen ein Mini-Gew\u00e4chshaus bauen oder ein Kunstwerk schaffen hier an der Wand zu h\u00e4ngen einige Ideen.<br \/>\nEine weitere M\u00f6glichkeit ist es, lokale gemeinn\u00fctzige Organisationen zu kontaktieren und ihnen die Fenster und T\u00fcren zu alt f\u00fcr ihre Projekte geben.<\/p>\n<p><strong>Wie k\u00f6nnen wir Ihnen helfen?<\/strong><br \/>\nWenn Sie diese nicht verwerten wollen und wir kauften Schlie\u00dfungen nachhaltige ersetzen alte Fenster oder T\u00fcren, die wir an die autorisierten deixellaria tragen werde.<\/p>\n<p>Wir stellen eine umfangreiche Sammlung von nachhaltigen Verschl\u00fcssen (Lagenholz und gemischten Holz und Aluminium)[\/vc_column_text][\/vc_column][\/vc_row]\n<div class=\"be-social\" data-url=\"https:\/\/www.bioconstrumat.com\/de\/productos-construccion-sostenibles\/cerramientos-sostenibles\/\" data-base=\"\" data-title=\"Nachhaltige geh\u00e4use\" data-track=\"true\" data-via=\"\" data-show=\"{&quot;facebook&quot;:true,&quot;twitter&quot;:true,&quot;google&quot;:true,&quot;reddit&quot;:true,&quot;linkedin&quot;:true,&quot;meneame&quot;:true}\" ><h2 class=\"be-social-title\">Share<\/h2><\/div>","protected":false},"excerpt":{"rendered":"<p>[vc_row][vc_column][vc_column_text]Nachhaltige Geh\u00e4use W\u00e4hlen Sie Schlie\u00dfungen nachhaltig f\u00fcr unser Haus zu sparen auf den Energiebedarf des Geb\u00e4udes zu helfen. Da Schlie\u00dfungen nachhaltig? So sind die Anschaffungskosten durchgef\u00fchrt werden, haben wir die Kosteneinsparungen in Abzug zu bringen, die wir Energie zu erhalten, indem sie es mit und das Ergebnis wird kosteng\u00fcnstig sein bedeutet, dass die Umstellung auf [&hellip;]<\/p>\n","protected":false},"author":3,"featured_media":0,"parent":48,"menu_order":0,"comment_status":"closed","ping_status":"closed","template":"","meta":{"_monsterinsights_skip_tracking":false,"_monsterinsights_sitenote_active":false,"_monsterinsights_sitenote_note":"","_monsterinsights_sitenote_category":0,"ngg_post_thumbnail":0,"footnotes":""},"class_list":["post-129","page","type-page","status-publish","hentry"],"yoast_head":"<!-- This site is optimized with the Yoast SEO plugin v27.1.1 - https:\/\/yoast.com\/product\/yoast-seo-wordpress\/ -->\n<title>Nachhaltige geh\u00e4use - bioconstrumat.com<\/title>\n<meta name=\"robots\" content=\"index, follow, max-snippet:-1, max-image-preview:large, max-video-preview:-1\" \/>\n<link rel=\"canonical\" href=\"https:\/\/www.bioconstrumat.com\/fr\/productos-construccion-sostenibles\/cerramientos-sostenibles\/\" \/>\n<meta property=\"og:locale\" content=\"de_DE\" \/>\n<meta property=\"og:type\" content=\"article\" \/>\n<meta property=\"og:title\" content=\"Nachhaltige geh\u00e4use - bioconstrumat.com\" \/>\n<meta property=\"og:description\" content=\"[vc_row][vc_column][vc_column_text]Nachhaltige Geh\u00e4use W\u00e4hlen Sie Schlie\u00dfungen nachhaltig f\u00fcr unser Haus zu sparen auf den Energiebedarf des Geb\u00e4udes zu helfen. Da Schlie\u00dfungen nachhaltig? So sind die Anschaffungskosten durchgef\u00fchrt werden, haben wir die Kosteneinsparungen in Abzug zu bringen, die wir Energie zu erhalten, indem sie es mit und das Ergebnis wird kosteng\u00fcnstig sein bedeutet, dass die Umstellung auf [&hellip;]\" \/>\n<meta property=\"og:url\" content=\"https:\/\/www.bioconstrumat.com\/fr\/productos-construccion-sostenibles\/cerramientos-sostenibles\/\" \/>\n<meta property=\"og:site_name\" content=\"bioconstrumat.com\" \/>\n<meta property=\"article:modified_time\" content=\"2017-04-22T16:39:50+00:00\" \/>\n<meta name=\"twitter:card\" content=\"summary_large_image\" \/>\n<meta name=\"twitter:label1\" content=\"Gesch\u00e4tzte Lesezeit\" \/>\n\t<meta name=\"twitter:data1\" content=\"9\u00a0Minuten\" \/>\n<script type=\"application\/ld+json\" class=\"yoast-schema-graph\">{\"@context\":\"https:\/\/schema.org\",\"@graph\":[{\"@type\":\"WebPage\",\"@id\":\"https:\/\/www.bioconstrumat.com\/fr\/productos-construccion-sostenibles\/cerramientos-sostenibles\/\",\"url\":\"https:\/\/www.bioconstrumat.com\/fr\/productos-construccion-sostenibles\/cerramientos-sostenibles\/\",\"name\":\"Nachhaltige geh\u00e4use - bioconstrumat.com\",\"isPartOf\":{\"@id\":\"https:\/\/www.bioconstrumat.com\/de\/#website\"},\"datePublished\":\"2016-04-30T20:57:33+00:00\",\"dateModified\":\"2017-04-22T16:39:50+00:00\",\"breadcrumb\":{\"@id\":\"https:\/\/www.bioconstrumat.com\/fr\/productos-construccion-sostenibles\/cerramientos-sostenibles\/#breadcrumb\"},\"inLanguage\":\"de\",\"potentialAction\":[{\"@type\":\"ReadAction\",\"target\":[\"https:\/\/www.bioconstrumat.com\/fr\/productos-construccion-sostenibles\/cerramientos-sostenibles\/\"]}]},{\"@type\":\"BreadcrumbList\",\"@id\":\"https:\/\/www.bioconstrumat.com\/fr\/productos-construccion-sostenibles\/cerramientos-sostenibles\/#breadcrumb\",\"itemListElement\":[{\"@type\":\"ListItem\",\"position\":1,\"name\":\"Home\",\"item\":\"https:\/\/www.bioconstrumat.com\/de\/\"},{\"@type\":\"ListItem\",\"position\":2,\"name\":\"Produits de construction durable\",\"item\":\"https:\/\/www.bioconstrumat.com\/fr\/productos-construccion-sostenibles\/\"},{\"@type\":\"ListItem\",\"position\":3,\"name\":\"Bo\u00eetiers durables\"}]},{\"@type\":\"WebSite\",\"@id\":\"https:\/\/www.bioconstrumat.com\/de\/#website\",\"url\":\"https:\/\/www.bioconstrumat.com\/de\/\",\"name\":\"bioconstrumat.com\",\"description\":\"material construcci\u00f3n sostenible\",\"potentialAction\":[{\"@type\":\"SearchAction\",\"target\":{\"@type\":\"EntryPoint\",\"urlTemplate\":\"https:\/\/www.bioconstrumat.com\/de\/?s={search_term_string}\"},\"query-input\":{\"@type\":\"PropertyValueSpecification\",\"valueRequired\":true,\"valueName\":\"search_term_string\"}}],\"inLanguage\":\"de\"}]}<\/script>\n<!-- \/ Yoast SEO plugin. -->","yoast_head_json":{"title":"Nachhaltige geh\u00e4use - bioconstrumat.com","robots":{"index":"index","follow":"follow","max-snippet":"max-snippet:-1","max-image-preview":"max-image-preview:large","max-video-preview":"max-video-preview:-1"},"canonical":"https:\/\/www.bioconstrumat.com\/fr\/productos-construccion-sostenibles\/cerramientos-sostenibles\/","og_locale":"de_DE","og_type":"article","og_title":"Nachhaltige geh\u00e4use - bioconstrumat.com","og_description":"[vc_row][vc_column][vc_column_text]Nachhaltige Geh\u00e4use W\u00e4hlen Sie Schlie\u00dfungen nachhaltig f\u00fcr unser Haus zu sparen auf den Energiebedarf des Geb\u00e4udes zu helfen. Da Schlie\u00dfungen nachhaltig? So sind die Anschaffungskosten durchgef\u00fchrt werden, haben wir die Kosteneinsparungen in Abzug zu bringen, die wir Energie zu erhalten, indem sie es mit und das Ergebnis wird kosteng\u00fcnstig sein bedeutet, dass die Umstellung auf [&hellip;]","og_url":"https:\/\/www.bioconstrumat.com\/fr\/productos-construccion-sostenibles\/cerramientos-sostenibles\/","og_site_name":"bioconstrumat.com","article_modified_time":"2017-04-22T16:39:50+00:00","twitter_card":"summary_large_image","twitter_misc":{"Gesch\u00e4tzte Lesezeit":"9\u00a0Minuten"},"schema":{"@context":"https:\/\/schema.org","@graph":[{"@type":"WebPage","@id":"https:\/\/www.bioconstrumat.com\/fr\/productos-construccion-sostenibles\/cerramientos-sostenibles\/","url":"https:\/\/www.bioconstrumat.com\/fr\/productos-construccion-sostenibles\/cerramientos-sostenibles\/","name":"Nachhaltige geh\u00e4use - bioconstrumat.com","isPartOf":{"@id":"https:\/\/www.bioconstrumat.com\/de\/#website"},"datePublished":"2016-04-30T20:57:33+00:00","dateModified":"2017-04-22T16:39:50+00:00","breadcrumb":{"@id":"https:\/\/www.bioconstrumat.com\/fr\/productos-construccion-sostenibles\/cerramientos-sostenibles\/#breadcrumb"},"inLanguage":"de","potentialAction":[{"@type":"ReadAction","target":["https:\/\/www.bioconstrumat.com\/fr\/productos-construccion-sostenibles\/cerramientos-sostenibles\/"]}]},{"@type":"BreadcrumbList","@id":"https:\/\/www.bioconstrumat.com\/fr\/productos-construccion-sostenibles\/cerramientos-sostenibles\/#breadcrumb","itemListElement":[{"@type":"ListItem","position":1,"name":"Home","item":"https:\/\/www.bioconstrumat.com\/de\/"},{"@type":"ListItem","position":2,"name":"Produits de construction durable","item":"https:\/\/www.bioconstrumat.com\/fr\/productos-construccion-sostenibles\/"},{"@type":"ListItem","position":3,"name":"Bo\u00eetiers durables"}]},{"@type":"WebSite","@id":"https:\/\/www.bioconstrumat.com\/de\/#website","url":"https:\/\/www.bioconstrumat.com\/de\/","name":"bioconstrumat.com","description":"material construcci\u00f3n sostenible","potentialAction":[{"@type":"SearchAction","target":{"@type":"EntryPoint","urlTemplate":"https:\/\/www.bioconstrumat.com\/de\/?s={search_term_string}"},"query-input":{"@type":"PropertyValueSpecification","valueRequired":true,"valueName":"search_term_string"}}],"inLanguage":"de"}]}},"_links":{"self":[{"href":"https:\/\/www.bioconstrumat.com\/de\/wp-json\/wp\/v2\/pages\/129","targetHints":{"allow":["GET"]}}],"collection":[{"href":"https:\/\/www.bioconstrumat.com\/de\/wp-json\/wp\/v2\/pages"}],"about":[{"href":"https:\/\/www.bioconstrumat.com\/de\/wp-json\/wp\/v2\/types\/page"}],"author":[{"embeddable":true,"href":"https:\/\/www.bioconstrumat.com\/de\/wp-json\/wp\/v2\/users\/3"}],"replies":[{"embeddable":true,"href":"https:\/\/www.bioconstrumat.com\/de\/wp-json\/wp\/v2\/comments?post=129"}],"version-history":[{"count":11,"href":"https:\/\/www.bioconstrumat.com\/de\/wp-json\/wp\/v2\/pages\/129\/revisions"}],"predecessor-version":[{"id":831,"href":"https:\/\/www.bioconstrumat.com\/de\/wp-json\/wp\/v2\/pages\/129\/revisions\/831"}],"up":[{"embeddable":true,"href":"https:\/\/www.bioconstrumat.com\/de\/wp-json\/wp\/v2\/pages\/48"}],"wp:attachment":[{"href":"https:\/\/www.bioconstrumat.com\/de\/wp-json\/wp\/v2\/media?parent=129"}],"curies":[{"name":"wp","href":"https:\/\/api.w.org\/{rel}","templated":true}]}}