{"id":109,"date":"2016-04-30T18:20:26","date_gmt":"2016-04-30T18:20:26","guid":{"rendered":"http:\/\/www.bioconstrumat.com\/?page_id=109"},"modified":"2017-04-21T15:27:37","modified_gmt":"2017-04-21T15:27:37","slug":"aislamiento-termico-sostenible","status":"publish","type":"page","link":"https:\/\/www.bioconstrumat.com\/de\/productos-construccion-sostenibles\/aislamiento-sostenible\/aislamiento-termico-sostenible\/","title":{"rendered":"Nachhaltige thermische Isolation"},"content":{"rendered":"[vc_row][vc_column][vc_column_text]<strong>Nachhaltige thermische Isolation<\/strong><\/p>\n<p>&#8211; Decke Hanf Thermofixierungs<br \/>\n&#8211; Lino termofijado<br \/>\n&#8211; Schafwolldecke<br \/>\n&#8211; Schafe Wollfilz<br \/>\n&#8211; Cork in Platten<br \/>\n&#8211; Cork zerquetscht<br \/>\n&#8211; Panels Coco<br \/>\n&#8211; Blanket spulen<br \/>\n&#8211; Baumwolltuch<br \/>\n&#8211; Glask\u00fcvette<\/p>\n<p>Isolation nachhaltige Geb\u00e4ude halten eine angenehme Temperatur zugleich Energiebedarf zu reduzieren, Energie zu sparen.<\/p>\n<p>Die Vorteile der Verwendung nachhaltige Isolierung als Isolierung und nat\u00fcrlicher Baustoff <strong>Naturschafwolle<\/strong> zur Isolierung im Bau, bestehen diminuci\u00f3n Verbrauch und CO2-Emissionen weltweit. Einfach Installation nachhaltige W\u00e4rmed\u00e4mmsysteme.<\/p>\n<p>Auch <strong>Zellstoff<\/strong>, <strong>Hanf<\/strong> oder <strong>Baumwolle<\/strong> sind gute Isolatoren nachhaltig.<\/p>\n<p>Die wichtigsten Arten von Isolierung f\u00fcr eine nachhaltige Sanierung gelten f\u00fcr:<br \/>\n&nbsp; &#8211; W\u00e4nde<\/p>\n<ul>\n<li>mit Hohlr\u00e4umen: Injektion von isolierendem Material.<\/li>\n<li>extradossats Gipsplatte laminiert D\u00e4mmprodukte angebracht<\/li>\n<li>Vollmauerwerk: Au\u00dfenisolierung projizierte oder fest mechanisch gesch\u00fctzt und bel\u00fcftete Fassadensysteme oder mit einem Gipsm\u00f6rtel.<\/li>\n<\/ul>\n<p>&nbsp; &#8211; Abdeckungen:<\/p>\n<ul>\n<li>Unter Dach: Isolierung zwischen Balken und auf.<\/li>\n<li>Auf Deck: Isolation auf dem Rock und sichern Sie die Systemabdeckung.<\/li>\n<\/ul>\n<p>&nbsp;<\/p>\n<p>&nbsp; &#8211; Anzahl der Stockwerke:<\/p>\n<ul>\n<li>Starre Isolierung unter der Oberfl\u00e4che.<\/li>\n<\/ul>\n<p>Es gibt andere Orte nachhaltige Isolierung Verschl\u00fcsse (T\u00fcren, getont, etc.) zu implementieren, die Informationen \u00fcber andere Abschnitte enth\u00e4lt.[\/vc_column_text][\/vc_column][\/vc_row]\n<div class=\"be-social\" data-url=\"https:\/\/www.bioconstrumat.com\/de\/productos-construccion-sostenibles\/aislamiento-sostenible\/aislamiento-termico-sostenible\/\" data-base=\"\" data-title=\"Nachhaltige thermische Isolation\" data-track=\"true\" data-via=\"\" data-show=\"{&quot;facebook&quot;:true,&quot;twitter&quot;:true,&quot;google&quot;:true,&quot;reddit&quot;:true,&quot;linkedin&quot;:true,&quot;meneame&quot;:true}\" ><h2 class=\"be-social-title\">Share<\/h2><\/div>","protected":false},"excerpt":{"rendered":"<p>[vc_row][vc_column][vc_column_text]Nachhaltige thermische Isolation &#8211; Decke Hanf Thermofixierungs &#8211; Lino termofijado &#8211; Schafwolldecke &#8211; Schafe Wollfilz &#8211; Cork in Platten &#8211; Cork zerquetscht &#8211; Panels Coco &#8211; Blanket spulen &#8211; Baumwolltuch &#8211; Glask\u00fcvette Isolation nachhaltige Geb\u00e4ude halten eine angenehme Temperatur zugleich Energiebedarf zu reduzieren, Energie zu sparen. Die Vorteile der Verwendung nachhaltige Isolierung als Isolierung und [&hellip;]<\/p>\n","protected":false},"author":3,"featured_media":0,"parent":98,"menu_order":0,"comment_status":"closed","ping_status":"closed","template":"","meta":{"_monsterinsights_skip_tracking":false,"_monsterinsights_sitenote_active":false,"_monsterinsights_sitenote_note":"","_monsterinsights_sitenote_category":0,"ngg_post_thumbnail":0,"footnotes":""},"class_list":["post-109","page","type-page","status-publish","hentry"],"yoast_head":"<!-- This site is optimized with the Yoast SEO plugin v27.4 - https:\/\/yoast.com\/product\/yoast-seo-wordpress\/ -->\n<title>Nachhaltige thermische Isolation - bioconstrumat.com<\/title>\n<meta name=\"robots\" content=\"index, follow, max-snippet:-1, max-image-preview:large, max-video-preview:-1\" \/>\n<link rel=\"canonical\" href=\"https:\/\/www.bioconstrumat.com\/fr\/productos-construccion-sostenibles\/aislamiento-sostenible\/aislamiento-termico-sostenible\/\" \/>\n<meta property=\"og:locale\" content=\"de_DE\" \/>\n<meta property=\"og:type\" content=\"article\" \/>\n<meta property=\"og:title\" content=\"Nachhaltige thermische Isolation - bioconstrumat.com\" \/>\n<meta property=\"og:description\" content=\"[vc_row][vc_column][vc_column_text]Nachhaltige thermische Isolation &#8211; Decke Hanf Thermofixierungs &#8211; Lino termofijado &#8211; Schafwolldecke &#8211; Schafe Wollfilz &#8211; Cork in Platten &#8211; Cork zerquetscht &#8211; Panels Coco &#8211; Blanket spulen &#8211; Baumwolltuch &#8211; Glask\u00fcvette Isolation nachhaltige Geb\u00e4ude halten eine angenehme Temperatur zugleich Energiebedarf zu reduzieren, Energie zu sparen. Die Vorteile der Verwendung nachhaltige Isolierung als Isolierung und [&hellip;]\" \/>\n<meta property=\"og:url\" content=\"https:\/\/www.bioconstrumat.com\/fr\/productos-construccion-sostenibles\/aislamiento-sostenible\/aislamiento-termico-sostenible\/\" \/>\n<meta property=\"og:site_name\" content=\"bioconstrumat.com\" \/>\n<meta property=\"article:modified_time\" content=\"2017-04-21T15:27:37+00:00\" \/>\n<meta name=\"twitter:card\" content=\"summary_large_image\" \/>\n<meta name=\"twitter:label1\" content=\"Gesch\u00e4tzte Lesezeit\" \/>\n\t<meta name=\"twitter:data1\" content=\"9\u00a0Minuten\" \/>\n<script type=\"application\/ld+json\" class=\"yoast-schema-graph\">{\"@context\":\"https:\\\/\\\/schema.org\",\"@graph\":[{\"@type\":\"WebPage\",\"@id\":\"https:\\\/\\\/www.bioconstrumat.com\\\/fr\\\/productos-construccion-sostenibles\\\/aislamiento-sostenible\\\/aislamiento-termico-sostenible\\\/\",\"url\":\"https:\\\/\\\/www.bioconstrumat.com\\\/fr\\\/productos-construccion-sostenibles\\\/aislamiento-sostenible\\\/aislamiento-termico-sostenible\\\/\",\"name\":\"Nachhaltige thermische Isolation - bioconstrumat.com\",\"isPartOf\":{\"@id\":\"https:\\\/\\\/www.bioconstrumat.com\\\/de\\\/#website\"},\"datePublished\":\"2016-04-30T18:20:26+00:00\",\"dateModified\":\"2017-04-21T15:27:37+00:00\",\"breadcrumb\":{\"@id\":\"https:\\\/\\\/www.bioconstrumat.com\\\/fr\\\/productos-construccion-sostenibles\\\/aislamiento-sostenible\\\/aislamiento-termico-sostenible\\\/#breadcrumb\"},\"inLanguage\":\"de\",\"potentialAction\":[{\"@type\":\"ReadAction\",\"target\":[\"https:\\\/\\\/www.bioconstrumat.com\\\/fr\\\/productos-construccion-sostenibles\\\/aislamiento-sostenible\\\/aislamiento-termico-sostenible\\\/\"]}]},{\"@type\":\"BreadcrumbList\",\"@id\":\"https:\\\/\\\/www.bioconstrumat.com\\\/fr\\\/productos-construccion-sostenibles\\\/aislamiento-sostenible\\\/aislamiento-termico-sostenible\\\/#breadcrumb\",\"itemListElement\":[{\"@type\":\"ListItem\",\"position\":1,\"name\":\"Home\",\"item\":\"https:\\\/\\\/www.bioconstrumat.com\\\/de\\\/\"},{\"@type\":\"ListItem\",\"position\":2,\"name\":\"Produits de construction durable\",\"item\":\"https:\\\/\\\/www.bioconstrumat.com\\\/fr\\\/productos-construccion-sostenibles\\\/\"},{\"@type\":\"ListItem\",\"position\":3,\"name\":\"Isolement durable\",\"item\":\"https:\\\/\\\/www.bioconstrumat.com\\\/fr\\\/productos-construccion-sostenibles\\\/aislamiento-sostenible\\\/\"},{\"@type\":\"ListItem\",\"position\":4,\"name\":\"Isolation thermique durable\"}]},{\"@type\":\"WebSite\",\"@id\":\"https:\\\/\\\/www.bioconstrumat.com\\\/de\\\/#website\",\"url\":\"https:\\\/\\\/www.bioconstrumat.com\\\/de\\\/\",\"name\":\"bioconstrumat.com\",\"description\":\"material construcci\u00f3n sostenible\",\"potentialAction\":[{\"@type\":\"SearchAction\",\"target\":{\"@type\":\"EntryPoint\",\"urlTemplate\":\"https:\\\/\\\/www.bioconstrumat.com\\\/de\\\/?s={search_term_string}\"},\"query-input\":{\"@type\":\"PropertyValueSpecification\",\"valueRequired\":true,\"valueName\":\"search_term_string\"}}],\"inLanguage\":\"de\"}]}<\/script>\n<!-- \/ Yoast SEO plugin. -->","yoast_head_json":{"title":"Nachhaltige thermische Isolation - bioconstrumat.com","robots":{"index":"index","follow":"follow","max-snippet":"max-snippet:-1","max-image-preview":"max-image-preview:large","max-video-preview":"max-video-preview:-1"},"canonical":"https:\/\/www.bioconstrumat.com\/fr\/productos-construccion-sostenibles\/aislamiento-sostenible\/aislamiento-termico-sostenible\/","og_locale":"de_DE","og_type":"article","og_title":"Nachhaltige thermische Isolation - bioconstrumat.com","og_description":"[vc_row][vc_column][vc_column_text]Nachhaltige thermische Isolation &#8211; Decke Hanf Thermofixierungs &#8211; Lino termofijado &#8211; Schafwolldecke &#8211; Schafe Wollfilz &#8211; Cork in Platten &#8211; Cork zerquetscht &#8211; Panels Coco &#8211; Blanket spulen &#8211; Baumwolltuch &#8211; Glask\u00fcvette Isolation nachhaltige Geb\u00e4ude halten eine angenehme Temperatur zugleich Energiebedarf zu reduzieren, Energie zu sparen. Die Vorteile der Verwendung nachhaltige Isolierung als Isolierung und [&hellip;]","og_url":"https:\/\/www.bioconstrumat.com\/fr\/productos-construccion-sostenibles\/aislamiento-sostenible\/aislamiento-termico-sostenible\/","og_site_name":"bioconstrumat.com","article_modified_time":"2017-04-21T15:27:37+00:00","twitter_card":"summary_large_image","twitter_misc":{"Gesch\u00e4tzte Lesezeit":"9\u00a0Minuten"},"schema":{"@context":"https:\/\/schema.org","@graph":[{"@type":"WebPage","@id":"https:\/\/www.bioconstrumat.com\/fr\/productos-construccion-sostenibles\/aislamiento-sostenible\/aislamiento-termico-sostenible\/","url":"https:\/\/www.bioconstrumat.com\/fr\/productos-construccion-sostenibles\/aislamiento-sostenible\/aislamiento-termico-sostenible\/","name":"Nachhaltige thermische Isolation - bioconstrumat.com","isPartOf":{"@id":"https:\/\/www.bioconstrumat.com\/de\/#website"},"datePublished":"2016-04-30T18:20:26+00:00","dateModified":"2017-04-21T15:27:37+00:00","breadcrumb":{"@id":"https:\/\/www.bioconstrumat.com\/fr\/productos-construccion-sostenibles\/aislamiento-sostenible\/aislamiento-termico-sostenible\/#breadcrumb"},"inLanguage":"de","potentialAction":[{"@type":"ReadAction","target":["https:\/\/www.bioconstrumat.com\/fr\/productos-construccion-sostenibles\/aislamiento-sostenible\/aislamiento-termico-sostenible\/"]}]},{"@type":"BreadcrumbList","@id":"https:\/\/www.bioconstrumat.com\/fr\/productos-construccion-sostenibles\/aislamiento-sostenible\/aislamiento-termico-sostenible\/#breadcrumb","itemListElement":[{"@type":"ListItem","position":1,"name":"Home","item":"https:\/\/www.bioconstrumat.com\/de\/"},{"@type":"ListItem","position":2,"name":"Produits de construction durable","item":"https:\/\/www.bioconstrumat.com\/fr\/productos-construccion-sostenibles\/"},{"@type":"ListItem","position":3,"name":"Isolement durable","item":"https:\/\/www.bioconstrumat.com\/fr\/productos-construccion-sostenibles\/aislamiento-sostenible\/"},{"@type":"ListItem","position":4,"name":"Isolation thermique durable"}]},{"@type":"WebSite","@id":"https:\/\/www.bioconstrumat.com\/de\/#website","url":"https:\/\/www.bioconstrumat.com\/de\/","name":"bioconstrumat.com","description":"material construcci\u00f3n sostenible","potentialAction":[{"@type":"SearchAction","target":{"@type":"EntryPoint","urlTemplate":"https:\/\/www.bioconstrumat.com\/de\/?s={search_term_string}"},"query-input":{"@type":"PropertyValueSpecification","valueRequired":true,"valueName":"search_term_string"}}],"inLanguage":"de"}]}},"_links":{"self":[{"href":"https:\/\/www.bioconstrumat.com\/de\/wp-json\/wp\/v2\/pages\/109","targetHints":{"allow":["GET"]}}],"collection":[{"href":"https:\/\/www.bioconstrumat.com\/de\/wp-json\/wp\/v2\/pages"}],"about":[{"href":"https:\/\/www.bioconstrumat.com\/de\/wp-json\/wp\/v2\/types\/page"}],"author":[{"embeddable":true,"href":"https:\/\/www.bioconstrumat.com\/de\/wp-json\/wp\/v2\/users\/3"}],"replies":[{"embeddable":true,"href":"https:\/\/www.bioconstrumat.com\/de\/wp-json\/wp\/v2\/comments?post=109"}],"version-history":[{"count":26,"href":"https:\/\/www.bioconstrumat.com\/de\/wp-json\/wp\/v2\/pages\/109\/revisions"}],"predecessor-version":[{"id":799,"href":"https:\/\/www.bioconstrumat.com\/de\/wp-json\/wp\/v2\/pages\/109\/revisions\/799"}],"up":[{"embeddable":true,"href":"https:\/\/www.bioconstrumat.com\/de\/wp-json\/wp\/v2\/pages\/98"}],"wp:attachment":[{"href":"https:\/\/www.bioconstrumat.com\/de\/wp-json\/wp\/v2\/media?parent=109"}],"curies":[{"name":"wp","href":"https:\/\/api.w.org\/{rel}","templated":true}]}}