{"id":98,"date":"2016-04-30T17:53:42","date_gmt":"2016-04-30T17:53:42","guid":{"rendered":"http:\/\/www.bioconstrumat.com\/?page_id=98"},"modified":"2017-04-09T18:21:05","modified_gmt":"2017-04-09T18:21:05","slug":"aislamiento-sostenible","status":"publish","type":"page","link":"https:\/\/www.bioconstrumat.com\/ca\/productos-construccion-sostenibles\/aislamiento-sostenible\/","title":{"rendered":"A\u00efllament sostenible"},"content":{"rendered":"<strong>A\u00efllament<\/strong><\/p>\n<p>L&#8217;<strong>a\u00efllament sostenible<\/strong> mant\u00e9 als edificis amb una temperatura confortable i al mateix temps redueix la demanda energ\u00e8tica, <strong>estalviant energia<\/strong>.<\/p>\n<p><strong>Els avantatges d&#8217;utilitzar un a\u00efllament sostenible<\/strong>, com l&#8217;a\u00efllament natural per construcci\u00f3 i material natural de la <strong><a href=\"https:\/\/www.bioconstrumat.com\/ca\/productos-construccion-sostenibles\/aislamiento-sostenible\/aislamiento-termico-sostenible\/aislamiento-de-lana-de-oveja\/\">llana d&#8217;ovella<\/a><\/strong> per a l&#8217;a\u00efllament en edificaci\u00f3, consisteixen en la diminuci\u00f3n dels consums i les emissions globals de CO2. Simplement instal\u00b7lant sistemes d&#8217;a\u00efllament sostenible t\u00e8rmic.<\/p>\n<p>Tamb\u00e9 la <a href=\"https:\/\/www.bioconstrumat.com\/ca\/productos-construccion-sostenibles\/aislamiento-sostenible\/aislamiento-termico-sostenible\/aislamiento-fibra-de-madera\/\"><strong>cel\u00b7lulosa<\/strong><\/a>, el <a href=\"https:\/\/www.bioconstrumat.com\/ca\/productos-construccion-sostenibles\/aislamiento-sostenible\/aislamiento-termico-sostenible\/aislamiento-de-canamo\/\"><strong>c\u00e0nem<\/strong><\/a> o el <a href=\"https:\/\/www.bioconstrumat.com\/ca\/productos-construccion-sostenibles\/aislamiento-sostenible\/aislamiento-termico-sostenible\/aislamiento-de-algodon\/\"><strong>cot\u00f3<\/strong><\/a> s\u00f3n bons <strong>a\u00efllants sostenibles<\/strong>.<\/p>\n<p>Els principals <strong>tipus d&#8217;a\u00efllament sostenible<\/strong> per a rehabilitaci\u00f3 s&#8217;apliquen a:<br \/>\n&#8211; <strong>Parets<\/strong><\/p>\n<ul>\n<li>amb Cavitats: injecci\u00f3 de material a\u00efllant.<\/li>\n<li>extradossats de placa de guix laminat amb un producte a\u00efllant t\u00e8rmic adherit<\/li>\n<li>d&#8217;Obra de F\u00e0brica Massissa: a\u00efllament extern projectat o fixat mec\u00e0nicament i protegit amb sistemes de fa\u00e7ana ventilada o amb un arrebossat de morter.<\/li>\n<\/ul>\n<p><strong>&#8211; Cobertes:<\/strong><\/p>\n<ul>\n<li>Sota Coberta: a\u00efllament entre i sobre les bigues.<\/li>\n<li>Sobre Coberta: a\u00efllament sobre el fald\u00f3 i protegit amb el sistema de cobertura.<\/li>\n<\/ul>\n<p><strong>&#8211; S\u00f2ls:<\/strong><\/p>\n<ul>\n<li>a\u00efllament r\u00edgid sota l&#8217;acabat.<\/li>\n<\/ul>\n<p>Hi ha altres llocs on aplicar a\u00efllament sostenible com tancaments (portes, entones, etc), dels quals pot trobar informaci\u00f3 en altres apartats.<\/p>\n<p>&nbsp;\n<div class=\"be-social\" data-url=\"https:\/\/www.bioconstrumat.com\/ca\/productos-construccion-sostenibles\/aislamiento-sostenible\/\" data-base=\"\" data-title=\"A\u00efllament sostenible\" data-track=\"true\" data-via=\"\" data-show=\"{&quot;facebook&quot;:true,&quot;twitter&quot;:true,&quot;google&quot;:true,&quot;reddit&quot;:true,&quot;linkedin&quot;:true,&quot;meneame&quot;:true}\" ><h2 class=\"be-social-title\">Share<\/h2><\/div>","protected":false},"excerpt":{"rendered":"<p>A\u00efllament L&#8217;a\u00efllament sostenible mant\u00e9 als edificis amb una temperatura confortable i al mateix temps redueix la demanda energ\u00e8tica, estalviant energia. Els avantatges d&#8217;utilitzar un a\u00efllament sostenible, com l&#8217;a\u00efllament natural per construcci\u00f3 i material natural de la llana d&#8217;ovella per a l&#8217;a\u00efllament en edificaci\u00f3, consisteixen en la diminuci\u00f3n dels consums i les emissions globals de CO2. [&hellip;]<\/p>\n","protected":false},"author":3,"featured_media":0,"parent":48,"menu_order":0,"comment_status":"closed","ping_status":"closed","template":"","meta":{"_monsterinsights_skip_tracking":false,"_monsterinsights_sitenote_active":false,"_monsterinsights_sitenote_note":"","_monsterinsights_sitenote_category":0,"ngg_post_thumbnail":0,"footnotes":""},"class_list":["post-98","page","type-page","status-publish","hentry"],"yoast_head":"<!-- This site is optimized with the Yoast SEO plugin v27.4 - https:\/\/yoast.com\/product\/yoast-seo-wordpress\/ -->\n<title>A\u00efllament sostenible - bioconstrumat.com<\/title>\n<meta name=\"robots\" content=\"index, follow, max-snippet:-1, max-image-preview:large, max-video-preview:-1\" \/>\n<link rel=\"canonical\" href=\"https:\/\/www.bioconstrumat.com\/fr\/productos-construccion-sostenibles\/aislamiento-sostenible\/\" \/>\n<meta property=\"og:locale\" content=\"ca_ES\" \/>\n<meta property=\"og:type\" content=\"article\" \/>\n<meta property=\"og:title\" content=\"A\u00efllament sostenible - bioconstrumat.com\" \/>\n<meta property=\"og:description\" content=\"A\u00efllament L&#8217;a\u00efllament sostenible mant\u00e9 als edificis amb una temperatura confortable i al mateix temps redueix la demanda energ\u00e8tica, estalviant energia. Els avantatges d&#8217;utilitzar un a\u00efllament sostenible, com l&#8217;a\u00efllament natural per construcci\u00f3 i material natural de la llana d&#8217;ovella per a l&#8217;a\u00efllament en edificaci\u00f3, consisteixen en la diminuci\u00f3n dels consums i les emissions globals de CO2. [&hellip;]\" \/>\n<meta property=\"og:url\" content=\"https:\/\/www.bioconstrumat.com\/fr\/productos-construccion-sostenibles\/aislamiento-sostenible\/\" \/>\n<meta property=\"og:site_name\" content=\"bioconstrumat.com\" \/>\n<meta property=\"article:modified_time\" content=\"2017-04-09T18:21:05+00:00\" \/>\n<meta name=\"twitter:card\" content=\"summary_large_image\" \/>\n<meta name=\"twitter:label1\" content=\"Est. reading time\" \/>\n\t<meta name=\"twitter:data1\" content=\"7 minutes\" \/>\n<script type=\"application\/ld+json\" class=\"yoast-schema-graph\">{\"@context\":\"https:\\\/\\\/schema.org\",\"@graph\":[{\"@type\":\"WebPage\",\"@id\":\"https:\\\/\\\/www.bioconstrumat.com\\\/fr\\\/productos-construccion-sostenibles\\\/aislamiento-sostenible\\\/\",\"url\":\"https:\\\/\\\/www.bioconstrumat.com\\\/fr\\\/productos-construccion-sostenibles\\\/aislamiento-sostenible\\\/\",\"name\":\"A\u00efllament sostenible - bioconstrumat.com\",\"isPartOf\":{\"@id\":\"https:\\\/\\\/www.bioconstrumat.com\\\/de\\\/#website\"},\"datePublished\":\"2016-04-30T17:53:42+00:00\",\"dateModified\":\"2017-04-09T18:21:05+00:00\",\"breadcrumb\":{\"@id\":\"https:\\\/\\\/www.bioconstrumat.com\\\/fr\\\/productos-construccion-sostenibles\\\/aislamiento-sostenible\\\/#breadcrumb\"},\"inLanguage\":\"ca-ES\",\"potentialAction\":[{\"@type\":\"ReadAction\",\"target\":[\"https:\\\/\\\/www.bioconstrumat.com\\\/fr\\\/productos-construccion-sostenibles\\\/aislamiento-sostenible\\\/\"]}]},{\"@type\":\"BreadcrumbList\",\"@id\":\"https:\\\/\\\/www.bioconstrumat.com\\\/fr\\\/productos-construccion-sostenibles\\\/aislamiento-sostenible\\\/#breadcrumb\",\"itemListElement\":[{\"@type\":\"ListItem\",\"position\":1,\"name\":\"Home\",\"item\":\"https:\\\/\\\/www.bioconstrumat.com\\\/de\\\/\"},{\"@type\":\"ListItem\",\"position\":2,\"name\":\"Produits de construction durable\",\"item\":\"https:\\\/\\\/www.bioconstrumat.com\\\/fr\\\/productos-construccion-sostenibles\\\/\"},{\"@type\":\"ListItem\",\"position\":3,\"name\":\"Isolement durable\"}]},{\"@type\":\"WebSite\",\"@id\":\"https:\\\/\\\/www.bioconstrumat.com\\\/de\\\/#website\",\"url\":\"https:\\\/\\\/www.bioconstrumat.com\\\/de\\\/\",\"name\":\"bioconstrumat.com\",\"description\":\"material construcci\u00f3n sostenible\",\"potentialAction\":[{\"@type\":\"SearchAction\",\"target\":{\"@type\":\"EntryPoint\",\"urlTemplate\":\"https:\\\/\\\/www.bioconstrumat.com\\\/de\\\/?s={search_term_string}\"},\"query-input\":{\"@type\":\"PropertyValueSpecification\",\"valueRequired\":true,\"valueName\":\"search_term_string\"}}],\"inLanguage\":\"ca-ES\"}]}<\/script>\n<!-- \/ Yoast SEO plugin. -->","yoast_head_json":{"title":"A\u00efllament sostenible - bioconstrumat.com","robots":{"index":"index","follow":"follow","max-snippet":"max-snippet:-1","max-image-preview":"max-image-preview:large","max-video-preview":"max-video-preview:-1"},"canonical":"https:\/\/www.bioconstrumat.com\/fr\/productos-construccion-sostenibles\/aislamiento-sostenible\/","og_locale":"ca_ES","og_type":"article","og_title":"A\u00efllament sostenible - bioconstrumat.com","og_description":"A\u00efllament L&#8217;a\u00efllament sostenible mant\u00e9 als edificis amb una temperatura confortable i al mateix temps redueix la demanda energ\u00e8tica, estalviant energia. Els avantatges d&#8217;utilitzar un a\u00efllament sostenible, com l&#8217;a\u00efllament natural per construcci\u00f3 i material natural de la llana d&#8217;ovella per a l&#8217;a\u00efllament en edificaci\u00f3, consisteixen en la diminuci\u00f3n dels consums i les emissions globals de CO2. [&hellip;]","og_url":"https:\/\/www.bioconstrumat.com\/fr\/productos-construccion-sostenibles\/aislamiento-sostenible\/","og_site_name":"bioconstrumat.com","article_modified_time":"2017-04-09T18:21:05+00:00","twitter_card":"summary_large_image","twitter_misc":{"Est. reading time":"7 minutes"},"schema":{"@context":"https:\/\/schema.org","@graph":[{"@type":"WebPage","@id":"https:\/\/www.bioconstrumat.com\/fr\/productos-construccion-sostenibles\/aislamiento-sostenible\/","url":"https:\/\/www.bioconstrumat.com\/fr\/productos-construccion-sostenibles\/aislamiento-sostenible\/","name":"A\u00efllament sostenible - bioconstrumat.com","isPartOf":{"@id":"https:\/\/www.bioconstrumat.com\/de\/#website"},"datePublished":"2016-04-30T17:53:42+00:00","dateModified":"2017-04-09T18:21:05+00:00","breadcrumb":{"@id":"https:\/\/www.bioconstrumat.com\/fr\/productos-construccion-sostenibles\/aislamiento-sostenible\/#breadcrumb"},"inLanguage":"ca-ES","potentialAction":[{"@type":"ReadAction","target":["https:\/\/www.bioconstrumat.com\/fr\/productos-construccion-sostenibles\/aislamiento-sostenible\/"]}]},{"@type":"BreadcrumbList","@id":"https:\/\/www.bioconstrumat.com\/fr\/productos-construccion-sostenibles\/aislamiento-sostenible\/#breadcrumb","itemListElement":[{"@type":"ListItem","position":1,"name":"Home","item":"https:\/\/www.bioconstrumat.com\/de\/"},{"@type":"ListItem","position":2,"name":"Produits de construction durable","item":"https:\/\/www.bioconstrumat.com\/fr\/productos-construccion-sostenibles\/"},{"@type":"ListItem","position":3,"name":"Isolement durable"}]},{"@type":"WebSite","@id":"https:\/\/www.bioconstrumat.com\/de\/#website","url":"https:\/\/www.bioconstrumat.com\/de\/","name":"bioconstrumat.com","description":"material construcci\u00f3n sostenible","potentialAction":[{"@type":"SearchAction","target":{"@type":"EntryPoint","urlTemplate":"https:\/\/www.bioconstrumat.com\/de\/?s={search_term_string}"},"query-input":{"@type":"PropertyValueSpecification","valueRequired":true,"valueName":"search_term_string"}}],"inLanguage":"ca-ES"}]}},"_links":{"self":[{"href":"https:\/\/www.bioconstrumat.com\/ca\/wp-json\/wp\/v2\/pages\/98","targetHints":{"allow":["GET"]}}],"collection":[{"href":"https:\/\/www.bioconstrumat.com\/ca\/wp-json\/wp\/v2\/pages"}],"about":[{"href":"https:\/\/www.bioconstrumat.com\/ca\/wp-json\/wp\/v2\/types\/page"}],"author":[{"embeddable":true,"href":"https:\/\/www.bioconstrumat.com\/ca\/wp-json\/wp\/v2\/users\/3"}],"replies":[{"embeddable":true,"href":"https:\/\/www.bioconstrumat.com\/ca\/wp-json\/wp\/v2\/comments?post=98"}],"version-history":[{"count":19,"href":"https:\/\/www.bioconstrumat.com\/ca\/wp-json\/wp\/v2\/pages\/98\/revisions"}],"predecessor-version":[{"id":761,"href":"https:\/\/www.bioconstrumat.com\/ca\/wp-json\/wp\/v2\/pages\/98\/revisions\/761"}],"up":[{"embeddable":true,"href":"https:\/\/www.bioconstrumat.com\/ca\/wp-json\/wp\/v2\/pages\/48"}],"wp:attachment":[{"href":"https:\/\/www.bioconstrumat.com\/ca\/wp-json\/wp\/v2\/media?parent=98"}],"curies":[{"name":"wp","href":"https:\/\/api.w.org\/{rel}","templated":true}]}}