{"id":770,"date":"2017-04-16T17:10:13","date_gmt":"2017-04-16T17:10:13","guid":{"rendered":"http:\/\/www.bioconstrumat.com\/?page_id=770"},"modified":"2017-04-22T18:39:18","modified_gmt":"2017-04-22T18:39:18","slug":"biofiltros-aguas-pluviales","status":"publish","type":"page","link":"https:\/\/www.bioconstrumat.com\/ca\/productos-construccion-sostenibles\/energia-equipos-sostenibles\/biofiltros-aguas-pluviales\/","title":{"rendered":"Biofiltres aig\u00fces pluvials"},"content":{"rendered":"[vc_row][vc_column][vc_column_text]\n<h1>Biofiltres aig\u00fces pluvials<\/h1>\n[\/vc_column_text][\/vc_column][\/vc_row][vc_row][vc_column][vc_column_text]<img loading=\"lazy\" decoding=\"async\" class=\"size-medium wp-image-774 alignleft\" src=\"https:\/\/www.bioconstrumat.com\/wp-content\/uploads\/como-funciona-biorock-300x92.jpg\" alt=\"\" width=\"300\" height=\"92\" srcset=\"https:\/\/www.bioconstrumat.com\/wp-content\/uploads\/como-funciona-biorock-300x92.jpg 300w, https:\/\/www.bioconstrumat.com\/wp-content\/uploads\/como-funciona-biorock-640x197.jpg 640w, https:\/\/www.bioconstrumat.com\/wp-content\/uploads\/como-funciona-biorock.jpg 610w\" sizes=\"auto, (max-width: 300px) 100vw, 300px\" \/>Biofiltres d&#8217;alt rendiment. Sense electricitat, sense parts m\u00f2bils.<br \/>\nL&#8217;aigua obtinguda pot ser reutilitzada per a reg.<br \/>\nPosada en marxa gaireb\u00e9 immediata (24 hores) despr\u00e9s de per\u00edodes d&#8217;inactivitat. Ideals per a segons habitatges.<\/p>\n<p>Els equips posseeixen la certificaci\u00f3 EN 12566-3 de la CE i l&#8217;aprovaci\u00f3 de l&#8217;Institut Alemany per a Tecnologia de l&#8217;Aigua (PIA GmbH).<\/p>\n<p><strong>COM FUNCIONA<\/strong><br \/>\nLa depuraci\u00f3 m\u00e9s natural i sostenible<br \/>\nLes unitats de depuraci\u00f3 es basen en un proc\u00e9s de filtraci\u00f3 biol\u00f2gica a trav\u00e9s d&#8217;un substrat espec\u00edfic, d&#8217;origen natural, que presenta una relaci\u00f3 superf\u00edcie vs volum extraordin\u00e0riament alta. Aquesta particularitat permet que el rendiment de les unitats sigui molt superior al d&#8217;altres sistemes percoladors existents. S\u00f3n equips f\u00e0cils d&#8217;instal\u00b7lar i sense complicacions de manteniment.<br \/>\nEl proc\u00e9s complet consta de dues etapes.<br \/>\n1 L&#8217;aigua residual a depurar entra en un tanc primari que actua com a prefiltre, en ell es produeix la decantaci\u00f3 pr\u00e8via dels s\u00f2lids i materials gruixuts. Si hi ha una fossa s\u00e8ptica i est\u00e0 en bones condicions pot ser usada com tanc primari. Precisament aquests equips constitueixen el complement idoni per transformar fosses s\u00e8ptiques existents en veritables sistemes de depuraci\u00f3.<br \/>\n2 Ja lliure de s\u00f2lids i materials gruixuts l&#8217;aigua passa a la segona unitat, l&#8217;Biofiltre Biorock, i va filtrant a trav\u00e9s del substrat natural disposat en capes i que serveix de llit a la col\u00f2nia bacteriana que realitza la digesti\u00f3 aer\u00f2bica dels residus dissolts. La combinaci\u00f3 digesti\u00f3-filtraci\u00f3 aconsegueix uns resultats \u00f2ptims. El flux d&#8217;abocament final que s&#8217;obt\u00e9 est\u00e0 exempt d&#8217;olors, terbolesa i coloraci\u00f3.[\/vc_column_text][\/vc_column][\/vc_row]\n<div class=\"be-social\" data-url=\"https:\/\/www.bioconstrumat.com\/ca\/productos-construccion-sostenibles\/energia-equipos-sostenibles\/biofiltros-aguas-pluviales\/\" data-base=\"\" data-title=\"Biofiltres aig\u00fces pluvials\" data-track=\"true\" data-via=\"\" data-show=\"{&quot;facebook&quot;:true,&quot;twitter&quot;:true,&quot;google&quot;:true,&quot;reddit&quot;:true,&quot;linkedin&quot;:true,&quot;meneame&quot;:true}\" ><h2 class=\"be-social-title\">Share<\/h2><\/div>","protected":false},"excerpt":{"rendered":"<p>[vc_row][vc_column][vc_column_text] Biofiltres aig\u00fces pluvials [\/vc_column_text][\/vc_column][\/vc_row][vc_row][vc_column][vc_column_text]Biofiltres d&#8217;alt rendiment. Sense electricitat, sense parts m\u00f2bils. L&#8217;aigua obtinguda pot ser reutilitzada per a reg. Posada en marxa gaireb\u00e9 immediata (24 hores) despr\u00e9s de per\u00edodes d&#8217;inactivitat. Ideals per a segons habitatges. Els equips posseeixen la certificaci\u00f3 EN 12566-3 de la CE i l&#8217;aprovaci\u00f3 de l&#8217;Institut Alemany per a Tecnologia de [&hellip;]<\/p>\n","protected":false},"author":3,"featured_media":0,"parent":158,"menu_order":0,"comment_status":"closed","ping_status":"closed","template":"","meta":{"_monsterinsights_skip_tracking":false,"_monsterinsights_sitenote_active":false,"_monsterinsights_sitenote_note":"","_monsterinsights_sitenote_category":0,"ngg_post_thumbnail":0,"footnotes":""},"class_list":["post-770","page","type-page","status-publish","hentry"],"yoast_head":"<!-- This site is optimized with the Yoast SEO plugin v27.4 - https:\/\/yoast.com\/product\/yoast-seo-wordpress\/ -->\n<title>Biofiltres aig\u00fces pluvials - bioconstrumat.com<\/title>\n<meta name=\"robots\" content=\"index, follow, max-snippet:-1, max-image-preview:large, max-video-preview:-1\" \/>\n<link rel=\"canonical\" href=\"https:\/\/www.bioconstrumat.com\/fr\/productos-construccion-sostenibles\/energia-equipos-sostenibles\/biofiltros-aguas-pluviales\/\" \/>\n<meta property=\"og:locale\" content=\"ca_ES\" \/>\n<meta property=\"og:type\" content=\"article\" \/>\n<meta property=\"og:title\" content=\"Biofiltres aig\u00fces pluvials - bioconstrumat.com\" \/>\n<meta property=\"og:description\" content=\"[vc_row][vc_column][vc_column_text] Biofiltres aig\u00fces pluvials [\/vc_column_text][\/vc_column][\/vc_row][vc_row][vc_column][vc_column_text]Biofiltres d&#8217;alt rendiment. Sense electricitat, sense parts m\u00f2bils. L&#8217;aigua obtinguda pot ser reutilitzada per a reg. Posada en marxa gaireb\u00e9 immediata (24 hores) despr\u00e9s de per\u00edodes d&#8217;inactivitat. Ideals per a segons habitatges. Els equips posseeixen la certificaci\u00f3 EN 12566-3 de la CE i l&#8217;aprovaci\u00f3 de l&#8217;Institut Alemany per a Tecnologia de [&hellip;]\" \/>\n<meta property=\"og:url\" content=\"https:\/\/www.bioconstrumat.com\/fr\/productos-construccion-sostenibles\/energia-equipos-sostenibles\/biofiltros-aguas-pluviales\/\" \/>\n<meta property=\"og:site_name\" content=\"bioconstrumat.com\" \/>\n<meta property=\"article:modified_time\" content=\"2017-04-22T18:39:18+00:00\" \/>\n<meta property=\"og:image\" content=\"https:\/\/www.bioconstrumat.com\/wp-content\/uploads\/como-funciona-biorock-300x92.jpg\" \/>\n<meta name=\"twitter:card\" content=\"summary_large_image\" \/>\n<meta name=\"twitter:label1\" content=\"Est. reading time\" \/>\n\t<meta name=\"twitter:data1\" content=\"3 minutes\" \/>\n<script type=\"application\/ld+json\" class=\"yoast-schema-graph\">{\"@context\":\"https:\\\/\\\/schema.org\",\"@graph\":[{\"@type\":\"WebPage\",\"@id\":\"https:\\\/\\\/www.bioconstrumat.com\\\/fr\\\/productos-construccion-sostenibles\\\/energia-equipos-sostenibles\\\/biofiltros-aguas-pluviales\\\/\",\"url\":\"https:\\\/\\\/www.bioconstrumat.com\\\/fr\\\/productos-construccion-sostenibles\\\/energia-equipos-sostenibles\\\/biofiltros-aguas-pluviales\\\/\",\"name\":\"Biofiltres aig\u00fces pluvials - bioconstrumat.com\",\"isPartOf\":{\"@id\":\"https:\\\/\\\/www.bioconstrumat.com\\\/de\\\/#website\"},\"primaryImageOfPage\":{\"@id\":\"https:\\\/\\\/www.bioconstrumat.com\\\/fr\\\/productos-construccion-sostenibles\\\/energia-equipos-sostenibles\\\/biofiltros-aguas-pluviales\\\/#primaryimage\"},\"image\":{\"@id\":\"https:\\\/\\\/www.bioconstrumat.com\\\/fr\\\/productos-construccion-sostenibles\\\/energia-equipos-sostenibles\\\/biofiltros-aguas-pluviales\\\/#primaryimage\"},\"thumbnailUrl\":\"https:\\\/\\\/www.bioconstrumat.com\\\/wp-content\\\/uploads\\\/como-funciona-biorock-300x92.jpg\",\"datePublished\":\"2017-04-16T17:10:13+00:00\",\"dateModified\":\"2017-04-22T18:39:18+00:00\",\"breadcrumb\":{\"@id\":\"https:\\\/\\\/www.bioconstrumat.com\\\/fr\\\/productos-construccion-sostenibles\\\/energia-equipos-sostenibles\\\/biofiltros-aguas-pluviales\\\/#breadcrumb\"},\"inLanguage\":\"ca-ES\",\"potentialAction\":[{\"@type\":\"ReadAction\",\"target\":[\"https:\\\/\\\/www.bioconstrumat.com\\\/fr\\\/productos-construccion-sostenibles\\\/energia-equipos-sostenibles\\\/biofiltros-aguas-pluviales\\\/\"]}]},{\"@type\":\"ImageObject\",\"inLanguage\":\"ca-ES\",\"@id\":\"https:\\\/\\\/www.bioconstrumat.com\\\/fr\\\/productos-construccion-sostenibles\\\/energia-equipos-sostenibles\\\/biofiltros-aguas-pluviales\\\/#primaryimage\",\"url\":\"https:\\\/\\\/www.bioconstrumat.com\\\/wp-content\\\/uploads\\\/como-funciona-biorock-300x92.jpg\",\"contentUrl\":\"https:\\\/\\\/www.bioconstrumat.com\\\/wp-content\\\/uploads\\\/como-funciona-biorock-300x92.jpg\"},{\"@type\":\"BreadcrumbList\",\"@id\":\"https:\\\/\\\/www.bioconstrumat.com\\\/fr\\\/productos-construccion-sostenibles\\\/energia-equipos-sostenibles\\\/biofiltros-aguas-pluviales\\\/#breadcrumb\",\"itemListElement\":[{\"@type\":\"ListItem\",\"position\":1,\"name\":\"Home\",\"item\":\"https:\\\/\\\/www.bioconstrumat.com\\\/de\\\/\"},{\"@type\":\"ListItem\",\"position\":2,\"name\":\"Produits de construction durable\",\"item\":\"https:\\\/\\\/www.bioconstrumat.com\\\/fr\\\/productos-construccion-sostenibles\\\/\"},{\"@type\":\"ListItem\",\"position\":3,\"name\":\"Energie \\\/ \u00e9quipement durables\",\"item\":\"https:\\\/\\\/www.bioconstrumat.com\\\/fr\\\/productos-construccion-sostenibles\\\/energia-equipos-sostenibles\\\/\"},{\"@type\":\"ListItem\",\"position\":4,\"name\":\"Biofiltres eaux pluviales\"}]},{\"@type\":\"WebSite\",\"@id\":\"https:\\\/\\\/www.bioconstrumat.com\\\/de\\\/#website\",\"url\":\"https:\\\/\\\/www.bioconstrumat.com\\\/de\\\/\",\"name\":\"bioconstrumat.com\",\"description\":\"material construcci\u00f3n sostenible\",\"potentialAction\":[{\"@type\":\"SearchAction\",\"target\":{\"@type\":\"EntryPoint\",\"urlTemplate\":\"https:\\\/\\\/www.bioconstrumat.com\\\/de\\\/?s={search_term_string}\"},\"query-input\":{\"@type\":\"PropertyValueSpecification\",\"valueRequired\":true,\"valueName\":\"search_term_string\"}}],\"inLanguage\":\"ca-ES\"}]}<\/script>\n<!-- \/ Yoast SEO plugin. -->","yoast_head_json":{"title":"Biofiltres aig\u00fces pluvials - bioconstrumat.com","robots":{"index":"index","follow":"follow","max-snippet":"max-snippet:-1","max-image-preview":"max-image-preview:large","max-video-preview":"max-video-preview:-1"},"canonical":"https:\/\/www.bioconstrumat.com\/fr\/productos-construccion-sostenibles\/energia-equipos-sostenibles\/biofiltros-aguas-pluviales\/","og_locale":"ca_ES","og_type":"article","og_title":"Biofiltres aig\u00fces pluvials - bioconstrumat.com","og_description":"[vc_row][vc_column][vc_column_text] Biofiltres aig\u00fces pluvials [\/vc_column_text][\/vc_column][\/vc_row][vc_row][vc_column][vc_column_text]Biofiltres d&#8217;alt rendiment. Sense electricitat, sense parts m\u00f2bils. L&#8217;aigua obtinguda pot ser reutilitzada per a reg. Posada en marxa gaireb\u00e9 immediata (24 hores) despr\u00e9s de per\u00edodes d&#8217;inactivitat. Ideals per a segons habitatges. Els equips posseeixen la certificaci\u00f3 EN 12566-3 de la CE i l&#8217;aprovaci\u00f3 de l&#8217;Institut Alemany per a Tecnologia de [&hellip;]","og_url":"https:\/\/www.bioconstrumat.com\/fr\/productos-construccion-sostenibles\/energia-equipos-sostenibles\/biofiltros-aguas-pluviales\/","og_site_name":"bioconstrumat.com","article_modified_time":"2017-04-22T18:39:18+00:00","og_image":[{"url":"https:\/\/www.bioconstrumat.com\/wp-content\/uploads\/como-funciona-biorock-300x92.jpg","type":"","width":"","height":""}],"twitter_card":"summary_large_image","twitter_misc":{"Est. reading time":"3 minutes"},"schema":{"@context":"https:\/\/schema.org","@graph":[{"@type":"WebPage","@id":"https:\/\/www.bioconstrumat.com\/fr\/productos-construccion-sostenibles\/energia-equipos-sostenibles\/biofiltros-aguas-pluviales\/","url":"https:\/\/www.bioconstrumat.com\/fr\/productos-construccion-sostenibles\/energia-equipos-sostenibles\/biofiltros-aguas-pluviales\/","name":"Biofiltres aig\u00fces pluvials - bioconstrumat.com","isPartOf":{"@id":"https:\/\/www.bioconstrumat.com\/de\/#website"},"primaryImageOfPage":{"@id":"https:\/\/www.bioconstrumat.com\/fr\/productos-construccion-sostenibles\/energia-equipos-sostenibles\/biofiltros-aguas-pluviales\/#primaryimage"},"image":{"@id":"https:\/\/www.bioconstrumat.com\/fr\/productos-construccion-sostenibles\/energia-equipos-sostenibles\/biofiltros-aguas-pluviales\/#primaryimage"},"thumbnailUrl":"https:\/\/www.bioconstrumat.com\/wp-content\/uploads\/como-funciona-biorock-300x92.jpg","datePublished":"2017-04-16T17:10:13+00:00","dateModified":"2017-04-22T18:39:18+00:00","breadcrumb":{"@id":"https:\/\/www.bioconstrumat.com\/fr\/productos-construccion-sostenibles\/energia-equipos-sostenibles\/biofiltros-aguas-pluviales\/#breadcrumb"},"inLanguage":"ca-ES","potentialAction":[{"@type":"ReadAction","target":["https:\/\/www.bioconstrumat.com\/fr\/productos-construccion-sostenibles\/energia-equipos-sostenibles\/biofiltros-aguas-pluviales\/"]}]},{"@type":"ImageObject","inLanguage":"ca-ES","@id":"https:\/\/www.bioconstrumat.com\/fr\/productos-construccion-sostenibles\/energia-equipos-sostenibles\/biofiltros-aguas-pluviales\/#primaryimage","url":"https:\/\/www.bioconstrumat.com\/wp-content\/uploads\/como-funciona-biorock-300x92.jpg","contentUrl":"https:\/\/www.bioconstrumat.com\/wp-content\/uploads\/como-funciona-biorock-300x92.jpg"},{"@type":"BreadcrumbList","@id":"https:\/\/www.bioconstrumat.com\/fr\/productos-construccion-sostenibles\/energia-equipos-sostenibles\/biofiltros-aguas-pluviales\/#breadcrumb","itemListElement":[{"@type":"ListItem","position":1,"name":"Home","item":"https:\/\/www.bioconstrumat.com\/de\/"},{"@type":"ListItem","position":2,"name":"Produits de construction durable","item":"https:\/\/www.bioconstrumat.com\/fr\/productos-construccion-sostenibles\/"},{"@type":"ListItem","position":3,"name":"Energie \/ \u00e9quipement durables","item":"https:\/\/www.bioconstrumat.com\/fr\/productos-construccion-sostenibles\/energia-equipos-sostenibles\/"},{"@type":"ListItem","position":4,"name":"Biofiltres eaux pluviales"}]},{"@type":"WebSite","@id":"https:\/\/www.bioconstrumat.com\/de\/#website","url":"https:\/\/www.bioconstrumat.com\/de\/","name":"bioconstrumat.com","description":"material construcci\u00f3n sostenible","potentialAction":[{"@type":"SearchAction","target":{"@type":"EntryPoint","urlTemplate":"https:\/\/www.bioconstrumat.com\/de\/?s={search_term_string}"},"query-input":{"@type":"PropertyValueSpecification","valueRequired":true,"valueName":"search_term_string"}}],"inLanguage":"ca-ES"}]}},"_links":{"self":[{"href":"https:\/\/www.bioconstrumat.com\/ca\/wp-json\/wp\/v2\/pages\/770","targetHints":{"allow":["GET"]}}],"collection":[{"href":"https:\/\/www.bioconstrumat.com\/ca\/wp-json\/wp\/v2\/pages"}],"about":[{"href":"https:\/\/www.bioconstrumat.com\/ca\/wp-json\/wp\/v2\/types\/page"}],"author":[{"embeddable":true,"href":"https:\/\/www.bioconstrumat.com\/ca\/wp-json\/wp\/v2\/users\/3"}],"replies":[{"embeddable":true,"href":"https:\/\/www.bioconstrumat.com\/ca\/wp-json\/wp\/v2\/comments?post=770"}],"version-history":[{"count":12,"href":"https:\/\/www.bioconstrumat.com\/ca\/wp-json\/wp\/v2\/pages\/770\/revisions"}],"predecessor-version":[{"id":857,"href":"https:\/\/www.bioconstrumat.com\/ca\/wp-json\/wp\/v2\/pages\/770\/revisions\/857"}],"up":[{"embeddable":true,"href":"https:\/\/www.bioconstrumat.com\/ca\/wp-json\/wp\/v2\/pages\/158"}],"wp:attachment":[{"href":"https:\/\/www.bioconstrumat.com\/ca\/wp-json\/wp\/v2\/media?parent=770"}],"curies":[{"name":"wp","href":"https:\/\/api.w.org\/{rel}","templated":true}]}}