{"id":60,"date":"2016-04-28T16:34:39","date_gmt":"2016-04-28T16:34:39","guid":{"rendered":"http:\/\/www.bioconstrumat.com\/?page_id=60"},"modified":"2017-03-14T14:59:01","modified_gmt":"2017-03-14T14:59:01","slug":"casa-sana","status":"publish","type":"page","link":"https:\/\/www.bioconstrumat.com\/ca\/casa-sana\/","title":{"rendered":"Casa Sana"},"content":{"rendered":"[vc_row][vc_column][vc_column_text]<strong>Casa Sana<\/strong>[\/vc_column_text][\/vc_column][\/vc_row][vc_row][vc_column][vc_column_text]<strong>Per tal de tenir una casa sana \u00e9s necesari que<\/strong> \u00a0la casa <strong>estigui neta d&#8217;energia negativa<\/strong>. Per aconseguir netejar les energies negatives i \u00a0tenir una casa sana ho poder fer \u00a0amb:<\/p>\n<ul>\n<li>L&#8217;<strong>orientaci\u00f3<\/strong> que li donen a la casa sana, per tal que disposi el m\u00e0xim d&#8217;hores al dia de llum natural.<\/li>\n<li>La <strong>ventilaci\u00f3<\/strong> adecuada permet disposar de ventilacions creuades \u00a0amb les que\u00a0aconseguirem que la casa &#8220;respiri&#8221; i sigui sana.<\/li>\n<li>La <strong>geobiologia<\/strong>, ens ajuda a determinar quis s\u00f3n els diferents elements tant naturals (corrents d&#8217;aigua subterranis que\u00a0amb fregament del terra, emeten ions d&#8217;hidrogen que travessen el terra i arriben verticalment a les persones..) com artificials (camps electromagn\u00e8tics, wi-fi, \u00a0llum natural-foscor) de la casa que influeixen en els nostres processos biol\u00f2gics (La gl\u00e0ndula pineal, que tenim a la base del cervell, s&#8217;encarrega de generar melatonina per dormir per\u00f2 queda aturada per la llum del dia, tan bon punt apareix, i tamb\u00e9 pels camps electromagn\u00e8tics ) com a \u00e9ssers vius i aix\u00ed modificar aquests elements ja sigui amb aparells, distribucions d&#8217;habitacions (posicions dels llits, cortines antiradiacions amb fils de coure i plata&#8230;) o amb alguns cosells a dur a la pr\u00e0ctica a les nits per a tenir una casa sana.<\/li>\n<li>Les <strong>plantes<\/strong> ax\u00ed com la fruita i verdura, alhora que s\u00f3n un element decoratiu m\u00e9s ens ajuden a oxigenar i filtrar subst\u00e0ncies contaminats de l&#8217;aire de dins la casa fent-la m\u00e9s sana. Els cactus situats adecuadamente en finestres tamb\u00e9 ajuden a tenir una casa m\u00e9s sana. \u00a0La fruita i verdura en un vol al menjador o \u00a0la cuina tamb\u00e9 contrubieixen a una casa sana.<\/li>\n<li>La <strong>neteja i l&#8217;ordre<\/strong> donen bones vibracions i fa que doni un aspecte de casa sana.<\/li>\n<li>Les <strong>atm\u00f3sferes<\/strong> relaxants (feng-shui) mitjan\u00e7ant m\u00fasica, essencies i altres aromatitzants permeten crear ambients que aporten estat d&#8217;\u00e0nim que ajuden a disposar d&#8217;una casa sana.<\/li>\n<\/ul>\n[\/vc_column_text][\/vc_column][\/vc_row]\n<div class=\"be-social\" data-url=\"https:\/\/www.bioconstrumat.com\/ca\/casa-sana\/\" data-base=\"\" data-title=\"Casa Sana\" data-track=\"true\" data-via=\"\" data-show=\"{&quot;facebook&quot;:true,&quot;twitter&quot;:true,&quot;google&quot;:true,&quot;reddit&quot;:true,&quot;linkedin&quot;:true,&quot;meneame&quot;:true}\" ><h2 class=\"be-social-title\">Share<\/h2><\/div>","protected":false},"excerpt":{"rendered":"<p>[vc_row][vc_column][vc_column_text]Casa Sana[\/vc_column_text][\/vc_column][\/vc_row][vc_row][vc_column][vc_column_text]Per tal de tenir una casa sana \u00e9s necesari que \u00a0la casa estigui neta d&#8217;energia negativa. Per aconseguir netejar les energies negatives i \u00a0tenir una casa sana ho poder fer \u00a0amb: L&#8217;orientaci\u00f3 que li donen a la casa sana, per tal que disposi el m\u00e0xim d&#8217;hores al dia de llum natural. La ventilaci\u00f3 adecuada [&hellip;]<\/p>\n","protected":false},"author":3,"featured_media":0,"parent":0,"menu_order":0,"comment_status":"closed","ping_status":"closed","template":"","meta":{"_monsterinsights_skip_tracking":false,"_monsterinsights_sitenote_active":false,"_monsterinsights_sitenote_note":"","_monsterinsights_sitenote_category":0,"ngg_post_thumbnail":0,"footnotes":""},"class_list":["post-60","page","type-page","status-publish","hentry"],"yoast_head":"<!-- This site is optimized with the Yoast SEO plugin v27.4 - https:\/\/yoast.com\/product\/yoast-seo-wordpress\/ -->\n<title>Casa Sana - bioconstrumat.com<\/title>\n<meta name=\"robots\" content=\"index, follow, max-snippet:-1, max-image-preview:large, max-video-preview:-1\" \/>\n<link rel=\"canonical\" href=\"https:\/\/www.bioconstrumat.com\/casa-sana\/\" \/>\n<meta property=\"og:locale\" content=\"ca_ES\" \/>\n<meta property=\"og:type\" content=\"article\" \/>\n<meta property=\"og:title\" content=\"Casa Sana - bioconstrumat.com\" \/>\n<meta property=\"og:description\" content=\"[vc_row][vc_column][vc_column_text]Casa Sana[\/vc_column_text][\/vc_column][\/vc_row][vc_row][vc_column][vc_column_text]Per tal de tenir una casa sana \u00e9s necesari que \u00a0la casa estigui neta d&#8217;energia negativa. Per aconseguir netejar les energies negatives i \u00a0tenir una casa sana ho poder fer \u00a0amb: L&#8217;orientaci\u00f3 que li donen a la casa sana, per tal que disposi el m\u00e0xim d&#8217;hores al dia de llum natural. La ventilaci\u00f3 adecuada [&hellip;]\" \/>\n<meta property=\"og:url\" content=\"https:\/\/www.bioconstrumat.com\/casa-sana\/\" \/>\n<meta property=\"og:site_name\" content=\"bioconstrumat.com\" \/>\n<meta property=\"article:modified_time\" content=\"2017-03-14T14:59:01+00:00\" \/>\n<meta name=\"twitter:card\" content=\"summary_large_image\" \/>\n<meta name=\"twitter:label1\" content=\"Est. reading time\" \/>\n\t<meta name=\"twitter:data1\" content=\"11 minutes\" \/>\n<script type=\"application\/ld+json\" class=\"yoast-schema-graph\">{\"@context\":\"https:\\\/\\\/schema.org\",\"@graph\":[{\"@type\":\"WebPage\",\"@id\":\"https:\\\/\\\/www.bioconstrumat.com\\\/casa-sana\\\/\",\"url\":\"https:\\\/\\\/www.bioconstrumat.com\\\/casa-sana\\\/\",\"name\":\"Casa Sana - bioconstrumat.com\",\"isPartOf\":{\"@id\":\"https:\\\/\\\/www.bioconstrumat.com\\\/de\\\/#website\"},\"datePublished\":\"2016-04-28T16:34:39+00:00\",\"dateModified\":\"2017-03-14T14:59:01+00:00\",\"breadcrumb\":{\"@id\":\"https:\\\/\\\/www.bioconstrumat.com\\\/casa-sana\\\/#breadcrumb\"},\"inLanguage\":\"ca-ES\",\"potentialAction\":[{\"@type\":\"ReadAction\",\"target\":[\"https:\\\/\\\/www.bioconstrumat.com\\\/casa-sana\\\/\"]}]},{\"@type\":\"BreadcrumbList\",\"@id\":\"https:\\\/\\\/www.bioconstrumat.com\\\/casa-sana\\\/#breadcrumb\",\"itemListElement\":[{\"@type\":\"ListItem\",\"position\":1,\"name\":\"Home\",\"item\":\"https:\\\/\\\/www.bioconstrumat.com\\\/de\\\/\"},{\"@type\":\"ListItem\",\"position\":2,\"name\":\"Casa Sana\"}]},{\"@type\":\"WebSite\",\"@id\":\"https:\\\/\\\/www.bioconstrumat.com\\\/de\\\/#website\",\"url\":\"https:\\\/\\\/www.bioconstrumat.com\\\/de\\\/\",\"name\":\"bioconstrumat.com\",\"description\":\"material construcci\u00f3n sostenible\",\"potentialAction\":[{\"@type\":\"SearchAction\",\"target\":{\"@type\":\"EntryPoint\",\"urlTemplate\":\"https:\\\/\\\/www.bioconstrumat.com\\\/de\\\/?s={search_term_string}\"},\"query-input\":{\"@type\":\"PropertyValueSpecification\",\"valueRequired\":true,\"valueName\":\"search_term_string\"}}],\"inLanguage\":\"ca-ES\"}]}<\/script>\n<!-- \/ Yoast SEO plugin. -->","yoast_head_json":{"title":"Casa Sana - bioconstrumat.com","robots":{"index":"index","follow":"follow","max-snippet":"max-snippet:-1","max-image-preview":"max-image-preview:large","max-video-preview":"max-video-preview:-1"},"canonical":"https:\/\/www.bioconstrumat.com\/casa-sana\/","og_locale":"ca_ES","og_type":"article","og_title":"Casa Sana - bioconstrumat.com","og_description":"[vc_row][vc_column][vc_column_text]Casa Sana[\/vc_column_text][\/vc_column][\/vc_row][vc_row][vc_column][vc_column_text]Per tal de tenir una casa sana \u00e9s necesari que \u00a0la casa estigui neta d&#8217;energia negativa. Per aconseguir netejar les energies negatives i \u00a0tenir una casa sana ho poder fer \u00a0amb: L&#8217;orientaci\u00f3 que li donen a la casa sana, per tal que disposi el m\u00e0xim d&#8217;hores al dia de llum natural. La ventilaci\u00f3 adecuada [&hellip;]","og_url":"https:\/\/www.bioconstrumat.com\/casa-sana\/","og_site_name":"bioconstrumat.com","article_modified_time":"2017-03-14T14:59:01+00:00","twitter_card":"summary_large_image","twitter_misc":{"Est. reading time":"11 minutes"},"schema":{"@context":"https:\/\/schema.org","@graph":[{"@type":"WebPage","@id":"https:\/\/www.bioconstrumat.com\/casa-sana\/","url":"https:\/\/www.bioconstrumat.com\/casa-sana\/","name":"Casa Sana - bioconstrumat.com","isPartOf":{"@id":"https:\/\/www.bioconstrumat.com\/de\/#website"},"datePublished":"2016-04-28T16:34:39+00:00","dateModified":"2017-03-14T14:59:01+00:00","breadcrumb":{"@id":"https:\/\/www.bioconstrumat.com\/casa-sana\/#breadcrumb"},"inLanguage":"ca-ES","potentialAction":[{"@type":"ReadAction","target":["https:\/\/www.bioconstrumat.com\/casa-sana\/"]}]},{"@type":"BreadcrumbList","@id":"https:\/\/www.bioconstrumat.com\/casa-sana\/#breadcrumb","itemListElement":[{"@type":"ListItem","position":1,"name":"Home","item":"https:\/\/www.bioconstrumat.com\/de\/"},{"@type":"ListItem","position":2,"name":"Casa Sana"}]},{"@type":"WebSite","@id":"https:\/\/www.bioconstrumat.com\/de\/#website","url":"https:\/\/www.bioconstrumat.com\/de\/","name":"bioconstrumat.com","description":"material construcci\u00f3n sostenible","potentialAction":[{"@type":"SearchAction","target":{"@type":"EntryPoint","urlTemplate":"https:\/\/www.bioconstrumat.com\/de\/?s={search_term_string}"},"query-input":{"@type":"PropertyValueSpecification","valueRequired":true,"valueName":"search_term_string"}}],"inLanguage":"ca-ES"}]}},"_links":{"self":[{"href":"https:\/\/www.bioconstrumat.com\/ca\/wp-json\/wp\/v2\/pages\/60","targetHints":{"allow":["GET"]}}],"collection":[{"href":"https:\/\/www.bioconstrumat.com\/ca\/wp-json\/wp\/v2\/pages"}],"about":[{"href":"https:\/\/www.bioconstrumat.com\/ca\/wp-json\/wp\/v2\/types\/page"}],"author":[{"embeddable":true,"href":"https:\/\/www.bioconstrumat.com\/ca\/wp-json\/wp\/v2\/users\/3"}],"replies":[{"embeddable":true,"href":"https:\/\/www.bioconstrumat.com\/ca\/wp-json\/wp\/v2\/comments?post=60"}],"version-history":[{"count":10,"href":"https:\/\/www.bioconstrumat.com\/ca\/wp-json\/wp\/v2\/pages\/60\/revisions"}],"predecessor-version":[{"id":513,"href":"https:\/\/www.bioconstrumat.com\/ca\/wp-json\/wp\/v2\/pages\/60\/revisions\/513"}],"wp:attachment":[{"href":"https:\/\/www.bioconstrumat.com\/ca\/wp-json\/wp\/v2\/media?parent=60"}],"curies":[{"name":"wp","href":"https:\/\/api.w.org\/{rel}","templated":true}]}}