{"id":594,"date":"2017-02-08T16:11:31","date_gmt":"2017-02-08T16:11:31","guid":{"rendered":"http:\/\/www.bioconstrumat.com\/?page_id=594"},"modified":"2017-04-22T17:23:19","modified_gmt":"2017-04-22T17:23:19","slug":"aislamiento-de-lana-de-oveja","status":"publish","type":"page","link":"https:\/\/www.bioconstrumat.com\/ca\/productos-construccion-sostenibles\/aislamiento-sostenible\/aislamiento-termico-sostenible\/aislamiento-de-lana-de-oveja\/","title":{"rendered":"Aislamiento de lana de oveja"},"content":{"rendered":"[vc_row][vc_column][vc_column_text]\n<h1>Aislamiento de lana de oveja<\/h1>\n[\/vc_column_text][\/vc_column][\/vc_row][vc_row][vc_column][vc_column_text]origen:<br \/>\nLa lana de oveja proviene de la esquila que regularmente hay que hacer a las ovejas a lo largo de su ciclo de vida. Es por tanto un material de origen animal, una fibra natual.<\/p>\n<p>propiedades:<br \/>\nLa lana de oveja se utiliza como aislante t\u00e9rmico debido a su baja conductividad t\u00e9rmica y tambi\u00e9n como aislante ac\u00fastico para absorber impacto y eviatr reverberaciones.<\/p>\n<p>aplicaci\u00f3n:<br \/>\nEn bioconstrucci\u00f3n la lana de oveja se utiliza en:<br \/>\nEn el interior de c\u00e1maras de aislamiento t\u00e9rmico (trasdosados, falsos techos, bajo cubierta en desvanes y altillos), como material de relleno.<br \/>\nEn contacto con superficies de acabado como paredes, techos, muros cortina, etc.<\/p>\n<p>Presentaci\u00f3n del producto:<br \/>\nEn forma de mantos, placas y fieltros as\u00ed como tambi\u00e9n en floques, con diferentes densidades, grosores y capacidades aislantes.<br \/>\nProceso de fabricaci\u00f3n:<br \/>\nLa materia prima es lana de oveja de color gris o blanco, con fibras de 20 a 30 mm de longitud y un di\u00e1metro de 25 a 40 micras, lavada previamente.<br \/>\nDurante el proceso de fabricaci\u00f3n se decolora la lana y se le aplica un tratamiento antipolillas con permetrina (piretroide sint\u00e9tico) y \/ o con sales de b\u00f3rax, las cuales tienen propiedades fungicidas y anti-insectos. Tambi\u00e9n se trata para retrasar la acci\u00f3n del fuego. Es la base para la fabricaci\u00f3n de mantos aislantes por el sistema de no tejido punzonado o termofijado.<br \/>\nComparativo de coste:<\/p>\n<p>el Aislamiento de lana de oveja es uno de los aislamientos sostenibles m\u00e1s econ\u00f3micos e incluso compite en precio con algunos de los aislamientos tradicionales m\u00e1s comunes.[\/vc_column_text][vc_tabs][vc_tab icon=&#8221;mk-li-like&#8221; title=&#8221;Ventajas&#8221; tab_id=&#8221;1492880029-1-58&#8243;][\/vc_tab][vc_tab icon=&#8221;mk-li-settings&#8221; title=&#8221;Carac. T\u00e9ncicas&#8221; tab_id=&#8221;1492880029-2-87&#8243;][\/vc_tab][vc_tab icon=&#8221;mk-li-tool&#8221; title=&#8221;Instalaci\u00f3n&#8221; tab_id=&#8221;1492880322177-2-2&#8243;][\/vc_tab][\/vc_tabs][\/vc_column][\/vc_row]\n<div class=\"be-social\" data-url=\"https:\/\/www.bioconstrumat.com\/ca\/productos-construccion-sostenibles\/aislamiento-sostenible\/aislamiento-termico-sostenible\/aislamiento-de-lana-de-oveja\/\" data-base=\"\" data-title=\"Aislamiento de lana de oveja\" data-track=\"true\" data-via=\"\" data-show=\"{&quot;facebook&quot;:true,&quot;twitter&quot;:true,&quot;google&quot;:true,&quot;reddit&quot;:true,&quot;linkedin&quot;:true,&quot;meneame&quot;:true}\" ><h2 class=\"be-social-title\">Share<\/h2><\/div>","protected":false},"excerpt":{"rendered":"<p>[vc_row][vc_column][vc_column_text] Aislamiento de lana de oveja [\/vc_column_text][\/vc_column][\/vc_row][vc_row][vc_column][vc_column_text]origen: La lana de oveja proviene de la esquila que regularmente hay que hacer a las ovejas a lo largo de su ciclo de vida. Es por tanto un material de origen animal, una fibra natual. propiedades: La lana de oveja se utiliza como aislante t\u00e9rmico debido a su [&hellip;]<\/p>\n","protected":false},"author":3,"featured_media":0,"parent":109,"menu_order":0,"comment_status":"closed","ping_status":"closed","template":"","meta":{"_monsterinsights_skip_tracking":false,"_monsterinsights_sitenote_active":false,"_monsterinsights_sitenote_note":"","_monsterinsights_sitenote_category":0,"ngg_post_thumbnail":0,"footnotes":""},"class_list":["post-594","page","type-page","status-publish","hentry"],"yoast_head":"<!-- This site is optimized with the Yoast SEO plugin v27.1.1 - https:\/\/yoast.com\/product\/yoast-seo-wordpress\/ -->\n<title>Aislamiento de lana de oveja - bioconstrumat.com<\/title>\n<meta name=\"robots\" content=\"index, follow, max-snippet:-1, max-image-preview:large, max-video-preview:-1\" \/>\n<link rel=\"canonical\" href=\"https:\/\/www.bioconstrumat.com\/fr\/productos-construccion-sostenibles\/aislamiento-sostenible\/aislamiento-termico-sostenible\/aislamiento-de-lana-de-oveja\/\" \/>\n<meta property=\"og:locale\" content=\"ca_ES\" \/>\n<meta property=\"og:type\" content=\"article\" \/>\n<meta property=\"og:title\" content=\"Aislamiento de lana de oveja - bioconstrumat.com\" \/>\n<meta property=\"og:description\" content=\"[vc_row][vc_column][vc_column_text] Aislamiento de lana de oveja [\/vc_column_text][\/vc_column][\/vc_row][vc_row][vc_column][vc_column_text]origen: La lana de oveja proviene de la esquila que regularmente hay que hacer a las ovejas a lo largo de su ciclo de vida. Es por tanto un material de origen animal, una fibra natual. propiedades: La lana de oveja se utiliza como aislante t\u00e9rmico debido a su [&hellip;]\" \/>\n<meta property=\"og:url\" content=\"https:\/\/www.bioconstrumat.com\/fr\/productos-construccion-sostenibles\/aislamiento-sostenible\/aislamiento-termico-sostenible\/aislamiento-de-lana-de-oveja\/\" \/>\n<meta property=\"og:site_name\" content=\"bioconstrumat.com\" \/>\n<meta property=\"article:modified_time\" content=\"2017-04-22T17:23:19+00:00\" \/>\n<meta name=\"twitter:card\" content=\"summary_large_image\" \/>\n<meta name=\"twitter:label1\" content=\"Est. reading time\" \/>\n\t<meta name=\"twitter:data1\" content=\"10 minutes\" \/>\n<script type=\"application\/ld+json\" class=\"yoast-schema-graph\">{\"@context\":\"https:\/\/schema.org\",\"@graph\":[{\"@type\":\"WebPage\",\"@id\":\"https:\/\/www.bioconstrumat.com\/fr\/productos-construccion-sostenibles\/aislamiento-sostenible\/aislamiento-termico-sostenible\/aislamiento-de-lana-de-oveja\/\",\"url\":\"https:\/\/www.bioconstrumat.com\/fr\/productos-construccion-sostenibles\/aislamiento-sostenible\/aislamiento-termico-sostenible\/aislamiento-de-lana-de-oveja\/\",\"name\":\"Aislamiento de lana de oveja - bioconstrumat.com\",\"isPartOf\":{\"@id\":\"https:\/\/www.bioconstrumat.com\/de\/#website\"},\"datePublished\":\"2017-02-08T16:11:31+00:00\",\"dateModified\":\"2017-04-22T17:23:19+00:00\",\"breadcrumb\":{\"@id\":\"https:\/\/www.bioconstrumat.com\/fr\/productos-construccion-sostenibles\/aislamiento-sostenible\/aislamiento-termico-sostenible\/aislamiento-de-lana-de-oveja\/#breadcrumb\"},\"inLanguage\":\"ca-ES\",\"potentialAction\":[{\"@type\":\"ReadAction\",\"target\":[\"https:\/\/www.bioconstrumat.com\/fr\/productos-construccion-sostenibles\/aislamiento-sostenible\/aislamiento-termico-sostenible\/aislamiento-de-lana-de-oveja\/\"]}]},{\"@type\":\"BreadcrumbList\",\"@id\":\"https:\/\/www.bioconstrumat.com\/fr\/productos-construccion-sostenibles\/aislamiento-sostenible\/aislamiento-termico-sostenible\/aislamiento-de-lana-de-oveja\/#breadcrumb\",\"itemListElement\":[{\"@type\":\"ListItem\",\"position\":1,\"name\":\"Home\",\"item\":\"https:\/\/www.bioconstrumat.com\/de\/\"},{\"@type\":\"ListItem\",\"position\":2,\"name\":\"Produits de construction durable\",\"item\":\"https:\/\/www.bioconstrumat.com\/fr\/productos-construccion-sostenibles\/\"},{\"@type\":\"ListItem\",\"position\":3,\"name\":\"Isolement durable\",\"item\":\"https:\/\/www.bioconstrumat.com\/fr\/productos-construccion-sostenibles\/aislamiento-sostenible\/\"},{\"@type\":\"ListItem\",\"position\":4,\"name\":\"Isolation thermique durable\",\"item\":\"https:\/\/www.bioconstrumat.com\/fr\/productos-construccion-sostenibles\/aislamiento-sostenible\/aislamiento-termico-sostenible\/\"},{\"@type\":\"ListItem\",\"position\":5,\"name\":\"Moutons isolation en laine\"}]},{\"@type\":\"WebSite\",\"@id\":\"https:\/\/www.bioconstrumat.com\/de\/#website\",\"url\":\"https:\/\/www.bioconstrumat.com\/de\/\",\"name\":\"bioconstrumat.com\",\"description\":\"material construcci\u00f3n sostenible\",\"potentialAction\":[{\"@type\":\"SearchAction\",\"target\":{\"@type\":\"EntryPoint\",\"urlTemplate\":\"https:\/\/www.bioconstrumat.com\/de\/?s={search_term_string}\"},\"query-input\":{\"@type\":\"PropertyValueSpecification\",\"valueRequired\":true,\"valueName\":\"search_term_string\"}}],\"inLanguage\":\"ca-ES\"}]}<\/script>\n<!-- \/ Yoast SEO plugin. -->","yoast_head_json":{"title":"Aislamiento de lana de oveja - bioconstrumat.com","robots":{"index":"index","follow":"follow","max-snippet":"max-snippet:-1","max-image-preview":"max-image-preview:large","max-video-preview":"max-video-preview:-1"},"canonical":"https:\/\/www.bioconstrumat.com\/fr\/productos-construccion-sostenibles\/aislamiento-sostenible\/aislamiento-termico-sostenible\/aislamiento-de-lana-de-oveja\/","og_locale":"ca_ES","og_type":"article","og_title":"Aislamiento de lana de oveja - bioconstrumat.com","og_description":"[vc_row][vc_column][vc_column_text] Aislamiento de lana de oveja [\/vc_column_text][\/vc_column][\/vc_row][vc_row][vc_column][vc_column_text]origen: La lana de oveja proviene de la esquila que regularmente hay que hacer a las ovejas a lo largo de su ciclo de vida. Es por tanto un material de origen animal, una fibra natual. propiedades: La lana de oveja se utiliza como aislante t\u00e9rmico debido a su [&hellip;]","og_url":"https:\/\/www.bioconstrumat.com\/fr\/productos-construccion-sostenibles\/aislamiento-sostenible\/aislamiento-termico-sostenible\/aislamiento-de-lana-de-oveja\/","og_site_name":"bioconstrumat.com","article_modified_time":"2017-04-22T17:23:19+00:00","twitter_card":"summary_large_image","twitter_misc":{"Est. reading time":"10 minutes"},"schema":{"@context":"https:\/\/schema.org","@graph":[{"@type":"WebPage","@id":"https:\/\/www.bioconstrumat.com\/fr\/productos-construccion-sostenibles\/aislamiento-sostenible\/aislamiento-termico-sostenible\/aislamiento-de-lana-de-oveja\/","url":"https:\/\/www.bioconstrumat.com\/fr\/productos-construccion-sostenibles\/aislamiento-sostenible\/aislamiento-termico-sostenible\/aislamiento-de-lana-de-oveja\/","name":"Aislamiento de lana de oveja - bioconstrumat.com","isPartOf":{"@id":"https:\/\/www.bioconstrumat.com\/de\/#website"},"datePublished":"2017-02-08T16:11:31+00:00","dateModified":"2017-04-22T17:23:19+00:00","breadcrumb":{"@id":"https:\/\/www.bioconstrumat.com\/fr\/productos-construccion-sostenibles\/aislamiento-sostenible\/aislamiento-termico-sostenible\/aislamiento-de-lana-de-oveja\/#breadcrumb"},"inLanguage":"ca-ES","potentialAction":[{"@type":"ReadAction","target":["https:\/\/www.bioconstrumat.com\/fr\/productos-construccion-sostenibles\/aislamiento-sostenible\/aislamiento-termico-sostenible\/aislamiento-de-lana-de-oveja\/"]}]},{"@type":"BreadcrumbList","@id":"https:\/\/www.bioconstrumat.com\/fr\/productos-construccion-sostenibles\/aislamiento-sostenible\/aislamiento-termico-sostenible\/aislamiento-de-lana-de-oveja\/#breadcrumb","itemListElement":[{"@type":"ListItem","position":1,"name":"Home","item":"https:\/\/www.bioconstrumat.com\/de\/"},{"@type":"ListItem","position":2,"name":"Produits de construction durable","item":"https:\/\/www.bioconstrumat.com\/fr\/productos-construccion-sostenibles\/"},{"@type":"ListItem","position":3,"name":"Isolement durable","item":"https:\/\/www.bioconstrumat.com\/fr\/productos-construccion-sostenibles\/aislamiento-sostenible\/"},{"@type":"ListItem","position":4,"name":"Isolation thermique durable","item":"https:\/\/www.bioconstrumat.com\/fr\/productos-construccion-sostenibles\/aislamiento-sostenible\/aislamiento-termico-sostenible\/"},{"@type":"ListItem","position":5,"name":"Moutons isolation en laine"}]},{"@type":"WebSite","@id":"https:\/\/www.bioconstrumat.com\/de\/#website","url":"https:\/\/www.bioconstrumat.com\/de\/","name":"bioconstrumat.com","description":"material construcci\u00f3n sostenible","potentialAction":[{"@type":"SearchAction","target":{"@type":"EntryPoint","urlTemplate":"https:\/\/www.bioconstrumat.com\/de\/?s={search_term_string}"},"query-input":{"@type":"PropertyValueSpecification","valueRequired":true,"valueName":"search_term_string"}}],"inLanguage":"ca-ES"}]}},"_links":{"self":[{"href":"https:\/\/www.bioconstrumat.com\/ca\/wp-json\/wp\/v2\/pages\/594","targetHints":{"allow":["GET"]}}],"collection":[{"href":"https:\/\/www.bioconstrumat.com\/ca\/wp-json\/wp\/v2\/pages"}],"about":[{"href":"https:\/\/www.bioconstrumat.com\/ca\/wp-json\/wp\/v2\/types\/page"}],"author":[{"embeddable":true,"href":"https:\/\/www.bioconstrumat.com\/ca\/wp-json\/wp\/v2\/users\/3"}],"replies":[{"embeddable":true,"href":"https:\/\/www.bioconstrumat.com\/ca\/wp-json\/wp\/v2\/comments?post=594"}],"version-history":[{"count":18,"href":"https:\/\/www.bioconstrumat.com\/ca\/wp-json\/wp\/v2\/pages\/594\/revisions"}],"predecessor-version":[{"id":846,"href":"https:\/\/www.bioconstrumat.com\/ca\/wp-json\/wp\/v2\/pages\/594\/revisions\/846"}],"up":[{"embeddable":true,"href":"https:\/\/www.bioconstrumat.com\/ca\/wp-json\/wp\/v2\/pages\/109"}],"wp:attachment":[{"href":"https:\/\/www.bioconstrumat.com\/ca\/wp-json\/wp\/v2\/media?parent=594"}],"curies":[{"name":"wp","href":"https:\/\/api.w.org\/{rel}","templated":true}]}}