{"id":57,"date":"2016-04-28T16:30:40","date_gmt":"2016-04-28T16:30:40","guid":{"rendered":"http:\/\/www.bioconstrumat.com\/?page_id=57"},"modified":"2017-03-14T14:54:29","modified_gmt":"2017-03-14T14:54:29","slug":"bioclimatismo","status":"publish","type":"page","link":"https:\/\/www.bioconstrumat.com\/ca\/bioclimatismo\/","title":{"rendered":"Bioclimatisme"},"content":{"rendered":"[vc_row][vc_column][vc_column_text]<strong>Bioclimatisme<\/strong>[\/vc_column_text][\/vc_column][\/vc_row][vc_row][vc_column][vc_column_text]<strong>El bioclimatisme<\/strong> o les tamb\u00e9 anomenades solucions o sistemes arquitectonics passius (sensibilitat en les orientacions, ventilacions creuades, clima on s&#8217;ubica &#8230;) que permeten obtindre \u00a0confort energ\u00e8tic i alhora estalvi energ\u00e8tic, <strong>\u00e9s\u00a0el primer amb el que cal fixar-se<\/strong> <strong>alhora de dissenyar<\/strong> qualsevol <strong>sistema arquitectonic passiu<\/strong> en l&#8217;arquitectura bioclim\u00e0tica en bioconstrucci\u00f3, amb la realitzaci\u00f3 d&#8217;un estudi de sostenibilitat energ\u00e8tica podrem aconseguir el nivell de bioclimatisme desitjat.<\/p>\n<p><strong>En segon lloc<\/strong>, en el bioclimatisme <strong>valorarem els sistemes arquitect\u00f2nics actius<\/strong> tant de les energies renovables com de l\u2019efici\u00e8ncia energ\u00e8tica i estalvi de recursos energ\u00e8tics amb les no renovables, a\u00efllaments, estalvi<\/p>\n<p>Podem distingir <strong>diferents tipus d&#8217;estrat\u00e8gies bioclim\u00e0tiques en el bioclimatisme:<\/strong><\/p>\n<p>Estrat\u00e8gies <strong>gen\u00e8riques<\/strong> bioclimatisme:<\/p>\n<ul>\n<li>Lloc i orientaci\u00f3<\/li>\n<li>Captaci\u00f3 i protecci\u00f3 solar<\/li>\n<li>A\u00efllament<\/li>\n<li>Massa i in\u00e8rcia t\u00e8rmica<\/li>\n<li>Ventilaci\u00f3<\/li>\n<\/ul>\n<p>Estrat\u00e8gies <strong>espec\u00edfiques<\/strong> bioclimatisme:<\/p>\n<ul>\n<li>Captaci\u00f3 i control de llum<\/li>\n<li>Proteccions solars de forats i de parts massisses<\/li>\n<li>Captadors t\u00e8rmics directes, semidirectes i indirectes (finestres, murs d\u2019in\u00e8rcia,murs Trombe, captadors sense in\u00e8rcia&#8230;)<\/li>\n<li>Captaci\u00f3 i control de la ventilaci\u00f3.<\/li>\n<\/ul>\n[\/vc_column_text][\/vc_column][\/vc_row]\n<div class=\"be-social\" data-url=\"https:\/\/www.bioconstrumat.com\/ca\/bioclimatismo\/\" data-base=\"\" data-title=\"Bioclimatisme\" data-track=\"true\" data-via=\"\" data-show=\"{&quot;facebook&quot;:true,&quot;twitter&quot;:true,&quot;google&quot;:true,&quot;reddit&quot;:true,&quot;linkedin&quot;:true,&quot;meneame&quot;:true}\" ><h2 class=\"be-social-title\">Share<\/h2><\/div>","protected":false},"excerpt":{"rendered":"<p>[vc_row][vc_column][vc_column_text]Bioclimatisme[\/vc_column_text][\/vc_column][\/vc_row][vc_row][vc_column][vc_column_text]El bioclimatisme o les tamb\u00e9 anomenades solucions o sistemes arquitectonics passius (sensibilitat en les orientacions, ventilacions creuades, clima on s&#8217;ubica &#8230;) que permeten obtindre \u00a0confort energ\u00e8tic i alhora estalvi energ\u00e8tic, \u00e9s\u00a0el primer amb el que cal fixar-se alhora de dissenyar qualsevol sistema arquitectonic passiu en l&#8217;arquitectura bioclim\u00e0tica en bioconstrucci\u00f3, amb la realitzaci\u00f3 d&#8217;un estudi de [&hellip;]<\/p>\n","protected":false},"author":3,"featured_media":0,"parent":0,"menu_order":0,"comment_status":"closed","ping_status":"closed","template":"","meta":{"_monsterinsights_skip_tracking":false,"_monsterinsights_sitenote_active":false,"_monsterinsights_sitenote_note":"","_monsterinsights_sitenote_category":0,"ngg_post_thumbnail":0,"footnotes":""},"class_list":["post-57","page","type-page","status-publish","hentry"],"yoast_head":"<!-- This site is optimized with the Yoast SEO plugin v27.1.1 - https:\/\/yoast.com\/product\/yoast-seo-wordpress\/ -->\n<title>Bioclimatisme - bioconstrumat.com<\/title>\n<meta name=\"robots\" content=\"index, follow, max-snippet:-1, max-image-preview:large, max-video-preview:-1\" \/>\n<link rel=\"canonical\" href=\"https:\/\/www.bioconstrumat.com\/bioclimatismo\/\" \/>\n<meta property=\"og:locale\" content=\"ca_ES\" \/>\n<meta property=\"og:type\" content=\"article\" \/>\n<meta property=\"og:title\" content=\"Bioclimatisme - bioconstrumat.com\" \/>\n<meta property=\"og:description\" content=\"[vc_row][vc_column][vc_column_text]Bioclimatisme[\/vc_column_text][\/vc_column][\/vc_row][vc_row][vc_column][vc_column_text]El bioclimatisme o les tamb\u00e9 anomenades solucions o sistemes arquitectonics passius (sensibilitat en les orientacions, ventilacions creuades, clima on s&#8217;ubica &#8230;) que permeten obtindre \u00a0confort energ\u00e8tic i alhora estalvi energ\u00e8tic, \u00e9s\u00a0el primer amb el que cal fixar-se alhora de dissenyar qualsevol sistema arquitectonic passiu en l&#8217;arquitectura bioclim\u00e0tica en bioconstrucci\u00f3, amb la realitzaci\u00f3 d&#8217;un estudi de [&hellip;]\" \/>\n<meta property=\"og:url\" content=\"https:\/\/www.bioconstrumat.com\/bioclimatismo\/\" \/>\n<meta property=\"og:site_name\" content=\"bioconstrumat.com\" \/>\n<meta property=\"article:modified_time\" content=\"2017-03-14T14:54:29+00:00\" \/>\n<meta name=\"twitter:card\" content=\"summary_large_image\" \/>\n<meta name=\"twitter:label1\" content=\"Est. reading time\" \/>\n\t<meta name=\"twitter:data1\" content=\"6 minutes\" \/>\n<script type=\"application\/ld+json\" class=\"yoast-schema-graph\">{\"@context\":\"https:\/\/schema.org\",\"@graph\":[{\"@type\":\"WebPage\",\"@id\":\"https:\/\/www.bioconstrumat.com\/bioclimatismo\/\",\"url\":\"https:\/\/www.bioconstrumat.com\/bioclimatismo\/\",\"name\":\"Bioclimatisme - bioconstrumat.com\",\"isPartOf\":{\"@id\":\"https:\/\/www.bioconstrumat.com\/de\/#website\"},\"datePublished\":\"2016-04-28T16:30:40+00:00\",\"dateModified\":\"2017-03-14T14:54:29+00:00\",\"breadcrumb\":{\"@id\":\"https:\/\/www.bioconstrumat.com\/bioclimatismo\/#breadcrumb\"},\"inLanguage\":\"ca-ES\",\"potentialAction\":[{\"@type\":\"ReadAction\",\"target\":[\"https:\/\/www.bioconstrumat.com\/bioclimatismo\/\"]}]},{\"@type\":\"BreadcrumbList\",\"@id\":\"https:\/\/www.bioconstrumat.com\/bioclimatismo\/#breadcrumb\",\"itemListElement\":[{\"@type\":\"ListItem\",\"position\":1,\"name\":\"Home\",\"item\":\"https:\/\/www.bioconstrumat.com\/de\/\"},{\"@type\":\"ListItem\",\"position\":2,\"name\":\"Bioclimatismo\"}]},{\"@type\":\"WebSite\",\"@id\":\"https:\/\/www.bioconstrumat.com\/de\/#website\",\"url\":\"https:\/\/www.bioconstrumat.com\/de\/\",\"name\":\"bioconstrumat.com\",\"description\":\"material construcci\u00f3n sostenible\",\"potentialAction\":[{\"@type\":\"SearchAction\",\"target\":{\"@type\":\"EntryPoint\",\"urlTemplate\":\"https:\/\/www.bioconstrumat.com\/de\/?s={search_term_string}\"},\"query-input\":{\"@type\":\"PropertyValueSpecification\",\"valueRequired\":true,\"valueName\":\"search_term_string\"}}],\"inLanguage\":\"ca-ES\"}]}<\/script>\n<!-- \/ Yoast SEO plugin. -->","yoast_head_json":{"title":"Bioclimatisme - bioconstrumat.com","robots":{"index":"index","follow":"follow","max-snippet":"max-snippet:-1","max-image-preview":"max-image-preview:large","max-video-preview":"max-video-preview:-1"},"canonical":"https:\/\/www.bioconstrumat.com\/bioclimatismo\/","og_locale":"ca_ES","og_type":"article","og_title":"Bioclimatisme - bioconstrumat.com","og_description":"[vc_row][vc_column][vc_column_text]Bioclimatisme[\/vc_column_text][\/vc_column][\/vc_row][vc_row][vc_column][vc_column_text]El bioclimatisme o les tamb\u00e9 anomenades solucions o sistemes arquitectonics passius (sensibilitat en les orientacions, ventilacions creuades, clima on s&#8217;ubica &#8230;) que permeten obtindre \u00a0confort energ\u00e8tic i alhora estalvi energ\u00e8tic, \u00e9s\u00a0el primer amb el que cal fixar-se alhora de dissenyar qualsevol sistema arquitectonic passiu en l&#8217;arquitectura bioclim\u00e0tica en bioconstrucci\u00f3, amb la realitzaci\u00f3 d&#8217;un estudi de [&hellip;]","og_url":"https:\/\/www.bioconstrumat.com\/bioclimatismo\/","og_site_name":"bioconstrumat.com","article_modified_time":"2017-03-14T14:54:29+00:00","twitter_card":"summary_large_image","twitter_misc":{"Est. reading time":"6 minutes"},"schema":{"@context":"https:\/\/schema.org","@graph":[{"@type":"WebPage","@id":"https:\/\/www.bioconstrumat.com\/bioclimatismo\/","url":"https:\/\/www.bioconstrumat.com\/bioclimatismo\/","name":"Bioclimatisme - bioconstrumat.com","isPartOf":{"@id":"https:\/\/www.bioconstrumat.com\/de\/#website"},"datePublished":"2016-04-28T16:30:40+00:00","dateModified":"2017-03-14T14:54:29+00:00","breadcrumb":{"@id":"https:\/\/www.bioconstrumat.com\/bioclimatismo\/#breadcrumb"},"inLanguage":"ca-ES","potentialAction":[{"@type":"ReadAction","target":["https:\/\/www.bioconstrumat.com\/bioclimatismo\/"]}]},{"@type":"BreadcrumbList","@id":"https:\/\/www.bioconstrumat.com\/bioclimatismo\/#breadcrumb","itemListElement":[{"@type":"ListItem","position":1,"name":"Home","item":"https:\/\/www.bioconstrumat.com\/de\/"},{"@type":"ListItem","position":2,"name":"Bioclimatismo"}]},{"@type":"WebSite","@id":"https:\/\/www.bioconstrumat.com\/de\/#website","url":"https:\/\/www.bioconstrumat.com\/de\/","name":"bioconstrumat.com","description":"material construcci\u00f3n sostenible","potentialAction":[{"@type":"SearchAction","target":{"@type":"EntryPoint","urlTemplate":"https:\/\/www.bioconstrumat.com\/de\/?s={search_term_string}"},"query-input":{"@type":"PropertyValueSpecification","valueRequired":true,"valueName":"search_term_string"}}],"inLanguage":"ca-ES"}]}},"_links":{"self":[{"href":"https:\/\/www.bioconstrumat.com\/ca\/wp-json\/wp\/v2\/pages\/57","targetHints":{"allow":["GET"]}}],"collection":[{"href":"https:\/\/www.bioconstrumat.com\/ca\/wp-json\/wp\/v2\/pages"}],"about":[{"href":"https:\/\/www.bioconstrumat.com\/ca\/wp-json\/wp\/v2\/types\/page"}],"author":[{"embeddable":true,"href":"https:\/\/www.bioconstrumat.com\/ca\/wp-json\/wp\/v2\/users\/3"}],"replies":[{"embeddable":true,"href":"https:\/\/www.bioconstrumat.com\/ca\/wp-json\/wp\/v2\/comments?post=57"}],"version-history":[{"count":13,"href":"https:\/\/www.bioconstrumat.com\/ca\/wp-json\/wp\/v2\/pages\/57\/revisions"}],"predecessor-version":[{"id":508,"href":"https:\/\/www.bioconstrumat.com\/ca\/wp-json\/wp\/v2\/pages\/57\/revisions\/508"}],"wp:attachment":[{"href":"https:\/\/www.bioconstrumat.com\/ca\/wp-json\/wp\/v2\/media?parent=57"}],"curies":[{"name":"wp","href":"https:\/\/api.w.org\/{rel}","templated":true}]}}