{"id":48,"date":"2016-04-28T15:23:22","date_gmt":"2016-04-28T15:23:22","guid":{"rendered":"http:\/\/www.bioconstrumat.com\/?page_id=48"},"modified":"2017-03-22T21:11:47","modified_gmt":"2017-03-22T21:11:47","slug":"productos-construccion-sostenibles","status":"publish","type":"page","link":"https:\/\/www.bioconstrumat.com\/ca\/productos-construccion-sostenibles\/","title":{"rendered":"Productes construcci\u00f3 sostenibles"},"content":{"rendered":"[vc_row][vc_column][mk_animated_columns column_height=&#8221;199&#8243; column_number=&#8221;8&#8243; title_size=&#8221;16&#8243; icon_size=&#8221;128&#8243; icon_hover_color=&#8221;#dd3333&#8243; txt_color=&#8221;#000000&#8243; btn_color=&#8221;#81d742&#8243; columns=&#8221;523,538,528,391,533,394,515,472&#8243;][\/vc_column][\/vc_row][vc_row][vc_column width=&#8221;1\/2&#8243;][vc_column_text]<strong>&nbsp;<\/strong><\/p>\n<p>Els <strong>productes de construcci\u00f3 sostenible<\/strong> que trobareu a la web de Bioconstrumat disposen entre altres dels segells de les declaracions ambientals de producte (DAPc). Aquest segell i d&#8217;altres dels que disposen, donen una informaci\u00f3 fiable dels impactes ambientals dels productes de decoraci\u00f3 i construcci\u00f3 sostenibles.[\/vc_column_text][\/vc_column][vc_column width=&#8221;1\/2&#8243;][mk_image src=&#8221;https:\/\/www.bioconstrumat.com\/wp-content\/uploads\/BioconstrumatMon.gif&#8221; image_height=&#8221;745&#8243; align=&#8221;center&#8221; crop=&#8221;false&#8221;][mk_image src=&#8221;https:\/\/www.bioconstrumat.com\/wp-content\/uploads\/logo-german.jpg&#8221; image_width=&#8221;880&#8243; image_height=&#8221;266&#8243; align=&#8221;center&#8221; crop=&#8221;false&#8221;][\/vc_column][\/vc_row][vc_row animation=&#8221;fade-in&#8221;][vc_column width=&#8221;1\/2&#8243;][vc_column_text]\n[\/vc_column_text][vc_column_text margin_bottom=&#8221;38&#8243;]<strong>Sostenible vol dir<\/strong> corresponsable, que satisf\u00e0 les necessitats actuals, tenint en compte quines s\u00f3n les opcions m\u00e9s viables i <strong>equitatives ecol\u00f2gicament, socialment i econ\u00f2micament<\/strong>,<strong> per tal de no posar en perill la capacitat de generacions futures<\/strong> per satisfer les seves pr\u00f2pies necessitats.[\/vc_column_text][\/vc_column][vc_column width=&#8221;1\/2&#8243;][mk_image src=&#8221;https:\/\/www.bioconstrumat.com\/wp-content\/uploads\/anellesnetlletra.gif&#8221; image_width=&#8221;363&#8243; image_height=&#8221;453&#8243; align=&#8221;center&#8221; crop=&#8221;false&#8221;][\/vc_column][\/vc_row]\n<div class=\"be-social\" data-url=\"https:\/\/www.bioconstrumat.com\/ca\/productos-construccion-sostenibles\/\" data-base=\"\" data-title=\"Productes construcci\u00f3 sostenibles\" data-track=\"true\" data-via=\"\" data-show=\"{&quot;facebook&quot;:true,&quot;twitter&quot;:true,&quot;google&quot;:true,&quot;reddit&quot;:true,&quot;linkedin&quot;:true,&quot;meneame&quot;:true}\" ><h2 class=\"be-social-title\">Share<\/h2><\/div>","protected":false},"excerpt":{"rendered":"<p>[vc_row][vc_column][mk_animated_columns column_height=&#8221;199&#8243; column_number=&#8221;8&#8243; title_size=&#8221;16&#8243; icon_size=&#8221;128&#8243; icon_hover_color=&#8221;#dd3333&#8243; txt_color=&#8221;#000000&#8243; btn_color=&#8221;#81d742&#8243; columns=&#8221;523,538,528,391,533,394,515,472&#8243;][\/vc_column][\/vc_row][vc_row][vc_column width=&#8221;1\/2&#8243;][vc_column_text]&nbsp; Els productes de construcci\u00f3 sostenible que trobareu a la web de Bioconstrumat disposen entre altres dels segells de les declaracions ambientals de producte (DAPc). Aquest segell i d&#8217;altres dels que disposen, donen una informaci\u00f3 fiable dels impactes ambientals dels productes de decoraci\u00f3 i construcci\u00f3 sostenibles.[\/vc_column_text][\/vc_column][vc_column [&hellip;]<\/p>\n","protected":false},"author":3,"featured_media":0,"parent":0,"menu_order":0,"comment_status":"closed","ping_status":"closed","template":"","meta":{"_monsterinsights_skip_tracking":false,"_monsterinsights_sitenote_active":false,"_monsterinsights_sitenote_note":"","_monsterinsights_sitenote_category":0,"ngg_post_thumbnail":0,"footnotes":""},"class_list":["post-48","page","type-page","status-publish","hentry"],"yoast_head":"<!-- This site is optimized with the Yoast SEO plugin v27.1.1 - https:\/\/yoast.com\/product\/yoast-seo-wordpress\/ -->\n<title>Productes construcci\u00f3 sostenibles - bioconstrumat.com<\/title>\n<meta name=\"robots\" content=\"index, follow, max-snippet:-1, max-image-preview:large, max-video-preview:-1\" \/>\n<link rel=\"canonical\" href=\"https:\/\/www.bioconstrumat.com\/fr\/productos-construccion-sostenibles\/\" \/>\n<meta property=\"og:locale\" content=\"ca_ES\" \/>\n<meta property=\"og:type\" content=\"article\" \/>\n<meta property=\"og:title\" content=\"Productes construcci\u00f3 sostenibles - bioconstrumat.com\" \/>\n<meta property=\"og:description\" content=\"[vc_row][vc_column][mk_animated_columns column_height=&#8221;199&#8243; column_number=&#8221;8&#8243; title_size=&#8221;16&#8243; icon_size=&#8221;128&#8243; icon_hover_color=&#8221;#dd3333&#8243; txt_color=&#8221;#000000&#8243; btn_color=&#8221;#81d742&#8243; columns=&#8221;523,538,528,391,533,394,515,472&#8243;][\/vc_column][\/vc_row][vc_row][vc_column width=&#8221;1\/2&#8243;][vc_column_text]&nbsp; Els productes de construcci\u00f3 sostenible que trobareu a la web de Bioconstrumat disposen entre altres dels segells de les declaracions ambientals de producte (DAPc). Aquest segell i d&#8217;altres dels que disposen, donen una informaci\u00f3 fiable dels impactes ambientals dels productes de decoraci\u00f3 i construcci\u00f3 sostenibles.[\/vc_column_text][\/vc_column][vc_column [&hellip;]\" \/>\n<meta property=\"og:url\" content=\"https:\/\/www.bioconstrumat.com\/fr\/productos-construccion-sostenibles\/\" \/>\n<meta property=\"og:site_name\" content=\"bioconstrumat.com\" \/>\n<meta property=\"article:modified_time\" content=\"2017-03-22T21:11:47+00:00\" \/>\n<meta name=\"twitter:card\" content=\"summary_large_image\" \/>\n<meta name=\"twitter:label1\" content=\"Est. reading time\" \/>\n\t<meta name=\"twitter:data1\" content=\"3 minutes\" \/>\n<script type=\"application\/ld+json\" class=\"yoast-schema-graph\">{\"@context\":\"https:\/\/schema.org\",\"@graph\":[{\"@type\":\"WebPage\",\"@id\":\"https:\/\/www.bioconstrumat.com\/fr\/productos-construccion-sostenibles\/\",\"url\":\"https:\/\/www.bioconstrumat.com\/fr\/productos-construccion-sostenibles\/\",\"name\":\"Productes construcci\u00f3 sostenibles - bioconstrumat.com\",\"isPartOf\":{\"@id\":\"https:\/\/www.bioconstrumat.com\/de\/#website\"},\"datePublished\":\"2016-04-28T15:23:22+00:00\",\"dateModified\":\"2017-03-22T21:11:47+00:00\",\"breadcrumb\":{\"@id\":\"https:\/\/www.bioconstrumat.com\/fr\/productos-construccion-sostenibles\/#breadcrumb\"},\"inLanguage\":\"ca-ES\",\"potentialAction\":[{\"@type\":\"ReadAction\",\"target\":[\"https:\/\/www.bioconstrumat.com\/fr\/productos-construccion-sostenibles\/\"]}]},{\"@type\":\"BreadcrumbList\",\"@id\":\"https:\/\/www.bioconstrumat.com\/fr\/productos-construccion-sostenibles\/#breadcrumb\",\"itemListElement\":[{\"@type\":\"ListItem\",\"position\":1,\"name\":\"Home\",\"item\":\"https:\/\/www.bioconstrumat.com\/de\/\"},{\"@type\":\"ListItem\",\"position\":2,\"name\":\"Produits de construction durable\"}]},{\"@type\":\"WebSite\",\"@id\":\"https:\/\/www.bioconstrumat.com\/de\/#website\",\"url\":\"https:\/\/www.bioconstrumat.com\/de\/\",\"name\":\"bioconstrumat.com\",\"description\":\"material construcci\u00f3n sostenible\",\"potentialAction\":[{\"@type\":\"SearchAction\",\"target\":{\"@type\":\"EntryPoint\",\"urlTemplate\":\"https:\/\/www.bioconstrumat.com\/de\/?s={search_term_string}\"},\"query-input\":{\"@type\":\"PropertyValueSpecification\",\"valueRequired\":true,\"valueName\":\"search_term_string\"}}],\"inLanguage\":\"ca-ES\"}]}<\/script>\n<!-- \/ Yoast SEO plugin. -->","yoast_head_json":{"title":"Productes construcci\u00f3 sostenibles - bioconstrumat.com","robots":{"index":"index","follow":"follow","max-snippet":"max-snippet:-1","max-image-preview":"max-image-preview:large","max-video-preview":"max-video-preview:-1"},"canonical":"https:\/\/www.bioconstrumat.com\/fr\/productos-construccion-sostenibles\/","og_locale":"ca_ES","og_type":"article","og_title":"Productes construcci\u00f3 sostenibles - bioconstrumat.com","og_description":"[vc_row][vc_column][mk_animated_columns column_height=&#8221;199&#8243; column_number=&#8221;8&#8243; title_size=&#8221;16&#8243; icon_size=&#8221;128&#8243; icon_hover_color=&#8221;#dd3333&#8243; txt_color=&#8221;#000000&#8243; btn_color=&#8221;#81d742&#8243; columns=&#8221;523,538,528,391,533,394,515,472&#8243;][\/vc_column][\/vc_row][vc_row][vc_column width=&#8221;1\/2&#8243;][vc_column_text]&nbsp; Els productes de construcci\u00f3 sostenible que trobareu a la web de Bioconstrumat disposen entre altres dels segells de les declaracions ambientals de producte (DAPc). Aquest segell i d&#8217;altres dels que disposen, donen una informaci\u00f3 fiable dels impactes ambientals dels productes de decoraci\u00f3 i construcci\u00f3 sostenibles.[\/vc_column_text][\/vc_column][vc_column [&hellip;]","og_url":"https:\/\/www.bioconstrumat.com\/fr\/productos-construccion-sostenibles\/","og_site_name":"bioconstrumat.com","article_modified_time":"2017-03-22T21:11:47+00:00","twitter_card":"summary_large_image","twitter_misc":{"Est. reading time":"3 minutes"},"schema":{"@context":"https:\/\/schema.org","@graph":[{"@type":"WebPage","@id":"https:\/\/www.bioconstrumat.com\/fr\/productos-construccion-sostenibles\/","url":"https:\/\/www.bioconstrumat.com\/fr\/productos-construccion-sostenibles\/","name":"Productes construcci\u00f3 sostenibles - bioconstrumat.com","isPartOf":{"@id":"https:\/\/www.bioconstrumat.com\/de\/#website"},"datePublished":"2016-04-28T15:23:22+00:00","dateModified":"2017-03-22T21:11:47+00:00","breadcrumb":{"@id":"https:\/\/www.bioconstrumat.com\/fr\/productos-construccion-sostenibles\/#breadcrumb"},"inLanguage":"ca-ES","potentialAction":[{"@type":"ReadAction","target":["https:\/\/www.bioconstrumat.com\/fr\/productos-construccion-sostenibles\/"]}]},{"@type":"BreadcrumbList","@id":"https:\/\/www.bioconstrumat.com\/fr\/productos-construccion-sostenibles\/#breadcrumb","itemListElement":[{"@type":"ListItem","position":1,"name":"Home","item":"https:\/\/www.bioconstrumat.com\/de\/"},{"@type":"ListItem","position":2,"name":"Produits de construction durable"}]},{"@type":"WebSite","@id":"https:\/\/www.bioconstrumat.com\/de\/#website","url":"https:\/\/www.bioconstrumat.com\/de\/","name":"bioconstrumat.com","description":"material construcci\u00f3n sostenible","potentialAction":[{"@type":"SearchAction","target":{"@type":"EntryPoint","urlTemplate":"https:\/\/www.bioconstrumat.com\/de\/?s={search_term_string}"},"query-input":{"@type":"PropertyValueSpecification","valueRequired":true,"valueName":"search_term_string"}}],"inLanguage":"ca-ES"}]}},"_links":{"self":[{"href":"https:\/\/www.bioconstrumat.com\/ca\/wp-json\/wp\/v2\/pages\/48","targetHints":{"allow":["GET"]}}],"collection":[{"href":"https:\/\/www.bioconstrumat.com\/ca\/wp-json\/wp\/v2\/pages"}],"about":[{"href":"https:\/\/www.bioconstrumat.com\/ca\/wp-json\/wp\/v2\/types\/page"}],"author":[{"embeddable":true,"href":"https:\/\/www.bioconstrumat.com\/ca\/wp-json\/wp\/v2\/users\/3"}],"replies":[{"embeddable":true,"href":"https:\/\/www.bioconstrumat.com\/ca\/wp-json\/wp\/v2\/comments?post=48"}],"version-history":[{"count":70,"href":"https:\/\/www.bioconstrumat.com\/ca\/wp-json\/wp\/v2\/pages\/48\/revisions"}],"predecessor-version":[{"id":671,"href":"https:\/\/www.bioconstrumat.com\/ca\/wp-json\/wp\/v2\/pages\/48\/revisions\/671"}],"wp:attachment":[{"href":"https:\/\/www.bioconstrumat.com\/ca\/wp-json\/wp\/v2\/media?parent=48"}],"curies":[{"name":"wp","href":"https:\/\/api.w.org\/{rel}","templated":true}]}}