{"id":218,"date":"2016-05-06T17:45:57","date_gmt":"2016-05-06T17:45:57","guid":{"rendered":"http:\/\/www.bioconstrumat.com\/?page_id=218"},"modified":"2016-07-24T19:14:14","modified_gmt":"2016-07-24T19:14:14","slug":"como-hacer-bioconstruccion","status":"publish","type":"page","link":"https:\/\/www.bioconstrumat.com\/ca\/bioconstruccion\/como-hacer-bioconstruccion\/","title":{"rendered":"Com fer bioconstrucci\u00f3 ?"},"content":{"rendered":"[vc_row][vc_column][vc_column_text]<strong>Com fer bioconstrucci\u00f3 ?<\/strong><\/p>\n<p>Les pautes en les que es recolza l\u2019<strong>Arquitectura que vol comprometre\u2019s amb el Medi ambient<\/strong>, s\u00f3n el resultat de combinar:<br \/>\n1) L\u2019Enginy i l\u2019efic\u00e0cia en el disseny, que implica Reducci\u00f3 energ\u00e8tica.[\/vc_column_text][\/vc_column][\/vc_row][vc_row][vc_column][mk_image src=&#8221;https:\/\/www.bioconstrumat.com\/wp-content\/uploads\/confortcasasana.png&#8221;][\/vc_column][\/vc_row][vc_row][vc_column][vc_column_text]2) Materials de Construcci\u00f3 Sostenibles que siguin duradors i que necessitin un esc\u00e0s manteniment, que puguin <strong>R<\/strong>eutil\u00b7litzar-se, <strong>R<\/strong>eciclar-se i\/o <strong>R<\/strong>ecuperar-se. Conceptes com Arquitectura Verda, Arquitectura Sostenible, Arquitectura Bioclim\u00e0tica, Arquitectura Ecol\u00f2gica, Arquitectura Passiva, Arquitectura Solar (Passiva i Activa), Edificaci\u00f3 d\u2019Elevada Efici\u00e8ncia Energ\u00e8tica, Urbanisme Sostenible, Ecociutats, Espais Permaculturals, Bioconstrucci\u00f3, tot i que en alguns casos podrien entendre\u2019s com a conceptes sin\u00f2nims estan relacionats en major o menor mesura amb el comprom\u00eds existent entre Arquitectura i Medi Ambient, i defineixen un registre molt ampli que engloba des de la preocupaci\u00f3 per la composici\u00f3 dels materials, fins a projectes alternatius d\u2019organitzaci\u00f3 socioecon\u00f2mica=<strong>R<\/strong>especte[\/vc_column_text][\/vc_column][\/vc_row]\n<div class=\"be-social\" data-url=\"https:\/\/www.bioconstrumat.com\/ca\/bioconstruccion\/como-hacer-bioconstruccion\/\" data-base=\"\" data-title=\"Com fer bioconstrucci\u00f3 ?\" data-track=\"true\" data-via=\"\" data-show=\"{&quot;facebook&quot;:true,&quot;twitter&quot;:true,&quot;google&quot;:true,&quot;reddit&quot;:true,&quot;linkedin&quot;:true,&quot;meneame&quot;:true}\" ><h2 class=\"be-social-title\">Share<\/h2><\/div>","protected":false},"excerpt":{"rendered":"<p>[vc_row][vc_column][vc_column_text]Com fer bioconstrucci\u00f3 ? Les pautes en les que es recolza l\u2019Arquitectura que vol comprometre\u2019s amb el Medi ambient, s\u00f3n el resultat de combinar: 1) L\u2019Enginy i l\u2019efic\u00e0cia en el disseny, que implica Reducci\u00f3 energ\u00e8tica.[\/vc_column_text][\/vc_column][\/vc_row][vc_row][vc_column][mk_image src=&#8221;https:\/\/www.bioconstrumat.com\/wp-content\/uploads\/confortcasasana.png&#8221;][\/vc_column][\/vc_row][vc_row][vc_column][vc_column_text]2) Materials de Construcci\u00f3 Sostenibles que siguin duradors i que necessitin un esc\u00e0s manteniment, que puguin Reutil\u00b7litzar-se, Reciclar-se i\/o Recuperar-se. [&hellip;]<\/p>\n","protected":false},"author":3,"featured_media":0,"parent":436,"menu_order":0,"comment_status":"closed","ping_status":"closed","template":"","meta":{"_monsterinsights_skip_tracking":false,"_monsterinsights_sitenote_active":false,"_monsterinsights_sitenote_note":"","_monsterinsights_sitenote_category":0,"ngg_post_thumbnail":0,"footnotes":""},"class_list":["post-218","page","type-page","status-publish","hentry"],"yoast_head":"<!-- This site is optimized with the Yoast SEO plugin v27.4 - https:\/\/yoast.com\/product\/yoast-seo-wordpress\/ -->\n<title>Com fer bioconstrucci\u00f3 ? - bioconstrumat.com<\/title>\n<meta name=\"robots\" content=\"index, follow, max-snippet:-1, max-image-preview:large, max-video-preview:-1\" \/>\n<link rel=\"canonical\" href=\"https:\/\/www.bioconstrumat.com\/bioconstruccion\/como-hacer-bioconstruccion\/\" \/>\n<meta property=\"og:locale\" content=\"ca_ES\" \/>\n<meta property=\"og:type\" content=\"article\" \/>\n<meta property=\"og:title\" content=\"Com fer bioconstrucci\u00f3 ? - bioconstrumat.com\" \/>\n<meta property=\"og:description\" content=\"[vc_row][vc_column][vc_column_text]Com fer bioconstrucci\u00f3 ? Les pautes en les que es recolza l\u2019Arquitectura que vol comprometre\u2019s amb el Medi ambient, s\u00f3n el resultat de combinar: 1) L\u2019Enginy i l\u2019efic\u00e0cia en el disseny, que implica Reducci\u00f3 energ\u00e8tica.[\/vc_column_text][\/vc_column][\/vc_row][vc_row][vc_column][mk_image src=&#8221;https:\/\/www.bioconstrumat.com\/wp-content\/uploads\/confortcasasana.png&#8221;][\/vc_column][\/vc_row][vc_row][vc_column][vc_column_text]2) Materials de Construcci\u00f3 Sostenibles que siguin duradors i que necessitin un esc\u00e0s manteniment, que puguin Reutil\u00b7litzar-se, Reciclar-se i\/o Recuperar-se. [&hellip;]\" \/>\n<meta property=\"og:url\" content=\"https:\/\/www.bioconstrumat.com\/bioconstruccion\/como-hacer-bioconstruccion\/\" \/>\n<meta property=\"og:site_name\" content=\"bioconstrumat.com\" \/>\n<meta property=\"article:modified_time\" content=\"2016-07-24T19:14:14+00:00\" \/>\n<meta name=\"twitter:card\" content=\"summary_large_image\" \/>\n<meta name=\"twitter:label1\" content=\"Est. reading time\" \/>\n\t<meta name=\"twitter:data1\" content=\"2 minutes\" \/>\n<script type=\"application\/ld+json\" class=\"yoast-schema-graph\">{\"@context\":\"https:\\\/\\\/schema.org\",\"@graph\":[{\"@type\":\"WebPage\",\"@id\":\"https:\\\/\\\/www.bioconstrumat.com\\\/bioconstruccion\\\/como-hacer-bioconstruccion\\\/\",\"url\":\"https:\\\/\\\/www.bioconstrumat.com\\\/bioconstruccion\\\/como-hacer-bioconstruccion\\\/\",\"name\":\"Com fer bioconstrucci\u00f3 ? - bioconstrumat.com\",\"isPartOf\":{\"@id\":\"https:\\\/\\\/www.bioconstrumat.com\\\/de\\\/#website\"},\"datePublished\":\"2016-05-06T17:45:57+00:00\",\"dateModified\":\"2016-07-24T19:14:14+00:00\",\"breadcrumb\":{\"@id\":\"https:\\\/\\\/www.bioconstrumat.com\\\/bioconstruccion\\\/como-hacer-bioconstruccion\\\/#breadcrumb\"},\"inLanguage\":\"ca-ES\",\"potentialAction\":[{\"@type\":\"ReadAction\",\"target\":[\"https:\\\/\\\/www.bioconstrumat.com\\\/bioconstruccion\\\/como-hacer-bioconstruccion\\\/\"]}]},{\"@type\":\"BreadcrumbList\",\"@id\":\"https:\\\/\\\/www.bioconstrumat.com\\\/bioconstruccion\\\/como-hacer-bioconstruccion\\\/#breadcrumb\",\"itemListElement\":[{\"@type\":\"ListItem\",\"position\":1,\"name\":\"Home\",\"item\":\"https:\\\/\\\/www.bioconstrumat.com\\\/de\\\/\"},{\"@type\":\"ListItem\",\"position\":2,\"name\":\"Bioconstrucci\u00f3n\",\"item\":\"https:\\\/\\\/www.bioconstrumat.com\\\/bioconstruccion\\\/\"},{\"@type\":\"ListItem\",\"position\":3,\"name\":\"Como hacer bioconstrucci\u00f3n ?\"}]},{\"@type\":\"WebSite\",\"@id\":\"https:\\\/\\\/www.bioconstrumat.com\\\/de\\\/#website\",\"url\":\"https:\\\/\\\/www.bioconstrumat.com\\\/de\\\/\",\"name\":\"bioconstrumat.com\",\"description\":\"material construcci\u00f3n sostenible\",\"potentialAction\":[{\"@type\":\"SearchAction\",\"target\":{\"@type\":\"EntryPoint\",\"urlTemplate\":\"https:\\\/\\\/www.bioconstrumat.com\\\/de\\\/?s={search_term_string}\"},\"query-input\":{\"@type\":\"PropertyValueSpecification\",\"valueRequired\":true,\"valueName\":\"search_term_string\"}}],\"inLanguage\":\"ca-ES\"}]}<\/script>\n<!-- \/ Yoast SEO plugin. -->","yoast_head_json":{"title":"Com fer bioconstrucci\u00f3 ? - bioconstrumat.com","robots":{"index":"index","follow":"follow","max-snippet":"max-snippet:-1","max-image-preview":"max-image-preview:large","max-video-preview":"max-video-preview:-1"},"canonical":"https:\/\/www.bioconstrumat.com\/bioconstruccion\/como-hacer-bioconstruccion\/","og_locale":"ca_ES","og_type":"article","og_title":"Com fer bioconstrucci\u00f3 ? - bioconstrumat.com","og_description":"[vc_row][vc_column][vc_column_text]Com fer bioconstrucci\u00f3 ? Les pautes en les que es recolza l\u2019Arquitectura que vol comprometre\u2019s amb el Medi ambient, s\u00f3n el resultat de combinar: 1) L\u2019Enginy i l\u2019efic\u00e0cia en el disseny, que implica Reducci\u00f3 energ\u00e8tica.[\/vc_column_text][\/vc_column][\/vc_row][vc_row][vc_column][mk_image src=&#8221;https:\/\/www.bioconstrumat.com\/wp-content\/uploads\/confortcasasana.png&#8221;][\/vc_column][\/vc_row][vc_row][vc_column][vc_column_text]2) Materials de Construcci\u00f3 Sostenibles que siguin duradors i que necessitin un esc\u00e0s manteniment, que puguin Reutil\u00b7litzar-se, Reciclar-se i\/o Recuperar-se. [&hellip;]","og_url":"https:\/\/www.bioconstrumat.com\/bioconstruccion\/como-hacer-bioconstruccion\/","og_site_name":"bioconstrumat.com","article_modified_time":"2016-07-24T19:14:14+00:00","twitter_card":"summary_large_image","twitter_misc":{"Est. reading time":"2 minutes"},"schema":{"@context":"https:\/\/schema.org","@graph":[{"@type":"WebPage","@id":"https:\/\/www.bioconstrumat.com\/bioconstruccion\/como-hacer-bioconstruccion\/","url":"https:\/\/www.bioconstrumat.com\/bioconstruccion\/como-hacer-bioconstruccion\/","name":"Com fer bioconstrucci\u00f3 ? - bioconstrumat.com","isPartOf":{"@id":"https:\/\/www.bioconstrumat.com\/de\/#website"},"datePublished":"2016-05-06T17:45:57+00:00","dateModified":"2016-07-24T19:14:14+00:00","breadcrumb":{"@id":"https:\/\/www.bioconstrumat.com\/bioconstruccion\/como-hacer-bioconstruccion\/#breadcrumb"},"inLanguage":"ca-ES","potentialAction":[{"@type":"ReadAction","target":["https:\/\/www.bioconstrumat.com\/bioconstruccion\/como-hacer-bioconstruccion\/"]}]},{"@type":"BreadcrumbList","@id":"https:\/\/www.bioconstrumat.com\/bioconstruccion\/como-hacer-bioconstruccion\/#breadcrumb","itemListElement":[{"@type":"ListItem","position":1,"name":"Home","item":"https:\/\/www.bioconstrumat.com\/de\/"},{"@type":"ListItem","position":2,"name":"Bioconstrucci\u00f3n","item":"https:\/\/www.bioconstrumat.com\/bioconstruccion\/"},{"@type":"ListItem","position":3,"name":"Como hacer bioconstrucci\u00f3n ?"}]},{"@type":"WebSite","@id":"https:\/\/www.bioconstrumat.com\/de\/#website","url":"https:\/\/www.bioconstrumat.com\/de\/","name":"bioconstrumat.com","description":"material construcci\u00f3n sostenible","potentialAction":[{"@type":"SearchAction","target":{"@type":"EntryPoint","urlTemplate":"https:\/\/www.bioconstrumat.com\/de\/?s={search_term_string}"},"query-input":{"@type":"PropertyValueSpecification","valueRequired":true,"valueName":"search_term_string"}}],"inLanguage":"ca-ES"}]}},"_links":{"self":[{"href":"https:\/\/www.bioconstrumat.com\/ca\/wp-json\/wp\/v2\/pages\/218","targetHints":{"allow":["GET"]}}],"collection":[{"href":"https:\/\/www.bioconstrumat.com\/ca\/wp-json\/wp\/v2\/pages"}],"about":[{"href":"https:\/\/www.bioconstrumat.com\/ca\/wp-json\/wp\/v2\/types\/page"}],"author":[{"embeddable":true,"href":"https:\/\/www.bioconstrumat.com\/ca\/wp-json\/wp\/v2\/users\/3"}],"replies":[{"embeddable":true,"href":"https:\/\/www.bioconstrumat.com\/ca\/wp-json\/wp\/v2\/comments?post=218"}],"version-history":[{"count":8,"href":"https:\/\/www.bioconstrumat.com\/ca\/wp-json\/wp\/v2\/pages\/218\/revisions"}],"predecessor-version":[{"id":503,"href":"https:\/\/www.bioconstrumat.com\/ca\/wp-json\/wp\/v2\/pages\/218\/revisions\/503"}],"up":[{"embeddable":true,"href":"https:\/\/www.bioconstrumat.com\/ca\/wp-json\/wp\/v2\/pages\/436"}],"wp:attachment":[{"href":"https:\/\/www.bioconstrumat.com\/ca\/wp-json\/wp\/v2\/media?parent=218"}],"curies":[{"name":"wp","href":"https:\/\/api.w.org\/{rel}","templated":true}]}}