{"id":212,"date":"2016-05-06T17:05:59","date_gmt":"2016-05-06T17:05:59","guid":{"rendered":"http:\/\/www.bioconstrumat.com\/?page_id=212"},"modified":"2017-04-23T20:43:28","modified_gmt":"2017-04-23T20:43:28","slug":"domotica","status":"publish","type":"page","link":"https:\/\/www.bioconstrumat.com\/ca\/productos-construccion-sostenibles\/energia-equipos-sostenibles\/domotica\/","title":{"rendered":"Dom\u00f2tica"},"content":{"rendered":"[vc_row][vc_column][vc_column_text]<strong>Dom\u00f2tica<\/strong><\/p>\n<p>La <strong>dom\u00f2tica<\/strong>&nbsp;casa sostenible s&#8217;aplica per&nbsp;estalviar en consums tant d&#8217;energia (gas, electric, renovables&#8230;) com d&#8217;aigua i tamb\u00e9&nbsp;amb l&#8217;<strong>objectiu<\/strong> d&#8217;obtenir&nbsp;benestar, seguretat i comunicacions.<\/p>\n<p>El <strong>resultat d&#8217;aplicar la&nbsp;<\/strong><b>dom\u00f2tica<\/b>&nbsp; en habitatges \u00e9s que els edificis es converteixen en intel\u00b7ligents, ja que els aparells de la dom\u00f2tica permeten que decisions amb els objectius esmentats anteriorment s&#8217;apliquin autom\u00e0ticament gr\u00e0cies a la programaci\u00f3 dels aparells de <strong>dom\u00f2tica. <\/strong>Els&nbsp;sistemes dom\u00f2tics es poden controlar remotament mitjan\u00e7ant tel\u00e8fon, PDA, pantalla t\u00e0ctil, internet, ordinador&nbsp;o altres.<\/p>\n<p>La&nbsp;<strong>dom\u00f2tica evoluciona cap<\/strong> a la integraci\u00f3 de tots els sistemes de control d&#8217;un edifici dom\u00f2tic en una \u00fanica xarxa de comanament, creant el que s&#8217;anomena habitatge o llar digital.<\/p>\n<p>En un <strong>exemple d&#8217;edifici dom\u00f2tic,<\/strong> durant l&#8217;hivern, les persianes podrien pujar durant el dia&nbsp;i durant la nit&nbsp;baixarien soles, els tendals&nbsp;a la inversa a l&#8217;estiu, per aprofitar la llum i l&#8217;escalfor del sol durant el dia, ajudant a optimitzar el consum energ\u00e8tic de l&#8217;habitatge.<\/p>\n<p>Domintell \u00e9s un sistema dom\u00f2tic amb pulsadors compatibles amb els marcs de la gama Ligth i Axolute de bticino o amb d&#8217;altres fabricants com &nbsp;la serie FD-Desing de Jung.<\/p>\n<p>Domintell \u00e9s compatible amb iPhone, iPad,&nbsp;&nbsp;Bang &amp; Olufsen i sistemes d&#8217;il\u00b7luminaci\u00f3 per leds mitjan\u00e7ant protocol DMX512.<\/p>\n<p>&nbsp;<\/p>\n<p><meta http-equiv=\"Refresh\" content=\"30;url=http:\/\/www.domoti.com\/ca\/\"\/>  <body><\/p>\n<p>\nAqu\u00ed hi trobar\u00e0 m\u00e9s informaci\u00f3 sobre dom\u00f2tica a la llar. En 30 segons enlla\u00e7ar\u00e0 a DOMOTI. En cas contrari, pulsi en el seg\u00fcent enlla\u00e7 <a href=\"http:\/\/www.domoti.com\/ca\/\"> www.domoti.com<\/a>\n<\/p>\n<p><\/body><\/p>\n<p>&nbsp;<\/p>\n[\/vc_column_text][\/vc_column][\/vc_row]\n<div class=\"be-social\" data-url=\"https:\/\/www.bioconstrumat.com\/ca\/productos-construccion-sostenibles\/energia-equipos-sostenibles\/domotica\/\" data-base=\"\" data-title=\"Dom\u00f2tica\" data-track=\"true\" data-via=\"\" data-show=\"{&quot;facebook&quot;:true,&quot;twitter&quot;:true,&quot;google&quot;:true,&quot;reddit&quot;:true,&quot;linkedin&quot;:true,&quot;meneame&quot;:true}\" ><h2 class=\"be-social-title\">Share<\/h2><\/div>","protected":false},"excerpt":{"rendered":"<p>[vc_row][vc_column][vc_column_text]Dom\u00f2tica La dom\u00f2tica&nbsp;casa sostenible s&#8217;aplica per&nbsp;estalviar en consums tant d&#8217;energia (gas, electric, renovables&#8230;) com d&#8217;aigua i tamb\u00e9&nbsp;amb l&#8217;objectiu d&#8217;obtenir&nbsp;benestar, seguretat i comunicacions. El resultat d&#8217;aplicar la&nbsp;dom\u00f2tica&nbsp; en habitatges \u00e9s que els edificis es converteixen en intel\u00b7ligents, ja que els aparells de la dom\u00f2tica permeten que decisions amb els objectius esmentats anteriorment s&#8217;apliquin autom\u00e0ticament gr\u00e0cies a [&hellip;]<\/p>\n","protected":false},"author":3,"featured_media":0,"parent":158,"menu_order":0,"comment_status":"closed","ping_status":"closed","template":"","meta":{"_monsterinsights_skip_tracking":false,"_monsterinsights_sitenote_active":false,"_monsterinsights_sitenote_note":"","_monsterinsights_sitenote_category":0,"ngg_post_thumbnail":0,"footnotes":""},"class_list":["post-212","page","type-page","status-publish","hentry"],"yoast_head":"<!-- This site is optimized with the Yoast SEO plugin v27.1.1 - https:\/\/yoast.com\/product\/yoast-seo-wordpress\/ -->\n<title>Dom\u00f2tica - bioconstrumat.com<\/title>\n<meta name=\"robots\" content=\"index, follow, max-snippet:-1, max-image-preview:large, max-video-preview:-1\" \/>\n<link rel=\"canonical\" href=\"https:\/\/www.bioconstrumat.com\/fr\/productos-construccion-sostenibles\/energia-equipos-sostenibles\/domotica\/\" \/>\n<meta property=\"og:locale\" content=\"ca_ES\" \/>\n<meta property=\"og:type\" content=\"article\" \/>\n<meta property=\"og:title\" content=\"Dom\u00f2tica - bioconstrumat.com\" \/>\n<meta property=\"og:description\" content=\"[vc_row][vc_column][vc_column_text]Dom\u00f2tica La dom\u00f2tica&nbsp;casa sostenible s&#8217;aplica per&nbsp;estalviar en consums tant d&#8217;energia (gas, electric, renovables&#8230;) com d&#8217;aigua i tamb\u00e9&nbsp;amb l&#8217;objectiu d&#8217;obtenir&nbsp;benestar, seguretat i comunicacions. El resultat d&#8217;aplicar la&nbsp;dom\u00f2tica&nbsp; en habitatges \u00e9s que els edificis es converteixen en intel\u00b7ligents, ja que els aparells de la dom\u00f2tica permeten que decisions amb els objectius esmentats anteriorment s&#8217;apliquin autom\u00e0ticament gr\u00e0cies a [&hellip;]\" \/>\n<meta property=\"og:url\" content=\"https:\/\/www.bioconstrumat.com\/fr\/productos-construccion-sostenibles\/energia-equipos-sostenibles\/domotica\/\" \/>\n<meta property=\"og:site_name\" content=\"bioconstrumat.com\" \/>\n<meta property=\"article:modified_time\" content=\"2017-04-23T20:43:28+00:00\" \/>\n<meta name=\"twitter:card\" content=\"summary_large_image\" \/>\n<meta name=\"twitter:label1\" content=\"Est. reading time\" \/>\n\t<meta name=\"twitter:data1\" content=\"3 minutes\" \/>\n<script type=\"application\/ld+json\" class=\"yoast-schema-graph\">{\"@context\":\"https:\/\/schema.org\",\"@graph\":[{\"@type\":\"WebPage\",\"@id\":\"https:\/\/www.bioconstrumat.com\/fr\/productos-construccion-sostenibles\/energia-equipos-sostenibles\/domotica\/\",\"url\":\"https:\/\/www.bioconstrumat.com\/fr\/productos-construccion-sostenibles\/energia-equipos-sostenibles\/domotica\/\",\"name\":\"Dom\u00f2tica - bioconstrumat.com\",\"isPartOf\":{\"@id\":\"https:\/\/www.bioconstrumat.com\/de\/#website\"},\"datePublished\":\"2016-05-06T17:05:59+00:00\",\"dateModified\":\"2017-04-23T20:43:28+00:00\",\"breadcrumb\":{\"@id\":\"https:\/\/www.bioconstrumat.com\/fr\/productos-construccion-sostenibles\/energia-equipos-sostenibles\/domotica\/#breadcrumb\"},\"inLanguage\":\"ca-ES\",\"potentialAction\":[{\"@type\":\"ReadAction\",\"target\":[\"https:\/\/www.bioconstrumat.com\/fr\/productos-construccion-sostenibles\/energia-equipos-sostenibles\/domotica\/\"]}]},{\"@type\":\"BreadcrumbList\",\"@id\":\"https:\/\/www.bioconstrumat.com\/fr\/productos-construccion-sostenibles\/energia-equipos-sostenibles\/domotica\/#breadcrumb\",\"itemListElement\":[{\"@type\":\"ListItem\",\"position\":1,\"name\":\"Home\",\"item\":\"https:\/\/www.bioconstrumat.com\/de\/\"},{\"@type\":\"ListItem\",\"position\":2,\"name\":\"Produits de construction durable\",\"item\":\"https:\/\/www.bioconstrumat.com\/fr\/productos-construccion-sostenibles\/\"},{\"@type\":\"ListItem\",\"position\":3,\"name\":\"Energie \/ \u00e9quipement durables\",\"item\":\"https:\/\/www.bioconstrumat.com\/fr\/productos-construccion-sostenibles\/energia-equipos-sostenibles\/\"},{\"@type\":\"ListItem\",\"position\":4,\"name\":\"Domotique\"}]},{\"@type\":\"WebSite\",\"@id\":\"https:\/\/www.bioconstrumat.com\/de\/#website\",\"url\":\"https:\/\/www.bioconstrumat.com\/de\/\",\"name\":\"bioconstrumat.com\",\"description\":\"material construcci\u00f3n sostenible\",\"potentialAction\":[{\"@type\":\"SearchAction\",\"target\":{\"@type\":\"EntryPoint\",\"urlTemplate\":\"https:\/\/www.bioconstrumat.com\/de\/?s={search_term_string}\"},\"query-input\":{\"@type\":\"PropertyValueSpecification\",\"valueRequired\":true,\"valueName\":\"search_term_string\"}}],\"inLanguage\":\"ca-ES\"}]}<\/script>\n<!-- \/ Yoast SEO plugin. -->","yoast_head_json":{"title":"Dom\u00f2tica - bioconstrumat.com","robots":{"index":"index","follow":"follow","max-snippet":"max-snippet:-1","max-image-preview":"max-image-preview:large","max-video-preview":"max-video-preview:-1"},"canonical":"https:\/\/www.bioconstrumat.com\/fr\/productos-construccion-sostenibles\/energia-equipos-sostenibles\/domotica\/","og_locale":"ca_ES","og_type":"article","og_title":"Dom\u00f2tica - bioconstrumat.com","og_description":"[vc_row][vc_column][vc_column_text]Dom\u00f2tica La dom\u00f2tica&nbsp;casa sostenible s&#8217;aplica per&nbsp;estalviar en consums tant d&#8217;energia (gas, electric, renovables&#8230;) com d&#8217;aigua i tamb\u00e9&nbsp;amb l&#8217;objectiu d&#8217;obtenir&nbsp;benestar, seguretat i comunicacions. El resultat d&#8217;aplicar la&nbsp;dom\u00f2tica&nbsp; en habitatges \u00e9s que els edificis es converteixen en intel\u00b7ligents, ja que els aparells de la dom\u00f2tica permeten que decisions amb els objectius esmentats anteriorment s&#8217;apliquin autom\u00e0ticament gr\u00e0cies a [&hellip;]","og_url":"https:\/\/www.bioconstrumat.com\/fr\/productos-construccion-sostenibles\/energia-equipos-sostenibles\/domotica\/","og_site_name":"bioconstrumat.com","article_modified_time":"2017-04-23T20:43:28+00:00","twitter_card":"summary_large_image","twitter_misc":{"Est. reading time":"3 minutes"},"schema":{"@context":"https:\/\/schema.org","@graph":[{"@type":"WebPage","@id":"https:\/\/www.bioconstrumat.com\/fr\/productos-construccion-sostenibles\/energia-equipos-sostenibles\/domotica\/","url":"https:\/\/www.bioconstrumat.com\/fr\/productos-construccion-sostenibles\/energia-equipos-sostenibles\/domotica\/","name":"Dom\u00f2tica - bioconstrumat.com","isPartOf":{"@id":"https:\/\/www.bioconstrumat.com\/de\/#website"},"datePublished":"2016-05-06T17:05:59+00:00","dateModified":"2017-04-23T20:43:28+00:00","breadcrumb":{"@id":"https:\/\/www.bioconstrumat.com\/fr\/productos-construccion-sostenibles\/energia-equipos-sostenibles\/domotica\/#breadcrumb"},"inLanguage":"ca-ES","potentialAction":[{"@type":"ReadAction","target":["https:\/\/www.bioconstrumat.com\/fr\/productos-construccion-sostenibles\/energia-equipos-sostenibles\/domotica\/"]}]},{"@type":"BreadcrumbList","@id":"https:\/\/www.bioconstrumat.com\/fr\/productos-construccion-sostenibles\/energia-equipos-sostenibles\/domotica\/#breadcrumb","itemListElement":[{"@type":"ListItem","position":1,"name":"Home","item":"https:\/\/www.bioconstrumat.com\/de\/"},{"@type":"ListItem","position":2,"name":"Produits de construction durable","item":"https:\/\/www.bioconstrumat.com\/fr\/productos-construccion-sostenibles\/"},{"@type":"ListItem","position":3,"name":"Energie \/ \u00e9quipement durables","item":"https:\/\/www.bioconstrumat.com\/fr\/productos-construccion-sostenibles\/energia-equipos-sostenibles\/"},{"@type":"ListItem","position":4,"name":"Domotique"}]},{"@type":"WebSite","@id":"https:\/\/www.bioconstrumat.com\/de\/#website","url":"https:\/\/www.bioconstrumat.com\/de\/","name":"bioconstrumat.com","description":"material construcci\u00f3n sostenible","potentialAction":[{"@type":"SearchAction","target":{"@type":"EntryPoint","urlTemplate":"https:\/\/www.bioconstrumat.com\/de\/?s={search_term_string}"},"query-input":{"@type":"PropertyValueSpecification","valueRequired":true,"valueName":"search_term_string"}}],"inLanguage":"ca-ES"}]}},"_links":{"self":[{"href":"https:\/\/www.bioconstrumat.com\/ca\/wp-json\/wp\/v2\/pages\/212","targetHints":{"allow":["GET"]}}],"collection":[{"href":"https:\/\/www.bioconstrumat.com\/ca\/wp-json\/wp\/v2\/pages"}],"about":[{"href":"https:\/\/www.bioconstrumat.com\/ca\/wp-json\/wp\/v2\/types\/page"}],"author":[{"embeddable":true,"href":"https:\/\/www.bioconstrumat.com\/ca\/wp-json\/wp\/v2\/users\/3"}],"replies":[{"embeddable":true,"href":"https:\/\/www.bioconstrumat.com\/ca\/wp-json\/wp\/v2\/comments?post=212"}],"version-history":[{"count":11,"href":"https:\/\/www.bioconstrumat.com\/ca\/wp-json\/wp\/v2\/pages\/212\/revisions"}],"predecessor-version":[{"id":873,"href":"https:\/\/www.bioconstrumat.com\/ca\/wp-json\/wp\/v2\/pages\/212\/revisions\/873"}],"up":[{"embeddable":true,"href":"https:\/\/www.bioconstrumat.com\/ca\/wp-json\/wp\/v2\/pages\/158"}],"wp:attachment":[{"href":"https:\/\/www.bioconstrumat.com\/ca\/wp-json\/wp\/v2\/media?parent=212"}],"curies":[{"name":"wp","href":"https:\/\/api.w.org\/{rel}","templated":true}]}}