{"id":210,"date":"2016-05-06T16:51:46","date_gmt":"2016-05-06T16:51:46","guid":{"rendered":"http:\/\/www.bioconstrumat.com\/?page_id=210"},"modified":"2016-07-22T16:48:55","modified_gmt":"2016-07-22T16:48:55","slug":"enchufes-para-cargar-el-coche-electrico","status":"publish","type":"page","link":"https:\/\/www.bioconstrumat.com\/ca\/productos-construccion-sostenibles\/energia-equipos-sostenibles\/enchufes-para-cargar-el-coche-electrico\/","title":{"rendered":"Endolls per carregar el cotxe el\u00e8ctric"},"content":{"rendered":"<strong>Endolls per carregar el cotxe el\u00e8ctric<\/strong><\/p>\n<p>El sector de la mobilitat i el transport amb vehicles el\u00e8ctrics, ha desenvolupat una soluci\u00f3 global de sistemes de rec\u00e0rrega de cotxes el\u00e8ctrics.<br \/>\nEl temps que els vehicles el\u00e8ctrics passen estacionats es pot aprofitar per a recarregar les seves bateries.<br \/>\nHi\u00a0ha\u00a0un ventall d&#8217;<strong>equips diferents per carregar el cotxe el\u00e8ctric, en funci\u00f3 de:<\/strong><\/p>\n<ol>\n<li><strong>llocs on hi ha\u00a0l&#8217;aparcament<\/strong>: via\u00a0p\u00fablica, p\u00e0rquings p\u00fablics, p\u00e0rquings privats comunitaris o<br \/>\np\u00e0rquings privats individuals.<\/li>\n<li><strong>com \u00e9s el punt de rec\u00e0rrega<\/strong>: caixes, postes o estacions.<\/li>\n<li><strong>quins usuaris<\/strong> l&#8217;acostumen a fer servir: privats o p\u00fablics.<\/li>\n<li><strong>quants usuaris<\/strong> l&#8217;acostumen a fer servir: individual (unifamiliar, p\u00e0rquings privats individuals),<br \/>\nmultiusuari\u00a0 (grans superf\u00edcies, p\u00e0rquings privats comunitaris, \u00a0p\u00e0rquins p\u00fablics, v\u00eda p\u00fablica,<br \/>\nflotes).<\/li>\n<li><strong>temps que tarda a carregar<\/strong>: r\u00e0pids o lents.<\/li>\n<li><strong>com \u00e9s l&#8217;endoll<\/strong>, modes de sortida: monof\u00e0sics, trif\u00e0sics o voltatge.<\/li>\n<\/ol>\n\n<div class=\"be-social\" data-url=\"https:\/\/www.bioconstrumat.com\/ca\/productos-construccion-sostenibles\/energia-equipos-sostenibles\/enchufes-para-cargar-el-coche-electrico\/\" data-base=\"\" data-title=\"Endolls per carregar el cotxe el\u00e8ctric\" data-track=\"true\" data-via=\"\" data-show=\"{&quot;facebook&quot;:true,&quot;twitter&quot;:true,&quot;google&quot;:true,&quot;reddit&quot;:true,&quot;linkedin&quot;:true,&quot;meneame&quot;:true}\" ><h2 class=\"be-social-title\">Share<\/h2><\/div>","protected":false},"excerpt":{"rendered":"<p>Endolls per carregar el cotxe el\u00e8ctric El sector de la mobilitat i el transport amb vehicles el\u00e8ctrics, ha desenvolupat una soluci\u00f3 global de sistemes de rec\u00e0rrega de cotxes el\u00e8ctrics. El temps que els vehicles el\u00e8ctrics passen estacionats es pot aprofitar per a recarregar les seves bateries. Hi\u00a0ha\u00a0un ventall d&#8217;equips diferents per carregar el cotxe el\u00e8ctric, [&hellip;]<\/p>\n","protected":false},"author":3,"featured_media":0,"parent":158,"menu_order":0,"comment_status":"closed","ping_status":"closed","template":"","meta":{"_monsterinsights_skip_tracking":false,"_monsterinsights_sitenote_active":false,"_monsterinsights_sitenote_note":"","_monsterinsights_sitenote_category":0,"ngg_post_thumbnail":0,"footnotes":""},"class_list":["post-210","page","type-page","status-publish","hentry"],"yoast_head":"<!-- This site is optimized with the Yoast SEO plugin v27.1.1 - https:\/\/yoast.com\/product\/yoast-seo-wordpress\/ -->\n<title>Endolls per carregar el cotxe el\u00e8ctric - bioconstrumat.com<\/title>\n<meta name=\"robots\" content=\"index, follow, max-snippet:-1, max-image-preview:large, max-video-preview:-1\" \/>\n<link rel=\"canonical\" href=\"https:\/\/www.bioconstrumat.com\/fr\/productos-construccion-sostenibles\/energia-equipos-sostenibles\/enchufes-para-cargar-el-coche-electrico\/\" \/>\n<meta property=\"og:locale\" content=\"ca_ES\" \/>\n<meta property=\"og:type\" content=\"article\" \/>\n<meta property=\"og:title\" content=\"Endolls per carregar el cotxe el\u00e8ctric - bioconstrumat.com\" \/>\n<meta property=\"og:description\" content=\"Endolls per carregar el cotxe el\u00e8ctric El sector de la mobilitat i el transport amb vehicles el\u00e8ctrics, ha desenvolupat una soluci\u00f3 global de sistemes de rec\u00e0rrega de cotxes el\u00e8ctrics. El temps que els vehicles el\u00e8ctrics passen estacionats es pot aprofitar per a recarregar les seves bateries. Hi\u00a0ha\u00a0un ventall d&#8217;equips diferents per carregar el cotxe el\u00e8ctric, [&hellip;]\" \/>\n<meta property=\"og:url\" content=\"https:\/\/www.bioconstrumat.com\/fr\/productos-construccion-sostenibles\/energia-equipos-sostenibles\/enchufes-para-cargar-el-coche-electrico\/\" \/>\n<meta property=\"og:site_name\" content=\"bioconstrumat.com\" \/>\n<meta property=\"article:modified_time\" content=\"2016-07-22T16:48:55+00:00\" \/>\n<meta name=\"twitter:card\" content=\"summary_large_image\" \/>\n<meta name=\"twitter:label1\" content=\"Est. reading time\" \/>\n\t<meta name=\"twitter:data1\" content=\"2 minutes\" \/>\n<script type=\"application\/ld+json\" class=\"yoast-schema-graph\">{\"@context\":\"https:\/\/schema.org\",\"@graph\":[{\"@type\":\"WebPage\",\"@id\":\"https:\/\/www.bioconstrumat.com\/fr\/productos-construccion-sostenibles\/energia-equipos-sostenibles\/enchufes-para-cargar-el-coche-electrico\/\",\"url\":\"https:\/\/www.bioconstrumat.com\/fr\/productos-construccion-sostenibles\/energia-equipos-sostenibles\/enchufes-para-cargar-el-coche-electrico\/\",\"name\":\"Endolls per carregar el cotxe el\u00e8ctric - bioconstrumat.com\",\"isPartOf\":{\"@id\":\"https:\/\/www.bioconstrumat.com\/de\/#website\"},\"datePublished\":\"2016-05-06T16:51:46+00:00\",\"dateModified\":\"2016-07-22T16:48:55+00:00\",\"breadcrumb\":{\"@id\":\"https:\/\/www.bioconstrumat.com\/fr\/productos-construccion-sostenibles\/energia-equipos-sostenibles\/enchufes-para-cargar-el-coche-electrico\/#breadcrumb\"},\"inLanguage\":\"ca-ES\",\"potentialAction\":[{\"@type\":\"ReadAction\",\"target\":[\"https:\/\/www.bioconstrumat.com\/fr\/productos-construccion-sostenibles\/energia-equipos-sostenibles\/enchufes-para-cargar-el-coche-electrico\/\"]}]},{\"@type\":\"BreadcrumbList\",\"@id\":\"https:\/\/www.bioconstrumat.com\/fr\/productos-construccion-sostenibles\/energia-equipos-sostenibles\/enchufes-para-cargar-el-coche-electrico\/#breadcrumb\",\"itemListElement\":[{\"@type\":\"ListItem\",\"position\":1,\"name\":\"Home\",\"item\":\"https:\/\/www.bioconstrumat.com\/de\/\"},{\"@type\":\"ListItem\",\"position\":2,\"name\":\"Produits de construction durable\",\"item\":\"https:\/\/www.bioconstrumat.com\/fr\/productos-construccion-sostenibles\/\"},{\"@type\":\"ListItem\",\"position\":3,\"name\":\"Energie \/ \u00e9quipement durables\",\"item\":\"https:\/\/www.bioconstrumat.com\/fr\/productos-construccion-sostenibles\/energia-equipos-sostenibles\/\"},{\"@type\":\"ListItem\",\"position\":4,\"name\":\"Plugs pour charger la voiture \u00e9lectrique\"}]},{\"@type\":\"WebSite\",\"@id\":\"https:\/\/www.bioconstrumat.com\/de\/#website\",\"url\":\"https:\/\/www.bioconstrumat.com\/de\/\",\"name\":\"bioconstrumat.com\",\"description\":\"material construcci\u00f3n sostenible\",\"potentialAction\":[{\"@type\":\"SearchAction\",\"target\":{\"@type\":\"EntryPoint\",\"urlTemplate\":\"https:\/\/www.bioconstrumat.com\/de\/?s={search_term_string}\"},\"query-input\":{\"@type\":\"PropertyValueSpecification\",\"valueRequired\":true,\"valueName\":\"search_term_string\"}}],\"inLanguage\":\"ca-ES\"}]}<\/script>\n<!-- \/ Yoast SEO plugin. -->","yoast_head_json":{"title":"Endolls per carregar el cotxe el\u00e8ctric - bioconstrumat.com","robots":{"index":"index","follow":"follow","max-snippet":"max-snippet:-1","max-image-preview":"max-image-preview:large","max-video-preview":"max-video-preview:-1"},"canonical":"https:\/\/www.bioconstrumat.com\/fr\/productos-construccion-sostenibles\/energia-equipos-sostenibles\/enchufes-para-cargar-el-coche-electrico\/","og_locale":"ca_ES","og_type":"article","og_title":"Endolls per carregar el cotxe el\u00e8ctric - bioconstrumat.com","og_description":"Endolls per carregar el cotxe el\u00e8ctric El sector de la mobilitat i el transport amb vehicles el\u00e8ctrics, ha desenvolupat una soluci\u00f3 global de sistemes de rec\u00e0rrega de cotxes el\u00e8ctrics. El temps que els vehicles el\u00e8ctrics passen estacionats es pot aprofitar per a recarregar les seves bateries. Hi\u00a0ha\u00a0un ventall d&#8217;equips diferents per carregar el cotxe el\u00e8ctric, [&hellip;]","og_url":"https:\/\/www.bioconstrumat.com\/fr\/productos-construccion-sostenibles\/energia-equipos-sostenibles\/enchufes-para-cargar-el-coche-electrico\/","og_site_name":"bioconstrumat.com","article_modified_time":"2016-07-22T16:48:55+00:00","twitter_card":"summary_large_image","twitter_misc":{"Est. reading time":"2 minutes"},"schema":{"@context":"https:\/\/schema.org","@graph":[{"@type":"WebPage","@id":"https:\/\/www.bioconstrumat.com\/fr\/productos-construccion-sostenibles\/energia-equipos-sostenibles\/enchufes-para-cargar-el-coche-electrico\/","url":"https:\/\/www.bioconstrumat.com\/fr\/productos-construccion-sostenibles\/energia-equipos-sostenibles\/enchufes-para-cargar-el-coche-electrico\/","name":"Endolls per carregar el cotxe el\u00e8ctric - bioconstrumat.com","isPartOf":{"@id":"https:\/\/www.bioconstrumat.com\/de\/#website"},"datePublished":"2016-05-06T16:51:46+00:00","dateModified":"2016-07-22T16:48:55+00:00","breadcrumb":{"@id":"https:\/\/www.bioconstrumat.com\/fr\/productos-construccion-sostenibles\/energia-equipos-sostenibles\/enchufes-para-cargar-el-coche-electrico\/#breadcrumb"},"inLanguage":"ca-ES","potentialAction":[{"@type":"ReadAction","target":["https:\/\/www.bioconstrumat.com\/fr\/productos-construccion-sostenibles\/energia-equipos-sostenibles\/enchufes-para-cargar-el-coche-electrico\/"]}]},{"@type":"BreadcrumbList","@id":"https:\/\/www.bioconstrumat.com\/fr\/productos-construccion-sostenibles\/energia-equipos-sostenibles\/enchufes-para-cargar-el-coche-electrico\/#breadcrumb","itemListElement":[{"@type":"ListItem","position":1,"name":"Home","item":"https:\/\/www.bioconstrumat.com\/de\/"},{"@type":"ListItem","position":2,"name":"Produits de construction durable","item":"https:\/\/www.bioconstrumat.com\/fr\/productos-construccion-sostenibles\/"},{"@type":"ListItem","position":3,"name":"Energie \/ \u00e9quipement durables","item":"https:\/\/www.bioconstrumat.com\/fr\/productos-construccion-sostenibles\/energia-equipos-sostenibles\/"},{"@type":"ListItem","position":4,"name":"Plugs pour charger la voiture \u00e9lectrique"}]},{"@type":"WebSite","@id":"https:\/\/www.bioconstrumat.com\/de\/#website","url":"https:\/\/www.bioconstrumat.com\/de\/","name":"bioconstrumat.com","description":"material construcci\u00f3n sostenible","potentialAction":[{"@type":"SearchAction","target":{"@type":"EntryPoint","urlTemplate":"https:\/\/www.bioconstrumat.com\/de\/?s={search_term_string}"},"query-input":{"@type":"PropertyValueSpecification","valueRequired":true,"valueName":"search_term_string"}}],"inLanguage":"ca-ES"}]}},"_links":{"self":[{"href":"https:\/\/www.bioconstrumat.com\/ca\/wp-json\/wp\/v2\/pages\/210","targetHints":{"allow":["GET"]}}],"collection":[{"href":"https:\/\/www.bioconstrumat.com\/ca\/wp-json\/wp\/v2\/pages"}],"about":[{"href":"https:\/\/www.bioconstrumat.com\/ca\/wp-json\/wp\/v2\/types\/page"}],"author":[{"embeddable":true,"href":"https:\/\/www.bioconstrumat.com\/ca\/wp-json\/wp\/v2\/users\/3"}],"replies":[{"embeddable":true,"href":"https:\/\/www.bioconstrumat.com\/ca\/wp-json\/wp\/v2\/comments?post=210"}],"version-history":[{"count":5,"href":"https:\/\/www.bioconstrumat.com\/ca\/wp-json\/wp\/v2\/pages\/210\/revisions"}],"predecessor-version":[{"id":471,"href":"https:\/\/www.bioconstrumat.com\/ca\/wp-json\/wp\/v2\/pages\/210\/revisions\/471"}],"up":[{"embeddable":true,"href":"https:\/\/www.bioconstrumat.com\/ca\/wp-json\/wp\/v2\/pages\/158"}],"wp:attachment":[{"href":"https:\/\/www.bioconstrumat.com\/ca\/wp-json\/wp\/v2\/media?parent=210"}],"curies":[{"name":"wp","href":"https:\/\/api.w.org\/{rel}","templated":true}]}}