{"id":158,"date":"2016-05-06T12:05:39","date_gmt":"2016-05-06T12:05:39","guid":{"rendered":"http:\/\/www.bioconstrumat.com\/?page_id=158"},"modified":"2017-04-22T20:06:34","modified_gmt":"2017-04-22T20:06:34","slug":"energia-equipos-sostenibles","status":"publish","type":"page","link":"https:\/\/www.bioconstrumat.com\/ca\/productos-construccion-sostenibles\/energia-equipos-sostenibles\/","title":{"rendered":"Energia \/ equips sostenibles"},"content":{"rendered":"[vc_row][vc_column][vc_column_text]<strong>Energia \/ equips sostenibles<\/strong><\/p>\n<p>Els equips sostenibles i la generaci\u00f3 o emmagatzemament d\u2019energia s\u00f3n els elements necessris que permeten en mat\u00e8ria d\u2019energia verda(*), mobilitat, residus i aigua, assolir la reducci\u00f3 de gasos d&#8217;efecte hivernacle passen per:&nbsp;<\/p>\n<ul>\n<li>Aconseguir una reducci\u00f3 d&#8217;emissions.<\/li>\n<li>Aconseguir producir energ\u00eda amb renovables<\/li>\n<li>Millorar la gesti\u00f3 de residus i de l&#8217;aigua<\/li>\n<\/ul>\n<p><em>(*)Energia verda \u00e9s tota aquella energia que prov\u00e9 de fonts renovables tals com el sol, el vent, l\u2019escalfor de la terra, les onades\u2026 Alhora tamb\u00e9 es garanteix que la tecnologia emprada en la seva obtenci\u00f3 en les plaques solars, els generadors e\u00f2lics, les centrals d\u2019aprofitament geot\u00e8rmic o hidr\u00e0ulic; no genera ni residus ni emissions, o com a molt un m\u00ednim; fent que el seu impacte sobre el medi ambient i la salut sigui molt redu\u00eft.<\/em><\/p>\n<p>&nbsp;<\/p>\n<p>En els seg\u00fcents enlla\u00e7os podreu trobar:&nbsp;<\/p>\n<ul>\n<li><a href=\"https:\/\/www.bioconstrumat.com\/ca\/productos-construccion-sostenibles\/energia-equipos-sostenibles\/enchufes-para-cargar-el-coche-electrico\/\">endolls per carregar el cotxe el\u00e8ctric<\/a><\/li>\n<li><a href=\"https:\/\/www.bioconstrumat.com\/ca\/productos-construccion-sostenibles\/energia-equipos-sostenibles\/baterias-casas-edificios\/\">bateries per emmagatzemar energia en cases i edificis<\/a><\/li>\n<li><a href=\"https:\/\/www.bioconstrumat.com\/ca\/productos-construccion-sostenibles\/energia-equipos-sostenibles\/biofiltros-aguas-pluviales\/\">biofiltres per reutilitzar les aig\u00fces pluvials<\/a><\/li>\n<li><a href=\"https:\/\/www.bioconstrumat.com\/ca\/productos-construccion-sostenibles\/energia-equipos-sostenibles\/domotica\/\">elements dom\u00f2tics<\/a><\/li>\n<li><a href=\"https:\/\/www.bioconstrumat.com\/ca\/productos-construccion-sostenibles\/energia-equipos-sostenibles\/energia-eolica\/\">energia e\u00f2lica<\/a><\/li>\n<li><a href=\"https:\/\/www.bioconstrumat.com\/ca\/productos-construccion-sostenibles\/energia-equipos-sostenibles\/energia-solar\/\">energia solar<\/a><\/li>\n<li><a href=\"https:\/\/www.bioconstrumat.com\/ca\/productos-construccion-sostenibles\/energia-equipos-sostenibles\/bajo-consumo\/\">baix consum<\/a><\/li>\n<\/ul>\n[\/vc_column_text][\/vc_column][\/vc_row]\n<div class=\"be-social\" data-url=\"https:\/\/www.bioconstrumat.com\/ca\/productos-construccion-sostenibles\/energia-equipos-sostenibles\/\" data-base=\"\" data-title=\"Energia \/ equips sostenibles\" data-track=\"true\" data-via=\"\" data-show=\"{&quot;facebook&quot;:true,&quot;twitter&quot;:true,&quot;google&quot;:true,&quot;reddit&quot;:true,&quot;linkedin&quot;:true,&quot;meneame&quot;:true}\" ><h2 class=\"be-social-title\">Share<\/h2><\/div>","protected":false},"excerpt":{"rendered":"<p>[vc_row][vc_column][vc_column_text]Energia \/ equips sostenibles Els equips sostenibles i la generaci\u00f3 o emmagatzemament d\u2019energia s\u00f3n els elements necessris que permeten en mat\u00e8ria d\u2019energia verda(*), mobilitat, residus i aigua, assolir la reducci\u00f3 de gasos d&#8217;efecte hivernacle passen per:&nbsp; Aconseguir una reducci\u00f3 d&#8217;emissions. Aconseguir producir energ\u00eda amb renovables Millorar la gesti\u00f3 de residus i de l&#8217;aigua (*)Energia verda [&hellip;]<\/p>\n","protected":false},"author":3,"featured_media":0,"parent":48,"menu_order":0,"comment_status":"closed","ping_status":"closed","template":"","meta":{"_monsterinsights_skip_tracking":false,"_monsterinsights_sitenote_active":false,"_monsterinsights_sitenote_note":"","_monsterinsights_sitenote_category":0,"ngg_post_thumbnail":0,"footnotes":""},"class_list":["post-158","page","type-page","status-publish","hentry"],"yoast_head":"<!-- This site is optimized with the Yoast SEO plugin v27.4 - https:\/\/yoast.com\/product\/yoast-seo-wordpress\/ -->\n<title>Energia \/ equips sostenibles - bioconstrumat.com<\/title>\n<meta name=\"robots\" content=\"index, follow, max-snippet:-1, max-image-preview:large, max-video-preview:-1\" \/>\n<link rel=\"canonical\" href=\"https:\/\/www.bioconstrumat.com\/fr\/productos-construccion-sostenibles\/energia-equipos-sostenibles\/\" \/>\n<meta property=\"og:locale\" content=\"ca_ES\" \/>\n<meta property=\"og:type\" content=\"article\" \/>\n<meta property=\"og:title\" content=\"Energia \/ equips sostenibles - bioconstrumat.com\" \/>\n<meta property=\"og:description\" content=\"[vc_row][vc_column][vc_column_text]Energia \/ equips sostenibles Els equips sostenibles i la generaci\u00f3 o emmagatzemament d\u2019energia s\u00f3n els elements necessris que permeten en mat\u00e8ria d\u2019energia verda(*), mobilitat, residus i aigua, assolir la reducci\u00f3 de gasos d&#8217;efecte hivernacle passen per:&nbsp; Aconseguir una reducci\u00f3 d&#8217;emissions. Aconseguir producir energ\u00eda amb renovables Millorar la gesti\u00f3 de residus i de l&#8217;aigua (*)Energia verda [&hellip;]\" \/>\n<meta property=\"og:url\" content=\"https:\/\/www.bioconstrumat.com\/fr\/productos-construccion-sostenibles\/energia-equipos-sostenibles\/\" \/>\n<meta property=\"og:site_name\" content=\"bioconstrumat.com\" \/>\n<meta property=\"article:modified_time\" content=\"2017-04-22T20:06:34+00:00\" \/>\n<meta name=\"twitter:card\" content=\"summary_large_image\" \/>\n<meta name=\"twitter:label1\" content=\"Est. reading time\" \/>\n\t<meta name=\"twitter:data1\" content=\"7 minutes\" \/>\n<script type=\"application\/ld+json\" class=\"yoast-schema-graph\">{\"@context\":\"https:\\\/\\\/schema.org\",\"@graph\":[{\"@type\":\"WebPage\",\"@id\":\"https:\\\/\\\/www.bioconstrumat.com\\\/fr\\\/productos-construccion-sostenibles\\\/energia-equipos-sostenibles\\\/\",\"url\":\"https:\\\/\\\/www.bioconstrumat.com\\\/fr\\\/productos-construccion-sostenibles\\\/energia-equipos-sostenibles\\\/\",\"name\":\"Energia \\\/ equips sostenibles - bioconstrumat.com\",\"isPartOf\":{\"@id\":\"https:\\\/\\\/www.bioconstrumat.com\\\/de\\\/#website\"},\"datePublished\":\"2016-05-06T12:05:39+00:00\",\"dateModified\":\"2017-04-22T20:06:34+00:00\",\"breadcrumb\":{\"@id\":\"https:\\\/\\\/www.bioconstrumat.com\\\/fr\\\/productos-construccion-sostenibles\\\/energia-equipos-sostenibles\\\/#breadcrumb\"},\"inLanguage\":\"ca-ES\",\"potentialAction\":[{\"@type\":\"ReadAction\",\"target\":[\"https:\\\/\\\/www.bioconstrumat.com\\\/fr\\\/productos-construccion-sostenibles\\\/energia-equipos-sostenibles\\\/\"]}]},{\"@type\":\"BreadcrumbList\",\"@id\":\"https:\\\/\\\/www.bioconstrumat.com\\\/fr\\\/productos-construccion-sostenibles\\\/energia-equipos-sostenibles\\\/#breadcrumb\",\"itemListElement\":[{\"@type\":\"ListItem\",\"position\":1,\"name\":\"Home\",\"item\":\"https:\\\/\\\/www.bioconstrumat.com\\\/de\\\/\"},{\"@type\":\"ListItem\",\"position\":2,\"name\":\"Produits de construction durable\",\"item\":\"https:\\\/\\\/www.bioconstrumat.com\\\/fr\\\/productos-construccion-sostenibles\\\/\"},{\"@type\":\"ListItem\",\"position\":3,\"name\":\"Energie \\\/ \u00e9quipement durables\"}]},{\"@type\":\"WebSite\",\"@id\":\"https:\\\/\\\/www.bioconstrumat.com\\\/de\\\/#website\",\"url\":\"https:\\\/\\\/www.bioconstrumat.com\\\/de\\\/\",\"name\":\"bioconstrumat.com\",\"description\":\"material construcci\u00f3n sostenible\",\"potentialAction\":[{\"@type\":\"SearchAction\",\"target\":{\"@type\":\"EntryPoint\",\"urlTemplate\":\"https:\\\/\\\/www.bioconstrumat.com\\\/de\\\/?s={search_term_string}\"},\"query-input\":{\"@type\":\"PropertyValueSpecification\",\"valueRequired\":true,\"valueName\":\"search_term_string\"}}],\"inLanguage\":\"ca-ES\"}]}<\/script>\n<!-- \/ Yoast SEO plugin. -->","yoast_head_json":{"title":"Energia \/ equips sostenibles - bioconstrumat.com","robots":{"index":"index","follow":"follow","max-snippet":"max-snippet:-1","max-image-preview":"max-image-preview:large","max-video-preview":"max-video-preview:-1"},"canonical":"https:\/\/www.bioconstrumat.com\/fr\/productos-construccion-sostenibles\/energia-equipos-sostenibles\/","og_locale":"ca_ES","og_type":"article","og_title":"Energia \/ equips sostenibles - bioconstrumat.com","og_description":"[vc_row][vc_column][vc_column_text]Energia \/ equips sostenibles Els equips sostenibles i la generaci\u00f3 o emmagatzemament d\u2019energia s\u00f3n els elements necessris que permeten en mat\u00e8ria d\u2019energia verda(*), mobilitat, residus i aigua, assolir la reducci\u00f3 de gasos d&#8217;efecte hivernacle passen per:&nbsp; Aconseguir una reducci\u00f3 d&#8217;emissions. Aconseguir producir energ\u00eda amb renovables Millorar la gesti\u00f3 de residus i de l&#8217;aigua (*)Energia verda [&hellip;]","og_url":"https:\/\/www.bioconstrumat.com\/fr\/productos-construccion-sostenibles\/energia-equipos-sostenibles\/","og_site_name":"bioconstrumat.com","article_modified_time":"2017-04-22T20:06:34+00:00","twitter_card":"summary_large_image","twitter_misc":{"Est. reading time":"7 minutes"},"schema":{"@context":"https:\/\/schema.org","@graph":[{"@type":"WebPage","@id":"https:\/\/www.bioconstrumat.com\/fr\/productos-construccion-sostenibles\/energia-equipos-sostenibles\/","url":"https:\/\/www.bioconstrumat.com\/fr\/productos-construccion-sostenibles\/energia-equipos-sostenibles\/","name":"Energia \/ equips sostenibles - bioconstrumat.com","isPartOf":{"@id":"https:\/\/www.bioconstrumat.com\/de\/#website"},"datePublished":"2016-05-06T12:05:39+00:00","dateModified":"2017-04-22T20:06:34+00:00","breadcrumb":{"@id":"https:\/\/www.bioconstrumat.com\/fr\/productos-construccion-sostenibles\/energia-equipos-sostenibles\/#breadcrumb"},"inLanguage":"ca-ES","potentialAction":[{"@type":"ReadAction","target":["https:\/\/www.bioconstrumat.com\/fr\/productos-construccion-sostenibles\/energia-equipos-sostenibles\/"]}]},{"@type":"BreadcrumbList","@id":"https:\/\/www.bioconstrumat.com\/fr\/productos-construccion-sostenibles\/energia-equipos-sostenibles\/#breadcrumb","itemListElement":[{"@type":"ListItem","position":1,"name":"Home","item":"https:\/\/www.bioconstrumat.com\/de\/"},{"@type":"ListItem","position":2,"name":"Produits de construction durable","item":"https:\/\/www.bioconstrumat.com\/fr\/productos-construccion-sostenibles\/"},{"@type":"ListItem","position":3,"name":"Energie \/ \u00e9quipement durables"}]},{"@type":"WebSite","@id":"https:\/\/www.bioconstrumat.com\/de\/#website","url":"https:\/\/www.bioconstrumat.com\/de\/","name":"bioconstrumat.com","description":"material construcci\u00f3n sostenible","potentialAction":[{"@type":"SearchAction","target":{"@type":"EntryPoint","urlTemplate":"https:\/\/www.bioconstrumat.com\/de\/?s={search_term_string}"},"query-input":{"@type":"PropertyValueSpecification","valueRequired":true,"valueName":"search_term_string"}}],"inLanguage":"ca-ES"}]}},"_links":{"self":[{"href":"https:\/\/www.bioconstrumat.com\/ca\/wp-json\/wp\/v2\/pages\/158","targetHints":{"allow":["GET"]}}],"collection":[{"href":"https:\/\/www.bioconstrumat.com\/ca\/wp-json\/wp\/v2\/pages"}],"about":[{"href":"https:\/\/www.bioconstrumat.com\/ca\/wp-json\/wp\/v2\/types\/page"}],"author":[{"embeddable":true,"href":"https:\/\/www.bioconstrumat.com\/ca\/wp-json\/wp\/v2\/users\/3"}],"replies":[{"embeddable":true,"href":"https:\/\/www.bioconstrumat.com\/ca\/wp-json\/wp\/v2\/comments?post=158"}],"version-history":[{"count":13,"href":"https:\/\/www.bioconstrumat.com\/ca\/wp-json\/wp\/v2\/pages\/158\/revisions"}],"predecessor-version":[{"id":863,"href":"https:\/\/www.bioconstrumat.com\/ca\/wp-json\/wp\/v2\/pages\/158\/revisions\/863"}],"up":[{"embeddable":true,"href":"https:\/\/www.bioconstrumat.com\/ca\/wp-json\/wp\/v2\/pages\/48"}],"wp:attachment":[{"href":"https:\/\/www.bioconstrumat.com\/ca\/wp-json\/wp\/v2\/media?parent=158"}],"curies":[{"name":"wp","href":"https:\/\/api.w.org\/{rel}","templated":true}]}}