{"id":129,"date":"2016-04-30T20:57:33","date_gmt":"2016-04-30T20:57:33","guid":{"rendered":"http:\/\/www.bioconstrumat.com\/?page_id=129"},"modified":"2017-04-22T16:39:50","modified_gmt":"2017-04-22T16:39:50","slug":"cerramientos-sostenibles","status":"publish","type":"page","link":"https:\/\/www.bioconstrumat.com\/ca\/productos-construccion-sostenibles\/cerramientos-sostenibles\/","title":{"rendered":"Tancaments sostenibles"},"content":{"rendered":"[vc_row][vc_column][vc_column_text]<strong>Tancaments sostenibles<\/strong><\/p>\n<p>Escollir tancaments sostenibles per a la nostra llar ajuda a estalviar en demanda energ\u00e8tica de l\u2019edifici.<\/p>\n<p><strong>Perqu\u00e8 tancaments sostenibles?<\/strong><br \/>\nAix\u00ed doncs al cost inicial que cal portar a terme, li hem de deduir el cost de l\u2019estalvi energ\u00e8tic que n\u2019obtindrem pel fet de tenir-la i el resultat ser\u00e0 el cost efectiu que ens suposa el canvi per uns tancaments sostenibles, pertant estariem parlant d\u2019una inversi\u00f3 ja que ens permet un estalvi.<\/p>\n<p>No obstant energ\u00e8ticament, a aquest cost efectiu per a la nostra butxaca cal deduir-li el cost energ\u00e8tic que representa el proc\u00e8s de fabricaci\u00f3 i transport aix\u00ed com altres impactes ambientals que representa un tancament no sostenible.<\/p>\n<p><strong>Com reciclar tancaments no sostenibles?<\/strong><br \/>\nCompartim el seu comprom\u00eds de reduir l&#8217;impacte ambiental.<\/p>\n<p>Si vol reciclar els seus tancaments no sostenibles vells, una opci\u00f3 pot ser reutilitzar les velles finestres. La reformulaci\u00f3 d&#8217;una finestra vella pot ser un divertit projecte de bricolatge. Vost\u00e8 pot construir un mini hivernacle o crear una obra d&#8217;art per penjar a paret aqu\u00ed li faciliten algunes idees.<br \/>\nUna altra opci\u00f3 \u00e9s contactar amb organitzacions no lucratives locals i donar-els-hi les finestres i portes velles a per al seus projectes.<\/p>\n<p><strong>Com el podem ajudar?<\/strong><br \/>\nSi no desitja reciclar-les i ens ha comprat tancaments sostenibles per substituir finestres o portes velles nosaltres ens encarreguem de dur-ho a la deixellaria autoritzada.<\/p>\n<p>Posem al seu abast una extensa col\u00b7lecci\u00f3 de tancaments sostenibles ( fusta laminada i mixta de fusta i alumini)[\/vc_column_text][\/vc_column][\/vc_row]\n<div class=\"be-social\" data-url=\"https:\/\/www.bioconstrumat.com\/ca\/productos-construccion-sostenibles\/cerramientos-sostenibles\/\" data-base=\"\" data-title=\"Tancaments sostenibles\" data-track=\"true\" data-via=\"\" data-show=\"{&quot;facebook&quot;:true,&quot;twitter&quot;:true,&quot;google&quot;:true,&quot;reddit&quot;:true,&quot;linkedin&quot;:true,&quot;meneame&quot;:true}\" ><h2 class=\"be-social-title\">Share<\/h2><\/div>","protected":false},"excerpt":{"rendered":"<p>[vc_row][vc_column][vc_column_text]Tancaments sostenibles Escollir tancaments sostenibles per a la nostra llar ajuda a estalviar en demanda energ\u00e8tica de l\u2019edifici. Perqu\u00e8 tancaments sostenibles? Aix\u00ed doncs al cost inicial que cal portar a terme, li hem de deduir el cost de l\u2019estalvi energ\u00e8tic que n\u2019obtindrem pel fet de tenir-la i el resultat ser\u00e0 el cost efectiu que ens [&hellip;]<\/p>\n","protected":false},"author":3,"featured_media":0,"parent":48,"menu_order":0,"comment_status":"closed","ping_status":"closed","template":"","meta":{"_monsterinsights_skip_tracking":false,"_monsterinsights_sitenote_active":false,"_monsterinsights_sitenote_note":"","_monsterinsights_sitenote_category":0,"ngg_post_thumbnail":0,"footnotes":""},"class_list":["post-129","page","type-page","status-publish","hentry"],"yoast_head":"<!-- This site is optimized with the Yoast SEO plugin v27.1.1 - https:\/\/yoast.com\/product\/yoast-seo-wordpress\/ -->\n<title>Tancaments sostenibles - bioconstrumat.com<\/title>\n<meta name=\"robots\" content=\"index, follow, max-snippet:-1, max-image-preview:large, max-video-preview:-1\" \/>\n<link rel=\"canonical\" href=\"https:\/\/www.bioconstrumat.com\/fr\/productos-construccion-sostenibles\/cerramientos-sostenibles\/\" \/>\n<meta property=\"og:locale\" content=\"ca_ES\" \/>\n<meta property=\"og:type\" content=\"article\" \/>\n<meta property=\"og:title\" content=\"Tancaments sostenibles - bioconstrumat.com\" \/>\n<meta property=\"og:description\" content=\"[vc_row][vc_column][vc_column_text]Tancaments sostenibles Escollir tancaments sostenibles per a la nostra llar ajuda a estalviar en demanda energ\u00e8tica de l\u2019edifici. Perqu\u00e8 tancaments sostenibles? Aix\u00ed doncs al cost inicial que cal portar a terme, li hem de deduir el cost de l\u2019estalvi energ\u00e8tic que n\u2019obtindrem pel fet de tenir-la i el resultat ser\u00e0 el cost efectiu que ens [&hellip;]\" \/>\n<meta property=\"og:url\" content=\"https:\/\/www.bioconstrumat.com\/fr\/productos-construccion-sostenibles\/cerramientos-sostenibles\/\" \/>\n<meta property=\"og:site_name\" content=\"bioconstrumat.com\" \/>\n<meta property=\"article:modified_time\" content=\"2017-04-22T16:39:50+00:00\" \/>\n<meta name=\"twitter:card\" content=\"summary_large_image\" \/>\n<meta name=\"twitter:label1\" content=\"Est. reading time\" \/>\n\t<meta name=\"twitter:data1\" content=\"9 minutes\" \/>\n<script type=\"application\/ld+json\" class=\"yoast-schema-graph\">{\"@context\":\"https:\/\/schema.org\",\"@graph\":[{\"@type\":\"WebPage\",\"@id\":\"https:\/\/www.bioconstrumat.com\/fr\/productos-construccion-sostenibles\/cerramientos-sostenibles\/\",\"url\":\"https:\/\/www.bioconstrumat.com\/fr\/productos-construccion-sostenibles\/cerramientos-sostenibles\/\",\"name\":\"Tancaments sostenibles - bioconstrumat.com\",\"isPartOf\":{\"@id\":\"https:\/\/www.bioconstrumat.com\/de\/#website\"},\"datePublished\":\"2016-04-30T20:57:33+00:00\",\"dateModified\":\"2017-04-22T16:39:50+00:00\",\"breadcrumb\":{\"@id\":\"https:\/\/www.bioconstrumat.com\/fr\/productos-construccion-sostenibles\/cerramientos-sostenibles\/#breadcrumb\"},\"inLanguage\":\"ca-ES\",\"potentialAction\":[{\"@type\":\"ReadAction\",\"target\":[\"https:\/\/www.bioconstrumat.com\/fr\/productos-construccion-sostenibles\/cerramientos-sostenibles\/\"]}]},{\"@type\":\"BreadcrumbList\",\"@id\":\"https:\/\/www.bioconstrumat.com\/fr\/productos-construccion-sostenibles\/cerramientos-sostenibles\/#breadcrumb\",\"itemListElement\":[{\"@type\":\"ListItem\",\"position\":1,\"name\":\"Home\",\"item\":\"https:\/\/www.bioconstrumat.com\/de\/\"},{\"@type\":\"ListItem\",\"position\":2,\"name\":\"Produits de construction durable\",\"item\":\"https:\/\/www.bioconstrumat.com\/fr\/productos-construccion-sostenibles\/\"},{\"@type\":\"ListItem\",\"position\":3,\"name\":\"Bo\u00eetiers durables\"}]},{\"@type\":\"WebSite\",\"@id\":\"https:\/\/www.bioconstrumat.com\/de\/#website\",\"url\":\"https:\/\/www.bioconstrumat.com\/de\/\",\"name\":\"bioconstrumat.com\",\"description\":\"material construcci\u00f3n sostenible\",\"potentialAction\":[{\"@type\":\"SearchAction\",\"target\":{\"@type\":\"EntryPoint\",\"urlTemplate\":\"https:\/\/www.bioconstrumat.com\/de\/?s={search_term_string}\"},\"query-input\":{\"@type\":\"PropertyValueSpecification\",\"valueRequired\":true,\"valueName\":\"search_term_string\"}}],\"inLanguage\":\"ca-ES\"}]}<\/script>\n<!-- \/ Yoast SEO plugin. -->","yoast_head_json":{"title":"Tancaments sostenibles - bioconstrumat.com","robots":{"index":"index","follow":"follow","max-snippet":"max-snippet:-1","max-image-preview":"max-image-preview:large","max-video-preview":"max-video-preview:-1"},"canonical":"https:\/\/www.bioconstrumat.com\/fr\/productos-construccion-sostenibles\/cerramientos-sostenibles\/","og_locale":"ca_ES","og_type":"article","og_title":"Tancaments sostenibles - bioconstrumat.com","og_description":"[vc_row][vc_column][vc_column_text]Tancaments sostenibles Escollir tancaments sostenibles per a la nostra llar ajuda a estalviar en demanda energ\u00e8tica de l\u2019edifici. Perqu\u00e8 tancaments sostenibles? Aix\u00ed doncs al cost inicial que cal portar a terme, li hem de deduir el cost de l\u2019estalvi energ\u00e8tic que n\u2019obtindrem pel fet de tenir-la i el resultat ser\u00e0 el cost efectiu que ens [&hellip;]","og_url":"https:\/\/www.bioconstrumat.com\/fr\/productos-construccion-sostenibles\/cerramientos-sostenibles\/","og_site_name":"bioconstrumat.com","article_modified_time":"2017-04-22T16:39:50+00:00","twitter_card":"summary_large_image","twitter_misc":{"Est. reading time":"9 minutes"},"schema":{"@context":"https:\/\/schema.org","@graph":[{"@type":"WebPage","@id":"https:\/\/www.bioconstrumat.com\/fr\/productos-construccion-sostenibles\/cerramientos-sostenibles\/","url":"https:\/\/www.bioconstrumat.com\/fr\/productos-construccion-sostenibles\/cerramientos-sostenibles\/","name":"Tancaments sostenibles - bioconstrumat.com","isPartOf":{"@id":"https:\/\/www.bioconstrumat.com\/de\/#website"},"datePublished":"2016-04-30T20:57:33+00:00","dateModified":"2017-04-22T16:39:50+00:00","breadcrumb":{"@id":"https:\/\/www.bioconstrumat.com\/fr\/productos-construccion-sostenibles\/cerramientos-sostenibles\/#breadcrumb"},"inLanguage":"ca-ES","potentialAction":[{"@type":"ReadAction","target":["https:\/\/www.bioconstrumat.com\/fr\/productos-construccion-sostenibles\/cerramientos-sostenibles\/"]}]},{"@type":"BreadcrumbList","@id":"https:\/\/www.bioconstrumat.com\/fr\/productos-construccion-sostenibles\/cerramientos-sostenibles\/#breadcrumb","itemListElement":[{"@type":"ListItem","position":1,"name":"Home","item":"https:\/\/www.bioconstrumat.com\/de\/"},{"@type":"ListItem","position":2,"name":"Produits de construction durable","item":"https:\/\/www.bioconstrumat.com\/fr\/productos-construccion-sostenibles\/"},{"@type":"ListItem","position":3,"name":"Bo\u00eetiers durables"}]},{"@type":"WebSite","@id":"https:\/\/www.bioconstrumat.com\/de\/#website","url":"https:\/\/www.bioconstrumat.com\/de\/","name":"bioconstrumat.com","description":"material construcci\u00f3n sostenible","potentialAction":[{"@type":"SearchAction","target":{"@type":"EntryPoint","urlTemplate":"https:\/\/www.bioconstrumat.com\/de\/?s={search_term_string}"},"query-input":{"@type":"PropertyValueSpecification","valueRequired":true,"valueName":"search_term_string"}}],"inLanguage":"ca-ES"}]}},"_links":{"self":[{"href":"https:\/\/www.bioconstrumat.com\/ca\/wp-json\/wp\/v2\/pages\/129","targetHints":{"allow":["GET"]}}],"collection":[{"href":"https:\/\/www.bioconstrumat.com\/ca\/wp-json\/wp\/v2\/pages"}],"about":[{"href":"https:\/\/www.bioconstrumat.com\/ca\/wp-json\/wp\/v2\/types\/page"}],"author":[{"embeddable":true,"href":"https:\/\/www.bioconstrumat.com\/ca\/wp-json\/wp\/v2\/users\/3"}],"replies":[{"embeddable":true,"href":"https:\/\/www.bioconstrumat.com\/ca\/wp-json\/wp\/v2\/comments?post=129"}],"version-history":[{"count":11,"href":"https:\/\/www.bioconstrumat.com\/ca\/wp-json\/wp\/v2\/pages\/129\/revisions"}],"predecessor-version":[{"id":831,"href":"https:\/\/www.bioconstrumat.com\/ca\/wp-json\/wp\/v2\/pages\/129\/revisions\/831"}],"up":[{"embeddable":true,"href":"https:\/\/www.bioconstrumat.com\/ca\/wp-json\/wp\/v2\/pages\/48"}],"wp:attachment":[{"href":"https:\/\/www.bioconstrumat.com\/ca\/wp-json\/wp\/v2\/media?parent=129"}],"curies":[{"name":"wp","href":"https:\/\/api.w.org\/{rel}","templated":true}]}}