{"id":123,"date":"2016-04-30T19:03:35","date_gmt":"2016-04-30T19:03:35","guid":{"rendered":"http:\/\/www.bioconstrumat.com\/?page_id=123"},"modified":"2017-04-04T10:29:22","modified_gmt":"2017-04-04T10:29:22","slug":"pinturas-ecologicas","status":"publish","type":"page","link":"https:\/\/www.bioconstrumat.com\/ca\/productos-construccion-sostenibles\/pinturas-ecologicas\/","title":{"rendered":"Pintures ecol\u00f2giques"},"content":{"rendered":"[vc_row][vc_column][vc_column_text]<strong>Pintures ecol\u00f2giques<br \/>\n<\/strong>[\/vc_column_text][vc_column_text]Pintura tant per a interiors com per a exteriors.<\/p>\n<p><strong>Propietats<\/strong><br \/>\n&#8211; Aplicable sobre paper pintat, paper de fibra grosa, plaques de construcci\u00f3 lleugeres, argila,&nbsp; revocs, mahons i bases similars.[\/vc_column_text][\/vc_column][\/vc_row][vc_row][vc_column][vc_tta_accordion active_section=&#8221;&#8221; title=&#8221;Aventatges i beneficis de les pintures Keim&#8221;][vc_tta_section title=&#8221;Durabilitat pintures Keim&#8221; tab_id=&#8221;1463509493516-5e08c12b-3bdd&#8221;][vc_column_text]La inigualable durabilitat dels revestiments de silicat KEIM \u00e9s deguda a la uni\u00f3 entre la pintura mineral i el substrat sobre el que s&#8217;aplica. Un v\u00edncle s\u00f2lid que \u00e9s extremadament fort i registent. No tant sols entre els extensors i els pigments, sino tamb\u00e9 entre la pintura i el revestimient de substrat. La llarga vida de las pintures KEIM de silicat s&#8217;aplica a totes les seves generacions. El proc\u00e8s de selecci\u00f3 de les materies primes sustenten la qualitat \u00fanica de KEIM i les seves pintures de silicat: la combinaci\u00f3 ideal del silicat de pot\u00e0si l\u00edquid com aglutinant, minerals d&#8217;origen natural i extensors de pigments colorants inorg\u00e0nics garantitzen la m\u00e0xima regist\u00e8ncia al desgast i una durabilitat insuperable. En la construcci\u00f3 d&#8217;obres noves, utilitzar alg\u00fan m\u00e8tode de recubriment KEIM proporciona solucions especialment econ\u00f2miques alhora que duradores.[\/vc_column_text][vc_gallery interval=&#8221;3&#8243; images=&#8221;345,344&#8243;][\/vc_tta_section][vc_tta_section title=&#8221;Neteja (rentable i secat r\u00e0pid) de les pintures Keim&#8221; tab_id=&#8221;1463509667522-3b6bdfda-d657&#8243;][vc_gallery][vc_column_text]La tend\u00e8ncia a la brut\u00edcia en les parets pintades es troba influida, a m\u00e9s de per la humitat, per la c\u00e0rrega est\u00e0tica dels termopl\u00e0stics de l&#8217;aglutinant. Els aglutinants de resina sint\u00e8tica es carreguen electrost\u00e0ticament degut a la fricci\u00f3 del vent i atrauen part\u00edcules de brut\u00edcia desde l&#8217;aire. A temperatures m\u00e9s elevades, aquests aglutinants, tamb\u00e9, exhibeixen un comportament termopl\u00e0stic, creant les condicions ideals per a les part\u00edcules de brut\u00edcia enganxades a la superf\u00edcie atraure un major nombre de part\u00edcules a la superf\u00edcie. Els productes considerats com la garant\u00eda per a netejar les parets exteriors, han demostrat a la pr\u00e0ctica no ser tan &#8220;m\u00e0gics&#8221;.<br \/>\nLes pintures minerals poseixen un aglutinant antiest\u00e0tic i no termopl\u00e0stic. A llarg pla\u00e7 les pintures naturals de silicat es mantenen m\u00e9s netes que les altres.[\/vc_column_text][\/vc_tta_section][vc_tta_section title=&#8221;Seguretat (no crema al foc) i salut pintures Keim&#8221; tab_id=&#8221;1463510314368-17adea21-8fbe&#8221;][vc_gallery interval=&#8221;3&#8243; images=&#8221;356,357&#8243;][vc_column_text]Fins i tot quan son exposades a la flama d&#8217;un bufador, les pintures KEIM de silicat no calen foc, a difer\u00e8ncia d&#8217;altres pintures que cremen i emeten gasos nocius. Si hi ha un incendi, aix\u00f2 garantitza la m\u00e0xima seguretat i evita qualsevol gas t\u00f2xic produ\u00eft per la pintura.<br \/>\nLes pintures de silicat s\u00f3n encara les \u00faniques pintures utilizades en molts espais p\u00fablics com, per exemple en les estacions de metro, t\u00fanels, aeroports, escoles o salas de cine.[\/vc_column_text][\/vc_tta_section][vc_tta_section title=&#8221;L&#8217;estabilitat del color i l&#8217;est\u00e8tica degut al tipus de pigments i lligants utilitzats de les pintures Keim&#8221; tab_id=&#8221;1463509939466-cbd91434-2438&#8243;][vc_gallery interval=&#8221;3&#8243; images=&#8221;355,354,353&#8243;][vc_column_text]L&#8217;estabilitat del color de les pintures exteriors es veu influ\u00efda per la naturalesa dels pigments i els aglutinants. La llum ultravioleta modifica l&#8217;abs\u00e8ncia de pigments en les pintures org\u00e0niques. Apart d&#8217;utilitzar exclusivament pigments d&#8217;alta qualitat, la UV i la regist\u00e8ncia &#8220;temps solidesa&#8221; de l&#8217;aglutinant tamb\u00e9 desenvolupen un paper important en l&#8217;estabilitat de color.<br \/>\nLa llum ultravioleta i l&#8217;exposici\u00f3 a l&#8217;erosi\u00f3, tard o d&#8217;hora, donen lloc a la degradaci\u00f3 dels aglutinants org\u00e0nics. Els pigments org\u00e0nics mitjan\u00e7ant la repetida incid\u00e8ncia dels rajos de llum, es van degradant de forma cont\u00ednua i cada vegada el material queda m\u00e9s exposat als rajos ultravioletes. Aix\u00f2, a m\u00e9s, accelera el canvi de color dels pigments org\u00e0nics.<br \/>\nAglutinants minerals com el potasi o el silicat ofereixen major regist\u00e8ncia UV de tots els aglutinants i per altra banda son absolutament registents als canvis clim\u00e0tics.<br \/>\nAquesta impressionant propietat es demostra en el mural original Keim que datan del seglo XIX, per exemple en L&#8217;Ajuntament de Schwyz o al Stein am Rhein.<\/p>\n<p>Un recubriment amb brillo tamb\u00e9 es veu influ\u00eft per l&#8217;aglutinant. Dispersions, com resines sint\u00e8ticas o resines de silicona formen una pel\u00b7l\u00edcula en torn als colorants i pigments a fi de modificar el color original. En contrast, el aglutinant de les pinturas minerals permet que la llum atravessi sense trabes i afectar als pigments. Aix\u00f2 d\u00f3na lloc a la fascinant i vibrant lluminositat dels productes KEIM. La superf\u00edcie mate natural per altra banda crea una elegant i agradable impressi\u00f3 visual.[\/vc_column_text][\/vc_tta_section][vc_tta_section title=&#8221;Protecci\u00f3 medi ambient i entorn de les pintures ecol\u00f2giues, que s\u00f3n saludables perqu\u00e8 no condenen subst\u00e0ncies vol\u00e0tils, disolvents, pl\u00e0stics i conservants perjudicials per a la capa d&#8217;oz\u00f3. &#8221; tab_id=&#8221;1463510653939-5b64b2e8-4c24&#8243;][vc_single_image image=&#8221;360&#8243;][vc_column_text]La composici\u00f3 mineral de les pintures de silicat KEIM tenen enormes ventatges ambientals. Utilitzar l&#8217;aigua de vidre com el aglutinant fa possible realitzar els productes completament sense disolvents, plastificants i conservants. Durant tot el seu cicle de vida, desde l&#8217;extracci\u00f3 de la materia prima a la producci\u00f3, processament i disposici\u00f3 final, les pintures KEIM de silicat tenen un excel\u00b7lent perfil ambiental. En poques paraules, les pinturas KEIM s\u00f3n productes totalment segurs per al medi ambient i fomenten una vida sana.<\/p>\n[\/vc_column_text][\/vc_tta_section][vc_tta_section title=&#8221;Composici\u00f3 de les pintures Keim. Sense disolvents. &#8211; Qu\u00edmicament neutra amb mat\u00e8ries primes naturals. &#8211; Pr\u00e0cticament inodora. &#8211; Llesta per al seu us.&#8221; tab_id=&#8221;1463509029972-e257edb5-1eed&#8221;][vc_column_text]El component m\u00e9s important i determinant en la qualitat d&#8217;una <strong>pintura ecol\u00f2gica<\/strong>, \u00e9s el lligant o aglutinant. Aglutina els diferents ingredients entre s\u00ed i&nbsp;assegura l&#8217;adher\u00e8ncia de la pintura al soport.<\/p>\n<p>Els lligants poden ser&nbsp;inorg\u00e0nics (minerals) en <strong>pintures ecol\u00f2giques naturals <\/strong>( com le pintures KEIM )&nbsp;i&nbsp;org\u00e0nics (pl\u00e0stics i\/o lligants de resines sint\u00e8tiques afegits a silicats, quar\u00e7 i potassa) en les no ecol\u00f2giques.<br \/>\nLa <strong>pintura de sol-silicat<\/strong> compleix amb els requisits de la n<strong>orma DIN 18363 per a pintures de dispersi\u00f3 de silicat<\/strong>.[\/vc_column_text][vc_single_image image=&#8221;337&#8243; alignment=&#8221;center&#8221;][vc_column_text]\n<p>Materies primes naturals en les que es basen les&nbsp;pintures de silicat.<\/p>\n<p>&nbsp;<\/p>\n[\/vc_column_text][vc_column_text]<strong>La pintura amb el lligant sol-silicat<\/strong> \u00e9s una combinaci\u00f3 estabilitzada de sol de silici i silicat pot\u00e0sic, que reacciona qu\u00edmicament amb amb els soports minerals.<\/p>\n<p><strong>Els lligants inorg\u00e0nics <\/strong>s&#8217;obtenen a partir de materies primes minerals. El lligant mineral m\u00e9s durader en pintures \u00e9s el silicat pot\u00e0sic.<\/p>\n[\/vc_column_text][vc_single_image image=&#8221;339&#8243; alignment=&#8221;center&#8221;][vc_column_text]<em>Mostra de com penetra a l&#8217;interior de la superf\u00edcie pintada, com d&#8217;adhereixen&nbsp;les pinturas de silicat.<\/em><br \/>\n[\/vc_column_text][vc_column_text]<strong>Els lligants minerals o inorg\u00e0nics<\/strong>&nbsp;reaccionen qu\u00edmicament amb el soport. El principi de la t\u00e8cnica de silicat es basa en el proc\u00e8s de silicatitzaci\u00f3 del lligant amb el soport &#8211; un proc\u00e8s en el que el lligant de silicat pot\u00e0sic reacciona qu\u00edmicament amb el soport mineral. Aix\u00ed, es crea una uni\u00f3 firme i insoluble entre la<strong> pintura&nbsp;natural<\/strong> i el seu substracte (revoc, pedra natural, formig\u00f3, etc.). El tall en secci\u00f3 mostra aquest proc\u00e9s de petrificaci\u00f3 amb KEIM Fixativ (silicat pot\u00e0sic l\u00edquid) colorejat. Aquesta uni\u00f3 qu\u00edmica \u00e9s un dels aspectes decisius per a la durabilitat inigualada de la <strong>pintura natural de silicat<\/strong> KEIM<br \/>\n[\/vc_column_text][vc_gallery interval=&#8221;3&#8243; images=&#8221;341,340&#8243; img_size=&#8221;100&#215;100&#8243;][vc_column_text]Els <strong>lligants org\u00e0nics,<\/strong> com resines sint\u00e8tiques en dispersi\u00f3 o emulsions siliconades, <strong>es basen en la qu\u00edmica d&#8217;hidrocarburs (petroqu\u00edmica)<\/strong>, que coneixem tambi\u00e9 del sector dels adhesius. La seva adherencia tant sols es produeix mitjan\u00e7ant adhesi\u00f3 f\u00edsica.[\/vc_column_text][\/vc_tta_section][vc_tta_section title=&#8221;Humitat (transpirable) i equilibri (antiest\u00e0tica) de les pintures Keim&#8221; tab_id=&#8221;1463509658769-33a5d425-3d02&#8243;][vc_single_image image=&#8221;349&#8243; alignment=&#8221;center&#8221;][vc_column_text]Les pintures de silicat s\u00f3n d&#8217;extremadament alta permeabilitat a l&#8217;aigua, essent aquest el resultat de la seva estructura espec\u00edfica.<\/p>\n<p>L&#8217;elevada permeabilitat de vapor d&#8217;aigua de les pintures de silicat&nbsp;&nbsp;asegura que la humitat present en l&#8217;estructura, r\u00e1pidament ser\u00e0 alliberada a&nbsp;l&#8217;exterior. &nbsp;Molt aventatjos, degut a &nbsp;que l&#8217;humitat no s&#8217;acumula i impedeix causar danys.<\/p>\n<p>Des del punt de vista de la construcci\u00f3, la correcta permeabilitat d&#8217;un revestiment en les parets exteriors \u00e9s el criteri m\u00e9s important per assegurar un equilibrat balan\u00e7 d&#8217;humitat. En combinaci\u00f3 amb una baixa absorci\u00f3 d&#8217;aigua consegueix la protecci\u00f3 ideal de l&#8217;aigua, de les gelades, dels danys d&#8217;algues i de fongs en creixement.<\/p>\n<p>La condensaci\u00f3 dels revestimients de les parets exteriors \u00e9s tamb\u00e9 un factor crucial que determina la brut\u00edcia i envelliment d&#8217;una pintura. En aquest cas tamb\u00e9, gracies a les caracter\u00edstiques dels seus aglutinants, els revestimients de silicat ofereixen els millors resultats amb poca formaci\u00f3 de condensat d&#8217;humitat i, sobre tot, el secat r\u00e0pid, t\u00edpic dels silicats. El risc de creixement d&#8217;algues en les pintures de silicat \u00e9s, doncs, molt reduit, sense \u00e9sser necessaria cap addicci\u00f3 d&#8217;una subst\u00e0ncia altament t\u00f2xica, fungicides, o biocides.[\/vc_column_text][\/vc_tta_section][vc_tta_section title=&#8221;Economia i rentabilitat pintures Keim&#8221; tab_id=&#8221;1463510473754-0205ed5a-3a67&#8243;][vc_single_image][vc_column_text]Gran durabilitat i regist\u00e8ncia al desgast dels productes KEIM i alhora productes amb unes immillorables ventatges econ\u00f2miques. El manteniment d&#8217;estructures renovades amb productes KEIM \u00e9s clarament inferior a lo habitual. La renovaci\u00f3 a m\u00e9s llarg pla\u00e7 degut a intervals de llarga duraci\u00f3, nets i amb un color estable.[\/vc_column_text][\/vc_tta_section][\/vc_tta_accordion][\/vc_column][\/vc_row]\n<div class=\"be-social\" data-url=\"https:\/\/www.bioconstrumat.com\/ca\/productos-construccion-sostenibles\/pinturas-ecologicas\/\" data-base=\"\" data-title=\"Pintures ecol\u00f2giques\" data-track=\"true\" data-via=\"\" data-show=\"{&quot;facebook&quot;:true,&quot;twitter&quot;:true,&quot;google&quot;:true,&quot;reddit&quot;:true,&quot;linkedin&quot;:true,&quot;meneame&quot;:true}\" ><h2 class=\"be-social-title\">Share<\/h2><\/div>","protected":false},"excerpt":{"rendered":"<p>[vc_row][vc_column][vc_column_text]Pintures ecol\u00f2giques [\/vc_column_text][vc_column_text]Pintura tant per a interiors com per a exteriors. Propietats &#8211; Aplicable sobre paper pintat, paper de fibra grosa, plaques de construcci\u00f3 lleugeres, argila,&nbsp; revocs, mahons i bases similars.[\/vc_column_text][\/vc_column][\/vc_row][vc_row][vc_column][vc_tta_accordion active_section=&#8221;&#8221; title=&#8221;Aventatges i beneficis de les pintures Keim&#8221;][vc_tta_section title=&#8221;Durabilitat pintures Keim&#8221; tab_id=&#8221;1463509493516-5e08c12b-3bdd&#8221;][vc_column_text]La inigualable durabilitat dels revestiments de silicat KEIM \u00e9s deguda a la uni\u00f3 [&hellip;]<\/p>\n","protected":false},"author":3,"featured_media":0,"parent":48,"menu_order":0,"comment_status":"closed","ping_status":"closed","template":"","meta":{"_monsterinsights_skip_tracking":false,"_monsterinsights_sitenote_active":false,"_monsterinsights_sitenote_note":"","_monsterinsights_sitenote_category":0,"ngg_post_thumbnail":0,"footnotes":""},"class_list":["post-123","page","type-page","status-publish","hentry"],"yoast_head":"<!-- This site is optimized with the Yoast SEO plugin v27.1.1 - https:\/\/yoast.com\/product\/yoast-seo-wordpress\/ -->\n<title>Pintures ecol\u00f2giques - bioconstrumat.com<\/title>\n<meta name=\"robots\" content=\"index, follow, max-snippet:-1, max-image-preview:large, max-video-preview:-1\" \/>\n<link rel=\"canonical\" href=\"https:\/\/www.bioconstrumat.com\/fr\/productos-construccion-sostenibles\/pinturas-ecologicas\/\" \/>\n<meta property=\"og:locale\" content=\"ca_ES\" \/>\n<meta property=\"og:type\" content=\"article\" \/>\n<meta property=\"og:title\" content=\"Pintures ecol\u00f2giques - bioconstrumat.com\" \/>\n<meta property=\"og:description\" content=\"[vc_row][vc_column][vc_column_text]Pintures ecol\u00f2giques [\/vc_column_text][vc_column_text]Pintura tant per a interiors com per a exteriors. Propietats &#8211; Aplicable sobre paper pintat, paper de fibra grosa, plaques de construcci\u00f3 lleugeres, argila,&nbsp; revocs, mahons i bases similars.[\/vc_column_text][\/vc_column][\/vc_row][vc_row][vc_column][vc_tta_accordion active_section=&#8221;&#8221; title=&#8221;Aventatges i beneficis de les pintures Keim&#8221;][vc_tta_section title=&#8221;Durabilitat pintures Keim&#8221; tab_id=&#8221;1463509493516-5e08c12b-3bdd&#8221;][vc_column_text]La inigualable durabilitat dels revestiments de silicat KEIM \u00e9s deguda a la uni\u00f3 [&hellip;]\" \/>\n<meta property=\"og:url\" content=\"https:\/\/www.bioconstrumat.com\/fr\/productos-construccion-sostenibles\/pinturas-ecologicas\/\" \/>\n<meta property=\"og:site_name\" content=\"bioconstrumat.com\" \/>\n<meta property=\"article:modified_time\" content=\"2017-04-04T10:29:22+00:00\" \/>\n<meta name=\"twitter:card\" content=\"summary_large_image\" \/>\n<meta name=\"twitter:label1\" content=\"Est. reading time\" \/>\n\t<meta name=\"twitter:data1\" content=\"16 minutes\" \/>\n<script type=\"application\/ld+json\" class=\"yoast-schema-graph\">{\"@context\":\"https:\/\/schema.org\",\"@graph\":[{\"@type\":\"WebPage\",\"@id\":\"https:\/\/www.bioconstrumat.com\/fr\/productos-construccion-sostenibles\/pinturas-ecologicas\/\",\"url\":\"https:\/\/www.bioconstrumat.com\/fr\/productos-construccion-sostenibles\/pinturas-ecologicas\/\",\"name\":\"Pintures ecol\u00f2giques - bioconstrumat.com\",\"isPartOf\":{\"@id\":\"https:\/\/www.bioconstrumat.com\/de\/#website\"},\"datePublished\":\"2016-04-30T19:03:35+00:00\",\"dateModified\":\"2017-04-04T10:29:22+00:00\",\"breadcrumb\":{\"@id\":\"https:\/\/www.bioconstrumat.com\/fr\/productos-construccion-sostenibles\/pinturas-ecologicas\/#breadcrumb\"},\"inLanguage\":\"ca-ES\",\"potentialAction\":[{\"@type\":\"ReadAction\",\"target\":[\"https:\/\/www.bioconstrumat.com\/fr\/productos-construccion-sostenibles\/pinturas-ecologicas\/\"]}]},{\"@type\":\"BreadcrumbList\",\"@id\":\"https:\/\/www.bioconstrumat.com\/fr\/productos-construccion-sostenibles\/pinturas-ecologicas\/#breadcrumb\",\"itemListElement\":[{\"@type\":\"ListItem\",\"position\":1,\"name\":\"Home\",\"item\":\"https:\/\/www.bioconstrumat.com\/de\/\"},{\"@type\":\"ListItem\",\"position\":2,\"name\":\"Produits de construction durable\",\"item\":\"https:\/\/www.bioconstrumat.com\/fr\/productos-construccion-sostenibles\/\"},{\"@type\":\"ListItem\",\"position\":3,\"name\":\"Peintures \u00e9cologiques\"}]},{\"@type\":\"WebSite\",\"@id\":\"https:\/\/www.bioconstrumat.com\/de\/#website\",\"url\":\"https:\/\/www.bioconstrumat.com\/de\/\",\"name\":\"bioconstrumat.com\",\"description\":\"material construcci\u00f3n sostenible\",\"potentialAction\":[{\"@type\":\"SearchAction\",\"target\":{\"@type\":\"EntryPoint\",\"urlTemplate\":\"https:\/\/www.bioconstrumat.com\/de\/?s={search_term_string}\"},\"query-input\":{\"@type\":\"PropertyValueSpecification\",\"valueRequired\":true,\"valueName\":\"search_term_string\"}}],\"inLanguage\":\"ca-ES\"}]}<\/script>\n<!-- \/ Yoast SEO plugin. -->","yoast_head_json":{"title":"Pintures ecol\u00f2giques - bioconstrumat.com","robots":{"index":"index","follow":"follow","max-snippet":"max-snippet:-1","max-image-preview":"max-image-preview:large","max-video-preview":"max-video-preview:-1"},"canonical":"https:\/\/www.bioconstrumat.com\/fr\/productos-construccion-sostenibles\/pinturas-ecologicas\/","og_locale":"ca_ES","og_type":"article","og_title":"Pintures ecol\u00f2giques - bioconstrumat.com","og_description":"[vc_row][vc_column][vc_column_text]Pintures ecol\u00f2giques [\/vc_column_text][vc_column_text]Pintura tant per a interiors com per a exteriors. Propietats &#8211; Aplicable sobre paper pintat, paper de fibra grosa, plaques de construcci\u00f3 lleugeres, argila,&nbsp; revocs, mahons i bases similars.[\/vc_column_text][\/vc_column][\/vc_row][vc_row][vc_column][vc_tta_accordion active_section=&#8221;&#8221; title=&#8221;Aventatges i beneficis de les pintures Keim&#8221;][vc_tta_section title=&#8221;Durabilitat pintures Keim&#8221; tab_id=&#8221;1463509493516-5e08c12b-3bdd&#8221;][vc_column_text]La inigualable durabilitat dels revestiments de silicat KEIM \u00e9s deguda a la uni\u00f3 [&hellip;]","og_url":"https:\/\/www.bioconstrumat.com\/fr\/productos-construccion-sostenibles\/pinturas-ecologicas\/","og_site_name":"bioconstrumat.com","article_modified_time":"2017-04-04T10:29:22+00:00","twitter_card":"summary_large_image","twitter_misc":{"Est. reading time":"16 minutes"},"schema":{"@context":"https:\/\/schema.org","@graph":[{"@type":"WebPage","@id":"https:\/\/www.bioconstrumat.com\/fr\/productos-construccion-sostenibles\/pinturas-ecologicas\/","url":"https:\/\/www.bioconstrumat.com\/fr\/productos-construccion-sostenibles\/pinturas-ecologicas\/","name":"Pintures ecol\u00f2giques - bioconstrumat.com","isPartOf":{"@id":"https:\/\/www.bioconstrumat.com\/de\/#website"},"datePublished":"2016-04-30T19:03:35+00:00","dateModified":"2017-04-04T10:29:22+00:00","breadcrumb":{"@id":"https:\/\/www.bioconstrumat.com\/fr\/productos-construccion-sostenibles\/pinturas-ecologicas\/#breadcrumb"},"inLanguage":"ca-ES","potentialAction":[{"@type":"ReadAction","target":["https:\/\/www.bioconstrumat.com\/fr\/productos-construccion-sostenibles\/pinturas-ecologicas\/"]}]},{"@type":"BreadcrumbList","@id":"https:\/\/www.bioconstrumat.com\/fr\/productos-construccion-sostenibles\/pinturas-ecologicas\/#breadcrumb","itemListElement":[{"@type":"ListItem","position":1,"name":"Home","item":"https:\/\/www.bioconstrumat.com\/de\/"},{"@type":"ListItem","position":2,"name":"Produits de construction durable","item":"https:\/\/www.bioconstrumat.com\/fr\/productos-construccion-sostenibles\/"},{"@type":"ListItem","position":3,"name":"Peintures \u00e9cologiques"}]},{"@type":"WebSite","@id":"https:\/\/www.bioconstrumat.com\/de\/#website","url":"https:\/\/www.bioconstrumat.com\/de\/","name":"bioconstrumat.com","description":"material construcci\u00f3n sostenible","potentialAction":[{"@type":"SearchAction","target":{"@type":"EntryPoint","urlTemplate":"https:\/\/www.bioconstrumat.com\/de\/?s={search_term_string}"},"query-input":{"@type":"PropertyValueSpecification","valueRequired":true,"valueName":"search_term_string"}}],"inLanguage":"ca-ES"}]}},"_links":{"self":[{"href":"https:\/\/www.bioconstrumat.com\/ca\/wp-json\/wp\/v2\/pages\/123","targetHints":{"allow":["GET"]}}],"collection":[{"href":"https:\/\/www.bioconstrumat.com\/ca\/wp-json\/wp\/v2\/pages"}],"about":[{"href":"https:\/\/www.bioconstrumat.com\/ca\/wp-json\/wp\/v2\/types\/page"}],"author":[{"embeddable":true,"href":"https:\/\/www.bioconstrumat.com\/ca\/wp-json\/wp\/v2\/users\/3"}],"replies":[{"embeddable":true,"href":"https:\/\/www.bioconstrumat.com\/ca\/wp-json\/wp\/v2\/comments?post=123"}],"version-history":[{"count":23,"href":"https:\/\/www.bioconstrumat.com\/ca\/wp-json\/wp\/v2\/pages\/123\/revisions"}],"predecessor-version":[{"id":716,"href":"https:\/\/www.bioconstrumat.com\/ca\/wp-json\/wp\/v2\/pages\/123\/revisions\/716"}],"up":[{"embeddable":true,"href":"https:\/\/www.bioconstrumat.com\/ca\/wp-json\/wp\/v2\/pages\/48"}],"wp:attachment":[{"href":"https:\/\/www.bioconstrumat.com\/ca\/wp-json\/wp\/v2\/media?parent=123"}],"curies":[{"name":"wp","href":"https:\/\/api.w.org\/{rel}","templated":true}]}}