{"id":109,"date":"2016-04-30T18:20:26","date_gmt":"2016-04-30T18:20:26","guid":{"rendered":"http:\/\/www.bioconstrumat.com\/?page_id=109"},"modified":"2017-04-21T15:27:37","modified_gmt":"2017-04-21T15:27:37","slug":"aislamiento-termico-sostenible","status":"publish","type":"page","link":"https:\/\/www.bioconstrumat.com\/ca\/productos-construccion-sostenibles\/aislamiento-sostenible\/aislamiento-termico-sostenible\/","title":{"rendered":"A\u00efllament t\u00e8rmic sostenible"},"content":{"rendered":"[vc_row][vc_column][vc_column_text]<strong>A\u00efllament t\u00e8rmic sostenible<\/strong><\/p>\n<p>&#8211; Manta de Canyam termofixat<br \/>\n&#8211;&nbsp; Lli termofixat<br \/>\n&#8211; Manta de llana d&#8217;ovella<br \/>\n&#8211; Feltre de llana d&#8217;ovella<br \/>\n&#8211; Suro en planxes<br \/>\n&#8211; Suro triturat<br \/>\n&#8211; Panells de Coco<br \/>\n&#8211; Manta de plomes d&#8217;au<br \/>\n&#8211; Manta de cot\u00f3<br \/>\n&#8211; Vidre cel\u00b7lular<\/p>\n<p>&nbsp;<\/p>\n<p>L\u2019a\u00efllament sostenible mant\u00e9 als edificis amb una temperatura confortable i al mateix temps redueix la demanda energ\u00e8tica, estalviant energia.<br \/>\nEls avantatges d\u2019utilitzar un a\u00efllament sostenible, com l\u2019a\u00efllament natural per construcci\u00f3 i material natural de la <strong>llana d\u2019ovella<\/strong> per a l\u2019a\u00efllament en edificaci\u00f3, consisteixen en la diminuci\u00f3n dels consums i les emissions globals de CO2. Simplement instal\u00b7lant sistemes d\u2019a\u00efllament sostenible t\u00e8rmic.<br \/>\nTamb\u00e9 la <strong>cel\u00b7lulosa<\/strong>, el <strong>c\u00e0nem<\/strong> o el <strong>cot\u00f3<\/strong> s\u00f3n bons a\u00efllants sostenibles.<\/p>\n<p>Els principals tipus d\u2019a\u00efllament sostenible per a rehabilitaci\u00f3 s\u2019apliquen a:<br \/>\n&nbsp; \u2013 Parets<br \/>\n&nbsp; &nbsp; &nbsp; &nbsp;\u2022 amb Cavitats: injecci\u00f3 de material a\u00efllant.<br \/>\n&nbsp; &nbsp; &nbsp; &nbsp;\u2022 extradossats de placa de guix laminat amb un producte a\u00efllant t\u00e8rmic adherit<br \/>\n&nbsp; &nbsp; &nbsp; &nbsp;\u2022 d\u2019Obra de F\u00e0brica Massissa: a\u00efllament extern projectat o fixat mec\u00e0nicament i protegit &nbsp; &nbsp; &nbsp;<br \/>\n&nbsp; &nbsp; &nbsp; &nbsp; &nbsp; amb sistemes de fa\u00e7ana ventilada o amb un arrebossat de morter.<br \/>\n&nbsp; \u2013 Cobertes:<br \/>\n&nbsp; &nbsp; &nbsp; &nbsp;\u2022 Sota Coberta: a\u00efllament entre i sobre les bigues.<br \/>\n&nbsp; &nbsp; &nbsp; &nbsp;\u2022 Sobre Coberta: a\u00efllament sobre el fald\u00f3 i protegit amb el sistema de cobertura.<br \/>\n&nbsp; \u2013 S\u00f2ls:<br \/>\n&nbsp; &nbsp; &nbsp; &nbsp;\u2022 a\u00efllament r\u00edgid sota l\u2019acabat.<\/p>\n<p>Hi ha altres llocs on aplicar a\u00efllament sostenible com tancaments (portes, entones, etc), dels quals pot trobar informaci\u00f3 en altres apartats.<br \/>\n&nbsp;[\/vc_column_text][\/vc_column][\/vc_row]\n<div class=\"be-social\" data-url=\"https:\/\/www.bioconstrumat.com\/ca\/productos-construccion-sostenibles\/aislamiento-sostenible\/aislamiento-termico-sostenible\/\" data-base=\"\" data-title=\"A\u00efllament t\u00e8rmic sostenible\" data-track=\"true\" data-via=\"\" data-show=\"{&quot;facebook&quot;:true,&quot;twitter&quot;:true,&quot;google&quot;:true,&quot;reddit&quot;:true,&quot;linkedin&quot;:true,&quot;meneame&quot;:true}\" ><h2 class=\"be-social-title\">Share<\/h2><\/div>","protected":false},"excerpt":{"rendered":"<p>[vc_row][vc_column][vc_column_text]A\u00efllament t\u00e8rmic sostenible &#8211; Manta de Canyam termofixat &#8211;&nbsp; Lli termofixat &#8211; Manta de llana d&#8217;ovella &#8211; Feltre de llana d&#8217;ovella &#8211; Suro en planxes &#8211; Suro triturat &#8211; Panells de Coco &#8211; Manta de plomes d&#8217;au &#8211; Manta de cot\u00f3 &#8211; Vidre cel\u00b7lular &nbsp; L\u2019a\u00efllament sostenible mant\u00e9 als edificis amb una temperatura confortable i [&hellip;]<\/p>\n","protected":false},"author":3,"featured_media":0,"parent":98,"menu_order":0,"comment_status":"closed","ping_status":"closed","template":"","meta":{"_monsterinsights_skip_tracking":false,"_monsterinsights_sitenote_active":false,"_monsterinsights_sitenote_note":"","_monsterinsights_sitenote_category":0,"ngg_post_thumbnail":0,"footnotes":""},"class_list":["post-109","page","type-page","status-publish","hentry"],"yoast_head":"<!-- This site is optimized with the Yoast SEO plugin v27.4 - https:\/\/yoast.com\/product\/yoast-seo-wordpress\/ -->\n<title>A\u00efllament t\u00e8rmic sostenible - bioconstrumat.com<\/title>\n<meta name=\"robots\" content=\"index, follow, max-snippet:-1, max-image-preview:large, max-video-preview:-1\" \/>\n<link rel=\"canonical\" href=\"https:\/\/www.bioconstrumat.com\/fr\/productos-construccion-sostenibles\/aislamiento-sostenible\/aislamiento-termico-sostenible\/\" \/>\n<meta property=\"og:locale\" content=\"ca_ES\" \/>\n<meta property=\"og:type\" content=\"article\" \/>\n<meta property=\"og:title\" content=\"A\u00efllament t\u00e8rmic sostenible - bioconstrumat.com\" \/>\n<meta property=\"og:description\" content=\"[vc_row][vc_column][vc_column_text]A\u00efllament t\u00e8rmic sostenible &#8211; Manta de Canyam termofixat &#8211;&nbsp; Lli termofixat &#8211; Manta de llana d&#8217;ovella &#8211; Feltre de llana d&#8217;ovella &#8211; Suro en planxes &#8211; Suro triturat &#8211; Panells de Coco &#8211; Manta de plomes d&#8217;au &#8211; Manta de cot\u00f3 &#8211; Vidre cel\u00b7lular &nbsp; L\u2019a\u00efllament sostenible mant\u00e9 als edificis amb una temperatura confortable i [&hellip;]\" \/>\n<meta property=\"og:url\" content=\"https:\/\/www.bioconstrumat.com\/fr\/productos-construccion-sostenibles\/aislamiento-sostenible\/aislamiento-termico-sostenible\/\" \/>\n<meta property=\"og:site_name\" content=\"bioconstrumat.com\" \/>\n<meta property=\"article:modified_time\" content=\"2017-04-21T15:27:37+00:00\" \/>\n<meta name=\"twitter:card\" content=\"summary_large_image\" \/>\n<meta name=\"twitter:label1\" content=\"Est. reading time\" \/>\n\t<meta name=\"twitter:data1\" content=\"9 minutes\" \/>\n<script type=\"application\/ld+json\" class=\"yoast-schema-graph\">{\"@context\":\"https:\\\/\\\/schema.org\",\"@graph\":[{\"@type\":\"WebPage\",\"@id\":\"https:\\\/\\\/www.bioconstrumat.com\\\/fr\\\/productos-construccion-sostenibles\\\/aislamiento-sostenible\\\/aislamiento-termico-sostenible\\\/\",\"url\":\"https:\\\/\\\/www.bioconstrumat.com\\\/fr\\\/productos-construccion-sostenibles\\\/aislamiento-sostenible\\\/aislamiento-termico-sostenible\\\/\",\"name\":\"A\u00efllament t\u00e8rmic sostenible - bioconstrumat.com\",\"isPartOf\":{\"@id\":\"https:\\\/\\\/www.bioconstrumat.com\\\/de\\\/#website\"},\"datePublished\":\"2016-04-30T18:20:26+00:00\",\"dateModified\":\"2017-04-21T15:27:37+00:00\",\"breadcrumb\":{\"@id\":\"https:\\\/\\\/www.bioconstrumat.com\\\/fr\\\/productos-construccion-sostenibles\\\/aislamiento-sostenible\\\/aislamiento-termico-sostenible\\\/#breadcrumb\"},\"inLanguage\":\"ca-ES\",\"potentialAction\":[{\"@type\":\"ReadAction\",\"target\":[\"https:\\\/\\\/www.bioconstrumat.com\\\/fr\\\/productos-construccion-sostenibles\\\/aislamiento-sostenible\\\/aislamiento-termico-sostenible\\\/\"]}]},{\"@type\":\"BreadcrumbList\",\"@id\":\"https:\\\/\\\/www.bioconstrumat.com\\\/fr\\\/productos-construccion-sostenibles\\\/aislamiento-sostenible\\\/aislamiento-termico-sostenible\\\/#breadcrumb\",\"itemListElement\":[{\"@type\":\"ListItem\",\"position\":1,\"name\":\"Home\",\"item\":\"https:\\\/\\\/www.bioconstrumat.com\\\/de\\\/\"},{\"@type\":\"ListItem\",\"position\":2,\"name\":\"Produits de construction durable\",\"item\":\"https:\\\/\\\/www.bioconstrumat.com\\\/fr\\\/productos-construccion-sostenibles\\\/\"},{\"@type\":\"ListItem\",\"position\":3,\"name\":\"Isolement durable\",\"item\":\"https:\\\/\\\/www.bioconstrumat.com\\\/fr\\\/productos-construccion-sostenibles\\\/aislamiento-sostenible\\\/\"},{\"@type\":\"ListItem\",\"position\":4,\"name\":\"Isolation thermique durable\"}]},{\"@type\":\"WebSite\",\"@id\":\"https:\\\/\\\/www.bioconstrumat.com\\\/de\\\/#website\",\"url\":\"https:\\\/\\\/www.bioconstrumat.com\\\/de\\\/\",\"name\":\"bioconstrumat.com\",\"description\":\"material construcci\u00f3n sostenible\",\"potentialAction\":[{\"@type\":\"SearchAction\",\"target\":{\"@type\":\"EntryPoint\",\"urlTemplate\":\"https:\\\/\\\/www.bioconstrumat.com\\\/de\\\/?s={search_term_string}\"},\"query-input\":{\"@type\":\"PropertyValueSpecification\",\"valueRequired\":true,\"valueName\":\"search_term_string\"}}],\"inLanguage\":\"ca-ES\"}]}<\/script>\n<!-- \/ Yoast SEO plugin. -->","yoast_head_json":{"title":"A\u00efllament t\u00e8rmic sostenible - bioconstrumat.com","robots":{"index":"index","follow":"follow","max-snippet":"max-snippet:-1","max-image-preview":"max-image-preview:large","max-video-preview":"max-video-preview:-1"},"canonical":"https:\/\/www.bioconstrumat.com\/fr\/productos-construccion-sostenibles\/aislamiento-sostenible\/aislamiento-termico-sostenible\/","og_locale":"ca_ES","og_type":"article","og_title":"A\u00efllament t\u00e8rmic sostenible - bioconstrumat.com","og_description":"[vc_row][vc_column][vc_column_text]A\u00efllament t\u00e8rmic sostenible &#8211; Manta de Canyam termofixat &#8211;&nbsp; Lli termofixat &#8211; Manta de llana d&#8217;ovella &#8211; Feltre de llana d&#8217;ovella &#8211; Suro en planxes &#8211; Suro triturat &#8211; Panells de Coco &#8211; Manta de plomes d&#8217;au &#8211; Manta de cot\u00f3 &#8211; Vidre cel\u00b7lular &nbsp; L\u2019a\u00efllament sostenible mant\u00e9 als edificis amb una temperatura confortable i [&hellip;]","og_url":"https:\/\/www.bioconstrumat.com\/fr\/productos-construccion-sostenibles\/aislamiento-sostenible\/aislamiento-termico-sostenible\/","og_site_name":"bioconstrumat.com","article_modified_time":"2017-04-21T15:27:37+00:00","twitter_card":"summary_large_image","twitter_misc":{"Est. reading time":"9 minutes"},"schema":{"@context":"https:\/\/schema.org","@graph":[{"@type":"WebPage","@id":"https:\/\/www.bioconstrumat.com\/fr\/productos-construccion-sostenibles\/aislamiento-sostenible\/aislamiento-termico-sostenible\/","url":"https:\/\/www.bioconstrumat.com\/fr\/productos-construccion-sostenibles\/aislamiento-sostenible\/aislamiento-termico-sostenible\/","name":"A\u00efllament t\u00e8rmic sostenible - bioconstrumat.com","isPartOf":{"@id":"https:\/\/www.bioconstrumat.com\/de\/#website"},"datePublished":"2016-04-30T18:20:26+00:00","dateModified":"2017-04-21T15:27:37+00:00","breadcrumb":{"@id":"https:\/\/www.bioconstrumat.com\/fr\/productos-construccion-sostenibles\/aislamiento-sostenible\/aislamiento-termico-sostenible\/#breadcrumb"},"inLanguage":"ca-ES","potentialAction":[{"@type":"ReadAction","target":["https:\/\/www.bioconstrumat.com\/fr\/productos-construccion-sostenibles\/aislamiento-sostenible\/aislamiento-termico-sostenible\/"]}]},{"@type":"BreadcrumbList","@id":"https:\/\/www.bioconstrumat.com\/fr\/productos-construccion-sostenibles\/aislamiento-sostenible\/aislamiento-termico-sostenible\/#breadcrumb","itemListElement":[{"@type":"ListItem","position":1,"name":"Home","item":"https:\/\/www.bioconstrumat.com\/de\/"},{"@type":"ListItem","position":2,"name":"Produits de construction durable","item":"https:\/\/www.bioconstrumat.com\/fr\/productos-construccion-sostenibles\/"},{"@type":"ListItem","position":3,"name":"Isolement durable","item":"https:\/\/www.bioconstrumat.com\/fr\/productos-construccion-sostenibles\/aislamiento-sostenible\/"},{"@type":"ListItem","position":4,"name":"Isolation thermique durable"}]},{"@type":"WebSite","@id":"https:\/\/www.bioconstrumat.com\/de\/#website","url":"https:\/\/www.bioconstrumat.com\/de\/","name":"bioconstrumat.com","description":"material construcci\u00f3n sostenible","potentialAction":[{"@type":"SearchAction","target":{"@type":"EntryPoint","urlTemplate":"https:\/\/www.bioconstrumat.com\/de\/?s={search_term_string}"},"query-input":{"@type":"PropertyValueSpecification","valueRequired":true,"valueName":"search_term_string"}}],"inLanguage":"ca-ES"}]}},"_links":{"self":[{"href":"https:\/\/www.bioconstrumat.com\/ca\/wp-json\/wp\/v2\/pages\/109","targetHints":{"allow":["GET"]}}],"collection":[{"href":"https:\/\/www.bioconstrumat.com\/ca\/wp-json\/wp\/v2\/pages"}],"about":[{"href":"https:\/\/www.bioconstrumat.com\/ca\/wp-json\/wp\/v2\/types\/page"}],"author":[{"embeddable":true,"href":"https:\/\/www.bioconstrumat.com\/ca\/wp-json\/wp\/v2\/users\/3"}],"replies":[{"embeddable":true,"href":"https:\/\/www.bioconstrumat.com\/ca\/wp-json\/wp\/v2\/comments?post=109"}],"version-history":[{"count":26,"href":"https:\/\/www.bioconstrumat.com\/ca\/wp-json\/wp\/v2\/pages\/109\/revisions"}],"predecessor-version":[{"id":799,"href":"https:\/\/www.bioconstrumat.com\/ca\/wp-json\/wp\/v2\/pages\/109\/revisions\/799"}],"up":[{"embeddable":true,"href":"https:\/\/www.bioconstrumat.com\/ca\/wp-json\/wp\/v2\/pages\/98"}],"wp:attachment":[{"href":"https:\/\/www.bioconstrumat.com\/ca\/wp-json\/wp\/v2\/media?parent=109"}],"curies":[{"name":"wp","href":"https:\/\/api.w.org\/{rel}","templated":true}]}}